{"id":5456,"date":"2026-02-26T19:09:01","date_gmt":"2026-02-26T11:09:01","guid":{"rendered":"https:\/\/dlcpo.com\/ckd-skd-servicios-de-baterias-de-litio\/"},"modified":"2026-04-06T17:12:05","modified_gmt":"2026-04-06T09:12:05","slug":"servicios-cko-y-skd","status":"publish","type":"page","link":"https:\/\/dlcpo.com\/es\/servicios-cko-y-skd\/","title":{"rendered":"Servicios CKD y SKD"},"content":{"rendered":"\t\t<div data-elementor-type=\"wp-page\" data-elementor-id=\"5456\" class=\"elementor elementor-5456 elementor-621\" data-elementor-post-type=\"page\">\n\t\t\t\t<div class=\"elementor-element elementor-element-47944c6 e-flex e-con-boxed e-con e-parent\" data-id=\"47944c6\" data-element_type=\"container\" data-e-type=\"container\" data-settings=\"{&quot;background_background&quot;:&quot;classic&quot;}\">\n\t\t\t\t\t<div class=\"e-con-inner\">\n\t\t\t\t<div class=\"elementor-element elementor-element-273683b elementor-widget elementor-widget-heading\" data-id=\"273683b\" data-element_type=\"widget\" data-e-type=\"widget\" data-widget_type=\"heading.default\">\n\t\t\t\t\t<h2 class=\"elementor-heading-title elementor-size-default\">Servicios CKD y SKD<\/h2>\t\t\t\t<\/div>\n\t\t\t\t\t<\/div>\n\t\t\t\t<\/div>\n\t\t<div class=\"elementor-element elementor-element-0c4d34a e-flex e-con-boxed e-con e-parent\" data-id=\"0c4d34a\" data-element_type=\"container\" data-e-type=\"container\">\n\t\t\t\t\t<div class=\"e-con-inner\">\n\t\t\t\t<div class=\"elementor-element elementor-element-6904732 elementor-widget elementor-widget-html\" data-id=\"6904732\" data-element_type=\"widget\" data-e-type=\"widget\" data-widget_type=\"html.default\">\n\t\t\t\t\t<div class=\"dlcpo-ckd-container\" style=\"font-family: 'Segoe UI', Arial, sans-serif; line-height: 1.8; color: #333; padding: 40px 15px; background: #fff; border-radius: 12px;\">\r\n\r\n    <div style=\"text-align: left; margin-bottom: 40px;\">\r\n        <h1 style=\"color: #004a99; font-size: 32px; margin-bottom: 20px; font-weight: 800; border-left: 6px solid #004a99; padding-left: 15px;\">\r\n  Servicios de bater\u00edas de litio CKD y SKD para la fabricaci\u00f3n mundial\r\n        <\/h1>\r\n        <p style=\"font-size: 18px; color: #444;\">\r\n  Como <strong>proveedor<\/strong> l\u00edder <strong>de kits CKD de bater\u00edas de litio<\/strong>, DLCPO capacita a socios estrat\u00e9gicos de todo el mundo proporcion\u00e1ndoles <strong>servicios<\/strong> integrales <strong>de bater\u00edas de litio CKD y SKD<\/strong>. Proporcionamos una <strong>soluci\u00f3n<\/strong> completa <strong>de ensamblaje de bater\u00edas<\/strong> que te permite optimizar tu cadena de suministro con un <strong>paquete de bater\u00edas SKD<\/strong> de alta calidad <strong>para la exportaci\u00f3n<\/strong> y un soporte de ingenier\u00eda profesional. \r\n        <\/p>\r\n    <\/div>\r\n\r\n    <div style=\"display: grid; grid-template-columns: repeat(auto-fit, minmax(280px, 1fr)); gap: 25px; margin-bottom: 50px;\">\r\n        <div style=\"padding: 25px; border: 1px solid #eee; border-radius: 10px; border-top: 4px solid #004a99; background: #f9f9f9;\">\r\n            <h4 style=\"color: #004a99; margin-bottom: 12px; font-size: 20px;\">\ud83d\udcc9 Optimizaci\u00f3n del servicio<\/h4>\r\n            <p style=\"font-size: 14px; margin: 0;\">Nuestra <strong>Bater\u00eda SKD para Exportaci\u00f3n<\/strong> est\u00e1 dise\u00f1ada para ayudarte a eludir los elevados aranceles de importaci\u00f3n. Al ensamblar localmente, maximizas los m\u00e1rgenes de beneficio gracias a nuestros <strong>servicios de bater\u00edas de litio CKD y SKD<\/strong>. <\/p>\r\n        <\/div>\r\n        <div style=\"padding: 25px; border: 1px solid #eee; border-radius: 10px; border-top: 4px solid #004a99; background: #f9f9f9;\">\r\n            <h4 style=\"color: #004a99; margin-bottom: 12px; font-size: 20px;\">\ud83c\udfed Montaje llave en mano<\/h4>\r\n            <p style=\"font-size: 14px; margin: 0;\">Ofrecemos una <strong>soluci\u00f3n profesional para l\u00edneas de montaje de bater\u00edas<\/strong>, que incluye m\u00e1s de 1000 modelos de LiFePO4 y celdas de grado A de EVE, CALB, Gotion, SVOLT y REPT, para que puedas ampliar r\u00e1pidamente tu producci\u00f3n local.<\/p>\r\n        <\/div>\r\n        <div style=\"padding: 25px; border: 1px solid #eee; border-radius: 10px; border-top: 4px solid #004a99; background: #f9f9f9;\">\r\n            <h4 style=\"color: #004a99; margin-bottom: 12px; font-size: 20px;\">\ud83e\udde0 Experto I+D<\/h4>\r\n            <p style=\"font-size: 14px; margin: 0;\">Como <strong>Servicio de Fabricaci\u00f3n de Bater\u00edas a Medida<\/strong>, ofrecemos fichas t\u00e9cnicas y PNT completos, garantizando que tu equipo local tenga la experiencia necesaria para un montaje satisfactorio.<\/p>\r\n        <\/div>\r\n    <\/div>\r\n\r\n    <div style=\"margin-bottom: 50px; padding: 20px; border-radius: 10px; border: 1px solid #f0f0f0;\">\r\n        <h3 style=\"color: #004a99; font-size: 24px; font-weight: 700;\">Asistencia para el montaje local de bater\u00edas LiFePO4 a nivel mundial<\/h3>\r\n        <p>Elegir al <strong>proveedor de kits CKD de bater\u00edas de<\/strong> litio adecuado es fundamental para el \u00e9xito a largo plazo. En DLCPO, nuestros <strong>servicios de bater\u00edas de litio CKD y SKD<\/strong> est\u00e1n dise\u00f1ados para salvar la distancia entre la excelencia de la fabricaci\u00f3n china y las exigencias de tu mercado local. Nuestra <strong>Soluci\u00f3n de L\u00ednea de Montaje de Bater\u00edas<\/strong> incluye formaci\u00f3n y recomendaciones de equipamiento, garantizando que tu <strong>Soporte de Montaje Local de Bater\u00edas LiFePO4<\/strong> sea de primera clase desde el primer d\u00eda.  <\/p>\r\n        \r\n        <p>Tanto si se trata de una <strong>Bater\u00eda SKD para Exportaci\u00f3n<\/strong> como de un complejo proyecto CKD, nuestro <strong>Servicio de Fabricaci\u00f3n Personalizada de Bater\u00edas<\/strong> adapta cada componente -desde conectores soldados por l\u00e1ser hasta BMS inteligentes- a tus necesidades espec\u00edficas. Esta flexibilidad es la raz\u00f3n por la que somos el socio preferido de las empresas que buscan una <strong>Soluci\u00f3n de Montaje de Bater\u00edas<\/strong> fiable en Europa, Sudam\u00e9rica y m\u00e1s all\u00e1. <\/p>\r\n    <\/div>\r\n\r\n    <div style=\"background: #004a99; color: #fff; padding: 30px; border-radius: 10px; margin-bottom: 40px;\">\r\n        <h3 style=\"margin-top: 0; border-bottom: 1px solid rgba(255,255,255,0.2); padding-bottom: 15px; font-size: 22px;\">\ud83d\ude80 Lista de comprobaci\u00f3n del servicio de fabricaci\u00f3n de bater\u00edas a medida<\/h3>\r\n        <p style=\"font-size: 15px;\">Para optimizar tus <strong>servicios de bater\u00edas de litio CKD y SKD<\/strong>, proporciona:<\/p>\r\n        <ul style=\"display: grid; grid-template-columns: 1fr 1fr; gap: 15px; padding-left: 20px; font-size: 14px; list-style: none;\">\r\n            <li>Dimensiones del malet\u00edn y capacidad del paquete<\/li>\r\n            <li>\u2705 Tensi\u00f3n objetivo y corriente continua<\/li>\r\n            <li>\u2705 Protocolos de comunicaci\u00f3n del variador<\/li>\r\n            <li>\u2705 Capacidades del lugar de montaje local<\/li>\r\n            <li>\u2705 Marcado l\u00e1ser de marcas y logotipos<\/li>\r\n            <li>\u2705 Certificaciones (CE, UN38.3, IEC)<\/li>\r\n        <\/ul>\r\n    <\/div>\r\n\r\n    <div style=\"padding: 30px; border: 1px solid #eee; border-radius: 12px; background: #fafafa;\">\r\n        <h3 style=\"color: #004a99; font-size: 24px; font-weight: 700;\">Tu proveedor especializado en kits CKD para bater\u00edas de litio<\/h3>\r\n        <p>DLCPO ofrece <strong>asistencia<\/strong> integral para <strong>el montaje local de bater\u00edas LiFePO4<\/strong> para aplicaciones industriales y residenciales. Nuestra <strong>Soluci\u00f3n de Montaje de<\/strong> Bater\u00edas te ayuda a crear una marca local fuerte, utilizando al mismo tiempo nuestra probada cadena de suministro. Al elegir nuestro <strong>Servicio Personalizado de Fabricaci\u00f3n de Bater\u00edas<\/strong>, te aseguras una <strong>Soluci\u00f3n de L\u00ednea de Montaje de Bater\u00edas<\/strong> que es escalable, segura y rentable. \u00a1Salud por tu expansi\u00f3n en el mercado con nuestra <strong>Bater\u00eda SKD para Exportaci\u00f3n<\/strong>! \ud83e\udd42   <\/p>\r\n    <\/div>\r\n<\/div>\t\t\t\t<\/div>\n\t\t\t\t\t<\/div>\n\t\t\t\t<\/div>\n\t\t\t\t<\/div>\n\t\t","protected":false},"excerpt":{"rendered":"<p>Servicios CKD y SKD Servicios de bater\u00edas de litio CKD y SKD para la fabricaci\u00f3n mundial Como proveedor l\u00edder de kits CKD de bater\u00edas de litio, DLCPO capacita a socios estrat\u00e9gicos de todo el mundo proporcion\u00e1ndoles servicios integrales de bater\u00edas de litio CKD y SKD. Proporcionamos una soluci\u00f3n completa de ensamblaje de bater\u00edas que te [&hellip;]<\/p>\n","protected":false},"author":1,"featured_media":0,"parent":0,"menu_order":0,"comment_status":"closed","ping_status":"closed","template":"","meta":{"_acf_changed":false,"_joinchat":[],"footnotes":""},"class_list":["post-5456","page","type-page","status-publish","hentry"],"acf":[],"_links":{"self":[{"href":"https:\/\/dlcpo.com\/es\/wp-json\/wp\/v2\/pages\/5456","targetHints":{"allow":["GET"]}}],"collection":[{"href":"https:\/\/dlcpo.com\/es\/wp-json\/wp\/v2\/pages"}],"about":[{"href":"https:\/\/dlcpo.com\/es\/wp-json\/wp\/v2\/types\/page"}],"author":[{"embeddable":true,"href":"https:\/\/dlcpo.com\/es\/wp-json\/wp\/v2\/users\/1"}],"replies":[{"embeddable":true,"href":"https:\/\/dlcpo.com\/es\/wp-json\/wp\/v2\/comments?post=5456"}],"version-history":[{"count":9,"href":"https:\/\/dlcpo.com\/es\/wp-json\/wp\/v2\/pages\/5456\/revisions"}],"predecessor-version":[{"id":6184,"href":"https:\/\/dlcpo.com\/es\/wp-json\/wp\/v2\/pages\/5456\/revisions\/6184"}],"wp:attachment":[{"href":"https:\/\/dlcpo.com\/es\/wp-json\/wp\/v2\/media?parent=5456"}],"curies":[{"name":"wp","href":"https:\/\/api.w.org\/{rel}","templated":true}]}}