{"id":5449,"date":"2026-03-12T17:15:23","date_gmt":"2026-03-12T09:15:23","guid":{"rendered":"https:\/\/dlcpo.com\/aplicaciones-de-las-baterias-de-litio\/"},"modified":"2026-04-21T21:22:09","modified_gmt":"2026-04-21T13:22:09","slug":"aplicaciones-de-las-baterias-de-litio","status":"publish","type":"page","link":"https:\/\/dlcpo.com\/es\/aplicaciones-de-las-baterias-de-litio\/","title":{"rendered":"Aplicaciones de la bater\u00eda"},"content":{"rendered":"\t\t<div data-elementor-type=\"wp-page\" data-elementor-id=\"5449\" class=\"elementor elementor-5449 elementor-2489\" data-elementor-post-type=\"page\">\n\t\t\t\t<div class=\"elementor-element elementor-element-5563251 dlcpo-hero-box e-flex e-con-boxed e-con e-parent\" data-id=\"5563251\" data-element_type=\"container\" data-e-type=\"container\" data-settings=\"{&quot;background_background&quot;:&quot;classic&quot;}\">\n\t\t\t\t\t<div class=\"e-con-inner\">\n\t\t\t\t<div class=\"elementor-element elementor-element-94f26d5 elementor-widget elementor-widget-image\" data-id=\"94f26d5\" data-element_type=\"widget\" data-e-type=\"widget\" data-widget_type=\"image.default\">\n\t\t\t\t\t\t\t\t\t\t\t\t\t\t\t<img fetchpriority=\"high\" decoding=\"async\" width=\"1920\" height=\"1048\" src=\"https:\/\/dlcpo.com\/wp-content\/uploads\/2026\/03\/lifepo4-lto-battery-cells-applications-infographic-1.webp\" class=\"attachment-full size-full wp-image-5447\" alt=\"Infograf\u00eda de DLCPO en la que se muestran las aplicaciones especializadas de las c\u00e9lulas de bater\u00eda LiFePO4 y LTO, como carretillas elevadoras para log\u00edstica, propulsi\u00f3n marina, carritos de golf, LSEV, robots de limpieza industrial y energ\u00eda de reserva para telecomunicaciones.\" srcset=\"https:\/\/dlcpo.com\/wp-content\/uploads\/2026\/03\/lifepo4-lto-battery-cells-applications-infographic-1.webp 1920w, https:\/\/dlcpo.com\/wp-content\/uploads\/2026\/03\/lifepo4-lto-battery-cells-applications-infographic-1-300x164.webp 300w, https:\/\/dlcpo.com\/wp-content\/uploads\/2026\/03\/lifepo4-lto-battery-cells-applications-infographic-1-1024x559.webp 1024w, https:\/\/dlcpo.com\/wp-content\/uploads\/2026\/03\/lifepo4-lto-battery-cells-applications-infographic-1-768x419.webp 768w, https:\/\/dlcpo.com\/wp-content\/uploads\/2026\/03\/lifepo4-lto-battery-cells-applications-infographic-1-1536x838.webp 1536w, https:\/\/dlcpo.com\/wp-content\/uploads\/2026\/03\/lifepo4-lto-battery-cells-applications-infographic-1-600x328.webp 600w, https:\/\/dlcpo.com\/wp-content\/uploads\/2026\/03\/lifepo4-lto-battery-cells-applications-infographic-1-64x35.webp 64w\" sizes=\"(max-width: 1920px) 100vw, 1920px\" \/>\t\t\t\t\t\t\t\t\t\t\t\t\t\t\t<\/div>\n\t\t\t\t<div class=\"elementor-element elementor-element-55bf7b0 elementor-absolute elementor-widget elementor-widget-heading\" data-id=\"55bf7b0\" data-element_type=\"widget\" data-e-type=\"widget\" data-settings=\"{&quot;_position&quot;:&quot;absolute&quot;}\" data-widget_type=\"heading.default\">\n\t\t\t\t\t<h1 class=\"elementor-heading-title elementor-size-default\">Aplicaciones de la bater\u00eda<\/h1>\t\t\t\t<\/div>\n\t\t\t\t<div class=\"elementor-element elementor-element-0bd70c5 elementor-absolute elementor-widget elementor-widget-heading\" data-id=\"0bd70c5\" data-element_type=\"widget\" data-e-type=\"widget\" data-settings=\"{&quot;_position&quot;:&quot;absolute&quot;}\" data-widget_type=\"heading.default\">\n\t\t\t\t\t<h2 class=\"elementor-heading-title elementor-size-default\">Soluciones vers\u00e1tiles de almacenamiento de energ\u00eda y potencia para los mercados globales industrial, comercial y de movilidad.<\/h2>\t\t\t\t<\/div>\n\t\t\t\t\t<\/div>\n\t\t\t\t<\/div>\n\t\t<div class=\"elementor-element elementor-element-87d8869 e-flex e-con-boxed e-con e-parent\" data-id=\"87d8869\" data-element_type=\"container\" data-e-type=\"container\">\n\t\t\t\t\t<div class=\"e-con-inner\">\n\t\t\t\t<div class=\"elementor-element elementor-element-687f95a elementor-widget elementor-widget-html\" data-id=\"687f95a\" data-element_type=\"widget\" data-e-type=\"widget\" data-widget_type=\"html.default\">\n\t\t\t\t\t<script type=\"application\/ld+json\">\r\n{\r\n  \"@context\": \"https:\/\/schema.org\",\r\n  \"@type\": \"Service\",\r\n  \"name\": \"Lithium Battery Applications & Solutions\",\r\n  \"description\": \"Comprehensive Lithium Battery Applications including industrial AGVs, marine power, solar storage, and golf cart upgrades using Grade-A cells.\",\r\n  \"provider\": {\r\n    \"@type\": \"Organization\",\r\n    \"name\": \"DLCPO Power Technology Co., Ltd.\",\r\n    \"url\": \"https:\/\/dlcpo.com\"\r\n  }\r\n}\r\n<\/script>\r\n\r\n<div class=\"dlcpo-apps-page\" style=\"font-family: 'Segoe UI', Arial, sans-serif; color: #333; line-height: 1.8; text-align: left;\">\r\n    \r\n    <section style=\"padding: 60px 20px; text-align: left; background-color: #ffffff; max-width: 1200px; margin: 0 auto;\">\r\n        <h1 style=\"color: #0056b3; font-size: 34px; font-weight: 800; border-left: 6px solid #0056b3; padding-left: 15px; margin-bottom: 25px;\">\r\n  Aplicaciones de las pilas de litio para uso industrial y comercial\r\n        <\/h1>\r\n        <p style=\"font-size: 18px; color: #444;\">\r\n  Las <strong>aplicaciones<\/strong> modernas de <strong>las bater\u00edas de litio<\/strong> requieren un equilibrio perfecto entre seguridad, densidad y vida \u00fatil del ciclo. En DLCPO Power Technology, ofrecemos <strong>soluciones de bater\u00edas industriales<\/strong> especializadas adaptadas a entornos complejos. Tanto si buscas <strong>soluciones de bater\u00edas LiFePO4 marinas<\/strong> como si quieres actualizar una flota de veh\u00edculos de servicio, nuestras <strong>aplicaciones de bater\u00edas de litio<\/strong> garantizan un rendimiento constante con celdas de Grado A Tier 1.  \r\n        <\/p>\r\n    <\/section>\r\n\r\n    <section style=\"display: flex; justify-content: space-around; flex-wrap: wrap; padding: 40px 20px; max-width: 1200px; margin: 0 auto; gap: 20px;\">\r\n        <div style=\"flex: 1; min-width: 300px; padding: 35px; border: 1px solid #eef2f6; border-radius: 12px; text-align: center; box-shadow: 0 4px 15px rgba(0,0,0,0.05); background: #fff;\">\r\n            <div style=\"font-size: 45px; margin-bottom: 15px;\">\ud83c\udfd7\ufe0f<\/div>\r\n            <h3 style=\"color: #0056b3; margin-bottom: 15px;\">Industrial y Rob\u00f3tica<\/h3>\r\n            <p style=\"font-size: 14px; color: #666;\"><strong>Rob\u00f3tica AGV de alto rendimiento Bater\u00eda Servicios de proveedores<\/strong> para ciclos de alta resistencia, carretillas elevadoras y log\u00edstica aut\u00f3noma de almac\u00e9n.<\/p>\r\n        <\/div>\r\n        <div style=\"flex: 1; min-width: 300px; padding: 35px; border: 1px solid #eef2f6; border-radius: 12px; text-align: center; box-shadow: 0 4px 15px rgba(0,0,0,0.05); background: #fff;\">\r\n            <div style=\"font-size: 45px; margin-bottom: 15px;\">\u2600\ufe0f<\/div>\r\n            <h3 style=\"color: #d63384; margin-bottom: 15px;\">Almacenamiento de energ\u00eda solar<\/h3>\r\n            <p style=\"font-size: 14px; color: #666;\"><strong>Aplicaciones fiables de bater\u00eda solar ESS<\/strong> con celdas de m\u00e1s de 6000 ciclos de vida para energ\u00eda de reserva residencial, comercial y de telecomunicaciones.<\/p>\r\n        <\/div>\r\n        <div style=\"flex: 1; min-width: 300px; padding: 35px; border: 1px solid #eef2f6; border-radius: 12px; text-align: center; box-shadow: 0 4px 15px rgba(0,0,0,0.05); background: #fff;\">\r\n            <div style=\"font-size: 45px; margin-bottom: 15px;\">\ud83d\udee5\ufe0f<\/div>\r\n            <h3 style=\"color: #198754; margin-bottom: 15px;\">Marina y Movilidad<\/h3>\r\n            <p style=\"font-size: 14px; color: #666;\"><strong>Soluciones superiores de bater\u00edas LiFePO4 marinas<\/strong> y kits de <strong>actualizaci\u00f3n de bater\u00edas de litio para carritos de golf<\/strong> para sustituir sin problemas las de plomo-\u00e1cido.<\/p>\r\n        <\/div>\r\n    <\/section>\r\n\r\n    <section style=\"padding: 40px 20px; max-width: 1200px; margin: 0 auto;\">\r\n        <h3>Optimizar las aplicaciones industriales de las pilas de litio<\/h3>\r\n        <p>En el \u00e1mbito de las <strong>aplicaciones industriales de las bater\u00edas de litio<\/strong>, la fiabilidad no es s\u00f3lo un objetivo, sino un requisito de seguridad. DLCPO se especializa en <strong>aplicaciones<\/strong> de <strong>bater\u00edas de<\/strong> litio que exigen altas corrientes de descarga y resistencia a las vibraciones. Nuestras <strong>Soluciones de Bater\u00edas<\/strong> Industriales para AGV y carretillas elevadoras utilizan la avanzada tecnolog\u00eda JK BMS para garantizar el equilibrio de las celdas incluso con cargas industriales pesadas. Como <strong>proveedor<\/strong> l\u00edder <strong>de Bater\u00edas para Rob\u00f3tica AGV<\/strong>, proporcionamos la inteligencia y densidad de potencia necesarias para operaciones automatizadas 24\/7.   <\/p>\r\n        \r\n        <h3>Por qu\u00e9 son importantes las soluciones de bater\u00edas LiFePO4 marinas especializadas<\/h3>\r\n        <p>Los entornos marinos son notoriamente duros para el almacenamiento de energ\u00eda. Nuestras <strong>soluciones de bater\u00edas LiFePO4 mar<\/strong> inas presentan carcasas con clasificaci\u00f3n IP67 y componentes resistentes a la corrosi\u00f3n. Estas <strong>aplicaciones de bater\u00edas de litio<\/strong> est\u00e1n dise\u00f1adas para sistemas de propulsi\u00f3n el\u00e9ctrica y alimentaci\u00f3n dom\u00e9stica de ciclo profundo en yates y embarcaciones comerciales. Adem\u00e1s, nuestros servicios de <strong>actualizaci\u00f3n de bater\u00edas de litio para carritos de golf<\/strong> ofrecen una soluci\u00f3n \"drop-in\" que reduce el peso hasta un 70% y triplica la autonom\u00eda \u00fatil del veh\u00edculo.   <\/p>\r\n        \r\n        <p>Cuando se trata de <strong>Aplicaciones de Bater\u00edas ESS Solares<\/strong>, la atenci\u00f3n se centra en el Retorno de la Inversi\u00f3n (ROI) a largo plazo. Las <strong>aplicaciones<\/strong> de <strong>bater\u00edas de litio<\/strong> de DLCPO en el sector solar utilizan \u00fanicamente celdas de Grado A, de lotes nuevos, para garantizar 10 a\u00f1os de vida \u00fatil. Desde los m\u00f3dulos de reserva para telecomunicaciones 5G hasta la reducci\u00f3n de picos a escala de servicios p\u00fablicos, nuestras <strong>soluciones de bater\u00edas industriales<\/strong> est\u00e1n dise\u00f1adas para resistir las fluctuaciones de la red y las temperaturas extremas. Cada proyecto de <strong>aplicaciones de bater\u00edas de litio<\/strong> que emprendemos est\u00e1 respaldado por 18 a\u00f1os de experiencia t\u00e9cnica y un compromiso de fabricaci\u00f3n sin defectos.   <\/p>\r\n    <\/section>\r\n\r\n    <section style=\"background-color: #004a99; color: white; padding: 60px 40px; border-radius: 15px; max-width: 1100px; margin: 50px auto;\">\r\n        <h2 style=\"margin-bottom: 30px; font-size: 28px;\">\ud83d\ude80 Soporte de ingenier\u00eda espec\u00edfico para cada aplicaci\u00f3n<\/h2>\r\n        <p style=\"margin-bottom: 35px; opacity: 0.9;\">Para garantizar el rendimiento m\u00e1s fiable de tus <strong>aplicaciones con bater\u00edas de litio<\/strong>, proporcionamos especificaciones a medida para:<\/p>\r\n        \r\n        <div style=\"display: grid; grid-template-columns: repeat(auto-fit, minmax(300px, 1fr)); gap: 30px;\">\r\n            <ul style=\"list-style: none; padding: 0;\">\r\n                <li style=\"margin-bottom: 15px;\">\u2705 <strong>Log\u00edstica:<\/strong> <strong>Rob\u00f3tica AGV de alta resistencia Kits de proveedores<\/strong> de bater\u00edas.<\/li>\r\n                <li style=\"margin-bottom: 15px;\"><strong>\u2705 ESS Solar:<\/strong> <strong>Bater\u00eda solar ESS de larga duraci\u00f3n Aplicaciones<\/strong>.<\/li>\r\n                <li style=\"margin-bottom: 15px;\"><strong>Marina:<\/strong> <strong>Soluciones de bater\u00edas LiFePO4 marinas<\/strong> resistentes a la corrosi\u00f3n.<\/li>\r\n            <\/ul>\r\n            <ul style=\"list-style: none; padding: 0;\">\r\n                <li style=\"margin-bottom: 15px;\">\u2705 <strong>Movilidad:<\/strong> Unidades de <strong>actualizaci\u00f3n de bater\u00edas de litio para carros de golf de<\/strong> 48V\/72V.<\/li>\r\n                <li style=\"margin-bottom: 15px;\"><strong>Telecomunicaciones:<\/strong> SAI 48V <strong>Soluciones de bater\u00edas industriales<\/strong>.<\/li>\r\n                <li style=\"margin-bottom: 15px;\"><strong>Energ\u00eda industrial:<\/strong> Ahorro de picos <strong>Aplicaciones de la bater\u00eda de litio<\/strong>.<\/li>\r\n            <\/ul>\r\n        <\/div>\r\n        \r\n        <p style=\"margin-top: 45px; text-align: center; font-style: italic; font-size: 15px; border-top: 1px solid rgba(255,255,255,0.2); padding-top: 25px;\">\r\n  Ponte en contacto con DLCPO para recibir asesoramiento experto sobre tus <strong>aplicaciones de bater\u00edas de litio<\/strong>. \ud83e\udd42 \r\n        <\/p>\r\n    <\/section>\r\n\r\n    <section style=\"text-align: center; padding: 40px 20px;\">\r\n        <h3 style=\"font-size: 18px; color: #333; margin-bottom: 25px;\">Cumplimiento Global Verificado \ud83d\udee1\ufe0f<\/h3>\r\n        <div style=\"display: flex; justify-content: center; gap: 15px; flex-wrap: wrap;\">\r\n            <span style=\"padding: 10px 20px; background: #f0f4f8; border-radius: 6px; font-size: 13px; font-weight: bold; color: #004a99;\">Certificado UN38.3<\/span>\r\n<span style=\"padding: 10px 20px; background: #f0f4f8; border-radius: 6px; font-size: 13px; font-weight: bold; color: #004a99;\">Preparado para HDS<\/span>\r\n<span style=\"padding: 10px 20px; background: #f0f4f8; border-radius: 6px; font-size: 13px; font-weight: bold; color: #004a99;\">Conformidad IEC<\/span>\r\n<span style=\"padding: 10px 20px; background: #f0f4f8; border-radius: 6px; font-size: 13px; font-weight: bold; color: #004a99;\">Especialista en env\u00edos DG<\/span>\r\n        <\/div>\r\n    <\/section>\r\n<\/div>\t\t\t\t<\/div>\n\t\t\t\t\t<\/div>\n\t\t\t\t<\/div>\n\t\t\t\t<\/div>\n\t\t","protected":false},"excerpt":{"rendered":"<p>Aplicaciones de la bater\u00eda Soluciones vers\u00e1tiles de almacenamiento de energ\u00eda y potencia para los mercados globales industrial, comercial y de movilidad. Aplicaciones de las pilas de litio para uso industrial y comercial Las aplicaciones modernas de las bater\u00edas de litio requieren un equilibrio perfecto entre seguridad, densidad y vida \u00fatil del ciclo. En DLCPO Power [&hellip;]<\/p>\n","protected":false},"author":1,"featured_media":0,"parent":0,"menu_order":0,"comment_status":"closed","ping_status":"closed","template":"","meta":{"_acf_changed":false,"_joinchat":[],"footnotes":""},"class_list":["post-5449","page","type-page","status-publish","hentry"],"acf":[],"_links":{"self":[{"href":"https:\/\/dlcpo.com\/es\/wp-json\/wp\/v2\/pages\/5449","targetHints":{"allow":["GET"]}}],"collection":[{"href":"https:\/\/dlcpo.com\/es\/wp-json\/wp\/v2\/pages"}],"about":[{"href":"https:\/\/dlcpo.com\/es\/wp-json\/wp\/v2\/types\/page"}],"author":[{"embeddable":true,"href":"https:\/\/dlcpo.com\/es\/wp-json\/wp\/v2\/users\/1"}],"replies":[{"embeddable":true,"href":"https:\/\/dlcpo.com\/es\/wp-json\/wp\/v2\/comments?post=5449"}],"version-history":[{"count":5,"href":"https:\/\/dlcpo.com\/es\/wp-json\/wp\/v2\/pages\/5449\/revisions"}],"predecessor-version":[{"id":9283,"href":"https:\/\/dlcpo.com\/es\/wp-json\/wp\/v2\/pages\/5449\/revisions\/9283"}],"wp:attachment":[{"href":"https:\/\/dlcpo.com\/es\/wp-json\/wp\/v2\/media?parent=5449"}],"curies":[{"name":"wp","href":"https:\/\/api.w.org\/{rel}","templated":true}]}}