{"id":9757,"date":"2026-04-23T08:24:10","date_gmt":"2026-04-23T00:24:10","guid":{"rendered":"https:\/\/dlcpo.com\/dlcpo-napp73174207-160ah-natrium-ionen-batteriezelle\/"},"modified":"2026-04-25T21:18:08","modified_gmt":"2026-04-25T13:18:08","slug":"dlcpo-napp73174207-160ah-natrium-ionen-batteriezelle","status":"publish","type":"product","link":"https:\/\/dlcpo.com\/de\/dlcpo-napp73174207-160ah-natrium-ionen-batteriezelle\/","title":{"rendered":"DLCPO NaPP73174207 160 Ah 3,1 V NFPP prismatische Natrium-Ionen-Batteriezelle \u2013 \u00fcber 4.000 Ladezyklen"},"content":{"rendered":"<div class=\"product-description-container\">\n<h2>DLCPO NaPP73174207 160 Ah: NFPP-Natrium-Ionen-Akku in Industriequalit\u00e4t<\/h2>\n<p>Die <strong>DLCPO NaPP73174207<\/strong> ist eine hochwertige prismatische Natrium-Ionen-Zelle (SIB), die auf fortschrittlicher <strong>Natrium-Eisen-Pyrophosphat (NFPP)<\/strong>-Technologie basiert. Mit einer enormen Kapazit\u00e4t von 160 Ah und einer au\u00dfergew\u00f6hnlich stabilen 3,1-V-Plattform ist diese Zelle f\u00fcr gro\u00df angelegte Energiespeichersysteme konzipiert, bei denen Sicherheit, Langlebigkeit und Kosteneffizienz von gr\u00f6\u00dfter Bedeutung sind. <\/p>\n<ul>\n<li>\ud83d\udd0b <strong>Hervorragende Zyklenlebensdauer:<\/strong> Entwickelt f\u00fcr Langlebigkeit mit <strong>\u2265 4.000 vollst\u00e4ndigen Ladezyklen<\/strong> (bei 100 % Entladetiefe), was eine Lebensdauer von mehr als zehn Jahren f\u00fcr ESS-Projekte gew\u00e4hrleistet.<\/li>\n<li>\ud83d\udfdb\ufe0f <strong>Extrem sichere NFPP-Chemie:<\/strong> Dank der Verwendung der Technologie mit nicht brennbarem Natrium-Eisen-Pyrophosphat erf\u00fcllt das Produkt strenge Sicherheitsstandards, darunter Nageldurchdringungs- und \u00dcberladungstests.<\/li>\n<li>\u2744\ufe0f <strong>Gro\u00dfer Temperaturbereich:<\/strong> Bietet hohe Stabilit\u00e4t \u00fcber einen breiten Temperaturbereich hinweg und eine effiziente Entladeleistung von <strong>-30 \u00b0C bis 60 \u00b0C<\/strong>.<\/li>\n<li>\u26a1 <strong>Niedriger Innenwiderstand:<\/strong> Extrem niedriger Widerstand (<strong>\u2264 0,40 m\u03a9<\/strong>) sorgt f\u00fcr minimale W\u00e4rme Entwicklung und maximale Effizienz bei Hochstrom-Betrieb.<\/li>\n<li>\ud83d\ude80 <strong>Hohe Entladeleistung:<\/strong> Unterst\u00fctzt eine maximale Dauerentladung von <strong>1C (160 A)<\/strong> und eine Impulsentladung von bis zu 2C \u2013 ideal f\u00fcr anspruchsvolle industrielle Lasten.<\/li>\n<\/ul>\n<h3>Hauptanwendungsbereiche:<\/h3>\n<ul>\n<li><strong>ESS f\u00fcr Gewerbe und Industrie:<\/strong> Gro\u00df angelegte Spitzenlastabdeckung und Notstromversorgung.<\/li>\n<li><strong>Speicherung erneuerbarer Energien:<\/strong> Nahtlose Integration in Solar- und Windkraftanlagen.<\/li>\n<li><strong>Telekommunikation:<\/strong> Zuverl\u00e4ssige, langlebige Backup-L\u00f6sung f\u00fcr 5G-Basisstationen.<\/li>\n<li><strong>Rechenzentren:<\/strong> Hochsichere Energiel\u00f6sung f\u00fcr gesch\u00e4ftskritische Infrastruktur.<\/li>\n<\/ul>\n<\/div>\n","protected":false},"excerpt":{"rendered":"<p>Hochleistungsf\u00e4hige prismatische Natrium-Ionen-Batteriezelle DLCPO NaPP73174207 mit 160 Ah. Mit Natrium-Eisen-Pyrophosphat-Chemie (NFPP), \u00fcber 4000 Ladezyklen und herausragender Sicherheit. Ideal f\u00fcr industrielle Energiespeichersysteme (ESS), Telekommunikation und Solarstromspeicherung.<\/p>\n","protected":false},"featured_media":9755,"template":"","meta":{"_acf_changed":false,"_joinchat":[]},"product_brand":[],"product_cat":[3298],"product_tag":[3335,3336,3300,3301,2972],"class_list":{"0":"post-9757","1":"product","2":"type-product","3":"status-publish","4":"has-post-thumbnail","6":"product_cat-natrium-ionen-batterie-kat","7":"product_tag-160ah","8":"product_tag-ess-batterie","9":"product_tag-natrium-ionen-batterie","10":"product_tag-nfpp","11":"product_tag-prismatische-zelle","12":"pa_capacity-160ah","14":"first","15":"instock","16":"shipping-taxable","17":"product-type-simple"},"acf":[],"_links":{"self":[{"href":"https:\/\/dlcpo.com\/de\/wp-json\/wp\/v2\/product\/9757","targetHints":{"allow":["GET"]}}],"collection":[{"href":"https:\/\/dlcpo.com\/de\/wp-json\/wp\/v2\/product"}],"about":[{"href":"https:\/\/dlcpo.com\/de\/wp-json\/wp\/v2\/types\/product"}],"version-history":[{"count":1,"href":"https:\/\/dlcpo.com\/de\/wp-json\/wp\/v2\/product\/9757\/revisions"}],"predecessor-version":[{"id":9836,"href":"https:\/\/dlcpo.com\/de\/wp-json\/wp\/v2\/product\/9757\/revisions\/9836"}],"wp:featuredmedia":[{"embeddable":true,"href":"https:\/\/dlcpo.com\/de\/wp-json\/wp\/v2\/media\/9755"}],"wp:attachment":[{"href":"https:\/\/dlcpo.com\/de\/wp-json\/wp\/v2\/media?parent=9757"}],"wp:term":[{"taxonomy":"product_brand","embeddable":true,"href":"https:\/\/dlcpo.com\/de\/wp-json\/wp\/v2\/product_brand?post=9757"},{"taxonomy":"product_cat","embeddable":true,"href":"https:\/\/dlcpo.com\/de\/wp-json\/wp\/v2\/product_cat?post=9757"},{"taxonomy":"product_tag","embeddable":true,"href":"https:\/\/dlcpo.com\/de\/wp-json\/wp\/v2\/product_tag?post=9757"}],"curies":[{"name":"wp","href":"https:\/\/api.w.org\/{rel}","templated":true}]}}