{"id":9730,"date":"2026-04-23T07:47:37","date_gmt":"2026-04-22T23:47:37","guid":{"rendered":"https:\/\/dlcpo.com\/?post_type=product&#038;p=9730"},"modified":"2026-04-26T10:29:06","modified_gmt":"2026-04-26T02:29:06","slug":"dlcpo-nacr32140-mp10-10ah-natrium-ionen-batteriezelle","status":"publish","type":"product","link":"https:\/\/dlcpo.com\/de\/dlcpo-nacr32140-mp10-10ah-natrium-ionen-batteriezelle\/","title":{"rendered":"DLCPO NaCR32140-MP10 10-Ah-Natrium-Ionen-Batteriezelle \u2013 hohe Leistung und hervorragende Leistung bei extrem niedrigen Temperaturen"},"content":{"rendered":"<div class=\"product-description-container\">\n<h2>DLCPO NaCR32140-MP10: Das leistungsstarke 10-Ah-Natrium-Ionen-Akkumodul der n\u00e4chsten Generation<\/h2>\n<p>Die <strong>DLCPO NaCR32140-MP10<\/strong> ist eine leistungsstarke zylindrische Natrium-Ionen-Batteriezelle (SIB), die f\u00fcr extreme Leistungsanforderungen und Umweltbest\u00e4ndigkeit entwickelt wurde. Dank fortschrittlicher SIB-Chemie bietet sie eine sicherere, schneller aufladbare und kosteng\u00fcnstigere Alternative zu herk\u00f6mmlichen Lithium-Batterien, insbesondere unter rauen klimatischen Bedingungen. <\/p>\n<ul>\n<li>\u2744\ufe0f <strong>Extreme Klima-Helden:<\/strong> Zuverl\u00e4ssige Entladungsleistung bis zu <strong> -40 \u00b0C<\/strong>, beibehaltung der Leistung dort, wo Lithium Zellen versagen.<\/li>\n<li>\u26a1 <strong>Ultraschnelles Laden:<\/strong> Unterst\u00fctzt <strong>4C-Schnellladen<\/strong> und erreicht in nur 15 Minuten einen Ladezustand von 80 %, um Ausfallzeiten zu minimieren.<\/li>\n<li>\ud83d\ude80 <strong>Hohe Leistungsdichte:<\/strong> Dauerentladungsrate von bis zu <strong>3C (30 A)<\/strong>, ideal f\u00fcr industrielle Anwendungen mit hoher Belastung.<\/li>\n<li>\ud83d\udee1\ufe0f <strong>Hervorragendes Sicherheitsprofil:<\/strong> Eine von Natur aus stabile chemische Zusammensetzung, die Tests zur Durchdringung mit einem Nagel, zur \u00dcberladung und zur Quetschung ohne Brand oder Explosion besteht.<\/li>\n<li>\ud83d\udd0b <strong>L\u00e4ngere Lebensdauer:<\/strong> Bietet <strong>\u2265 3.000 vollst\u00e4ndige Ladezyklen<\/strong> bei 100 % Entladetiefe (DOD) und gew\u00e4hrleistet so eine au\u00dfergew\u00f6hnlich lange Lebensdauer f\u00fcr Energiespeichersysteme.<\/li>\n<\/ul>\n<h3>Ideale Anwendungsbereiche:<\/h3>\n<ul>\n<li><strong>ESS f\u00fcr die Arktis und H\u00f6henlagen:<\/strong> Ideal f\u00fcr die Energiespeicherung im Freien in Regionen mit Minustemperaturen.<\/li>\n<li><strong>E-Mobilit\u00e4t:<\/strong> Leistungsstarke Antriebe f\u00fcr Elektrofahrr\u00e4der, Elektroroller und fahrerlose Transportfahrzeuge (AGVs).<\/li>\n<li><strong>Industriewerkzeuge:<\/strong> Robuste Energie f\u00fcr leistungsstarke Elektrowerkzeuge und Maschinen.<\/li>\n<li><strong>Telekommunikationsinfrastruktur:<\/strong> Zuverl\u00e4ssige Notstromversorgung f\u00fcr abgelegene Basisstationen.<\/li>\n<\/ul>\n<\/div>\n","protected":false},"excerpt":{"rendered":"<p>Entdecken Sie den DLCPO NaCR32140-MP10 10-Ah-Natrium-Ionen-Akku. Mit einer stabilen 3,1-V-Plattform, \u00fcber 3000 Ladezyklen und einer hervorragenden Entladeleistung bei Temperaturen bis zu -40 \u00b0C. Optimiert f\u00fcr leistungsstarke Energiespeichersysteme (ESS), elektrische Zweir\u00e4der und Industriewerkzeuge f\u00fcr den Einsatz in kalten Klimazonen.  <\/p>\n","protected":false},"featured_media":9742,"template":"","meta":{"_acf_changed":false,"_joinchat":[]},"product_brand":[],"product_cat":[3298],"product_tag":[3339,3337,3340,3300,3338],"class_list":{"0":"post-9730","1":"product","2":"type-product","3":"status-publish","4":"has-post-thumbnail","6":"product_cat-natrium-ionen-batterie-kat","7":"product_tag-40-c-entladung","8":"product_tag-10ah","9":"product_tag-3340","10":"product_tag-natrium-ionen-batterie","11":"product_tag-zylindrische-zelle","12":"pa_capacity-10ah","14":"first","15":"instock","16":"shipping-taxable","17":"product-type-simple"},"acf":[],"_links":{"self":[{"href":"https:\/\/dlcpo.com\/de\/wp-json\/wp\/v2\/product\/9730","targetHints":{"allow":["GET"]}}],"collection":[{"href":"https:\/\/dlcpo.com\/de\/wp-json\/wp\/v2\/product"}],"about":[{"href":"https:\/\/dlcpo.com\/de\/wp-json\/wp\/v2\/types\/product"}],"version-history":[{"count":2,"href":"https:\/\/dlcpo.com\/de\/wp-json\/wp\/v2\/product\/9730\/revisions"}],"predecessor-version":[{"id":9760,"href":"https:\/\/dlcpo.com\/de\/wp-json\/wp\/v2\/product\/9730\/revisions\/9760"}],"wp:featuredmedia":[{"embeddable":true,"href":"https:\/\/dlcpo.com\/de\/wp-json\/wp\/v2\/media\/9742"}],"wp:attachment":[{"href":"https:\/\/dlcpo.com\/de\/wp-json\/wp\/v2\/media?parent=9730"}],"wp:term":[{"taxonomy":"product_brand","embeddable":true,"href":"https:\/\/dlcpo.com\/de\/wp-json\/wp\/v2\/product_brand?post=9730"},{"taxonomy":"product_cat","embeddable":true,"href":"https:\/\/dlcpo.com\/de\/wp-json\/wp\/v2\/product_cat?post=9730"},{"taxonomy":"product_tag","embeddable":true,"href":"https:\/\/dlcpo.com\/de\/wp-json\/wp\/v2\/product_tag?post=9730"}],"curies":[{"name":"wp","href":"https:\/\/api.w.org\/{rel}","templated":true}]}}