{"id":8632,"date":"2026-03-08T08:38:41","date_gmt":"2026-03-08T00:38:41","guid":{"rendered":"https:\/\/dlcpo.com\/calb-314ah-lifepo4-prismatische-batteriezelle\/"},"modified":"2026-03-08T08:38:41","modified_gmt":"2026-03-08T00:38:41","slug":"calb-314ah-lifepo4-prismatische-batteriezelle","status":"publish","type":"product","link":"https:\/\/dlcpo.com\/de\/calb-314ah-lifepo4-prismatische-batteriezelle\/","title":{"rendered":"CALB 3,2 V, 314 Ah LiFePO\u2084-Prismenzelle (hohe Energiedichte: 180 Wh\/kg)"},"content":{"rendered":"<div class=\"product-description-container\">\n<p>Die <strong>CALB 314Ah LiFePO4-Prismenzelle<\/strong> setzt f\u00fcr das Jahr 2026 den neuen weltweiten Ma\u00dfstab in der Energiespeichertechnologie mit hoher Kapazit\u00e4t. Als Flaggschiff-Modell mit 314 Ah von CALB liefert die <strong>CALB 314Ah LiFePO4 Prismatische Batteriezelle<\/strong> genau <strong>1004,8 Wh (ca. 1 kWh) <\/strong> Energie in einem standardm\u00e4\u00dfigen prismatischen Formfaktor und erreicht damit eine bahnbrechende Energiedichte von <strong>180 Wh\/kg<\/strong>. Sie ist die erste Wahl f\u00fcr ESS im Versorgungsma\u00dfstab und professionelle EV-Konstruktionen, die maximale Leistung bei traditioneller Stellfl\u00e4che anstreben.  <\/p>\n<h3>Technische \u00dcberlegenheit: Der Meilenstein von 12.000 Zyklen<\/h3>\n<ul class=\"product-features-list\" style=\"list-style: none; padding-left: 0;\">\n<li style=\"margin-bottom: 15px;\">\u23f3 <strong>Lebensdauer der n\u00e4chsten Generation mit \u00fcber 12.000 Ladezyklen: <\/strong> Die <strong>CALB 314Ah LiFePO4-Prismenzelle<\/strong> wurde f\u00fcr extreme industrielle Beanspruchung entwickelt und bietet eine unglaubliche Lebensdauer von <strong>\u2265 12.000 Zyklen<\/strong> (bei 0,5C\/0,5C). Diese Langlebigkeit senkt die Stromgestehungskosten (LCOE) erheblich und macht sie zum zuverl\u00e4ssigsten Aktivposten f\u00fcr langfristige Energieprojekte. <\/li>\n<li style=\"margin-bottom: 15px;\">\ud83d\udd0b <strong>Energie-Benchmark von 1 kWh pro Zelle:<\/strong> Da jede Zelle mehr als 1 Einheit Strom (1004,8 Wh) liefert, werden die Systemberechnungen und die modulare Integration erheblich vereinfacht. Diese hohe Kapazit\u00e4t erm\u00f6glicht im Vergleich zu \u00e4lteren 280-Ah-Modellen eine h\u00f6here Gesamtenergie des Systems bei gleichem Geh\u00e4usevolumen. <\/li>\n<li style=\"margin-bottom: 15px;\">\ud83d\udcd0 <strong>Pr\u00e4zisions- Standard-Grundfl\u00e4che f\u00fcr nahtlose Upgrades:<\/strong> Trotz ihrer erh\u00f6hten Kapazit\u00e4t, beh\u00e4lt die 314Ah-Serie ihre Standardabmessungen bei (<strong>173,9 \u00d7 71,7 \u00d7 207,1 mm<\/strong>). Dies macht sie zu einem perfekten \u201eDrop-in\u201c- Upgrade f\u00fcr bestehende 280-Ah-Batteriegeh\u00e4use , wodurch Systemintegratoren die Kapazit\u00e4t um mehr als 12 % ohne Neugestaltung des Geh\u00e4uses. <\/li>\n<li style=\"margin-bottom: 15px;\">\u2744\ufe0f <strong>Extrem niedriger Innenwiderstand (0,17 m\u03a9):<\/strong> Mit einem anf\u00e4nglichen Innenwiderstand von nur <strong>\u2264 0,17 m\u03a9<\/strong> minimiert diese Zelle die W\u00e4rmeentwicklung im Hochleistungsbetrieb. Diese thermische Effizienz gew\u00e4hrleistet selbst bei anspruchsvollen Entladezyklen eine hervorragende Systemstabilit\u00e4t und -sicherheit. <\/li>\n<li style=\"margin-bottom: 15px;\">\ud83c\udfc5 <strong>Gepr\u00fcfte Qualit\u00e4t der Klasse A und R\u00fcckverfolgbarkeit:<\/strong> Jede von <strong>DLCPO<\/strong> gelieferte 314-Ah-Flaggschiff-Zelle stammt direkt aus der Produktionslinie und verf\u00fcgt \u00fcber <strong>originale, intakte QR-Codes ab Werk<\/strong>. Wir garantieren perfekt abgestimmte Spannungs- und Widerstandswerte und bieten damit die f\u00fcr Tier-1-Energiespeicherprojekte erforderliche Datentransparenz. <\/li>\n<\/ul>\n<\/div>\n","protected":false},"excerpt":{"rendered":"<p>Kaufen Sie die <b data-path-to-node=\"4,2,0\" data-index-in-node=\"41\">CALB 314Ah LiFePO4-Prismenzelle<\/b> bei DLCPO. Mit \u00fcber 12.000 Ladezyklen, einer Energiedichte von 180 Wh\/kg und einer Energiekapazit\u00e4t von 1 kWh. Das ultimative Drop-in-Upgrade f\u00fcr 280-Ah-ESS-Systeme.  <\/p>\n","protected":false},"featured_media":1971,"template":"","meta":{"_acf_changed":false,"_joinchat":[]},"product_brand":[],"product_cat":[2324],"product_tag":[3177,2678,3175,2353,3176],"class_list":{"0":"post-8632","1":"product","2":"type-product","3":"status-publish","4":"has-post-thumbnail","6":"product_cat-calb","7":"product_tag-1-kwh-batteriezelle","8":"product_tag-12-000-zyklen","9":"product_tag-calb-314ah","10":"product_tag-dlcpo","11":"product_tag-l173f314-flaggschiff","12":"pa_capacity-314ah","14":"first","15":"instock","16":"shipping-taxable","17":"product-type-simple"},"acf":[],"_links":{"self":[{"href":"https:\/\/dlcpo.com\/de\/wp-json\/wp\/v2\/product\/8632","targetHints":{"allow":["GET"]}}],"collection":[{"href":"https:\/\/dlcpo.com\/de\/wp-json\/wp\/v2\/product"}],"about":[{"href":"https:\/\/dlcpo.com\/de\/wp-json\/wp\/v2\/types\/product"}],"version-history":[{"count":0,"href":"https:\/\/dlcpo.com\/de\/wp-json\/wp\/v2\/product\/8632\/revisions"}],"wp:featuredmedia":[{"embeddable":true,"href":"https:\/\/dlcpo.com\/de\/wp-json\/wp\/v2\/media\/1971"}],"wp:attachment":[{"href":"https:\/\/dlcpo.com\/de\/wp-json\/wp\/v2\/media?parent=8632"}],"wp:term":[{"taxonomy":"product_brand","embeddable":true,"href":"https:\/\/dlcpo.com\/de\/wp-json\/wp\/v2\/product_brand?post=8632"},{"taxonomy":"product_cat","embeddable":true,"href":"https:\/\/dlcpo.com\/de\/wp-json\/wp\/v2\/product_cat?post=8632"},{"taxonomy":"product_tag","embeddable":true,"href":"https:\/\/dlcpo.com\/de\/wp-json\/wp\/v2\/product_tag?post=8632"}],"curies":[{"name":"wp","href":"https:\/\/api.w.org\/{rel}","templated":true}]}}