{"id":8594,"date":"2026-03-07T08:56:22","date_gmt":"2026-03-07T00:56:22","guid":{"rendered":"https:\/\/dlcpo.com\/eve-lf105-105ah-lithium-iron-phosphat-batteriezelle-klasse-a\/"},"modified":"2026-03-07T08:56:22","modified_gmt":"2026-03-07T00:56:22","slug":"eve-lf105-105ah-lithium-iron-phosphat-batteriezelle-klasse-a","status":"publish","type":"product","link":"https:\/\/dlcpo.com\/de\/eve-lf105-105ah-lithium-iron-phosphat-batteriezelle-klasse-a\/","title":{"rendered":"EVE LF105 105-Ah-LiFePO4-Batteriezelle, Klasse A | 3C-Hochleistungsspezialist f\u00fcr Golfwagen"},"content":{"rendered":"<div class=\"product-description-container\">\n<p>Die <strong>EVE LF105 105-Ah-LiFePO4-Batteriezelle der Klasse A<\/strong> ist eine spezielle prismatische Energiel\u00f6sung, die den Markt f\u00fcr leichte Elektrofahrzeuge im Sturm erobert hat. Sie eignet sich zwar perfekt f\u00fcr die Speicherung von Solarstrom, ihre wahre technische St\u00e4rke liegt jedoch in ihrer dynamischen Leistungsabgabe. Mit einer <strong>Dauerentladerate von 3C (315 Ampere)<\/strong> ist die <strong>EVE LF105 105Ah LiFePO4-Batteriezelle der Klasse A<\/strong> deutlich leistungsst\u00e4rker als herk\u00f6mmliche 105Ah-Speicherzellen und liefert die n\u00f6tige \u201eKraft\u201c f\u00fcr den Einsatz unter Hochlastbedingungen.  <\/p>\n<h2 style=\"font-size: 1.5em; color: #2c3e50;\">Warum sollten Sie sich f\u00fcr den EVE LF105 entscheiden, wenn es um Traktion und Leistung geht?<\/h2>\n<ul class=\"product-features-list\" style=\"list-style: none; padding-left: 0;\">\n<li style=\"margin-bottom: 15px;\">\ud83c\udfce\ufe0f <strong>Un\u00fcbertroffene 3C-Leistungsabgabe:<\/strong> Herk\u00f6mmliche LFP-Zellen haben oft Schwierigkeiten mit den enormen Sto\u00dfstr\u00f6men, die Golfwagen oder Gabelstapler beim Bergauffahren ben\u00f6tigen. Die <strong>EVE LF105 105Ah LiFePO4-Batteriezelle der Klasse A<\/strong> liefert eine konstante, hohe Stromst\u00e4rke ohne Spannungseinbr\u00fcche und gew\u00e4hrleistet so ein gleichm\u00e4\u00dfiges Drehmoment f\u00fcr Ihre Motoren. <\/li>\n<li style=\"margin-bottom: 15px;\">\u23f3 <strong>Au\u00dfergew\u00f6hnliche Lebensdauer bei Traktionsanwendungen:<\/strong> Mit einer Nennlebensdauer von <strong>mindestens 4.000 Ladezyklen<\/strong> (bei 1C\/1C, 25 \u00b0C) ist diese Zelle so konstruiert, dass sie herk\u00f6mmliche Blei-S\u00e4ure-Batterien um das 5- bis 10-fache \u00fcbertrifft. Sie stellt eine langfristige Investition dar, die die Wartungskosten f\u00fcr Flottenbetreiber drastisch senkt. <\/li>\n<li style=\"margin-bottom: 15px;\">\ud83d\udcd0 <strong>Kompakte Gr\u00f6\u00dfe f\u00fcr kundenspezifische Schalen: <\/strong> Mit schlanken Abmessungen von 130,3 mm (B) x 36,7 mm (T) x 200,5 mm (H), l\u00e4sst sich der LF105 leicht und bequem in Standard- oder kundenspezifische Batterie- F\u00e4cher. Dies macht es zur erste Wahl f\u00fcr nahtlose Umr\u00fcstungen von Blei-S\u00e4ure- auf Lithium Batterien. <\/li>\n<li style=\"margin-bottom: 15px;\">\ud83c\udfd4\ufe0f <strong>Stabile Leistung bei hohen Stromst\u00e4rken:<\/strong> Ob beim Start an einem kalten Morgen oder bei einer Steigung unter hoher Last \u2013 die LF105 beh\u00e4lt ihre strukturelle und chemische Stabilit\u00e4t bei. Ihr Innenwiderstand ist f\u00fcr hohe Leistungsdurchs\u00e4tze optimiert, wodurch die W\u00e4rmeentwicklung bei Spitzenlasten reduziert wird. <\/li>\n<li style=\"margin-bottom: 15px;\">\u2705 <strong>Gepr\u00fcfte Qualit\u00e4t der Klasse A und R\u00fcckverfolgbarkeit:<\/strong> Jede von <strong>DLCPO<\/strong> bezogene <strong>EVE LF105 105Ah LiFePO4-Batteriezelle der Klasse A<\/strong> verf\u00fcgt \u00fcber einen originalen, scanbaren QR-Code. Wir gew\u00e4hrleisten eine 100-prozentige \u00dcbereinstimmung von Spannung und Innenwiderstand und bieten damit die Sicherheit und Zuverl\u00e4ssigkeit, die Ihre professionellen Projekte erfordern. <\/li>\n<\/ul>\n<\/div>\n","protected":false},"excerpt":{"rendered":"<p>Kaufen Sie die originale <b data-path-to-node=\"4,2,0\" data-index-in-node=\"44\">EVE LF105 105-Ah-LiFePO4-Batteriezelle der G\u00fcteklasse A<\/b> bei DLCPO. Mit einer Dauerentladungsleistung von 315 A (3C), 4.000 Ladezyklen und einem kompakten Design, das sich perfekt f\u00fcr Golfwagen und leichte Elektrofahrzeuge eignet. <\/p>\n","protected":false},"featured_media":1839,"template":"","meta":{"_acf_changed":false,"_joinchat":[]},"product_brand":[],"product_cat":[2328],"product_tag":[3139,2353,3138,3140,3141],"class_list":{"0":"post-8594","1":"product","2":"type-product","3":"status-publish","4":"has-post-thumbnail","6":"product_cat-eve","7":"product_tag-105ah-lifepo4","8":"product_tag-dlcpo","9":"product_tag-eve-lf105","10":"product_tag-golf-cart-batterie","11":"product_tag-zelle-fur-traktionsanwendungen","12":"pa_capacity-105ah","14":"first","15":"instock","16":"shipping-taxable","17":"product-type-simple"},"acf":[],"_links":{"self":[{"href":"https:\/\/dlcpo.com\/de\/wp-json\/wp\/v2\/product\/8594","targetHints":{"allow":["GET"]}}],"collection":[{"href":"https:\/\/dlcpo.com\/de\/wp-json\/wp\/v2\/product"}],"about":[{"href":"https:\/\/dlcpo.com\/de\/wp-json\/wp\/v2\/types\/product"}],"version-history":[{"count":0,"href":"https:\/\/dlcpo.com\/de\/wp-json\/wp\/v2\/product\/8594\/revisions"}],"wp:featuredmedia":[{"embeddable":true,"href":"https:\/\/dlcpo.com\/de\/wp-json\/wp\/v2\/media\/1839"}],"wp:attachment":[{"href":"https:\/\/dlcpo.com\/de\/wp-json\/wp\/v2\/media?parent=8594"}],"wp:term":[{"taxonomy":"product_brand","embeddable":true,"href":"https:\/\/dlcpo.com\/de\/wp-json\/wp\/v2\/product_brand?post=8594"},{"taxonomy":"product_cat","embeddable":true,"href":"https:\/\/dlcpo.com\/de\/wp-json\/wp\/v2\/product_cat?post=8594"},{"taxonomy":"product_tag","embeddable":true,"href":"https:\/\/dlcpo.com\/de\/wp-json\/wp\/v2\/product_tag?post=8594"}],"curies":[{"name":"wp","href":"https:\/\/api.w.org\/{rel}","templated":true}]}}