{"id":8436,"date":"2026-03-08T17:06:02","date_gmt":"2026-03-08T09:06:02","guid":{"rendered":"https:\/\/dlcpo.com\/calb-l221n113a-113ah-nmc-ternaere-lithium-batterie\/"},"modified":"2026-03-08T17:06:02","modified_gmt":"2026-03-08T09:06:02","slug":"calb-l221n113a-113ah-nmc-ternaere-lithium-batterie","status":"publish","type":"product","link":"https:\/\/dlcpo.com\/de\/calb-l221n113a-113ah-nmc-ternaere-lithium-batterie\/","title":{"rendered":"CALB L221N113A 3,7 V 113 Ah Klasse A NMC prismatische Batterie Zelle \u2013 Frisch hergestellt, ultraschlankes 33,36-mm-Profil &amp; DDP Versand L\u00f6sungen"},"content":{"rendered":"<div class=\"product-description-container\">\n<p>Die <strong>CALB L221N113A 113-Ah-NMC-Tern\u00e4r-Lithium-Batterie<\/strong> ist eine fortschrittliche Energiel\u00f6sung, die speziell f\u00fcr Anwendungen entwickelt wurde, bei denen jedes Gramm Gewicht und jeder Millimeter Platz entscheidend ist. Diese 113-Ah-Zelle wurde mit branchenf\u00fchrender tern\u00e4rer Chemie f\u00fcr den Hochleistungssektor von 2026 entwickelt und bietet einen enormen Energie-Gewichts-Vorteil: Sie speichert etwa <strong>40 Prozent mehr Energie pro Kilogramm<\/strong> als Standard-LiFePO4-Konfigurationen. <\/p>\n<h3>Technische Vorteile der Elite-Serie: Warum sollten Sie sich f\u00fcr das Modell CALB L221N113A entscheiden?<\/h3>\n<ul class=\"product-benefits-list\" style=\"list-style: none; padding-left: 0;\">\n<li style=\"margin-bottom: 15px;\">\ud83d\ude80 <strong>Hervorragende gravimetrische Energiedichte (232 Wh\/kg): <\/strong> Mit atemberaubenden <strong>232 Wh\/kg<\/strong> bietet die <strong>CALB L221N113A 113Ah NMC-Tern\u00e4r-Lithium-Batterie<\/strong> maximale Leistung in einem leichten Geh\u00e4use. Damit ist er die erste Wahl f\u00fcr Luft- und Raumfahrtprojekte, elektrische Senkrechtstarter (eVTOL) und Hochleistungs-Renn-EVs. <\/li>\n<li style=\"margin-bottom: 15px;\">\u26a1 <strong>Plattform mit h\u00f6herer Spannung (3,7 V):<\/strong> Die <strong>Nennspannung von 3,7 V<\/strong> erm\u00f6glicht eine effizientere Energie\u00fcbertragung und eine h\u00f6here Gesamtspannung des Akkupacks bei einer geringeren Anzahl von Zellen im Vergleich zu herk\u00f6mmlichen 3,2-V-LFP-Konfigurationen. Dies verringert die Komplexit\u00e4t des Batteriemanagementsystems (BMS) und minimiert das Gewicht der Verkabelung. <\/li>\n<li style=\"margin-bottom: 15px;\">\ud83d\udcd0 <strong>Ultraflaches Pr\u00e4zisionsprofil (33,36 mm):<\/strong> Mit einer speziellen Dicke von nur <strong>33,36 mm<\/strong> ist diese Zelle speziell f\u00fcr flexible Installationen in engen R\u00e4umen oder a16&gt; flexible Installationen in engen R\u00e4umen oder kompakten modularen Geh\u00e4usen, und bietet Ingenieuren damit mehr Gestaltungsfreiheit .<\/li>\n<li style=\"margin-bottom: 15px;\">\ud83c\udfce\ufe0f <strong>Zuverl\u00e4ssigkeit und Konsistenz in Automobilqualit\u00e4t:<\/strong> Alle Einheiten werden von <strong>DLCPO<\/strong> in A-Qualit\u00e4t bezogen und verf\u00fcgen \u00fcber originale, intakte werkseitige QR-Codes. Dies gew\u00e4hrleistet vollst\u00e4ndige R\u00fcckverfolgbarkeit und einen perfekt abgestimmten Innenwiderstand \u00fcber alle modularen B\u00e4nke hinweg, was f\u00fcr die thermische Stabilit\u00e4t von tern\u00e4ren Systemen mit hoher Leistung unerl\u00e4sslich ist. <\/li>\n<li style=\"margin-bottom: 15px;\">\ud83c\udfc5 <strong>Von DLCPO gepr\u00fcfte Qualit\u00e4t:<\/strong> Wir garantieren, dass jede 113-Ah-NMC-Zelle den h\u00f6chsten Tier-1-Leistungsstandards entspricht. Dank perfekt aufeinander abgestimmter Spannung und Kapazit\u00e4t bieten diese Zellen die f\u00fcr gesch\u00e4ftskritische Energieprojekte erforderliche Finanzierbarkeit und langfristige Sicherheit. <\/li>\n<\/ul>\n<\/div>\n","protected":false},"excerpt":{"rendered":"<p>Entdecken Sie die <b data-path-to-node=\"4,2,0\" data-index-in-node=\"41\">CALB L221N113A 113Ah NMC-Tern\u00e4r-Lithiumbatterie<\/b> bei DLCPO. Mit einer Energiedichte von 232 Wh\/kg und einer schlanken Bauh\u00f6he von 33,36 mm ist sie die erste Wahl f\u00fcr die Luft- und Raumfahrt, Hochleistungs-Elektrofahrzeuge und Schiffsantriebe. <\/p>\n","protected":false},"featured_media":2032,"template":"","meta":{"_acf_changed":false,"_joinchat":[]},"product_brand":[],"product_cat":[2324],"product_tag":[2979,2978,2353,2981,2980],"class_list":{"0":"post-8436","1":"product","2":"type-product","3":"status-publish","4":"has-post-thumbnail","6":"product_cat-calb","7":"product_tag-113ah-nmc-cell","8":"product_tag-calb-l221n113a","9":"product_tag-dlcpo","10":"product_tag-hochleistungs-ev-batterie","11":"product_tag-luft-und-raumfahrt-zertifizierte-batterie","12":"pa_capacity-113ah","14":"first","15":"instock","16":"shipping-taxable","17":"product-type-simple"},"acf":[],"_links":{"self":[{"href":"https:\/\/dlcpo.com\/de\/wp-json\/wp\/v2\/product\/8436","targetHints":{"allow":["GET"]}}],"collection":[{"href":"https:\/\/dlcpo.com\/de\/wp-json\/wp\/v2\/product"}],"about":[{"href":"https:\/\/dlcpo.com\/de\/wp-json\/wp\/v2\/types\/product"}],"version-history":[{"count":0,"href":"https:\/\/dlcpo.com\/de\/wp-json\/wp\/v2\/product\/8436\/revisions"}],"wp:featuredmedia":[{"embeddable":true,"href":"https:\/\/dlcpo.com\/de\/wp-json\/wp\/v2\/media\/2032"}],"wp:attachment":[{"href":"https:\/\/dlcpo.com\/de\/wp-json\/wp\/v2\/media?parent=8436"}],"wp:term":[{"taxonomy":"product_brand","embeddable":true,"href":"https:\/\/dlcpo.com\/de\/wp-json\/wp\/v2\/product_brand?post=8436"},{"taxonomy":"product_cat","embeddable":true,"href":"https:\/\/dlcpo.com\/de\/wp-json\/wp\/v2\/product_cat?post=8436"},{"taxonomy":"product_tag","embeddable":true,"href":"https:\/\/dlcpo.com\/de\/wp-json\/wp\/v2\/product_tag?post=8436"}],"curies":[{"name":"wp","href":"https:\/\/api.w.org\/{rel}","templated":true}]}}