{"id":8421,"date":"2026-03-09T07:35:50","date_gmt":"2026-03-08T23:35:50","guid":{"rendered":"https:\/\/dlcpo.com\/rept-cb2k-60ah-lifepo4-batteriezelle-300-a-entladung\/"},"modified":"2026-03-09T07:35:50","modified_gmt":"2026-03-08T23:35:50","slug":"rept-cb2k-60ah-lifepo4-batteriezelle-300-a-entladung","status":"publish","type":"product","link":"https:\/\/dlcpo.com\/de\/rept-cb2k-60ah-lifepo4-batteriezelle-300-a-entladung\/","title":{"rendered":"REPT CB2K 60 Ah, 3,2 V, LiFePO4 der Klasse A prismatische Batterie Zelle \u2013 Ultrakompakte LFP L\u00f6sung f\u00fcr Solar- Speicher und EV Anwendungen"},"content":{"rendered":"<div class=\"product-description-container\">\n<p>Die <strong>REPT CB2K 60Ah LiFePO4-Batteriezelle mit 300A Entladestrom<\/strong> ist eine prismatische Energiel\u00f6sung mit hoher Energiedichte, die von REPT BATTERO f\u00fcr den Markt f\u00fcr Spitzenleistung im Jahr 2026 entwickelt wurde. Im Gegensatz zu herk\u00f6mmlichen Energiespeicherzellen wurde die CB2K-Serie speziell f\u00fcr Anwendungen mit hoher Entladungsleistung entwickelt. Diese 60-Ah-Zelle liefert eine konstante und leistungsstarke Leistung und schlie\u00dft damit die L\u00fccke zwischen kompakter mobiler Energieversorgung und den Anforderungen an Antriebssysteme in Industriequalit\u00e4t.  <\/p>\n<h3>Spitzenleistung und ultrakompaktes Design<\/h3>\n<ul class=\"product-features-list\" style=\"list-style: none; padding-left: 0;\">\n<li style=\"margin-bottom: 15px;\">\u26a1 <strong>Extreme 5C-Dauerentladung (300 A):<\/strong> Was die <strong>REPT CB2K 60Ah LiFePO4-Batteriezelle mit 300 A Entladestrom<\/strong> auszeichnet, ist ihre bemerkenswerte <strong>300 A (5C) Dauerentladungsf\u00e4higkeit<\/strong>. Dies gew\u00e4hrleistet einen Null-Spannungsabfall bei extremen Stromaufnahmen und macht sie ideal f\u00fcr Rennwagen-Audiosysteme, elektrische Antriebe mit hohem Drehmoment und Hochleistungsrobotik. <\/li>\n<li style=\"margin-bottom: 15px;\">\ud83d\udccf <strong>Ultrakompakte Raumausnutzung:<\/strong> Trotz ihrer enormen Leistungsdichte ist die Zelle mit einer Breite von <strong>148,66 mm<\/strong> und einer Gesamth\u00f6he von nur <strong>111,01 mm<\/strong> unglaublich platzsparend. Dank dieser flachen Bauweise passt sie auch in die engsten F\u00e4cher in kundenspezifischen Batteriegeh\u00e4usen und kompakten Fahrzeugchassis. <\/li>\n<li style=\"margin-bottom: 15px;\">\u2744\ufe0f <strong>Fortschrittliche Chemie mit niedrigem Innenwiderstand:<\/strong> Mit einem extrem niedrigen Innenwiderstand von <strong>\u2264 0,60 m\u03a9<\/strong>, diese Zelle arbeitet mit maximaler Energieeffizienz. Dies minimiert die W\u00e4rmeentwicklung w\u00e4hrend einer schnellen Energieabgabe, wodurch eine anhaltende Spitzenleistung sogar unter hohen thermischen Belastungen. <\/li>\n<li style=\"margin-bottom: 15px;\">\ud83c\udfd7\ufe0f <strong>Industrietaugliche Bauweise mit M6-Gewindestiften:<\/strong> Jede Zelle ist in einem robusten Aluminiumgeh\u00e4use untergebracht, das mit integrierten <strong>M6-Gewindestiften<\/strong> ausgestattet ist. Dies gew\u00e4hrleistet eine stabile Hochstromverbindung, und eine hochempfindliche explosionsgesch\u00fctzte Entl\u00fcftung sorgt f\u00fcr h\u00f6chste Zuverl\u00e4ssigkeit in anspruchsvollen Industrieumgebungen. <\/li>\n<li style=\"margin-bottom: 15px;\">\ud83c\udfc5 <strong>Von DLCPO gepr\u00fcfte Qualit\u00e4t der Klasse A:<\/strong> Jede von uns bezogene CB2K-60-Ah-Zelle ist ein frisch hergestelltes Produkt der Klasse A mit intakten Original-QR-Codes ab Werk. Wir garantieren einen perfekt abgestimmten Innenwiderstand und eine gleichbleibende Spannung, wodurch die f\u00fcr anspruchsvolle B2B-Projekte erforderliche Zuverl\u00e4ssigkeit und Sicherheit gew\u00e4hrleistet sind. <\/li>\n<\/ul>\n<\/div>\n","protected":false},"excerpt":{"rendered":"<p>Entdecken Sie die REPT CB2K 60Ah LiFePO4-Batteriezelle mit 300A-Entladestrom bei DLCPO. Sie bietet eine Dauerleistung von 5C, eine enorme Ausgangsleistung von 300A, extrem niedrigen Widerstand und ein kompaktes M6-Schraubbolzen-Design f\u00fcr den Rennsport und die Robotik. <\/p>\n","protected":false},"featured_media":2093,"template":"","meta":{"_acf_changed":false,"_joinchat":[]},"product_brand":[],"product_cat":[2334],"product_tag":[2964,2965,2353,2966,2963],"class_list":{"0":"post-8421","1":"product","2":"type-product","3":"status-publish","4":"has-post-thumbnail","6":"product_cat-rept","7":"product_tag-300-a-ableitung","8":"product_tag-5c-mit-hohem-stromverbrauch","9":"product_tag-dlcpo","10":"product_tag-rennsport-batterie-zelle","11":"product_tag-rept-cb2k-60ah","12":"pa_capacity-60ah","14":"first","15":"instock","16":"shipping-taxable","17":"product-type-simple"},"acf":[],"_links":{"self":[{"href":"https:\/\/dlcpo.com\/de\/wp-json\/wp\/v2\/product\/8421","targetHints":{"allow":["GET"]}}],"collection":[{"href":"https:\/\/dlcpo.com\/de\/wp-json\/wp\/v2\/product"}],"about":[{"href":"https:\/\/dlcpo.com\/de\/wp-json\/wp\/v2\/types\/product"}],"version-history":[{"count":0,"href":"https:\/\/dlcpo.com\/de\/wp-json\/wp\/v2\/product\/8421\/revisions"}],"wp:featuredmedia":[{"embeddable":true,"href":"https:\/\/dlcpo.com\/de\/wp-json\/wp\/v2\/media\/2093"}],"wp:attachment":[{"href":"https:\/\/dlcpo.com\/de\/wp-json\/wp\/v2\/media?parent=8421"}],"wp:term":[{"taxonomy":"product_brand","embeddable":true,"href":"https:\/\/dlcpo.com\/de\/wp-json\/wp\/v2\/product_brand?post=8421"},{"taxonomy":"product_cat","embeddable":true,"href":"https:\/\/dlcpo.com\/de\/wp-json\/wp\/v2\/product_cat?post=8421"},{"taxonomy":"product_tag","embeddable":true,"href":"https:\/\/dlcpo.com\/de\/wp-json\/wp\/v2\/product_tag?post=8421"}],"curies":[{"name":"wp","href":"https:\/\/api.w.org\/{rel}","templated":true}]}}