{"id":8419,"date":"2026-03-09T08:21:19","date_gmt":"2026-03-09T00:21:19","guid":{"rendered":"https:\/\/dlcpo.com\/rept-cb62-65ah-lifepo4-batteriezelle-2c-entladung\/"},"modified":"2026-03-09T08:21:19","modified_gmt":"2026-03-09T00:21:19","slug":"rept-cb62-65ah-lifepo4-batteriezelle-2c-entladung","status":"publish","type":"product","link":"https:\/\/dlcpo.com\/de\/rept-cb62-65ah-lifepo4-batteriezelle-2c-entladung\/","title":{"rendered":"REPT CB62 3,2 V, 65 Ah, LiFePO4-Prismenzelle der G\u00fcteklasse A \u2013 ultraschlankes Blade-Design f\u00fcr Energiespeichersysteme mit hoher Energiedichte"},"content":{"rendered":"<div class=\"product-description-container\">\n<p>Die <strong>REPT CB62-65Ah LiFePO4-Batteriezelle mit 2C-Entladung<\/strong> ist ein herausragendes Produkt auf dem Markt f\u00fcr Lithiumbatterien mittlerer Kapazit\u00e4t im Jahr 2026. Hergestellt von REPT BATTERO (Tsingshan Group), \u00fcberwindet sie den traditionellen Zielkonflikt zwischen hoher Leistungsabgabe und langer Lebensdauer. Durch den Einsatz fortschrittlicher LFP-Chemie wurde diese 65-Ah-Zelle pr\u00e4zise entwickelt, um sowohl eine hohe <strong>2C (130 A) Dauerentladung<\/strong> als auch eine beeindruckende <strong>Lebensdauer von \u00fcber 5.500 Zyklen<\/strong> zu bieten, was sie zur ersten Wahl f\u00fcr missionskritische Stromversorgungsanwendungen macht.  <\/p>\n<h3>Technische \u00dcberlegenheit: Die Balance zwischen Leistung und Langlebigkeit bei 2C<\/h3>\n<ul class=\"product-features-list\" style=\"list-style: none; padding-left: 0;\">\n<li style=\"margin-bottom: 15px;\">\u26a1 <strong>130 A Hochleistungsleistung (2C): <\/strong> Im Gegensatz zu Standard-Speicherzellen, die auf niedrigere Entladeraten beschr\u00e4nkt sind, ist die <strong>REPT CB62-65Ah LiFePO4-Batteriezelle 2C-Entladung<\/strong> f\u00fcr eine dauerhafte <strong>130A-Dauerleistung<\/strong> ausgelegt. Dadurch ist sie besonders gut geeignet f\u00fcr hohe Belastungen, wie z. B. die Beschleunigung von Elektromotoren oder Wechselrichter mit hoher Leistung, ohne dass es zu nennenswerten Spannungseinbr\u00fcchen kommt. <\/li>\n<li style=\"margin-bottom: 15px;\">\u23f3 <strong>\u00dcber 5.500 Ladezyklen \u2013 Langlebigkeit bei Tiefentladung:<\/strong> Diese Zelle wurde f\u00fcr extreme Langlebigkeit entwickelt und ist so konstruiert, dass sie bei t\u00e4glichen Ladezyklen eine Lebensdauer von \u00fcber einem Jahrzehnt erreicht. Dank ihrer fortschrittlichen inneren Struktur bietet sie im Vergleich zu herk\u00f6mmlichen Zellen f\u00fcr den Endverbraucher eine \u00fcberlegene Kapitalrendite (ROI) und gew\u00e4hrleistet so die langfristige Finanzierbarkeit Ihres Energieprojekts. <\/li>\n<li style=\"margin-bottom: 15px;\">\u2744\ufe0f <strong>Optimierte Effizienz und k\u00fchler Betrieb:<\/strong> Dank eines extrem niedrigen Innenwiderstands von <strong>\u2264 0,70 m\u03a9<\/strong> minimiert die Zelle Energieverluste in Form von W\u00e4rme. Diese effiziente Energie\u00fcbertragung sorgt daf\u00fcr, dass die Zelle auch bei Entladungen mit hohen Stromst\u00e4rken von 130 A innerhalb der sicheren Betriebstemperaturbereiche bleibt, was die Systemsicherheit direkt erh\u00f6ht. <\/li>\n<li style=\"margin-bottom: 15px;\">\ud83d\ude80 <strong>Dynamisches Ansprechverhalten f\u00fcr Antriebskraft:<\/strong> Die hohe Entladungsleistung erm\u00f6glicht eine sofortige Leistungsabgabe, wodurch sie ideal f\u00fcr elektrische Antriebsaggregate ist sowie netzunabh\u00e4ngige Solarsysteme Systeme die pl\u00f6tzlichen hohen Lastanforderungen aushalten. Seine kompakte prismatische Form Formfaktor vereinfacht die Konstruktion von Hochleistungs- Batterieb\u00e4nken. <\/li>\n<li style=\"margin-bottom: 15px;\">\ud83c\udfc5 <strong>Gepr\u00fcfte Qualit\u00e4t der Klasse A und R\u00fcckverfolgbarkeit:<\/strong> Jede \u00fcber <strong>DLCPO<\/strong> bezogene 65-Ah-Zelle ist ein frisch hergestelltes Produkt der Klasse A mit intakten Original-QR-Codes ab Werk. Wir garantieren perfekt aufeinander abgestimmte Spannungs- und Innenwiderstandswerte und bieten damit die Zuverl\u00e4ssigkeit und Sicherheit, die f\u00fcr professionelle B2B-Energieanlagen erforderlich sind. <\/li>\n<\/ul>\n<\/div>\n","protected":false},"excerpt":{"rendered":"<p>Entdecken Sie die LiFePO4-Batteriezelle REPT CB62-65Ah mit 2C-Entladung bei DLCPO. Mit einer Dauerausgangsleistung von 130 A, \u00fcber 5.500 Tiefzyklen und extrem niedrigem Widerstand \u2013 ideal f\u00fcr Elektromotoren und Wechselrichter mit hoher Leistung. <\/p>\n","protected":false},"featured_media":2097,"template":"","meta":{"_acf_changed":false,"_joinchat":[]},"product_brand":[],"product_cat":[2334],"product_tag":[2961,2960,2353,2962,2959],"class_list":{"0":"post-8419","1":"product","2":"type-product","3":"status-publish","4":"has-post-thumbnail","6":"product_cat-rept","7":"product_tag-130-a-dauerleistung","8":"product_tag-2c-entladung-lfp","9":"product_tag-dlcpo","10":"product_tag-hochleistungs-prismenzelle-zelle","11":"product_tag-rept-cb62-65ah","12":"pa_capacity-65ah","14":"first","15":"instock","16":"shipping-taxable","17":"product-type-simple"},"acf":[],"_links":{"self":[{"href":"https:\/\/dlcpo.com\/de\/wp-json\/wp\/v2\/product\/8419","targetHints":{"allow":["GET"]}}],"collection":[{"href":"https:\/\/dlcpo.com\/de\/wp-json\/wp\/v2\/product"}],"about":[{"href":"https:\/\/dlcpo.com\/de\/wp-json\/wp\/v2\/types\/product"}],"version-history":[{"count":0,"href":"https:\/\/dlcpo.com\/de\/wp-json\/wp\/v2\/product\/8419\/revisions"}],"wp:featuredmedia":[{"embeddable":true,"href":"https:\/\/dlcpo.com\/de\/wp-json\/wp\/v2\/media\/2097"}],"wp:attachment":[{"href":"https:\/\/dlcpo.com\/de\/wp-json\/wp\/v2\/media?parent=8419"}],"wp:term":[{"taxonomy":"product_brand","embeddable":true,"href":"https:\/\/dlcpo.com\/de\/wp-json\/wp\/v2\/product_brand?post=8419"},{"taxonomy":"product_cat","embeddable":true,"href":"https:\/\/dlcpo.com\/de\/wp-json\/wp\/v2\/product_cat?post=8419"},{"taxonomy":"product_tag","embeddable":true,"href":"https:\/\/dlcpo.com\/de\/wp-json\/wp\/v2\/product_tag?post=8419"}],"curies":[{"name":"wp","href":"https:\/\/api.w.org\/{rel}","templated":true}]}}