{"id":8401,"date":"2026-03-09T11:32:27","date_gmt":"2026-03-09T03:32:27","guid":{"rendered":"https:\/\/dlcpo.com\/rept-cc-0b1-54174l4-af01-205ah-lithium-eisenphosphat-batteriezelle\/"},"modified":"2026-03-09T11:32:27","modified_gmt":"2026-03-09T03:32:27","slug":"rept-cc-0b1-54174l4-af01-205ah-lithium-eisenphosphat-batteriezelle","status":"publish","type":"product","link":"https:\/\/dlcpo.com\/de\/rept-cc-0b1-54174l4-af01-205ah-lithium-eisenphosphat-batteriezelle\/","title":{"rendered":"REPT CC-0B1-54174L4-AF01-205Ah 3,2 V LiFePO4-Prismenzelle der G\u00fcteklasse A \u2013 LFP mit hoher Energiedichte f\u00fcr fortschrittliche Energiespeichersysteme"},"content":{"rendered":"<div class=\"product-description-container\">\n<p>Die <strong>REPT CC-0B1-54174L4-AF01-205Ah LiFePO4-Batteriezelle<\/strong> ist eine \u00e4u\u00dferst vielseitige Energiel\u00f6sung, die speziell f\u00fcr den Markt f\u00fcr Privathaushaltsspeicher im Jahr 2026 entwickelt wurde. Mit einer Kapazit\u00e4t von 205 Ah, die sich strategisch ideal zwischen Standardzellen mit 100 Ah und gr\u00f6\u00dferen Einheiten mit 280 Ah einordnet, bietet sie Systementwicklern eine einzigartige Balance aus hoher Energiedichte und \u00fcberschaubarem Modulgewicht f\u00fcr professionelle und DIY-Solaranwendungen. <\/p>\n<h3>Technische Leistung: Der Spezialist f\u00fcr ausgewogene Energie<\/h3>\n<ul class=\"product-features-list\" style=\"list-style: none; padding-left: 0;\">\n<li style=\"margin-bottom: 15px;\">\ud83d\udd0b <strong>Optimierte Systemkapazit\u00e4t von 10,5 kWh:<\/strong> Mit einer Nennkapazit\u00e4t von <strong>205 Ah<\/strong> liefert ein Standard-16S-Akku (48 V), der aus der <strong>REPT CC-0B1-54174L4 -AF01-205Ah LiFePO4-Batteriezelle<\/strong> liefert etwa 10,5 kWh Energie. Dies ist eine ideale Gr\u00f6\u00dfe f\u00fcr durchschnittliche Solaranlagen in Privathaushalten, da sie ausreichend Strom f\u00fcr die Nacht liefert, ohne das \u00fcberm\u00e4\u00dfige Gewicht von Akkupacks im industriellen Ma\u00dfstab mit sich zu bringen. <\/li>\n<li style=\"margin-bottom: 15px;\">\u26a1 <strong>H\u00f6chste Effizienz und extrem niedriger Widerstand:<\/strong> Mit einem Innenwiderstand von <strong>\u22640,30 m\u03a9<\/strong> arbeitet diese Zelle mit minimalem Energieverlust. Dieser niedrige Widerstand f\u00fchrt zu einer deutlich geringeren W\u00e4rmeentwicklung bei Entladungen mit 1C (205 A), wodurch in den meisten ESS-Umgebungen in Innenr\u00e4umen der Bedarf an komplexen aktiven K\u00fchlsystemen sinkt. <\/li>\n<li style=\"margin-bottom: 15px;\">\u23f3 <strong>Zuverl\u00e4ssige und langlebige Lebensdauer:<\/strong> Die REPT 205Ah-Serie wurde f\u00fcr langfristige Stabilit\u00e4t entwickelt und bietet eine nachgewiesene Zyklenlebensdauer von <strong>\u22653.000 Zyklen<\/strong>. Dies gew\u00e4hrleistet jahrelangen zuverl\u00e4ssigen t\u00e4glichen Betrieb f\u00fcr netzunabh\u00e4ngige Solaranlagen, Lastspitzenausgleich und Strategien zur Null-Einspeisung. <\/li>\n<li style=\"margin-bottom: 15px;\">\u2696\ufe0f <strong>Handliches Gewicht f\u00fcr eine reibungslose Installation:<\/strong> Der 205-Ah-Formfaktor erm\u00f6glicht die Konstruktion von Batteriemodulen, die ohne schweres Ger\u00e4t gehandhabt werden k\u00f6nnen, was ihn zur ersten Wahl f\u00fcr Systemintegratoren macht, die sich auf die Installation von Wand- oder Rack-Schr\u00e4nken in Wohngeb\u00e4uden konzentrieren.<\/li>\n<li style=\"margin-bottom: 15px;\">\ud83c\udfc5 <strong>Von DLCPO gepr\u00fcfte Qualit\u00e4t der Klasse A:<\/strong> Jede von uns bezogene 205-Ah-Zelle ist ein frisch hergestelltes Produkt der Klasse A mit intakten Original-QR-Codes ab Werk. Wir garantieren perfekt aufeinander abgestimmte Spannungs- und Innenwiderstandswerte und gew\u00e4hrleisten so die Sicherheit und Rentabilit\u00e4t Ihrer professionellen Solarinvestition. <\/li>\n<\/ul>\n<\/div>\n","protected":false},"excerpt":{"rendered":"<p>Entdecken Sie die LiFePO4-Batteriezelle REPT CC-0B1-54174L4-AF01-205Ah bei DLCPO. Mit einer Kapazit\u00e4t von 205 Ah ist sie die ideale Wahl f\u00fcr 10,5-kWh-Solarstromsysteme f\u00fcr Privathaushalte und zeichnet sich durch einen geringen Widerstand sowie mehr als 3000 Ladezyklen aus. <\/p>\n","protected":false},"featured_media":2126,"template":"","meta":{"_acf_changed":false,"_joinchat":[]},"product_brand":[],"product_cat":[2334],"product_tag":[2940,2353,2939,2941,2938],"class_list":{"0":"post-8401","1":"product","2":"type-product","3":"status-publish","4":"has-post-thumbnail","6":"product_cat-rept","7":"product_tag-48-v-solar-batterie","8":"product_tag-dlcpo","9":"product_tag-lifepo4-cell","10":"product_tag-prismatisch-batterie","11":"product_tag-rept-205ah","12":"pa_capacity-205ah","14":"first","15":"instock","16":"shipping-taxable","17":"product-type-simple"},"acf":[],"_links":{"self":[{"href":"https:\/\/dlcpo.com\/de\/wp-json\/wp\/v2\/product\/8401","targetHints":{"allow":["GET"]}}],"collection":[{"href":"https:\/\/dlcpo.com\/de\/wp-json\/wp\/v2\/product"}],"about":[{"href":"https:\/\/dlcpo.com\/de\/wp-json\/wp\/v2\/types\/product"}],"version-history":[{"count":0,"href":"https:\/\/dlcpo.com\/de\/wp-json\/wp\/v2\/product\/8401\/revisions"}],"wp:featuredmedia":[{"embeddable":true,"href":"https:\/\/dlcpo.com\/de\/wp-json\/wp\/v2\/media\/2126"}],"wp:attachment":[{"href":"https:\/\/dlcpo.com\/de\/wp-json\/wp\/v2\/media?parent=8401"}],"wp:term":[{"taxonomy":"product_brand","embeddable":true,"href":"https:\/\/dlcpo.com\/de\/wp-json\/wp\/v2\/product_brand?post=8401"},{"taxonomy":"product_cat","embeddable":true,"href":"https:\/\/dlcpo.com\/de\/wp-json\/wp\/v2\/product_cat?post=8401"},{"taxonomy":"product_tag","embeddable":true,"href":"https:\/\/dlcpo.com\/de\/wp-json\/wp\/v2\/product_tag?post=8401"}],"curies":[{"name":"wp","href":"https:\/\/api.w.org\/{rel}","templated":true}]}}