{"id":8379,"date":"2026-03-09T15:41:01","date_gmt":"2026-03-09T07:41:01","guid":{"rendered":"https:\/\/dlcpo.com\/rept-cb67-306ah-lithium-eisenphosphat-batteriezelle-8000-ladezyklen\/"},"modified":"2026-03-09T15:41:01","modified_gmt":"2026-03-09T07:41:01","slug":"rept-cb67-306ah-lithium-eisenphosphat-batteriezelle-8000-ladezyklen","status":"publish","type":"product","link":"https:\/\/dlcpo.com\/de\/rept-cb67-306ah-lithium-eisenphosphat-batteriezelle-8000-ladezyklen\/","title":{"rendered":"REPT CB67-306Ah 3,2 V LiFePO4-Prismenzelle der G\u00fcteklasse A \u2013 LFP-L\u00f6sung mit hoher Energiedichte f\u00fcr netzgebundene und gewerbliche Speicheranwendungen"},"content":{"rendered":"<div class=\"product-description-container\">\n<p>Die <strong>REPT CB67-306Ah LiFePO4-Batteriezelle mit 8000 Ladezyklen<\/strong> stellt eine strategische Weiterentwicklung der Energiedichte f\u00fcr den professionellen Markt f\u00fcr station\u00e4re Energiespeicher dar. Diese von REPT BATTERO hergestellte Zelle bietet eine enorme Kapazit\u00e4t von 306 Ah bei standardisierten Abmessungen, wodurch Systemintegratoren die Energiespeicherkapazit\u00e4t pro Quadratmeter maximieren k\u00f6nnen, ohne bestehende 280-Ah-Rack-Konstruktionen \u00e4ndern zu m\u00fcssen. Sie ist die erste Wahl f\u00fcr hochdichte BESS (Battery Energy Storage Systems), die eine schnelle Bereitstellung und langfristige Finanzierbarkeit erfordern.  <\/p>\n<h3>Technische \u00dcberlegenheit: Der 306-Ah-Speicherspezialist<\/h3>\n<ul>\n<li>\ud83d\udccf <strong>Optimierung des standardisierten Formfaktors:<\/strong> Mit einer genauen Breite von <strong>174,00 mm<\/strong> und einer Gesamth\u00f6he von <strong>207,2 mm<\/strong> passt die <strong>REPT CB67-306Ah LiFePO4-Batteriezelle 8000 Zyklen<\/strong> nahtlos in bestehende 280-Ah-basierte Batterieracks. Diese technische Meisterleistung sorgt f\u00fcr eine sofortige Kapazit\u00e4tssteigerung bei voller mechanischer Kompatibilit\u00e4t mit Standard-Sammelschienen und Geh\u00e4usen. <\/li>\n<li>\u23f3 <strong>Exceptional 8,000+ Cycle Longevity:<\/strong> Specifically designed for the 20-year operational horizon of grid-scale projects, this cell offers a verified cycle life of <strong>8,000 cycles<\/strong>. This significantly lowers the Levelized Cost of Storage (LCOS), ensuring stable and reliable performance throughout the asset&#8217;s lifetime. <\/li>\n<li>\ud83d\udee1\ufe0f <strong>Hervorragende mechanische und strukturelle Sicherheit:<\/strong> Diese Zelle wurde f\u00fcr einen strengen strukturellen Pr\u00fcfdruck von 3000 \u00b1 200 N ausgelegt und gew\u00e4hrleistet maximale Integrit\u00e4t in stark vibrierenden industriellen und maritimen GEOs. Ihr robustes prismatisches Design und ihre empfindliche explosionsgesch\u00fctzte Entl\u00fcftungsvorrichtung bieten branchenf\u00fchrenden Schutz vor thermischen Ereignissen. <\/li>\n<li>\ud83d\udca5 <strong>Entwicklung der volumetrischen Energiedichte:<\/strong> Durch die Unterbringung von 306 Ah in einem herk\u00f6mmlichen Formfaktor l\u00e4sst sich eine h\u00f6here Energiedichte in Standard-20-Fu\u00df- und 40-Fu\u00df-Containern erzielen. Dies erm\u00f6glicht es Systemintegratoren, eine gr\u00f6\u00dfere Gesamtsystemkapazit\u00e4t (bis zu 5 MWh+) auf einer kleineren Grundfl\u00e4che zu erreichen, wodurch sich die Gesamtkosten f\u00fcr die Standorterschlie\u00dfung senken lassen. <\/li>\n<li>\ud83c\udfc5 <strong>Gepr\u00fcfte Qualit\u00e4t der Klasse A und Konsistenz:<\/strong> Jede von DLCPO gelieferte Zelle ist frisch hergestellt, entspricht der Klasse A und verf\u00fcgt \u00fcber intakte Original-QR-Codes des Herstellers. Unsere strenge Konsistenzpr\u00fcfung hinsichtlich Innenwiderstand und Spannung gew\u00e4hrleistet, dass gro\u00dffl\u00e4chige modulare Arrays mit perfekter thermischer Gleichm\u00e4\u00dfigkeit und maximaler Sicherheit betrieben werden k\u00f6nnen. <\/li>\n<\/ul>\n<\/div>\n","protected":false},"excerpt":{"rendered":"<p>Entdecken Sie bei DLCPO die LiFePO4-Batteriezelle REPT CB67-306Ah mit 8.000 Ladezyklen. Eine enorme Kapazit\u00e4t von 306 Ah bei einer Standardgr\u00f6\u00dfe von 280 Ah, mit \u00fcber 8.000 Ladezyklen und einer \u00fcberragenden mechanischen Sicherheit von <span class=\"math-inline\" data-math=\"3000\\text&lt;wpml_curved wpml_value='N'&gt;&lt;\/wpml_curved&gt;\" data-index-in-node=\"193\">3000 N<\/span>. <\/p>\n","protected":false},"featured_media":2163,"template":"","meta":{"_acf_changed":false,"_joinchat":[]},"product_brand":[],"product_cat":[2334],"product_tag":[2914,2915,2353,2916,2913],"class_list":{"0":"post-8379","1":"product","2":"type-product","3":"status-publish","4":"has-post-thumbnail","6":"product_cat-rept","7":"product_tag-306ah-lfp","8":"product_tag-8000-zyklen","9":"product_tag-dlcpo","10":"product_tag-ess-batterie-zelle","11":"product_tag-rept-cb67-306ah","12":"pa_capacity-306ah","14":"first","15":"instock","16":"shipping-taxable","17":"product-type-simple"},"acf":[],"_links":{"self":[{"href":"https:\/\/dlcpo.com\/de\/wp-json\/wp\/v2\/product\/8379","targetHints":{"allow":["GET"]}}],"collection":[{"href":"https:\/\/dlcpo.com\/de\/wp-json\/wp\/v2\/product"}],"about":[{"href":"https:\/\/dlcpo.com\/de\/wp-json\/wp\/v2\/types\/product"}],"version-history":[{"count":0,"href":"https:\/\/dlcpo.com\/de\/wp-json\/wp\/v2\/product\/8379\/revisions"}],"wp:featuredmedia":[{"embeddable":true,"href":"https:\/\/dlcpo.com\/de\/wp-json\/wp\/v2\/media\/2163"}],"wp:attachment":[{"href":"https:\/\/dlcpo.com\/de\/wp-json\/wp\/v2\/media?parent=8379"}],"wp:term":[{"taxonomy":"product_brand","embeddable":true,"href":"https:\/\/dlcpo.com\/de\/wp-json\/wp\/v2\/product_brand?post=8379"},{"taxonomy":"product_cat","embeddable":true,"href":"https:\/\/dlcpo.com\/de\/wp-json\/wp\/v2\/product_cat?post=8379"},{"taxonomy":"product_tag","embeddable":true,"href":"https:\/\/dlcpo.com\/de\/wp-json\/wp\/v2\/product_tag?post=8379"}],"curies":[{"name":"wp","href":"https:\/\/api.w.org\/{rel}","templated":true}]}}