{"id":8377,"date":"2026-03-09T16:16:04","date_gmt":"2026-03-09T08:16:04","guid":{"rendered":"https:\/\/dlcpo.com\/rept-cb71-320ah-lifepo4-batteriezelle-8000-ladezyklen\/"},"modified":"2026-03-09T16:16:04","modified_gmt":"2026-03-09T08:16:04","slug":"rept-cb71-320ah-lifepo4-batteriezelle-8000-ladezyklen","status":"publish","type":"product","link":"https:\/\/dlcpo.com\/de\/rept-cb71-320ah-lifepo4-batteriezelle-8000-ladezyklen\/","title":{"rendered":"REPT CB71-320Ah 3,2 V LiFePO4-Prismenzelle der G\u00fcteklasse A \u2013 LFP-Zelle mit hoher Kapazit\u00e4t f\u00fcr Energiespeichersysteme im Gro\u00dfma\u00dfstab und f\u00fcr industrielle Anwendungen"},"content":{"rendered":"<div class=\"product-description-container\">\n<p>Die <strong>REPT CB71-320Ah LiFePO4-Batteriezelle mit 8000 Ladezyklen<\/strong> steht f\u00fcr die n\u00e4chste Generation der Energiedichte im professionellen station\u00e4ren Speichermarkt. Diese von REPT BATTERO f\u00fcr den Versorgungsstandard 2026 entwickelte Zelle bietet eine enorme Kapazit\u00e4t von 320 Ah bei standardisierten Abmessungen. Sie ist die erste Wahl f\u00fcr Systemintegratoren, die die Energiespeicherkapazit\u00e4t pro Quadratmeter in Containern im Versorgungsma\u00dfstab und in leistungsstarken industriellen Powerbanks maximieren m\u00f6chten.  <\/p>\n<h3>Technische \u00dcberlegenheit: Der neue Standard f\u00fcr Speichersysteme mit hoher Speicherdichte<\/h3>\n<ul>\n<li>\ud83d\udccf <strong>Upgrade auf standardisierten Formfaktor:<\/strong> Mit einer genauen Breite von <strong>174,00 mm<\/strong> und einer Gesamth\u00f6he von <strong>206,80 mm<\/strong> passt die <strong>REPT CB71-320Ah LiFePO4-Batteriezelle 8000 Zyklen<\/strong> nahtlos in bestehende 280Ah-basierte Batterieracks. Dies erm\u00f6glicht eine sofortige Kapazit\u00e4tssteigerung um 14 %, ohne dass strukturelle Sammelschienen oder K\u00fchlsysteme neu gestaltet werden m\u00fcssen. <\/li>\n<li>\u23f3 <strong>Extended 8,000+ Cycle Longevity:<\/strong> Specifically optimized for the long-term ROI of grid-scale projects, this cell boasts a verified cycle life of <strong>8,000 cycles<\/strong> or more. This exceptional durability ensures over 20 years of stable daily operation, significantly lowering the Levelized Cost of Storage (LCOS). <\/li>\n<li>\ud83d\udee1\ufe0f <strong>Superior Mechanical &amp; Structural Safety:<\/strong> Every cell is engineered to withstand a structural test pressure of $3000 \\pm 200\\text{N}$. This extreme rigidity ensures the cell maintains its chemical integrity in high-vibration industrial environments and demanding marine deployments. <\/li>\n<li>\ud83d\ude80 <strong>Maximizing Volumetric Efficiency:<\/strong> Transitioning to the CB71-320Ah enables integrators to reach <strong>6MWh+ energy capacity in a standard 20ft container<\/strong>. This minimizes the total land-use footprint and logistical complexity for renewable energy farms and grid-stabilization projects. <\/li>\n<li>\ud83c\udfc5 <strong>Von DLCPO gepr\u00fcfte Qualit\u00e4t der Klasse A:<\/strong> DLCPO stellt sicher, dass jede 320-Ah-Einheit frisch produziert wird und die originalen QR-Codes des Herstellers intakt sind. Dies garantiert eine perfekt abgestimmte Spannung und einen extrem niedrigen Innenwiderstand, was die maximale Systemlebensdauer und Sicherheit gew\u00e4hrleistet, die f\u00fcr anspruchsvolle Versorgungsprojekte erforderlich sind. <\/li>\n<\/ul>\n<\/div>\n","protected":false},"excerpt":{"rendered":"<p>Entdecken Sie bei DLCPO die LiFePO4-Batteriezelle REPT CB71-320Ah mit 8000 Ladezyklen. Sie bietet eine Kapazit\u00e4t von 320 Ah bei einer Standardgr\u00f6\u00dfe von 280 Ah, eine Lebensdauer von \u00fcber 8000 Ladezyklen und gepr\u00fcfte Qualit\u00e4t der Klasse A. <\/p>\n","protected":false},"featured_media":2158,"template":"","meta":{"_acf_changed":false,"_joinchat":[]},"product_brand":[],"product_cat":[2334],"product_tag":[2911,2415,2353,2912,2910],"class_list":{"0":"post-8377","1":"product","2":"type-product","3":"status-publish","4":"has-post-thumbnail","6":"product_cat-rept","7":"product_tag-320-ah-speicher-zelle","8":"product_tag-8000-zyklen-lfp","9":"product_tag-dlcpo","10":"product_tag-grosspeicheranlage","11":"product_tag-rept-cb71-320ah","12":"pa_capacity-320ah","14":"first","15":"instock","16":"shipping-taxable","17":"product-type-simple"},"acf":[],"_links":{"self":[{"href":"https:\/\/dlcpo.com\/de\/wp-json\/wp\/v2\/product\/8377","targetHints":{"allow":["GET"]}}],"collection":[{"href":"https:\/\/dlcpo.com\/de\/wp-json\/wp\/v2\/product"}],"about":[{"href":"https:\/\/dlcpo.com\/de\/wp-json\/wp\/v2\/types\/product"}],"version-history":[{"count":0,"href":"https:\/\/dlcpo.com\/de\/wp-json\/wp\/v2\/product\/8377\/revisions"}],"wp:featuredmedia":[{"embeddable":true,"href":"https:\/\/dlcpo.com\/de\/wp-json\/wp\/v2\/media\/2158"}],"wp:attachment":[{"href":"https:\/\/dlcpo.com\/de\/wp-json\/wp\/v2\/media?parent=8377"}],"wp:term":[{"taxonomy":"product_brand","embeddable":true,"href":"https:\/\/dlcpo.com\/de\/wp-json\/wp\/v2\/product_brand?post=8377"},{"taxonomy":"product_cat","embeddable":true,"href":"https:\/\/dlcpo.com\/de\/wp-json\/wp\/v2\/product_cat?post=8377"},{"taxonomy":"product_tag","embeddable":true,"href":"https:\/\/dlcpo.com\/de\/wp-json\/wp\/v2\/product_tag?post=8377"}],"curies":[{"name":"wp","href":"https:\/\/api.w.org\/{rel}","templated":true}]}}