{"id":8374,"date":"2026-03-09T16:32:24","date_gmt":"2026-03-09T08:32:24","guid":{"rendered":"https:\/\/dlcpo.com\/rept-cb58-132-5ah-lifepo4-battery-cell-2c-power\/"},"modified":"2026-03-09T16:32:24","modified_gmt":"2026-03-09T08:32:24","slug":"rept-cb58-132-5ah-lifepo4-battery-cell-2c-power","status":"publish","type":"product","link":"https:\/\/dlcpo.com\/de\/rept-cb58-132-5ah-lifepo4-battery-cell-2c-power\/","title":{"rendered":"REPT CB58-132,5 Ah 3,2 V LiFePO4-Prismenzelle der G\u00fcteklasse A \u2013 LFP mit hoher Energiedichte f\u00fcr Solarstromspeicher und kompakte Antriebsanwendungen"},"content":{"rendered":"<div class=\"product-description-container\">\n<p>Die <strong>REPT CB58-132,5Ah LiFePO4-Batteriezelle 2C Power<\/strong> ist eine spezialisierte Hochleistungs-Energiel\u00f6sung, die von REPT BATTERO pr\u00e4zise entwickelt wurde. Diese f\u00fcr den professionellen Markt von 2026 entwickelte 132,5-Ah-Zelle nutzt einen einzigartigen breiten und flachen Formfaktor, um ein au\u00dfergew\u00f6hnliches Energie-Volumen-Verh\u00e4ltnis zu erzielen. Sie ist die erste Wahl f\u00fcr Systemintegratoren, die ultraschlanke Energiespeicherw\u00e4nde, kompakte Elektroantriebe und robuste industrielle Notstromaggregate bauen, bei denen der vertikale Platz ein entscheidender Faktor ist.  <\/p>\n<h3>Technical Superiority: The Specialist for Compact High-Density Storage<\/h3>\n<ul>\n<li>\ud83d\udccf <strong>Flache Bauweise (115,0 mm):<\/strong> Mit einer H\u00f6he von nur <strong>115,0 mm<\/strong> und einer gro\u00dfz\u00fcgigen <strong>Breite von 220,3 mm<\/strong>, wurde die <strong>REPT CB58-132,5Ah LiFePO4-Batteriezelle 2C Power<\/strong> speziell f\u00fcr schlanke Batteriegeh\u00e4use entwickelt. Diese spezielle Geometrie erm\u00f6glicht eine hochdichte Integration in Umgebungen, in denen der vertikale Freiraum extrem begrenzt ist. <\/li>\n<li>\u26a1 <strong>Dauerhafte 2C-Stromabgabe:<\/strong> Diese Zelle wurde nicht nur f\u00fcr die station\u00e4re Speicherung entwickelt, sondern unterst\u00fctzt auch eine konstante <strong>2C-Entladerate<\/strong>. Dies gew\u00e4hrleistet eine zuverl\u00e4ssige Stromversorgung f\u00fcr den Start unter hoher Last oder f\u00fcr reaktionsschnelle industrielle Notstromversorgungen und liefert den konstanten Strom, den moderne Antriebs- und gewerbliche Systeme ben\u00f6tigen. <\/li>\n<li>\ud83e\udc62 <strong>Verbessertes Sicherheitsprofil f\u00fcr den industriellen Einsatz:<\/strong> Mit ihrer robusten, prismatischen Aluminiumkonstruktion und einer hochempfindlichen, explosionsgesch\u00fctzten Entl\u00fcftungs\u00f6ffnung bietet diese Zelle zus\u00e4tzlichen Schutz in Umgebungen mit starken Vibrationen. Sie ist so konstruiert, dass sie ihre strukturelle Integrit\u00e4t \u00fcber ihre gesamte Lebensdauer hinweg in anspruchsvollen industriellen Umgebungen beibeh\u00e4lt. <\/li>\n<li>\ud83c\udc26 <strong>Optimierte volumetrische Energieeffizienz:<\/strong> Die \u201eflache\u201c Bauweise der CB58-132,5Ah erm\u00f6glicht ein effizienteres W\u00e4rmemanagement und eine kompaktere Integration in das Batteriepaket. Dies hilft Ingenieuren dabei, die Kapazit\u00e4t auf Systemebene bei einer im Vergleich zu Standard-VDA- oder hohen prismatischen Zellen geringeren Gesamtgrundfl\u00e4che zu maximieren. <\/li>\n<li>\ud83c\udfc5 <strong>Von DLCPO gepr\u00fcfte Qualit\u00e4t der Klasse A:<\/strong> Jede von uns bezogene 132,5-Ah-Zelle ist fabrikneu und verf\u00fcgt \u00fcber intakte Original-QR-Codes. Wir garantieren eine konstante Spannung, einen niedrigen Innenwiderstand und eine l\u00fcckenlos nachvollziehbare Historie, wodurch die langfristige Rentabilit\u00e4t Ihrer Investition in Energiespeicher gesichert ist. <\/li>\n<\/ul>\n<\/div>\n","protected":false},"excerpt":{"rendered":"<p>Entdecken Sie die LiFePO4-Batteriezelle REPT CB58-132,5 Ah mit 2C-Entladeleistung bei DLCPO. Mit einem einzigartigen, flachen 115-mm-Design, originalen QR-Codes und einer 2C-Entladeleistung f\u00fcr industrielle Notstromversorgungen und kompakte Energiespeichersysteme (ESS). <\/p>\n","protected":false},"featured_media":2171,"template":"","meta":{"_acf_changed":false,"_joinchat":[]},"product_brand":[],"product_cat":[2334],"product_tag":[2907,2353,2908,2909,2906],"class_list":{"0":"post-8374","1":"product","2":"type-product","3":"status-publish","4":"has-post-thumbnail","6":"product_cat-rept","7":"product_tag-2c-power-lifepo4","8":"product_tag-dlcpo","9":"product_tag-kompakte-prismatische-zelle","10":"product_tag-rept-battero","11":"product_tag-rept-cb58-1325-ah","12":"pa_capacity-132-5ah","14":"first","15":"instock","16":"shipping-taxable","17":"product-type-simple"},"acf":[],"_links":{"self":[{"href":"https:\/\/dlcpo.com\/de\/wp-json\/wp\/v2\/product\/8374","targetHints":{"allow":["GET"]}}],"collection":[{"href":"https:\/\/dlcpo.com\/de\/wp-json\/wp\/v2\/product"}],"about":[{"href":"https:\/\/dlcpo.com\/de\/wp-json\/wp\/v2\/types\/product"}],"version-history":[{"count":0,"href":"https:\/\/dlcpo.com\/de\/wp-json\/wp\/v2\/product\/8374\/revisions"}],"wp:featuredmedia":[{"embeddable":true,"href":"https:\/\/dlcpo.com\/de\/wp-json\/wp\/v2\/media\/2171"}],"wp:attachment":[{"href":"https:\/\/dlcpo.com\/de\/wp-json\/wp\/v2\/media?parent=8374"}],"wp:term":[{"taxonomy":"product_brand","embeddable":true,"href":"https:\/\/dlcpo.com\/de\/wp-json\/wp\/v2\/product_brand?post=8374"},{"taxonomy":"product_cat","embeddable":true,"href":"https:\/\/dlcpo.com\/de\/wp-json\/wp\/v2\/product_cat?post=8374"},{"taxonomy":"product_tag","embeddable":true,"href":"https:\/\/dlcpo.com\/de\/wp-json\/wp\/v2\/product_tag?post=8374"}],"curies":[{"name":"wp","href":"https:\/\/api.w.org\/{rel}","templated":true}]}}