{"id":8347,"date":"2026-03-10T07:09:22","date_gmt":"2026-03-09T23:09:22","guid":{"rendered":"https:\/\/dlcpo.com\/svolt-l600-162ah-3c-schnelllade-blade-batterie-190wh-kg-14\/"},"modified":"2026-03-10T07:09:22","modified_gmt":"2026-03-09T23:09:22","slug":"svolt-l600-162ah-3c-schnelllade-blade-batterie-190wh-kg-14","status":"publish","type":"product","link":"https:\/\/dlcpo.com\/de\/svolt-l600-162ah-3c-schnelllade-blade-batterie-190wh-kg-14\/","title":{"rendered":"SVOLT L600-162Ah 3,2 V 162 Ah LiFePO4-Blade-Batteriezelle der Klasse A \u2013 ultraschlanke, gestapelte LFP-Zelle f\u00fcr EV-Fahrgestelle und Energiespeicher mit hoher Energiedichte"},"content":{"rendered":"<div class=\"product-description-container\">\n<p>Die <strong>SVOLT L600-162Ah 3C-Schnelllade-Blade-Batterie mit 190 Wh\/kg<\/strong> stellt auf dem Energiemarkt des Jahres 2026 den Gipfel der Effizienz bei Blade-Batterien dar. Diese von SVOLT Energy unter Verwendung einer propriet\u00e4ren Hochgeschwindigkeits-Stacking-Technologie hergestellte 162-Ah-LiFePO4-Zelle setzt neue Ma\u00dfst\u00e4be hinsichtlich der Energiedichte bei kobaltfreien Chemien. Ihre einzigartige, l\u00e4ngliche \u201eLong Blade\u201c-Architektur erm\u00f6glicht es Systemintegratoren, sperrige Module zu vermeiden und so eine h\u00f6here Energiedichte auf Systemebene sowie eine \u00fcberlegene mechanische Integrit\u00e4t f\u00fcr Energieanwendungen der n\u00e4chsten Generation zu erzielen.  <\/p>\n<h3>Core Technical Highlights: The High-Efficiency Blade Standard<\/h3>\n<ul>\n<li>\ud83d\udccf <strong>Ultraflaches 18,2-mm-Profil:<\/strong> Das bemerkenswert schlanke Design des <strong>SVOLT L600-162Ah 3C Fast Charge Blade Battery 190Wh\/kg<\/strong> erm\u00f6glicht den Bau extrem kompakter Batteriepakete. Dieses Profil eignet sich perfekt f\u00fcr den Einbau in Elektrofahrzeuge unter dem Fahrgestell, f\u00fcr Sportwagen mit geringer Bodenfreiheit sowie f\u00fcr elegante, platzsparende Energiespeicher an der Wand. <\/li>\n<li>\u26a1 <strong>Erweiterte 3C-Schnellladefunktion:<\/strong> Diese Zelle wurde f\u00fcr eine schnelle Energieauff\u00fcllung entwickelt und unterst\u00fctzt eine <strong>3C-Laderate<\/strong>, wodurch Ausfallzeiten deutlich reduziert werden. F\u00fcr spezielle 800-V-Hochspannungsplattformen bietet DLCPO zus\u00e4tzliche Anpassungsm\u00f6glichkeiten f\u00fcr Spitzenleistungsspitzen, die den aggressiven Leistungskurven moderner elektrischer Antriebsstr\u00e4nge entsprechen. <\/li>\n<li>\ud83d\ude80 <strong>Marktf\u00fchrende Energiedichte von 190 Wh\/kg:<\/strong> Durch den Einsatz fortschrittlicher Stapeltechnik anstelle herk\u00f6mmlicher Wicklungstechnik erreicht die L600-162Ah beeindruckende <strong>190 Wh\/kg<\/strong>. Dadurch k\u00f6nnen Ingenieure aus jedem Kilogramm mehr Reichweite und Kapazit\u00e4t herausholen, was sich direkt positiv auf die Fahrzeugeffizienz und die Nutzlastkapazit\u00e4t auswirkt. <\/li>\n<li>\ud83d\udee1\ufe0f <strong>Hervorragende thermische Sicherheit und Stapelarchitektur:<\/strong> Die gro\u00dfe Oberfl\u00e4che der <strong>574 mm langen<\/strong> Zellen verbessert die W\u00e4rmeableitung erheblich. Der Hochgeschwindigkeits-Stapelprozess minimiert interne Spannungen und W\u00e4rmeentwicklung im Vergleich zu gewickelten Zellen, was zu einer au\u00dfergew\u00f6hnlichen Lebensdauer und erh\u00f6hter Sicherheit selbst unter hoher Belastung in Gro\u00dfanlagen f\u00fchrt. <\/li>\n<li>\ud83c\udfc6 <strong>Gepr\u00fcfte Qualit\u00e4t der Klasse A und R\u00fcckverfolgbarkeit:<\/strong> Jede von DLCPO gelieferte 162-Ah-Zelle ist fabrikneu und verf\u00fcgt \u00fcber intakte Original-QR-Codes. Wir garantieren, dass die Zellen keinerlei chemische Alterung aufweisen und eine l\u00fcckenlos r\u00fcckverfolgbare Historie besitzen \u2013 damit bieten wir die Zuverl\u00e4ssigkeit, die f\u00fcr anspruchsvolle professionelle B2B-Energieprojekte erforderlich ist. <\/li>\n<\/ul>\n<\/div>\n","protected":false},"excerpt":{"rendered":"<p>Entdecken Sie bei DLCPO die SVOLT L600-162Ah 3C-Schnelllade-Blade-Batterie mit 190 Wh\/kg. Sie zeichnet sich durch ein ultraschlankes 18,2-mm-Profil, eine Technologie f\u00fcr schnelles Stapeln und 3C-Schnellladung aus \u2013 ideal f\u00fcr hochwertige Elektrofahrzeuge und Energiespeichersysteme. <\/p>\n","protected":false},"featured_media":2210,"template":"","meta":{"_acf_changed":false,"_joinchat":[]},"product_brand":[],"product_cat":[2335],"product_tag":[2895,2893,2896,2353,2894],"class_list":{"0":"post-8347","1":"product","2":"type-product","3":"status-publish","4":"has-post-thumbnail","6":"product_cat-svolt","7":"product_tag-190wh-kg-lfp","8":"product_tag-3c-fast-charge","9":"product_tag-blade-batteriezelle","10":"product_tag-dlcpo","11":"product_tag-svolt-l600-162ah","12":"pa_capacity-162ah","14":"first","15":"instock","16":"shipping-taxable","17":"product-type-simple"},"acf":[],"_links":{"self":[{"href":"https:\/\/dlcpo.com\/de\/wp-json\/wp\/v2\/product\/8347","targetHints":{"allow":["GET"]}}],"collection":[{"href":"https:\/\/dlcpo.com\/de\/wp-json\/wp\/v2\/product"}],"about":[{"href":"https:\/\/dlcpo.com\/de\/wp-json\/wp\/v2\/types\/product"}],"version-history":[{"count":0,"href":"https:\/\/dlcpo.com\/de\/wp-json\/wp\/v2\/product\/8347\/revisions"}],"wp:featuredmedia":[{"embeddable":true,"href":"https:\/\/dlcpo.com\/de\/wp-json\/wp\/v2\/media\/2210"}],"wp:attachment":[{"href":"https:\/\/dlcpo.com\/de\/wp-json\/wp\/v2\/media?parent=8347"}],"wp:term":[{"taxonomy":"product_brand","embeddable":true,"href":"https:\/\/dlcpo.com\/de\/wp-json\/wp\/v2\/product_brand?post=8347"},{"taxonomy":"product_cat","embeddable":true,"href":"https:\/\/dlcpo.com\/de\/wp-json\/wp\/v2\/product_cat?post=8347"},{"taxonomy":"product_tag","embeddable":true,"href":"https:\/\/dlcpo.com\/de\/wp-json\/wp\/v2\/product_tag?post=8347"}],"curies":[{"name":"wp","href":"https:\/\/api.w.org\/{rel}","templated":true}]}}