{"id":8345,"date":"2026-03-10T07:45:40","date_gmt":"2026-03-09T23:45:40","guid":{"rendered":"https:\/\/dlcpo.com\/svolt-l600-145ah-4c-flash-charge-blade-battery\/"},"modified":"2026-03-10T07:45:40","modified_gmt":"2026-03-09T23:45:40","slug":"svolt-l600-145ah-4c-flash-charge-blade-battery","status":"publish","type":"product","link":"https:\/\/dlcpo.com\/de\/svolt-l600-145ah-4c-flash-charge-blade-battery\/","title":{"rendered":"SVOLT L600-145Ah 3,2 V 145 Ah LiFePO4-Blade-Batteriezelle der Klasse A \u2013 ultraschlanke, 16,4 mm dicke gestapelte LFP-Zelle f\u00fcr EV- und ESS-Systeme mit hoher Energiedichte"},"content":{"rendered":"<div class=\"product-description-container\">\n<p>Die <strong>SVOLT L600-145Ah 4C Flash Charge Blade-Batterie<\/strong> steht im Jahr 2026 f\u00fcr den absoluten Stand der Technik im Bereich der Lithium-Eisenphosphat-Technologie. Diese speziell f\u00fcr \u201eFlash Charge\u201c entwickelte Zelle wurde entwickelt, um die gr\u00f6\u00dfte H\u00fcrde der Elektromobilit\u00e4t zu beseitigen: die Ladezeit. Mit ihrer bahnbrechenden 4C-Ladef\u00e4higkeit und der charakteristischen Blade-Architektur setzt sie neue Ma\u00dfst\u00e4be hinsichtlich Effizienz und Leistung f\u00fcr moderne LFP-basierte Fahrzeugplattformen.  <\/p>\n<h3>Technische \u00dcberlegenheit: Die Geschwindigkeit von Lithium<\/h3>\n<ul>\n<li>\ud83d\ude80 <strong>Bahnbrechende 10-Minuten-Ladefunktion:<\/strong> Dies ist das herausragende Merkmal der <strong>SVOLT L600-145Ah 4C Flash Charge Blade-Batterie<\/strong>. Die Zelle l\u00e4sst sich in nur 10 Minuten von <strong>10 % auf 80 % Ladezustand (SOC) aufladen<\/strong>. Diese revolution\u00e4re Geschwindigkeit erm\u00f6glicht es Fahrern, w\u00e4hrend einer kurzen Pause den Akku deutlich aufzuladen, wodurch Langstreckenfahrten mit Elektrofahrzeugen nahtlos und sorgenfrei werden.  <\/li>\n<li>\ud83d\udcca <strong>Au\u00dfergew\u00f6hnliche Energiedichte (&gt;183 Wh\/kg):<\/strong> Normalerweise geht eine extrem hohe Leistung mit Einbu\u00dfen bei der Kapazit\u00e4t einher. Nicht hier. SVOLT hat eine beeindruckende Energiedichte von <strong>&gt;183 Wh\/kg<\/strong> beibehalten und stellt so sicher, dass Hochleistungsfahrzeuge trotz ihrer enormen Leistungsf\u00e4higkeit leicht und effizient bleiben.  <\/li>\n<li>\ud83d\udccf <strong>16,4 mm ultrad\u00fcnnes Thermodesign:<\/strong> Mit einer Dicke von <strong>nur 16,4 mm ist<\/strong>, ist diese Zelle d\u00fcnner als die Standard- 162-Ah-Versionen. Diese reduzierte Dicke minimiert den thermischen W\u00e4rmefluss erheblich, wodurch W\u00e4rme schnell abflie\u00dfen kann w\u00e4hrend Hochstrom-4C-Ladevorg\u00e4ngen \u2014ein entscheidendes Sicherheitsmerkmal das langfristige elektrochemische Stabilit\u00e4t gew\u00e4hrleistet. <\/li>\n<li>\ud83d\udd0c <strong>800-V-Supercharge-Kompatibilit\u00e4t:<\/strong> Die 145-Ah-4C-Zelle ist f\u00fcr die Hochspannungsarchitekturen der n\u00e4chsten Generation mit 800 V optimiert und gew\u00e4hrleistet einen minimalen Spannungsabfall sowie h\u00f6chste Effizienz. Sie ist die erste Wahl f\u00fcr Premium-Pkw und Nutzfahrzeuge mit hoher Belastung, die eine schnelle Energieauff\u00fcllung erfordern. <\/li>\n<li>\ud83c\udfc6 <strong>Konsistenz der Klasse A von DLCPO:<\/strong> Jede \u00fcber DLCPO bezogene Zelle ist fabrikneu und mit originalen QR-Codes versehen. Unsere auf Automobilstandard abgestimmte Konsistenz beim Innenwiderstand sorgt daf\u00fcr, dass Ihre modularen Akkupacks auch nach Tausenden von ultraschnellen Ladezyklen ausgewogen, zuverl\u00e4ssig und sicher bleiben. <\/li>\n<\/ul>\n<\/div>\n","protected":false},"excerpt":{"rendered":"<p>Kaufen Sie die SVOLT L600-145Ah 4C Flash Charge Blade-Batterie bei DLCPO. Sie bietet 10-Minuten-Schnellladung (10 %\u201380 % Ladezustand), eine Energiedichte von 183 Wh\/kg und ein ultrad\u00fcnnes, 16,4 mm starkes thermisches Design. <\/p>\n","protected":false},"featured_media":2212,"template":"","meta":{"_acf_changed":false,"_joinchat":[]},"product_brand":[],"product_cat":[2335],"product_tag":[2891,2890,2353,2892,2889],"class_list":{"0":"post-8345","1":"product","2":"type-product","3":"status-publish","4":"has-post-thumbnail","6":"product_cat-svolt","7":"product_tag-10-minutiges-aufladen","8":"product_tag-4c-schnellladung","9":"product_tag-dlcpo","10":"product_tag-schnellladung-blade-cell","11":"product_tag-svolt-l600-145ah","12":"pa_capacity-145ah","14":"first","15":"instock","16":"shipping-taxable","17":"product-type-simple"},"acf":[],"_links":{"self":[{"href":"https:\/\/dlcpo.com\/de\/wp-json\/wp\/v2\/product\/8345","targetHints":{"allow":["GET"]}}],"collection":[{"href":"https:\/\/dlcpo.com\/de\/wp-json\/wp\/v2\/product"}],"about":[{"href":"https:\/\/dlcpo.com\/de\/wp-json\/wp\/v2\/types\/product"}],"version-history":[{"count":0,"href":"https:\/\/dlcpo.com\/de\/wp-json\/wp\/v2\/product\/8345\/revisions"}],"wp:featuredmedia":[{"embeddable":true,"href":"https:\/\/dlcpo.com\/de\/wp-json\/wp\/v2\/media\/2212"}],"wp:attachment":[{"href":"https:\/\/dlcpo.com\/de\/wp-json\/wp\/v2\/media?parent=8345"}],"wp:term":[{"taxonomy":"product_brand","embeddable":true,"href":"https:\/\/dlcpo.com\/de\/wp-json\/wp\/v2\/product_brand?post=8345"},{"taxonomy":"product_cat","embeddable":true,"href":"https:\/\/dlcpo.com\/de\/wp-json\/wp\/v2\/product_cat?post=8345"},{"taxonomy":"product_tag","embeddable":true,"href":"https:\/\/dlcpo.com\/de\/wp-json\/wp\/v2\/product_tag?post=8345"}],"curies":[{"name":"wp","href":"https:\/\/api.w.org\/{rel}","templated":true}]}}