{"id":8332,"date":"2026-03-10T09:22:18","date_gmt":"2026-03-10T01:22:18","guid":{"rendered":"https:\/\/dlcpo.com\/svolt-vda-137ah-ncm-battery-cell-255wh-kg\/"},"modified":"2026-03-10T09:22:18","modified_gmt":"2026-03-10T01:22:18","slug":"svolt-vda-137ah-ncm-battery-cell-255wh-kg","status":"publish","type":"product","link":"https:\/\/dlcpo.com\/de\/svolt-vda-137ah-ncm-battery-cell-255wh-kg\/","title":{"rendered":"SVOLT VDA-137Ah 3,7 V prismatische NCM-Batteriezelle mit hoher Energiedichte \u2013 Automobilstandard der Klasse A f\u00fcr Hochleistungs-Elektrofahrzeuge und Drohnen"},"content":{"rendered":"<div class=\"product-description-container\">\n<p>Die <strong>SVOLT VDA-137Ah NCM-Batteriezelle mit 255 Wh\/kg<\/strong> zeichnet sich als erstklassige L\u00f6sung mit hoher Energiedichte auf dem Tier-1-Lithiummarkt des Jahres 2026 aus. Diese von SVOLT unter Verwendung fortschrittlicher tern\u00e4rer Nickel-Kobalt-Mangan (NCM)-Chemie entwickelte, leistungsstarke prismatische Zelle arbeitet mit einer h\u00f6heren Nennspannung von <strong>3,7 V<\/strong>. Sie ist die bevorzugte Wahl f\u00fcr Premium-Elektrofahrzeugplattformen (EV) und den Nahverkehr mit hoher Auslastung, wo Gewichtsminimierung und Reichweitenmaximierung gesch\u00e4ftskritische Anforderungen sind.  <\/p>\n<h3>Technische \u00dcberlegenheit: Der K\u00f6nig der Volumendichte<\/h3>\n<ul>\n<li>\ud83d\ude80 <strong>\u00dcberragende Energiedichte (255 Wh\/kg):<\/strong> Die <strong>SVOLT VDA-137Ah NCM-Batteriezelle mit 255 Wh\/kg<\/strong> speichert fast 50 % mehr Energie pro Kilogramm als herk\u00f6mmliche LFP-Zellen. Dies erm\u00f6glicht es Ingenieuren, deutlich leichtere Batteriepacks zu bauen, was sowohl die Reichweite als auch die Nutzlastkapazit\u00e4t bei High-End-Automobilprojekten direkt verbessert. <\/li>\n<li>\u26a1 <strong>V\u00f6llig neuer 3C-Standard und 5C-Sonderleistung:<\/strong> Die SVOLT-NCM-Reihe 2026 wurde verbessert und unterst\u00fctzt nun eine <strong>3C-Dauerentladerate<\/strong>. F\u00fcr 800-V-Supercharge-Architekturen und Rennanwendungen bietet DLCPO professionelle Anpassungen f\u00fcr <strong>4C- und 5C-Spitzenlasten<\/strong> und sorgt so f\u00fcr ein enormes Drehmoment und eine schnelle Energier\u00fcckgewinnung. <\/li>\n<li>\ud83c\udffd <strong>Standard-VDA-Industrieformat (52 x 148 x 112 mm):<\/strong> Diese 137-Ah-Zelle wurde gem\u00e4\u00df den VDA-Standardabmessungen der deutschen Automobilindustrie konstruiert und gew\u00e4hrleistet somit nahtlose Kompatibilit\u00e4t mit einer Vielzahl bestehender EV-Module und fl\u00fcssigkeitsgek\u00fchlter W\u00e4rmemanagementsysteme, was die komplexe Systemintegration vereinfacht.<\/li>\n<li>\u2744\ufe0f <strong>Hervorragende Leistung bei kalten Temperaturen:<\/strong> Die NCM-Chemie bietet im Vergleich zu LFP von Natur aus eine \u00fcberlegene Lade- und Entladestabilit\u00e4t bei niedrigen Temperaturen. Diese Zelle gew\u00e4hrleistet eine zuverl\u00e4ssige Leistungsabgabe und Reichweitenbest\u00e4ndigkeit selbst unter rauen Bedingungen bei Minustemperaturen und eignet sich daher ideal f\u00fcr den Einsatz in hohen Breitengraden. <\/li>\n<li>\ud83d\udfcf\ufffd <strong>Hohe Spannungseffizienz (2,5 V \u2013 4,4 V):<\/strong> Dank ihres robusten Betriebsspannungsbereichs liefern diese NCM-Zellen unter Last eine h\u00f6here Durchschnittsspannung. Dies f\u00fchrt zu einer effizienteren Energie\u00fcbertragung an die Motoren, was eine gleichbleibend hohe Fahrdynamik und geringere Energieverluste gew\u00e4hrleistet. <\/li>\n<\/ul>\n<\/div>\n","protected":false},"excerpt":{"rendered":"<p>Kaufen Sie die SVOLT VDA-137Ah NCM-Batteriezelle mit 255 Wh\/kg bei DLCPO. Eine tern\u00e4re Zelle mit hoher Energiedichte (3,7 V), verbessertem 3C-Leistungsstandard und kundenspezifischen 5C-Optionen f\u00fcr eine erstklassige Reichweitenverl\u00e4ngerung bei Elektrofahrzeugen. <\/p>\n","protected":false},"featured_media":2232,"template":"","meta":{"_acf_changed":false,"_joinchat":[]},"product_brand":[],"product_cat":[2335],"product_tag":[2875,2876,2353,2874,2877],"class_list":{"0":"post-8332","1":"product","2":"type-product","3":"status-publish","4":"has-post-thumbnail","6":"product_cat-svolt","7":"product_tag-255wh-kg-ncm","8":"product_tag-3c-power-zelle","9":"product_tag-dlcpo","10":"product_tag-svolt-vda-137ah","11":"product_tag-vda-standard-battery","12":"pa_capacity-137ah","14":"first","15":"instock","16":"shipping-taxable","17":"product-type-simple"},"acf":[],"_links":{"self":[{"href":"https:\/\/dlcpo.com\/de\/wp-json\/wp\/v2\/product\/8332","targetHints":{"allow":["GET"]}}],"collection":[{"href":"https:\/\/dlcpo.com\/de\/wp-json\/wp\/v2\/product"}],"about":[{"href":"https:\/\/dlcpo.com\/de\/wp-json\/wp\/v2\/types\/product"}],"version-history":[{"count":0,"href":"https:\/\/dlcpo.com\/de\/wp-json\/wp\/v2\/product\/8332\/revisions"}],"wp:featuredmedia":[{"embeddable":true,"href":"https:\/\/dlcpo.com\/de\/wp-json\/wp\/v2\/media\/2232"}],"wp:attachment":[{"href":"https:\/\/dlcpo.com\/de\/wp-json\/wp\/v2\/media?parent=8332"}],"wp:term":[{"taxonomy":"product_brand","embeddable":true,"href":"https:\/\/dlcpo.com\/de\/wp-json\/wp\/v2\/product_brand?post=8332"},{"taxonomy":"product_cat","embeddable":true,"href":"https:\/\/dlcpo.com\/de\/wp-json\/wp\/v2\/product_cat?post=8332"},{"taxonomy":"product_tag","embeddable":true,"href":"https:\/\/dlcpo.com\/de\/wp-json\/wp\/v2\/product_tag?post=8332"}],"curies":[{"name":"wp","href":"https:\/\/api.w.org\/{rel}","templated":true}]}}