{"id":8321,"date":"2026-03-10T12:05:21","date_gmt":"2026-03-10T04:05:21","guid":{"rendered":"https:\/\/dlcpo.com\/svolt-l500-325ah-lifepo4-batteriezelle-2-2c-leistung\/"},"modified":"2026-03-10T12:05:21","modified_gmt":"2026-03-10T04:05:21","slug":"svolt-l500-325ah-lifepo4-batteriezelle-2-2c-leistung","status":"publish","type":"product","link":"https:\/\/dlcpo.com\/de\/svolt-l500-325ah-lifepo4-batteriezelle-2-2c-leistung\/","title":{"rendered":"SVOLT L500-325Ah 3,2 V 325 Ah LiFePO4-Blade-Batteriezelle der Klasse A mit hoher Leistung \u2013 | 3C-Hochleistungsausf\u00fchrung f\u00fcr die Beschleunigung von Elektrofahrzeugen und industrielle Antriebsanwendungen"},"content":{"rendered":"<div class=\"product-description-container\">\n<p>Die <strong>SVOLT L500-325Ah LiFePO4-Batteriezelle mit 2,2C-Entladestrom<\/strong> ist ein technologisches Meisterwerk, das speziell f\u00fcr das Hochleistungssegment des Energiemarktes von 2026 entwickelt wurde. Obwohl sie denselben physikalischen Formfaktor (<strong>26 x 500 x 215 mm<\/strong>) wie Standard-Speicherzellen aufweist, verf\u00fcgt sie \u00fcber eine v\u00f6llig andere interne Architektur. Diese von SVOLT unter Verwendung fortschrittlicher Hochgeschwindigkeits-Stacking-Technologie hergestellte Zelle ist f\u00fcr hohe Stromabgabe und geringeren W\u00e4rmewiderstand optimiert, was sie zur ersten Wahl f\u00fcr Traktions- und Schwerlastantriebe macht.  <\/p>\n<h3>Die wichtigsten Leistungsvorteile: Leistung trifft auf enorme Kapazit\u00e4t<\/h3>\n<ul>\n<li>\u26a1 <strong>V\u00f6llig neuer 3C-Standard &amp; 5C-Anpassung:<\/strong> Die <strong>SVOLT L500-325Ah LiFePO4-Batteriezelle mit 2,2C-Leistung<\/strong> unterst\u00fctzt nun eine konstante <strong>3C (975A) Dauerentladung<\/strong>. F\u00fcr den speziellen Rennsport oder industrielle Schwerlastanwendungen bietet DLCPO ma\u00dfgeschneiderte 4C- und 5C-Optionen (1625 A) f\u00fcr Spitzenlasten an, um maximales Drehmoment ohne Spannungseinbruch zu gew\u00e4hrleisten. <\/li>\n<li>\u26a1 <strong>Leistungsorientierte Architektur (im Vergleich zu Speicher):<\/strong> Im Gegensatz zur 350-Ah-Speicherversion, die f\u00fcr eine langsame Entladung mit 0,5 C ausgelegt ist, wurde die 325-Ah-Leistungszelle f\u00fcr den Sprint entwickelt. Diese interne Optimierung erm\u00f6glicht die enormen Stromspitzen, die f\u00fcr die schnelle Beschleunigung von Elektrofahrzeugen und anspruchsvolle industrielle Leistungszyklen erforderlich sind. <\/li>\n<li>\u26a1 <strong>Rekordtiefer Innenwiderstand (\u2264 0,20 m\u03a9):<\/strong> Um extreme Stromdurchs\u00e4tze ohne \u00dcberhitzung bew\u00e4ltigen zu k\u00f6nnen, verf\u00fcgt diese Zelle \u00fcber einen rekordtiefen Innenwiderstand von <strong>\u2264 0,20 m\u03a9<\/strong>. Diese Pr\u00e4zisionstechnik minimiert die W\u00e4rmeentwicklung bei schnellem 800-V-Laden und hohen Entladungsimpulsen und verl\u00e4ngert so die Lebensdauer des Akkupacks. <\/li>\n<li>\u26a1 <strong>\u00dcber 6.500 Hochleistungszyklen:<\/strong> Die Optimierung auf hohe Leistung geht mit einem ausgewogenen Kompromiss einher. Die 325-Ah-Zelle bietet beachtliche <strong>\u00fcber 6.500 Zyklen<\/strong> bei hohen Entladestr\u00f6men, was f\u00fcr den Einsatz in Antriebssystemen und Elektrofahrzeugen au\u00dfergew\u00f6hnlich ist und eine zuverl\u00e4ssige Leistung \u00fcber mehr als ein Jahrzehnt im Schwerlastbetrieb gew\u00e4hrleistet. <\/li>\n<li>\u26a1 <strong>Industrielle Konsistenz der Stufe 1:<\/strong> Jede \u00fcber DLCPO bezogene 325-Ah-Zelle entspricht der G\u00fcteklasse A und profitiert von den erstklassigen automatisierten Fertigungslinien von SVOLT. Dies gew\u00e4hrleistet eine erstklassige Abstimmung von Spannung und Kapazit\u00e4t \u2013 eine entscheidende Voraussetzung f\u00fcr die Aufrechterhaltung des Zellgleichgewichts in Traktionsbatterie-Str\u00e4ngen mit einer Leistung von mehreren Megawatt. <\/li>\n<\/ul>\n<\/div>\n","protected":false},"excerpt":{"rendered":"<p>Entdecken Sie die SVOLT L500-325Ah LiFePO4-Batteriezelle mit 2,2C-Leistung bei DLCPO. Verbessert auf 3C Dauerentladung, extrem niedrige Impedanz und \u00fcber 6.500 Ladezyklen f\u00fcr leistungsstarke Elektrofahrzeug-Antriebe. <\/p>\n","protected":false},"featured_media":2251,"template":"","meta":{"_acf_changed":false,"_joinchat":[]},"product_brand":[],"product_cat":[2335],"product_tag":[2860,2857,2861,2353,2859],"class_list":{"0":"post-8321","1":"product","2":"type-product","3":"status-publish","4":"has-post-thumbnail","6":"product_cat-svolt","7":"product_tag-325-ah-zelle-cell","8":"product_tag-3c-lfp-zelle","9":"product_tag-antrieb-batterie","10":"product_tag-dlcpo","11":"product_tag-svolt-l500","12":"pa_capacity-325ah","14":"first","15":"instock","16":"shipping-taxable","17":"product-type-simple"},"acf":[],"_links":{"self":[{"href":"https:\/\/dlcpo.com\/de\/wp-json\/wp\/v2\/product\/8321","targetHints":{"allow":["GET"]}}],"collection":[{"href":"https:\/\/dlcpo.com\/de\/wp-json\/wp\/v2\/product"}],"about":[{"href":"https:\/\/dlcpo.com\/de\/wp-json\/wp\/v2\/types\/product"}],"version-history":[{"count":0,"href":"https:\/\/dlcpo.com\/de\/wp-json\/wp\/v2\/product\/8321\/revisions"}],"wp:featuredmedia":[{"embeddable":true,"href":"https:\/\/dlcpo.com\/de\/wp-json\/wp\/v2\/media\/2251"}],"wp:attachment":[{"href":"https:\/\/dlcpo.com\/de\/wp-json\/wp\/v2\/media?parent=8321"}],"wp:term":[{"taxonomy":"product_brand","embeddable":true,"href":"https:\/\/dlcpo.com\/de\/wp-json\/wp\/v2\/product_brand?post=8321"},{"taxonomy":"product_cat","embeddable":true,"href":"https:\/\/dlcpo.com\/de\/wp-json\/wp\/v2\/product_cat?post=8321"},{"taxonomy":"product_tag","embeddable":true,"href":"https:\/\/dlcpo.com\/de\/wp-json\/wp\/v2\/product_tag?post=8321"}],"curies":[{"name":"wp","href":"https:\/\/api.w.org\/{rel}","templated":true}]}}