{"id":8315,"date":"2026-03-10T12:42:39","date_gmt":"2026-03-10T04:42:39","guid":{"rendered":"https:\/\/dlcpo.com\/svolt-l600-106ah-lifepo4-blade-batteriezelle-flachbauweise\/"},"modified":"2026-04-21T21:48:04","modified_gmt":"2026-04-21T13:48:04","slug":"svolt-l600-106ah-lifepo4-blade-batteriezelle-flachbauweise","status":"publish","type":"product","link":"https:\/\/dlcpo.com\/de\/svolt-l600-106ah-lifepo4-blade-batteriezelle-flachbauweise\/","title":{"rendered":"SVOLT L600 106 Ah 3,2 V 106 Ah LiFePO4 der Klasse A Blade Akku Zelle \u2013 92 mm, extrem flaches Profil, 2,2 C, hohe Leistungsabgabe"},"content":{"rendered":"<div class=\"product-description-container\">\n<p>Die <strong>SVOLT L600 106Ah LiFePO4 Blade-Batteriezelle mit flachem Profil<\/strong> ist eine spezielle Hochleistungsvariante aus der legend\u00e4ren Blade-Batteriefamilie. Diese von SVOLT, einem weltweit f\u00fchrenden Anbieter von Hochgeschwindigkeits-Stacking-Technologie, entwickelte Zelle ist auf die anspruchsvollsten Platzanforderungen des Jahres 2026 ausgelegt. Unter Beibehaltung ihrer charakteristischen L\u00e4nge von 579 mm zeichnet sie sich durch eine bahnbrechende H\u00f6henreduzierung auf <strong>92,2 mm<\/strong> und eine hauchd\u00fcnne Dicke von nur <strong>15,2 mm<\/strong> aus. Diese spezielle Geometrie ist die erste Wahl f\u00fcr Hochleistungsprojekte, bei denen herk\u00f6mmliche Zellen mit einer H\u00f6he von 118 mm oder mehr einfach nicht integriert werden k\u00f6nnen.   <\/p>\n<h3>Wichtige technische Merkmale: Das Power Blade mit extrem flachem Profil<\/h3>\n<ul>\n<li>\u26a1 <strong>Revolution\u00e4re ultraflache Bauh\u00f6he von 92,2 mm:<\/strong> W\u00e4hrend Standard-Blade-Batterien 118 mm hoch sind und herk\u00f6mmliche prismatische Zellen 200 mm \u00fcberschreiten, erm\u00f6glicht die <strong>SVOLT L600 106Ah LiFePO4 Blade-Batteriezelle mit flachem Profil<\/strong> die Herstellung ultraschlanker Batteriepacks. Sie eignet sich perfekt f\u00fcr den Einbau unter dem Boden in Elektrofahrzeugen mit geringer Bodenfreiheit und in platzsparenden, schmalen Industriegeh\u00e4usen. <\/li>\n<li>\u26a1 <strong>15,2 mm ultrad\u00fcnne W\u00e4rmeableitung:<\/strong> Als eine der d\u00fcnnsten Zellen auf dem Markt bietet das L600-Profil au\u00dfergew\u00f6hnliche W\u00e4rmemanagement-Eigenschaften. Die W\u00e4rme muss einen deutlich k\u00fcrzeren Weg bis zur Oberfl\u00e4che zur\u00fccklegen, was eine stabilere Temperaturregelung bei <strong>3C-Dauerstromentladungen<\/strong> und Schnellladezyklen erm\u00f6glicht. <\/li>\n<li>\u26a1 <strong>Verbesserte 3C-5C-Hochleistungsleistung:<\/strong> Diese Zelle wurde nun an die modernen Leistungsstandards von 2026 angepasst und unterst\u00fctzt eine konstante <strong>3C (318 A) Dauerentladung<\/strong>. F\u00fcr spezielle Hochleistungsanwendungen ist eine Anpassung f\u00fcr <strong>4C- und 5C-Spitzenlasten<\/strong> verf\u00fcgbar, die das f\u00fcr schnelle Beschleunigung erforderliche hohe Drehmoment liefert. <\/li>\n<li>\u26a1 <strong>800-V-Supercharge-Kompatibilit\u00e4t:<\/strong> Diese Zelle ist f\u00fcr 400-V- und 800-V-Architekturen der n\u00e4chsten Generation optimiert. Ihr internes Design minimiert den Spannungsabfall und sorgt so f\u00fcr eine schnellere und effizientere Energieauff\u00fcllung, wodurch die Ladezeiten f\u00fcr mobile Industrieger\u00e4te und High-End-Elektrofahrzeuge verk\u00fcrzt werden. <\/li>\n<li>\u26a1 <strong>Strukturelle Integrit\u00e4t der Stufe 1:<\/strong> Der Formfaktor \u201eShort Blade\u201c des L600 bietet eine \u00fcberragende strukturelle Steifigkeit. Jede Zelle wird von DLCPO als Klasse A bezogen und durchl\u00e4uft strenge automatisierte Konsistenzpr\u00fcfungen, wodurch eine perfekte Ausbalancierung innerhalb der missionskritischen modularen Batterieb\u00e4nke gew\u00e4hrleistet wird. <\/li>\n<\/ul>\n<\/div>\n","protected":false},"excerpt":{"rendered":"<p>Entdecken Sie bei DLCPO die flache SVOLT L600 106Ah LiFePO4-Blade-Batteriezelle. Mit einer extrem geringen H\u00f6he von 92,2 mm, einer Bauh\u00f6he von nur 15,2 mm und einer verbesserten Hochleistungsf\u00e4higkeit von 3C\u20135C eignet sie sich ideal f\u00fcr schlanke EV-Akkupacks. <\/p>\n","protected":false},"featured_media":2259,"template":"","meta":{"_acf_changed":false,"_joinchat":[]},"product_brand":[],"product_cat":[2335],"product_tag":[2852,2854,2353,2851,2853],"class_list":{"0":"post-8315","1":"product","2":"type-product","3":"status-publish","4":"has-post-thumbnail","6":"product_cat-svolt","7":"product_tag-106-ah-blade-akku","8":"product_tag-3c-hochleistungs-zelle","9":"product_tag-dlcpo","10":"product_tag-svolt-l600","11":"product_tag-ultraflache-lfp-zelle","12":"pa_capacity-106ah","14":"first","15":"instock","16":"shipping-taxable","17":"product-type-simple"},"acf":[],"_links":{"self":[{"href":"https:\/\/dlcpo.com\/de\/wp-json\/wp\/v2\/product\/8315","targetHints":{"allow":["GET"]}}],"collection":[{"href":"https:\/\/dlcpo.com\/de\/wp-json\/wp\/v2\/product"}],"about":[{"href":"https:\/\/dlcpo.com\/de\/wp-json\/wp\/v2\/types\/product"}],"version-history":[{"count":1,"href":"https:\/\/dlcpo.com\/de\/wp-json\/wp\/v2\/product\/8315\/revisions"}],"predecessor-version":[{"id":9616,"href":"https:\/\/dlcpo.com\/de\/wp-json\/wp\/v2\/product\/8315\/revisions\/9616"}],"wp:featuredmedia":[{"embeddable":true,"href":"https:\/\/dlcpo.com\/de\/wp-json\/wp\/v2\/media\/2259"}],"wp:attachment":[{"href":"https:\/\/dlcpo.com\/de\/wp-json\/wp\/v2\/media?parent=8315"}],"wp:term":[{"taxonomy":"product_brand","embeddable":true,"href":"https:\/\/dlcpo.com\/de\/wp-json\/wp\/v2\/product_brand?post=8315"},{"taxonomy":"product_cat","embeddable":true,"href":"https:\/\/dlcpo.com\/de\/wp-json\/wp\/v2\/product_cat?post=8315"},{"taxonomy":"product_tag","embeddable":true,"href":"https:\/\/dlcpo.com\/de\/wp-json\/wp\/v2\/product_tag?post=8315"}],"curies":[{"name":"wp","href":"https:\/\/api.w.org\/{rel}","templated":true}]}}