{"id":8186,"date":"2026-03-10T13:23:52","date_gmt":"2026-03-10T05:23:52","guid":{"rendered":"https:\/\/dlcpo.com\/catl-280ah-lifepo4-batteriezelle-12-000-zyklen-prismatisch-klasse-a\/"},"modified":"2026-03-10T13:23:52","modified_gmt":"2026-03-10T05:23:52","slug":"catl-280ah-lifepo4-batteriezelle-12-000-zyklen-prismatisch-klasse-a","status":"publish","type":"product","link":"https:\/\/dlcpo.com\/de\/catl-280ah-lifepo4-batteriezelle-12-000-zyklen-prismatisch-klasse-a\/","title":{"rendered":"CATL 280Ah 3.2V LiFePO4 Prismatic Battery Cell \u2013 Grade A 12,000+ Cycles for Solar &amp; Utility-Scale ESS"},"content":{"rendered":"<div class=\"product-description-container\">\n<p>Die <strong>CATL 280-Ah-LiFePO4-Batteriezelle mit 12.000 Zyklen, prismatisch, Klasse A<\/strong> gilt weithin als der ma\u00dfgebliche Industriestandard f\u00fcr gro\u00df angelegte Energiespeicher. Diese Zelle wird von CATL, dem weltweit f\u00fchrenden Anbieter von Lithium-Technologie, hergestellt und bietet eine enorme Kapazit\u00e4t von 280 Ah sowie eine beispiellose Zyklenlebensdauer von <strong>\u00fcber 12.000 Zyklen<\/strong>. Sie wurde speziell f\u00fcr Fachleute entwickelt, die niedrigste Levelized Cost of Storage (LCOS) und maximale Systemverf\u00fcgbarkeit verlangen.  <\/p>\n<h3>Technische Highlights: Der globale ESS-Benchmark<\/h3>\n<ul>\n<li>\u26a1 <strong>Extreme Langlebigkeit (\u00fcber 12.000 Ladezyklen):<\/strong> Die <strong>CATL 280Ah LiFePO4-Batteriezelle, 12.000 Ladezyklen, prismatisch, Klasse A<\/strong> wurde f\u00fcr extreme Langlebigkeit entwickelt und h\u00e4lt unter normalen Betriebsbedingungen \u00fcber 30 Jahre. Diese au\u00dfergew\u00f6hnliche Lebensdauer stellt sicher, dass sich Ihre Investition in Energie \u00fcber Jahrzehnte hinweg auszahlt. <\/li>\n<li>\u26a1 <strong>Hohe Leistungsausbeute:<\/strong> Unterst\u00fctzt eine konstante <strong>1C-Dauerladungs- und -Entladungsrate<\/strong> mit Spitzenstromkapazit\u00e4ten von bis zu <strong>3C<\/strong>. Damit eignet es sich ideal f\u00fcr hochbelastete industrielle, gewerbliche und netzunabh\u00e4ngige Wohnprojekte, bei denen Zuverl\u00e4ssigkeit oberste Priorit\u00e4t hat. <\/li>\n<li>\u26a1 <strong>Robustes prismatisches Aluminiumgeh\u00e4use:<\/strong> Das standardisierte <strong>174 \u00d7 72 \u00d7 207 mm<\/strong> prismatisches Aluminium Geh\u00e4use bietet \u00fcberragende strukturelle Integrit\u00e4t. Es bietet hervorragende W\u00e4rmeableitung und ein hohes Ma\u00df an mechanischem a21&gt; Schutz vor Vibrationen und St\u00f6\u00dfen in dichten Batterie-Racks. <\/li>\n<li>\u26a1 <strong>Montagefertiges Design:<\/strong> Jede \u00fcber DLCPO bezogene Zelle ist mit hochwertigen <strong>M6-Bolzen<\/strong> (erh\u00e4ltlich in lasergeschwei\u00dfter Ausf\u00fchrung oder mit Gewindebohrungen) und Sammelschienen ausgestattet. Dieses \u201eReady-to-Build\u201c-Design vereinfacht den Aufbau von modularen 12-V-, 24-V- oder 48-V-Batterieb\u00e4nken erheblich. <\/li>\n<li>\u26a1 <strong>Tier-1-Qualit\u00e4t der Klasse A:<\/strong> Jede 280-Ah-Zelle wird strengen Konsistenz Tests hinsichtlich Spannung und innerem Widerstand unterzogen. Diese Tradition im Automobilbereich stellt sicher, dass gro\u00dfe Batterie Str\u00e4nge ausgeglichen bleiben, wodurch die Sicherheit und Effizienz Ihres gesamten Speichersystems gew\u00e4hrleistet. <\/li>\n<\/ul>\n<\/div>\n","protected":false},"excerpt":{"rendered":"<p>Entdecken Sie bei DLCPO die prismatische LiFePO4-Batteriezelle \u201eGrade A\u201c von CATL mit 280 Ah und 12.000 Ladezyklen. Der Industriestandard f\u00fcr gro\u00df angelegte Energiespeichersysteme (ESS), 1C-Dauerleistung und M6-Gewindestifte f\u00fcr die Montage. <\/p>\n","protected":false},"featured_media":2269,"template":"","meta":{"_acf_changed":false,"_joinchat":[]},"product_brand":[],"product_cat":[2325],"product_tag":[2707,2706,2353,2708,2699],"class_list":{"0":"post-8186","1":"product","2":"type-product","3":"status-publish","4":"has-post-thumbnail","6":"product_cat-catl","7":"product_tag-12-000-zyklen-lfp","8":"product_tag-catl-280ah","9":"product_tag-dlcpo","10":"product_tag-energie-speicher-zelle","11":"product_tag-prismatisch-klasse-a","12":"pa_capacity-280ah","14":"first","15":"instock","16":"shipping-taxable","17":"product-type-simple"},"acf":[],"_links":{"self":[{"href":"https:\/\/dlcpo.com\/de\/wp-json\/wp\/v2\/product\/8186","targetHints":{"allow":["GET"]}}],"collection":[{"href":"https:\/\/dlcpo.com\/de\/wp-json\/wp\/v2\/product"}],"about":[{"href":"https:\/\/dlcpo.com\/de\/wp-json\/wp\/v2\/types\/product"}],"version-history":[{"count":0,"href":"https:\/\/dlcpo.com\/de\/wp-json\/wp\/v2\/product\/8186\/revisions"}],"wp:featuredmedia":[{"embeddable":true,"href":"https:\/\/dlcpo.com\/de\/wp-json\/wp\/v2\/media\/2269"}],"wp:attachment":[{"href":"https:\/\/dlcpo.com\/de\/wp-json\/wp\/v2\/media?parent=8186"}],"wp:term":[{"taxonomy":"product_brand","embeddable":true,"href":"https:\/\/dlcpo.com\/de\/wp-json\/wp\/v2\/product_brand?post=8186"},{"taxonomy":"product_cat","embeddable":true,"href":"https:\/\/dlcpo.com\/de\/wp-json\/wp\/v2\/product_cat?post=8186"},{"taxonomy":"product_tag","embeddable":true,"href":"https:\/\/dlcpo.com\/de\/wp-json\/wp\/v2\/product_tag?post=8186"}],"curies":[{"name":"wp","href":"https:\/\/api.w.org\/{rel}","templated":true}]}}