{"id":8184,"date":"2026-03-10T15:24:22","date_gmt":"2026-03-10T07:24:22","guid":{"rendered":"https:\/\/dlcpo.com\/catl-271ah-lifepo4-batteriezelle-prismatisch-klasse-a\/"},"modified":"2026-03-10T15:24:22","modified_gmt":"2026-03-10T07:24:22","slug":"catl-271ah-lifepo4-batteriezelle-prismatisch-klasse-a","status":"publish","type":"product","link":"https:\/\/dlcpo.com\/de\/catl-271ah-lifepo4-batteriezelle-prismatisch-klasse-a\/","title":{"rendered":"CATL 271-Ah-LiFePO\u2084-Prismenzelle (3,2 V, Klasse A) \u2013 Hochleistungsl\u00f6sung f\u00fcr Elektrofahrzeuge und BESS-Anlagen"},"content":{"rendered":"<div class=\"product-description-container\">\n<p>Die <strong>Original CATL 271Ah LiFePO4-Batteriezelle, prismatisch, Klasse A<\/strong> ist ein legend\u00e4res Kraftpaket in der Lithiumbranche und weithin bekannt f\u00fcr ihre hohe Leistungsf\u00e4higkeit in Elektrobussen und Nutzfahrzeugen. Diese Zelle wird von CATL, dem weltweit f\u00fchrenden Anbieter von Tier-1-Batterietechnologie, hergestellt und nutzt fortschrittliche Lithium-Eisenphosphat-Chemie (LFP), um \u00fcberragende thermische Stabilit\u00e4t und kompromisslose Sicherheit zu gew\u00e4hrleisten. Jede Zelle wird direkt vom Hersteller bezogen und verf\u00fcgt \u00fcber intakte Original-QR-Codes, wodurch Spitzenleistung f\u00fcr missionskritische Energieanwendungen garantiert wird.  <\/p>\n<h3>Warum entscheiden sich Profis f\u00fcr den CATL 271Ah?<\/h3>\n<ul>\n<li>\u26a1 <strong>Extrem niedriger Innenwiderstand (0,18 \u00b1 0,05 m\u03a9):<\/strong> Die <strong>Original CATL 271Ah LiFePO4-Batteriezelle, prismatisch, Klasse A<\/strong> wurde f\u00fcr eine hocheffiziente Energie\u00fcbertragung entwickelt und erzeugt bei Hochstromentladung deutlich weniger W\u00e4rme. Diese Pr\u00e4zision macht sie zur idealen Wahl f\u00fcr Antriebsanwendungen (EVs) und station\u00e4re Energiespeicherprojekte mit hoher Belastung. <\/li>\n<li>\u26a1 <strong>Extrem gro\u00dfer Temperaturbereich (-30 \u00b0C bis 60 \u00b0C):<\/strong> Diese Zelle wurde f\u00fcr den Einsatz in den anspruchsvollsten geografischen Regionen der Welt entwickelt und erm\u00f6glicht eine Entladung bei Temperaturen von bis zu <strong>-30 \u00b0C<\/strong>. Ob in arktischem Klima oder tropischer Hitze \u2013 die 271-Ah-Zelle liefert konstant Leistung ohne Leistungsabfall. <\/li>\n<li>\u26a1 <strong>Bew\u00e4hrte Sicherheit und strukturelle Integrit\u00e4t:<\/strong> Das prismatische Aluminiumgeh\u00e4use bietet einen robusten Schutz vor mechanischen Belastungen und Umwelteinfl\u00fcssen. Diese strukturelle Integrit\u00e4t ist f\u00fcr komplexe, vibrationsstarke Akkupacks, wie sie in Industriemaschinen und im Schwerlastverkehr zum Einsatz kommen, von entscheidender Bedeutung. <\/li>\n<li>\u26a1 <strong>Erfahrung in der Tier-1-Automobilindustrie:<\/strong> Im Gegensatz zu herk\u00f6mmlichen station\u00e4ren Batterien, das 271-Ah-Modell wurde nach den Standards der Automobilindustrie konstruiert. Dies gew\u00e4hrleistet erstklassige Konsistenz bei Kapazit\u00e4t und Spannung, was den BMS-Ausgleichs- Prozess vereinfacht und die Gesamt Lebensdauer Ihrer Batterieanordnung . <\/li>\n<li>\u26a1 <strong>100 % kobaltfrei und umweltfreundlich:<\/strong> Dank der stabilen LFP-Chemie besteht bei dieser Zelle unter normalen Betriebsbedingungen keinerlei Risiko eines thermischen Durchgehens, wodurch sie eine nachhaltige und brandsichere Energiel\u00f6sung f\u00fcr ESS im privaten und gewerblichen Bereich bietet.<\/li>\n<\/ul>\n<\/div>\n","protected":false},"excerpt":{"rendered":"<p>Entdecken Sie bei DLCPO die originalen prismatischen CATL 271Ah LiFePO4-Batteriezellen der G\u00fcteklasse A. Entwickelt f\u00fcr Elektrobusse und Hochleistungsspeicher mit einem Entladungsbereich von -30 \u00b0C bis 60 \u00b0C. Die originalen QR-Codes sind intakt.  <\/p>\n","protected":false},"featured_media":2274,"template":"","meta":{"_acf_changed":false,"_joinchat":[]},"product_brand":[],"product_cat":[2325],"product_tag":[2705,2704,2353,2703,2592],"class_list":{"0":"post-8184","1":"product","2":"type-product","3":"status-publish","4":"has-post-thumbnail","6":"product_cat-catl","7":"product_tag-3-2v-271ah","8":"product_tag-catl-271ah","9":"product_tag-dlcpo","10":"product_tag-elektrofahrzeug-batterie","11":"product_tag-lifepo4-prismatisch","12":"pa_capacity-271ah","14":"first","15":"instock","16":"shipping-taxable","17":"product-type-simple"},"acf":[],"_links":{"self":[{"href":"https:\/\/dlcpo.com\/de\/wp-json\/wp\/v2\/product\/8184","targetHints":{"allow":["GET"]}}],"collection":[{"href":"https:\/\/dlcpo.com\/de\/wp-json\/wp\/v2\/product"}],"about":[{"href":"https:\/\/dlcpo.com\/de\/wp-json\/wp\/v2\/types\/product"}],"version-history":[{"count":0,"href":"https:\/\/dlcpo.com\/de\/wp-json\/wp\/v2\/product\/8184\/revisions"}],"wp:featuredmedia":[{"embeddable":true,"href":"https:\/\/dlcpo.com\/de\/wp-json\/wp\/v2\/media\/2274"}],"wp:attachment":[{"href":"https:\/\/dlcpo.com\/de\/wp-json\/wp\/v2\/media?parent=8184"}],"wp:term":[{"taxonomy":"product_brand","embeddable":true,"href":"https:\/\/dlcpo.com\/de\/wp-json\/wp\/v2\/product_brand?post=8184"},{"taxonomy":"product_cat","embeddable":true,"href":"https:\/\/dlcpo.com\/de\/wp-json\/wp\/v2\/product_cat?post=8184"},{"taxonomy":"product_tag","embeddable":true,"href":"https:\/\/dlcpo.com\/de\/wp-json\/wp\/v2\/product_tag?post=8184"}],"curies":[{"name":"wp","href":"https:\/\/api.w.org\/{rel}","templated":true}]}}