{"id":8181,"date":"2026-03-10T15:43:59","date_gmt":"2026-03-10T07:43:59","guid":{"rendered":"https:\/\/dlcpo.com\/catl-202ah-lifepo4-batteriezelle-prismatisch-klasse-a\/"},"modified":"2026-03-10T15:43:59","modified_gmt":"2026-03-10T07:43:59","slug":"catl-202ah-lifepo4-batteriezelle-prismatisch-klasse-a","status":"publish","type":"product","link":"https:\/\/dlcpo.com\/de\/catl-202ah-lifepo4-batteriezelle-prismatisch-klasse-a\/","title":{"rendered":"CATL 202Ah 3,2 V LiFePO4 der Klasse A prismatische Batterie Zelle \u2013 Schlankes 53,7-mm-Profil, \u00fcber 4.000 Zyklen f\u00fcr Solar-ESS &amp; EV"},"content":{"rendered":"<div class=\"product-description-container\">\n<p>Die <strong>CATL 202Ah LiFePO4-Batteriezelle, prismatisch, Klasse A<\/strong> ist ein leistungsstarker Energietr\u00e4ger, der weltweit f\u00fcr seine kompromisslose Sicherheit und seine branchenf\u00fchrende Zyklenlebensdauer bekannt ist. Diese prismatische Zelle wird von CATL, dem unangefochtenen Tier-1-Marktf\u00fchrer in der Lithium-Technologie, hergestellt und ist die erste Wahl sowohl f\u00fcr den Einsatz in der Schwerlast-Elektromobilit\u00e4t als auch f\u00fcr gro\u00df angelegte station\u00e4re Energiespeicherprojekte (ESS), insbesondere in den anspruchsvollen M\u00e4rkten S\u00fcdamerikas. <\/p>\n<h3>Die wichtigsten Leistungsvorteile: Das kompakte Kraftpaket<\/h3>\n<ul>\n<li>\ud83d\udccf <strong>Ultraflache Bauweise:<\/strong> Mit einer pr\u00e4zisen Dicke von nur <strong>53,7 mm<\/strong> ist die <strong>CATL 202Ah LiFePO4-Batteriezelle, prismatisch, Klasse A<\/strong> perfekt f\u00fcr Batteriepacks mit begrenztem Platzangebot ausgelegt. Sie ist der Goldstandard f\u00fcr den Bau schlanker, wandmontierter Powerwalls und kompakter gewerblicher Energieschr\u00e4nke. <\/li>\n<li>\ud83d\udcc9 <strong>H\u00f6chste Konsistenz auf Elite-Niveau:<\/strong> DLCPO stellt sicher, dass jede Zelle vor dem Versand sorgf\u00e4ltig hinsichtlich Spannung und Innenwiderstand abgeglichen wird (garantiert <strong>unter 0,18 m\u03a9<\/strong>). Dieser pr\u00e4zise Abgleich vereinfacht den Ausgleichsprozess Ihres BMS und maximiert den Gesamtenergiedurchsatz Ihres Batteriebocks. <\/li>\n<li>\ud83e\udeb6 <strong>S\u00dcberragende Leichtigkeit und Effizienz:<\/strong> Mit einem Gewicht von nur etwa <strong>4,12 kg<\/strong>, erreicht diese Zelle eine bemerkenswerte gravimetrische Energiedichte. Dieser Gewichtsvorteil ist entscheidend f\u00fcr tragbare Stromversorgungsstationen und Elektrofahrzeug (EV) Umr\u00fcstungen bei denen die Reduzierung des Leergewichts Leergewicht ist entscheidend f\u00fcr die Reichweite. <\/li>\n<li>\ud83d\udee1\ufe0f <strong>Sicherheit der Stufe 1 und extreme Langlebigkeit:<\/strong> Dank der kobaltfreien LiFePO4-Chemie bieten diese Zellen eine hervorragende thermische Stabilit\u00e4t und eine industrielle Lebensdauer von <strong>\u00fcber 4.000 vollst\u00e4ndigen Ladezyklen<\/strong>. Sie sind darauf ausgelegt, \u00fcber ein Jahrzehnt lang zuverl\u00e4ssigen t\u00e4glichen Betrieb in netzunabh\u00e4ngigen Solar- und Notstromanwendungen zu gew\u00e4hrleisten. <\/li>\n<li>\ud83c\udf0e <strong>Bew\u00e4hrte Leistungsf\u00e4higkeit auf dem s\u00fcdamerikanischen Markt:<\/strong> Als Eckpfeiler der regionalen Energiewende wurde die CATL-202Ah-Zelle unter verschiedenen klimatischen Bedingungen in der Praxis getestet und hat ihre Widerstandsf\u00e4higkeit und Zuverl\u00e4ssigkeit in gro\u00dfen station\u00e4ren Energiespeicherprojekten von Chile bis Brasilien unter Beweis gestellt.<\/li>\n<\/ul>\n<\/div>\n","protected":false},"excerpt":{"rendered":"<p>Entdecken Sie bei DLCPO die prismatische LiFePO4-Batteriezelle der Klasse A von CATL mit 202 Ah. Sie zeichnet sich durch mehr als 4.000 Ladezyklen, einen extrem niedrigen Widerstand von 0,18 m\u03a9 und ein schlankes Profil von 53,7 mm aus. Ideal f\u00fcr ESS-Projekte in S\u00fcdamerika.  <\/p>\n","protected":false},"featured_media":2278,"template":"","meta":{"_acf_changed":false,"_joinchat":[]},"product_brand":[],"product_cat":[2325],"product_tag":[2686,2701,2353,2702,2675],"class_list":{"0":"post-8181","1":"product","2":"type-product","3":"status-publish","4":"has-post-thumbnail","6":"product_cat-catl","7":"product_tag-batterie-der-klasse-a-batterie","8":"product_tag-catl-202ah","9":"product_tag-dlcpo","10":"product_tag-energiespeicherung-in-sudamerika","11":"product_tag-prismatische-lfp-zelle","12":"pa_capacity-202ah","14":"first","15":"instock","16":"shipping-taxable","17":"product-type-simple"},"acf":[],"_links":{"self":[{"href":"https:\/\/dlcpo.com\/de\/wp-json\/wp\/v2\/product\/8181","targetHints":{"allow":["GET"]}}],"collection":[{"href":"https:\/\/dlcpo.com\/de\/wp-json\/wp\/v2\/product"}],"about":[{"href":"https:\/\/dlcpo.com\/de\/wp-json\/wp\/v2\/types\/product"}],"version-history":[{"count":0,"href":"https:\/\/dlcpo.com\/de\/wp-json\/wp\/v2\/product\/8181\/revisions"}],"wp:featuredmedia":[{"embeddable":true,"href":"https:\/\/dlcpo.com\/de\/wp-json\/wp\/v2\/media\/2278"}],"wp:attachment":[{"href":"https:\/\/dlcpo.com\/de\/wp-json\/wp\/v2\/media?parent=8181"}],"wp:term":[{"taxonomy":"product_brand","embeddable":true,"href":"https:\/\/dlcpo.com\/de\/wp-json\/wp\/v2\/product_brand?post=8181"},{"taxonomy":"product_cat","embeddable":true,"href":"https:\/\/dlcpo.com\/de\/wp-json\/wp\/v2\/product_cat?post=8181"},{"taxonomy":"product_tag","embeddable":true,"href":"https:\/\/dlcpo.com\/de\/wp-json\/wp\/v2\/product_tag?post=8181"}],"curies":[{"name":"wp","href":"https:\/\/api.w.org\/{rel}","templated":true}]}}