{"id":8168,"date":"2026-03-10T17:57:00","date_gmt":"2026-03-10T09:57:00","guid":{"rendered":"https:\/\/dlcpo.com\/catl-161ah-lifepo4-batteriezelle-klasse-a-160ah\/"},"modified":"2026-03-10T17:57:00","modified_gmt":"2026-03-10T09:57:00","slug":"catl-161ah-lifepo4-batteriezelle-klasse-a-160ah","status":"publish","type":"product","link":"https:\/\/dlcpo.com\/de\/catl-161ah-lifepo4-batteriezelle-klasse-a-160ah\/","title":{"rendered":"CATL 161 Ah, 3,2 V, LiFePO\u2084-Prismenzelle der G\u00fcteklasse A \u2013 flache 280-mm-LFP-Zelle nach EV-Standard \u2013 166 Wh\/kg, hohe Energiedichte"},"content":{"rendered":"<div class=\"product-description-container\">\n<p>Die <strong>CATL 161Ah LiFePO4-Batteriezelle der Klasse A (160Ah)<\/strong> ist ein Eckpfeiler der modernen Elektrofahrzeugindustrie und genie\u00dft aufgrund ihrer hohen Energiedichte und ihres speziellen Formfaktors gro\u00dfes Vertrauen. Dank fortschrittlicher kobaltfreier Lithium-Eisenphosphat-Chemie (LiFePO4) gew\u00e4hrleistet diese prismatische Tier-1-Zelle maximale thermische Sicherheit und \u00f6kologische Nachhaltigkeit und liefert gleichzeitig die f\u00fcr Automobilplattformen mit Standardreichweite erforderliche Leistung. <\/p>\n<h3>Besondere Leistungsmerkmale: Der Spezialist f\u00fcr flache Bauweise<\/h3>\n<ul>\n<li>\ud83d\udccf <strong>Pr\u00e4zisions-Formfaktor mit flachem Profil:<\/strong> Mit Abmessungen von 280 mm (L) x 62 mm (B) x <strong>82 mm (H)<\/strong> ist die <strong>CATL 161Ah LiFePO4-Batteriezelle der Klasse A 160Ah<\/strong> lang und flach konstruiert. Diese spezielle Bauweise ist die ideale L\u00f6sung f\u00fcr den Einbau unter dem Fahrzeugboden und f\u00fcr Batteriepakete mit begrenztem Platzangebot, bei denen die vertikale H\u00f6he die gr\u00f6\u00dfte Einschr\u00e4nkung darstellt. <\/li>\n<li>\ud83d\ude80 <strong>Hervorragende gravimetrische Energiedichte:<\/strong> Bei einem Gewicht von nur 3,05 kg erreicht sie eine beeindruckende Dichte von etwa <strong>166 Wh\/kg<\/strong>. Dies bedeutet eine deutliche Steigerung der Kapazit\u00e4t und des Leistungsgewichts gegen\u00fcber den \u00e4lteren Zellen der 160-Ah-Generation und erm\u00f6glicht eine gr\u00f6\u00dfere Reichweite, ohne das Volumen des Akkupacks zu vergr\u00f6\u00dfern. <\/li>\n<li>\u23f3 <strong>Enorme Lebensdauer in Automobilqualit\u00e4t:<\/strong> Entwickelt f\u00fcr hohe Langlebigkeit, sind diese Zellen ausgelegt f\u00fcr <strong>\u00fcber 3000 Ladezyklen a9&gt; ausgelegt f\u00fcr <strong>\u00fcber 3000 Zyklen bei 1C Entladung<\/strong>. Dies bedeutet eine jahrzehntelange zuverl\u00e4ssige Leistung f\u00fcr sowohl Antriebs- Anwendungen sowie und station\u00e4re Hochleistungs-Solar- Energiespeicher .<\/strong> <\/li>\n<li>\ud83c\udfc5 <strong>Tier-1-Industriestandard:<\/strong> Jede von DLCPO bezogene 161-Ah-Zelle entspricht der Qualit\u00e4tsstufe A und profitiert von der weltweit f\u00fchrenden automatisierten Fertigung von CATL. Dies gew\u00e4hrleistet eine perfekte Abstimmung von Spannung und Innenwiderstand, was f\u00fcr die Aufrechterhaltung des String-Gleichgewichts in gro\u00dfen modularen EV-Systemen von entscheidender Bedeutung ist. <\/li>\n<li>\ud83d\ude97 <strong>Entwickelt f\u00fcr moderne E-Mobilit\u00e4t: <\/strong> Die Kombination aus einem schlanken Profil und robuster LFP-Chemie macht diese Zelle zur ersten Wahl f\u00fcr Elektrofahrzeuge der n\u00e4chsten Generation Elektroautos, Lieferwagen und spezialisierte mobile ESS bei denen die Maximierung der Raumeffizienz oberste Priorit\u00e4t hat.<\/li>\n<\/ul>\n<\/div>\n","protected":false},"excerpt":{"rendered":"<p>Entdecken Sie die CATL 161Ah LiFePO4-Batteriezelle der Klasse A (160Ah) bei DLCPO. Mit einem flachen 82-mm-Design, einer hohen Energiedichte von 166 Wh\/kg und \u00fcber 3000 Ladezyklen. Ideal f\u00fcr den Einbau in Elektrofahrzeugen.  <\/p>\n","protected":false},"featured_media":2295,"template":"","meta":{"_acf_changed":false,"_joinchat":[]},"product_brand":[],"product_cat":[2325],"product_tag":[2688,2687,2353,2689,2660],"class_list":{"0":"post-8168","1":"product","2":"type-product","3":"status-publish","4":"has-post-thumbnail","6":"product_cat-catl","7":"product_tag-160ah-lfp","8":"product_tag-catl-161ah","9":"product_tag-dlcpo","10":"product_tag-elektrofahrzeug-batterie-klasse-a","11":"product_tag-flache-zelle","12":"pa_capacity-161ah","14":"first","15":"instock","16":"shipping-taxable","17":"product-type-simple"},"acf":[],"_links":{"self":[{"href":"https:\/\/dlcpo.com\/de\/wp-json\/wp\/v2\/product\/8168","targetHints":{"allow":["GET"]}}],"collection":[{"href":"https:\/\/dlcpo.com\/de\/wp-json\/wp\/v2\/product"}],"about":[{"href":"https:\/\/dlcpo.com\/de\/wp-json\/wp\/v2\/types\/product"}],"version-history":[{"count":0,"href":"https:\/\/dlcpo.com\/de\/wp-json\/wp\/v2\/product\/8168\/revisions"}],"wp:featuredmedia":[{"embeddable":true,"href":"https:\/\/dlcpo.com\/de\/wp-json\/wp\/v2\/media\/2295"}],"wp:attachment":[{"href":"https:\/\/dlcpo.com\/de\/wp-json\/wp\/v2\/media?parent=8168"}],"wp:term":[{"taxonomy":"product_brand","embeddable":true,"href":"https:\/\/dlcpo.com\/de\/wp-json\/wp\/v2\/product_brand?post=8168"},{"taxonomy":"product_cat","embeddable":true,"href":"https:\/\/dlcpo.com\/de\/wp-json\/wp\/v2\/product_cat?post=8168"},{"taxonomy":"product_tag","embeddable":true,"href":"https:\/\/dlcpo.com\/de\/wp-json\/wp\/v2\/product_tag?post=8168"}],"curies":[{"name":"wp","href":"https:\/\/api.w.org\/{rel}","templated":true}]}}