{"id":8162,"date":"2026-03-10T19:03:51","date_gmt":"2026-03-10T11:03:51","guid":{"rendered":"https:\/\/dlcpo.com\/catl-314ah-lifepo4-batteriezelle-prismatisch-klasse-a\/"},"modified":"2026-03-10T19:03:51","modified_gmt":"2026-03-10T11:03:51","slug":"catl-314ah-lifepo4-batteriezelle-prismatisch-klasse-a","status":"publish","type":"product","link":"https:\/\/dlcpo.com\/de\/catl-314ah-lifepo4-batteriezelle-prismatisch-klasse-a\/","title":{"rendered":"CATL 314-Ah-LiFePO4-Prismenzelle (3,2 V, Klasse A) \u2013 Energiespeicher der n\u00e4chsten Generation mit hoher Energiedichte \u2013 \u00fcber 8.000 Ladezyklen f\u00fcr netzgebundene Energiespeichersysteme"},"content":{"rendered":"<div class=\"product-description-container\">\n<p>Die <strong>CATL 314Ah LiFePO4-Batteriezelle, prismatisch, Klasse A<\/strong> repr\u00e4sentiert den aktuellen Stand der Technik im Bereich der Lithium-Eisenphosphat-Technologie. Diese Zelle wird von CATL, dem unangefochtenen Tier-1-Marktf\u00fchrer im Bereich der globalen Energiespeicherung, hergestellt und erzielt durch die Optimierung der inneren Struktur und der aktiven Materialien einen enormen Kapazit\u00e4tssprung. Mit einer Energiekapazit\u00e4t von <strong>\u00fcber 1000 Wh pro Zelle<\/strong> setzt sie einen neuen Branchenma\u00dfstab f\u00fcr Projekte mit hoher Leistungsdichte, ohne den Platzbedarf zu erh\u00f6hen.  <\/p>\n<h3>Technische Durchbr\u00fcche: Der neue K\u00f6nig der Energiespeicherung<\/h3>\n<ul>\n<li>\ud83d\ude80 <strong>12 % h\u00f6here Energiedichte:<\/strong> Im Vergleich zum Standardmodell mit 280 Ah bietet die <strong>CATL 314-Ah-LiFePO4-Batteriezelle, prismatisch, Klasse A<\/strong> etwa 12 % mehr Energie. Dadurch k\u00f6nnen Integratoren deutlich mehr Energie in derselben Batteriebox oder demselben Container speichern, was die Fl\u00e4chennutzungseffizienz und den ROI des Systems maximiert. <\/li>\n<li>\u23f3 <strong>Erweiterte Lebensdauer von \u00fcber 8.000 Zyklen:<\/strong> Diese 314-Ah-Zelle wurde f\u00fcr extreme industrielle Beanspruchung entwickelt und ist f\u00fcr <strong>7.000 bis \u00fcber 8.000 Zyklen<\/strong> ausgelegt (abh\u00e4ngig von den Betriebsbedingungen). Diese Langlebigkeit senkt die Levelized Cost of Storage (LCOS) erheblich und gew\u00e4hrleistet eine Lebensdauer von 20 Jahren f\u00fcr Energiespeichersysteme im Versorgungsma\u00dfstab. <\/li>\n<li>\ud83d\udcc9 <strong>Extreme Pr\u00e4zision und Effizienz:<\/strong> Dank eines rekordverd\u00e4chtig niedrigen Innenwiderstands von nur <strong>0,17 \u00b1 0,05 m\u03a9<\/strong> werden Energieverluste beim schnellen Laden und Entladen auf ein Minimum reduziert. Dies gew\u00e4hrleistet Spitzenleistung bei der Netzfrequenzregelung und bei hohen industriellen Lasten und sorgt gleichzeitig f\u00fcr eine geringere Erw\u00e4rmung des Systems. <\/li>\n<li>\ud83c\udfd7\ufe0f <strong>Nahtloses \u201eDrop-in\u201c-Upgrade:<\/strong> Da das 314-Ah-Modell genau die Standardabmessungen der bisherigen 280-Ah-Zellen beibeh\u00e4lt, eignet es sich perfekt f\u00fcr ein nahtloses Upgrade. Sie k\u00f6nnen die Gesamtkapazit\u00e4t Ihres Systems erh\u00f6hen, ohne das Geh\u00e4usedesign, die Hardware oder komplexe Sammelschienenkonfigurationen \u00e4ndern zu m\u00fcssen. <\/li>\n<li>\ud83c\udfc5 <strong>Zuverl\u00e4ssigkeit auf Tier-1-Niveau f\u00fcr die Automobilindustrie:<\/strong> Jede von DLCPO bezogene Zelle entspricht der <strong>Qualit\u00e4tsstufe A<\/strong> und profitiert von der weltweit f\u00fchrenden automatisierten Fertigung von CATL. Dies gew\u00e4hrleistet eine erstklassige Abstimmung hinsichtlich Spannung, Kapazit\u00e4t und Widerstand \u2013 entscheidend f\u00fcr die Aufrechterhaltung des Gleichgewichts in gro\u00df angelegten Str\u00e4ngen mit einer Leistung von mehreren Megawatt. <\/li>\n<\/ul>\n<\/div>\n","protected":false},"excerpt":{"rendered":"<p>Entdecken Sie die prismatische LiFePO4-Batteriezelle CATL 314Ah der G\u00fcteklasse A bei DLCPO. Mit einer Leistung von \u00fcber 1000 Wh pro Zelle, einer um 12 % h\u00f6heren Energiedichte als bei 280Ah und einer Lebensdauer von \u00fcber 8.000 Zyklen. Ideal f\u00fcr nahtlose Upgrades von Energiespeichersystemen (ESS).  <\/p>\n","protected":false},"featured_media":2303,"template":"","meta":{"_acf_changed":false,"_joinchat":[]},"product_brand":[],"product_cat":[2325],"product_tag":[2681,2682,2680,2353,2683],"class_list":{"0":"post-8162","1":"product","2":"type-product","3":"status-publish","4":"has-post-thumbnail","6":"product_cat-catl","7":"product_tag-314-ah-lfp-zelle","8":"product_tag-8000-ladezyklen-akku","9":"product_tag-catl-314ah","10":"product_tag-dlcpo","11":"product_tag-versorgungsunternehmen-grose-speicher","12":"pa_capacity-314ah","14":"first","15":"instock","16":"shipping-taxable","17":"product-type-simple"},"acf":[],"_links":{"self":[{"href":"https:\/\/dlcpo.com\/de\/wp-json\/wp\/v2\/product\/8162","targetHints":{"allow":["GET"]}}],"collection":[{"href":"https:\/\/dlcpo.com\/de\/wp-json\/wp\/v2\/product"}],"about":[{"href":"https:\/\/dlcpo.com\/de\/wp-json\/wp\/v2\/types\/product"}],"version-history":[{"count":0,"href":"https:\/\/dlcpo.com\/de\/wp-json\/wp\/v2\/product\/8162\/revisions"}],"wp:featuredmedia":[{"embeddable":true,"href":"https:\/\/dlcpo.com\/de\/wp-json\/wp\/v2\/media\/2303"}],"wp:attachment":[{"href":"https:\/\/dlcpo.com\/de\/wp-json\/wp\/v2\/media?parent=8162"}],"wp:term":[{"taxonomy":"product_brand","embeddable":true,"href":"https:\/\/dlcpo.com\/de\/wp-json\/wp\/v2\/product_brand?post=8162"},{"taxonomy":"product_cat","embeddable":true,"href":"https:\/\/dlcpo.com\/de\/wp-json\/wp\/v2\/product_cat?post=8162"},{"taxonomy":"product_tag","embeddable":true,"href":"https:\/\/dlcpo.com\/de\/wp-json\/wp\/v2\/product_tag?post=8162"}],"curies":[{"name":"wp","href":"https:\/\/api.w.org\/{rel}","templated":true}]}}