{"id":8160,"date":"2026-03-10T19:17:23","date_gmt":"2026-03-10T11:17:23","guid":{"rendered":"https:\/\/dlcpo.com\/catl-306ah-lifepo4-batteriezelle-12-000-ladezyklen-upgrade\/"},"modified":"2026-03-10T19:17:23","modified_gmt":"2026-03-10T11:17:23","slug":"catl-306ah-lifepo4-batteriezelle-12-000-ladezyklen-upgrade","status":"publish","type":"product","link":"https:\/\/dlcpo.com\/de\/catl-306ah-lifepo4-batteriezelle-12-000-ladezyklen-upgrade\/","title":{"rendered":"CATL 306Ah 3,2V LiFePO4-Prismenzelle der Klasse A \u2013 \u00fcber 12.000 Ladezyklen, extrem lange Lebensdauer \u2013 LFP der neuen Generation f\u00fcr Solar-ESS mit hoher Kapazit\u00e4t"},"content":{"rendered":"<div class=\"product-description-container\">\n<p>Die <strong>CATL 306Ah LiFePO4-Batteriezelle mit 12.000 Ladezyklen<\/strong> ist der verbesserte Nachfolger des weit verbreiteten 302Ah-Modells und stellt den aktuellen Stand der Technik bei der Langzeit-Energiespeicherung dar. Diese von CATL, dem weltweit f\u00fchrenden Tier-1-Anbieter, hergestellte Zelle hat durch die Optimierung der Elektrolyt- und Elektrodenmaterialien einen enormen Sprung in Sachen Langlebigkeit erzielt. Sie ist zu 100 % kobaltfrei und speziell f\u00fcr die Energiespeicherung im Gro\u00dfma\u00dfstab konzipiert, wo langfristige Zuverl\u00e4ssigkeit und niedrigste LCOE von entscheidender Bedeutung sind.  <\/p>\n<h3>Wichtige Neuerungen: Der neue Ma\u00dfstab f\u00fcr die Speicherung von Versorgungsdaten<\/h3>\n<ul>\n<li>\u23f3 <strong>Extreme Lebensdauer von \u00fcber 12.000 Ladezyklen: <\/strong> W\u00e4hrend Standard-LFP-Zellen 3.000 bis 6.000 Zyklen bieten, ist die <strong>CATL 306Ah LiFePO4-Batteriezelle mit 12.000 Zyklen Upgrade<\/strong> f\u00fcr beeindruckende <strong>\u00fcber 12.000 Zyklen<\/strong> ausgelegt. Dies senkt die Gesamtkosten pro kWh \u00fcber die gesamte Lebensdauer der Batterie erheblich und macht sie zu einer L\u00f6sung nach dem Motto \u201eEinmal kaufen, jahrzehntelang nutzen\u201c. <\/li>\n<li>\ud83d\udcc9 <strong>Ultrahoher Wirkungsgrad (0,17 \u00b1 0,05 m\u03a9):<\/strong> Dank ihres rekordverd\u00e4chtig niedrigen Innenwiderstands minimiert diese Zelle Energieverluste beim schnellen Laden und Entladen. Diese Pr\u00e4zisionstechnik sorgt daf\u00fcr, dass Ihre Batteriebank k\u00fchler und stabiler bleibt, und maximiert den Rundlaufwirkungsgrad f\u00fcr gro\u00df angelegte Solarstrom-Notstromversorgungen. <\/li>\n<li>\ud83c\udfd7 \ufe0f <strong>Standardisierte Drop-in-VDA-Abmessungen:<\/strong> Mit den branchen\u00fcblichen Abmessungen von <strong>71,65 mm x 173,93 mm x 207,2 mm<\/strong> eignet es sich als nahtloses Drop-in-Upgrade f\u00fcr Systeme, die derzeit 280-Ah- oder 302-Ah-Batterieracks verwenden. Sie k\u00f6nnen die Gesamtenergiekapazit\u00e4t und Lebensdauer Ihres Systems erh\u00f6hen, ohne Hardware oder Geh\u00e4use austauschen zu m\u00fcssen. <\/li>\n<li>\ud83c\udfe2 <strong>Speziell f\u00fcr ESS im Versorgungsma\u00dfstab entwickelt:<\/strong> Das 306-Ah-Modell ist der Goldstandard f\u00fcr die Netzfrequenzregelung, gro\u00df angelegte kommerzielle ESS und unternehmenskritische Notstromversorgung. Sein robustes prismatisches Aluminiumgeh\u00e4use bietet hervorragende strukturelle Integrit\u00e4t und hohe thermische Stabilit\u00e4t. <\/li>\n<li>\ud83c\udfc5 <strong>Erste Klasse in der Automobilbranche:<\/strong> Jede von DLCPO bezogene 306-Ah-Zelle entspricht der <strong>Qualit\u00e4tsstufe A<\/strong> und profitiert von der weltweit f\u00fchrenden automatisierten Fertigung sowie den strengen Konsistenzpr\u00fcfungen von CATL. Dadurch wird sichergestellt, dass jede Zelle selbst in riesigen Str\u00e4ngen mit einer Leistung von mehreren Megawatt perfekt ausbalanciert bleibt. <\/li>\n<\/ul>\n<\/div>\n","protected":false},"excerpt":{"rendered":"<p>Entdecken Sie bei DLCPO die verbesserte CATL 306Ah LiFePO4-Batteriezelle mit 12.000 Ladezyklen. Mit \u00fcber 12.000 Ladezyklen, einem extrem niedrigen Widerstand von 0,17 m\u03a9 und einer standardm\u00e4\u00dfigen VDA-Bauform f\u00fcr ESS. <\/p>\n","protected":false},"featured_media":2307,"template":"","meta":{"_acf_changed":false,"_joinchat":[]},"product_brand":[],"product_cat":[2325],"product_tag":[2678,2677,2353,2679,2675],"class_list":{"0":"post-8160","1":"product","2":"type-product","3":"status-publish","4":"has-post-thumbnail","6":"product_cat-catl","7":"product_tag-12-000-zyklen","8":"product_tag-catl-306ah","9":"product_tag-dlcpo","10":"product_tag-ess-upgrade","11":"product_tag-prismatische-lfp-zelle","12":"pa_capacity-306ah","14":"first","15":"instock","16":"shipping-taxable","17":"product-type-simple"},"acf":[],"_links":{"self":[{"href":"https:\/\/dlcpo.com\/de\/wp-json\/wp\/v2\/product\/8160","targetHints":{"allow":["GET"]}}],"collection":[{"href":"https:\/\/dlcpo.com\/de\/wp-json\/wp\/v2\/product"}],"about":[{"href":"https:\/\/dlcpo.com\/de\/wp-json\/wp\/v2\/types\/product"}],"version-history":[{"count":0,"href":"https:\/\/dlcpo.com\/de\/wp-json\/wp\/v2\/product\/8160\/revisions"}],"wp:featuredmedia":[{"embeddable":true,"href":"https:\/\/dlcpo.com\/de\/wp-json\/wp\/v2\/media\/2307"}],"wp:attachment":[{"href":"https:\/\/dlcpo.com\/de\/wp-json\/wp\/v2\/media?parent=8160"}],"wp:term":[{"taxonomy":"product_brand","embeddable":true,"href":"https:\/\/dlcpo.com\/de\/wp-json\/wp\/v2\/product_brand?post=8160"},{"taxonomy":"product_cat","embeddable":true,"href":"https:\/\/dlcpo.com\/de\/wp-json\/wp\/v2\/product_cat?post=8160"},{"taxonomy":"product_tag","embeddable":true,"href":"https:\/\/dlcpo.com\/de\/wp-json\/wp\/v2\/product_tag?post=8160"}],"curies":[{"name":"wp","href":"https:\/\/api.w.org\/{rel}","templated":true}]}}