{"id":8153,"date":"2026-03-10T19:52:41","date_gmt":"2026-03-10T11:52:41","guid":{"rendered":"https:\/\/dlcpo.com\/catl-240ah-lifepo4-batteriezelle-prismatisch-klasse-a\/"},"modified":"2026-03-10T19:52:41","modified_gmt":"2026-03-10T11:52:41","slug":"catl-240ah-lifepo4-batteriezelle-prismatisch-klasse-a","status":"publish","type":"product","link":"https:\/\/dlcpo.com\/de\/catl-240ah-lifepo4-batteriezelle-prismatisch-klasse-a\/","title":{"rendered":"CATL 240 Ah, 3,2 V, LiFePO4-Prismenzelle der Klasse A \u2013 f\u00fcr Elektrofahrzeuge in kalten Klimazonen \u2013 Entladbar bis -30 \u00b0C f\u00fcr n\u00f6rdliche Klimazonen"},"content":{"rendered":"<div class=\"product-description-container\">\n<p>Die <strong>CATL 240Ah LiFePO4-Batteriezelle, prismatisch, Klasse A<\/strong> ist eine robuste Energiel\u00f6sung, die f\u00fcr maximale Zuverl\u00e4ssigkeit in den anspruchsvollsten Umgebungen der Welt entwickelt wurde. Dieses Premium-Modell wird von CATL, dem Branchenf\u00fchrer im Bereich der Tier-1-Lithiumtechnologie, hergestellt und wurde speziell entwickelt, um die Einschr\u00e4nkungen herk\u00f6mmlicher Lithiumbatterien zu \u00fcberwinden und selbst unter extremen Temperaturbedingungen eine stabile Leistungsabgabe zu gew\u00e4hrleisten. <\/p>\n<h3>Wichtigste Leistungsvorteile: Zuverl\u00e4ssige und k\u00e4ltebest\u00e4ndige Stromversorgung<\/h3>\n<ul>\n<li>\u2744\ufe0f <strong>Hervorragende Leistung bei niedrigen Temperaturen (-30 \u00b0C):<\/strong> W\u00e4hrend herk\u00f6mmliche LFP-Zellen bei -20 \u00b0C oft ausfallen oder Leistungseinbu\u00dfen erleiden, erm\u00f6glicht die <strong>CATL 240-Ah-LiFePO4-Batteriezelle, prismatisch, Klasse A<\/strong> eine zuverl\u00e4ssige Entladung bis hinunter zu <strong> -30 \u00b0C<\/strong>. Damit ist sie die erste Wahl f\u00fcr Elektrofahrzeuge (EVs) und netzunabh\u00e4ngige Solaranlagen in k\u00e4lteren Regionen in hohen Breitengraden oder H\u00f6henlagen. <\/li>\n<li>\ud83d\udccf <strong>Kompatibilit\u00e4t mit Standard-VDA-Abmessungen:<\/strong> Da dieses 240-Ah-Modell die gleichen branchen\u00fcblichen Abmessungen wie die g\u00e4ngigen 271-Ah- und 280-Ah-Zellen aufweist (ca. <strong>71 \u00d7 174 \u00d7 207 mm<\/strong>), kann es in Standard-Batteriek\u00e4sten und Pressvorrichtungen verwendet werden. Dies vereinfacht Ihr Lieferkettenmanagement und erm\u00f6glicht eine m\u00fchelose modulare Batteriepack-Montage. <\/li>\n<li>\ud83d\udee1\ufe0f <strong>H\u00f6chste Sicherheit und Stabilit\u00e4t:<\/strong> Dank der kobaltfreien LiFePO4-Chemie zeichnet sich diese Zelle durch eine von Natur aus hohe thermische Stabilit\u00e4t aus. Das robuste prismatische Aluminiumgeh\u00e4use bietet hervorragenden Schutz vor mechanischen Belastungen und Innendruck und gew\u00e4hrleistet so h\u00f6chste Sicherheit f\u00fcr Ihr Langzeit-Energiespeichersystem. <\/li>\n<li>\ud83c\udfc5 <strong>Automobilqualit\u00e4t der Klasse A:<\/strong> Jede von DLCPO bezogene Zelle durchl\u00e4uft strenge Werkspr\u00fcfungen, um eine gleichbleibende Kapazit\u00e4t, einen gleichbleibenden Innenwiderstand und eine gleichbleibende Spannung zu gew\u00e4hrleisten. Diese erstklassige Qualit\u00e4t stellt sicher, dass Ihre in Reihe geschalteten Batteriestr\u00e4nge \u00fcber Tausende von Ladezyklen hinweg perfekt ausbalanciert bleiben. <\/li>\n<li>\ud83d\udd0b <strong>Effizienter Energiedurchsatz:<\/strong> Diese Zelle wurde f\u00fcr station\u00e4re Speicher mit hoher Energiedichte optimiert und bietet einen hohen Rundlaufwirkungsgrad, wodurch Energieverluste w\u00e4hrend der Lade- und Entladezyklen minimiert werden. Sie ist die ideale \u201eEnergies\u00e4ule\u201c f\u00fcr Solarstrom-Notstromversorgungen in Privathaushalten und gewerbliche ESS-Projekte. <\/li>\n<\/ul>\n<\/div>\n","protected":false},"excerpt":{"rendered":"<p>Entdecken Sie bei DLCPO die prismatische CATL-LiFePO4-Batteriezelle der Klasse A mit 240 Ah. Entwickelt f\u00fcr extreme K\u00e4ltebest\u00e4ndigkeit bei <span class=\"math-inline\" data-math=\"-30^\\circ\\text&lt;wpml_curved wpml_value='C'&gt;&lt;\/wpml_curved&gt;\" data-index-in-node=\"132\">-30 \u00b0C<\/span>, zeichnet sie sich durch hohe thermische Stabilit\u00e4t und Standard-VDA-Abmessungen aus. <\/p>\n","protected":false},"featured_media":2316,"template":"","meta":{"_acf_changed":false,"_joinchat":[]},"product_brand":[],"product_cat":[2325],"product_tag":[2670,2353,2671,2589,2672],"class_list":{"0":"post-8153","1":"product","2":"type-product","3":"status-publish","4":"has-post-thumbnail","6":"product_cat-catl","7":"product_tag-catl-240ah","8":"product_tag-dlcpo","9":"product_tag-kaltebestandige-batterie-batterie","10":"product_tag-prismatische-lfp","11":"product_tag-solarenergie-speicherung-speicher","12":"pa_capacity-240ah","14":"first","15":"instock","16":"shipping-taxable","17":"product-type-simple"},"acf":[],"_links":{"self":[{"href":"https:\/\/dlcpo.com\/de\/wp-json\/wp\/v2\/product\/8153","targetHints":{"allow":["GET"]}}],"collection":[{"href":"https:\/\/dlcpo.com\/de\/wp-json\/wp\/v2\/product"}],"about":[{"href":"https:\/\/dlcpo.com\/de\/wp-json\/wp\/v2\/types\/product"}],"version-history":[{"count":0,"href":"https:\/\/dlcpo.com\/de\/wp-json\/wp\/v2\/product\/8153\/revisions"}],"wp:featuredmedia":[{"embeddable":true,"href":"https:\/\/dlcpo.com\/de\/wp-json\/wp\/v2\/media\/2316"}],"wp:attachment":[{"href":"https:\/\/dlcpo.com\/de\/wp-json\/wp\/v2\/media?parent=8153"}],"wp:term":[{"taxonomy":"product_brand","embeddable":true,"href":"https:\/\/dlcpo.com\/de\/wp-json\/wp\/v2\/product_brand?post=8153"},{"taxonomy":"product_cat","embeddable":true,"href":"https:\/\/dlcpo.com\/de\/wp-json\/wp\/v2\/product_cat?post=8153"},{"taxonomy":"product_tag","embeddable":true,"href":"https:\/\/dlcpo.com\/de\/wp-json\/wp\/v2\/product_tag?post=8153"}],"curies":[{"name":"wp","href":"https:\/\/api.w.org\/{rel}","templated":true}]}}