{"id":8142,"date":"2026-03-10T20:49:24","date_gmt":"2026-03-10T12:49:24","guid":{"rendered":"https:\/\/dlcpo.com\/lishen-lp44147272-130ah-lifepo4-hochleistungszelle\/"},"modified":"2026-03-10T20:49:24","modified_gmt":"2026-03-10T12:49:24","slug":"lishen-lp44147272-130ah-lifepo4-hochleistungszelle","status":"publish","type":"product","link":"https:\/\/dlcpo.com\/de\/lishen-lp44147272-130ah-lifepo4-hochleistungszelle\/","title":{"rendered":"Lishen LP44147272-130Ah 3,2 V LiFePO4 der Klasse A prismatische Batterie Zelle \u2013 Hochleistungs- 3C Antriebs- L\u00f6sung f\u00fcr industrielle Elektrofahrzeuge &amp; Gabelstapler"},"content":{"rendered":"<div class=\"product-description-container\">\n<p>Die <strong>Lishen LP44147272 130Ah LiFePO4-Hochleistungszelle<\/strong> ist eine L\u00f6sung in Automobilqualit\u00e4t, die speziell f\u00fcr anspruchsvolle Antriebsanwendungen entwickelt wurde. Hergestellt von Lishen, einem weltweit f\u00fchrenden Tier-1-Pionier im Bereich Lithium, ist dieses Kraftpaket darauf ausgelegt, massive Stromspitzen zu liefern, was es zur ersten Wahl f\u00fcr industrielle Schwerlastfahrzeuge und elektrische Antriebssysteme mit hohem Drehmoment macht, bei denen herk\u00f6mmliche Speicherzellen einfach nicht mithalten k\u00f6nnen. <\/p>\n<h3>Highlights der fortschrittlichen Leistung: Die Kraft der Traktion<\/h3>\n<ul>\n<li>\u26a1 <strong>Un\u00fcbertroffene Entladeleistung (6C-Impuls):<\/strong> Die f\u00fcr extreme Belastungen entwickelte <strong>Lishen LP44147272 130Ah LiFePO4-Hochleistungszelle<\/strong> unterst\u00fctzt eine konstante <strong>3C (390 A) Dauerentladung<\/strong> und kann f\u00fcr 10 Sekunden auf bis zu <strong>6C (780 A)<\/strong> gesteigert werden. Dies gew\u00e4hrleistet einen Spannungsabfall von Null bei Spitzenbeschleunigung oder hohen Hebeanforderungen. <\/li>\n<li>\ud83d\udcc9 <strong>Pr\u00e4zisions-Niederohmtechnik:<\/strong> Mit einem rekordtiefen Innenwiderstand von <strong>\u2264 1,0 m\u03a9<\/strong> minimiert der LP44147272 die W\u00e4rmeentwicklung selbst unter extremen Betriebsbedingungen. Dies f\u00fchrt zu einer effizienteren Energie\u00fcbertragung und einer deutlich l\u00e4ngeren Lebensdauer der Zellen in Umgebungen mit hohen Stromst\u00e4rken.<\/li>\n<li>\ud83c\udfd7\ufe0f <strong>Robustes industrielles prismatisches Design:<\/strong> Das hochfeste Aluminium prismatische Geh\u00e4use (ca. <strong>147,4 x 44,4 x 259,4 mm<\/strong>) bietet hervorragende strukturelle Integrit\u00e4t und optimierte W\u00e4rmeableitung . Diese robuste Konstruktion ist unerl\u00e4sslich f\u00fcr die hoch -vibrationsreichen Umgebungen typisch f\u00fcr industrielle Gabelstapler, LKWs, und Schlepper. <\/li>\n<li>\ud83d\ude9c <strong>Optimiert f\u00fcr den Einsatz unter extremen Belastungen:<\/strong> Diese 130-Ah-Zelle ist mehr als nur ein Speichermedium \u2013 sie ist ein \u201eAntriebsspezialist\u201c. Sie ist der ideale Baustein f\u00fcr industrielle 24-V-, 48-V- oder 80-V-Batteriepacks, die eine schnelle Energieauff\u00fcllung und extreme mechanische Belastbarkeit erfordern. <\/li>\n<li>\ud83c\udfc5 <strong>Konsistenz auf Tier-1-Niveau f\u00fcr die Automobilindustrie:<\/strong> Jede Zelle stammt aus den erstklassigen automatisierten Produktionslinien von Lishen und garantiert h\u00f6chste Konsistenz bei Spannung und Kapazit\u00e4t. Diese auf die Automobilindustrie abgestimmte Qualit\u00e4t stellt sicher, dass gro\u00dfe Batteriestr\u00e4nge ausgeglichen bleiben, wodurch die Zuverl\u00e4ssigkeit Ihrer unternehmenskritischen Industrieflotte maximiert wird. <\/li>\n<\/ul>\n<\/div>\n","protected":false},"excerpt":{"rendered":"<p>Entdecken Sie die Lishen LP44147272 130Ah LiFePO4-Hochleistungszelle bei DLCPO. Entwickelt f\u00fcr eine Dauerentladung mit 3C und eine Impulsentladung mit 6C. Ideal f\u00fcr Gabelstapler, schwere Industriefahrzeuge und Motoren mit hohem Drehmoment.<\/p>\n","protected":false},"featured_media":2335,"template":"","meta":{"_acf_changed":false,"_joinchat":[]},"product_brand":[],"product_cat":[2333],"product_tag":[2656,2353,2657,2654,2655],"class_list":{"0":"post-8142","1":"product","2":"type-product","3":"status-publish","4":"has-post-thumbnail","6":"product_cat-lishen","7":"product_tag-antriebsbatteriezelle","8":"product_tag-dlcpo","9":"product_tag-hochleistungs-lfp","10":"product_tag-lishen-130ah","11":"product_tag-lp44147272","12":"pa_capacity-130ah","14":"first","15":"instock","16":"shipping-taxable","17":"product-type-simple"},"acf":[],"_links":{"self":[{"href":"https:\/\/dlcpo.com\/de\/wp-json\/wp\/v2\/product\/8142","targetHints":{"allow":["GET"]}}],"collection":[{"href":"https:\/\/dlcpo.com\/de\/wp-json\/wp\/v2\/product"}],"about":[{"href":"https:\/\/dlcpo.com\/de\/wp-json\/wp\/v2\/types\/product"}],"version-history":[{"count":0,"href":"https:\/\/dlcpo.com\/de\/wp-json\/wp\/v2\/product\/8142\/revisions"}],"wp:featuredmedia":[{"embeddable":true,"href":"https:\/\/dlcpo.com\/de\/wp-json\/wp\/v2\/media\/2335"}],"wp:attachment":[{"href":"https:\/\/dlcpo.com\/de\/wp-json\/wp\/v2\/media?parent=8142"}],"wp:term":[{"taxonomy":"product_brand","embeddable":true,"href":"https:\/\/dlcpo.com\/de\/wp-json\/wp\/v2\/product_brand?post=8142"},{"taxonomy":"product_cat","embeddable":true,"href":"https:\/\/dlcpo.com\/de\/wp-json\/wp\/v2\/product_cat?post=8142"},{"taxonomy":"product_tag","embeddable":true,"href":"https:\/\/dlcpo.com\/de\/wp-json\/wp\/v2\/product_tag?post=8142"}],"curies":[{"name":"wp","href":"https:\/\/api.w.org\/{rel}","templated":true}]}}