{"id":8138,"date":"2026-03-11T07:41:03","date_gmt":"2026-03-10T23:41:03","guid":{"rendered":"https:\/\/dlcpo.com\/lishen-lp71173207-280ah-lifepo4-prismatische-batteriezelle\/"},"modified":"2026-03-11T07:41:03","modified_gmt":"2026-03-10T23:41:03","slug":"lishen-lp71173207-280ah-lifepo4-prismatische-batteriezelle","status":"publish","type":"product","link":"https:\/\/dlcpo.com\/de\/lishen-lp71173207-280ah-lifepo4-prismatische-batteriezelle\/","title":{"rendered":"Lishen LP71173207 280 Ah, 3,2 V, LiFePO4-Prismenzelle der G\u00fcteklasse A \u2013 Pr\u00e4zisionsausf\u00fchrung mit niedrigem Widerstand \u2013 LFP nach Industriestandard f\u00fcr Solar-ESS und Schifffahrt"},"content":{"rendered":"<div class=\"product-description-container\">\n<p>Die <strong>Lishen LP71173207 280-Ah-LiFePO4-Prismenzelle<\/strong> ist ein Eckpfeiler des weltweiten \u00dcbergangs zu erneuerbaren Energien. Als L\u00f6sung in Automobilqualit\u00e4t wurde sie sorgf\u00e4ltig entwickelt, um die hohen Anforderungen von Gro\u00dfspeichern und der industriellen Elektromobilit\u00e4t zu erf\u00fcllen. Mit fast <strong>1 kWh Energie pro Zelle<\/strong> gilt sie als Goldstandard f\u00fcr Batterieprojekte mit hoher Energiedichte und langer Lebensdauer.  <\/p>\n<h3>Un\u00fcbertroffene technische Effizienz und industrielle Leistungsst\u00e4rke<\/h3>\n<ul>\n<li>\ud83d\udcc9 <strong>Pr\u00e4zisions-Niederohmigkeit (\u2264 0,2 m\u03a9):<\/strong> Dank ihres branchenf\u00fchrenden extrem niedrigen Innenwiderstands minimiert die <strong>Lishen LP71173207 280Ah LiFePO4-Prismenzelle<\/strong> Energieverluste selbst bei Zyklen mit hohem Strom. Dies f\u00fchrt zu einem deutlich k\u00fchleren Betrieb und einem h\u00f6heren Gesamtrundtrip-Wirkungsgrad des Systems. <\/li>\n<li>\ud83d\udd0b <strong>Enorme Energiekapazit\u00e4t (fast 1 kWh):<\/strong> Die beachtliche Kapazit\u00e4t von 280 Ah erm\u00f6glicht den Aufbau von Batterieb\u00e4nken mit hoher Energiekapazit\u00e4t bei weniger Parallelschaltungen. Dies vereinfacht die BMS-Verwaltung, verringert den Verkabelungsaufwand und minimiert potenzielle Fehlerquellen in gro\u00dfen Energiespeichersystemen (ESS). <\/li>\n<li>\u23f3 <strong>Hohe Zykluslebensdauer (\u00fcber 2.000 bei 1C):<\/strong> Entwickelt f\u00fcr extreme Belastbarkeit, bietet diese Zelle \u00fcber <strong>2.000 Zyklen bei 1C-Ladestrom<\/strong> (und deutlich mehr bei 0,5C). Dies entspricht einer Lebensdauer von 10\u201315 Jahren bei zuverl\u00e4ssigem t\u00e4glichem Einsatz in typischen Solarenergie-Speicher- Umgebungen . <\/li>\n<li>\ud83c\udfc5 <strong>Konsistenz auf Automobilniveau:<\/strong> Jede Zelle wird in den erstklassigen automatisierten Produktionsanlagen von Lishen hergestellt und gew\u00e4hrleistet eine optimale Abstimmung von Spannung und Kapazit\u00e4t. Diese auf die Automobilindustrie zur\u00fcckgehende Qualit\u00e4t ist entscheidend f\u00fcr die Aufrechterhaltung des String-Gleichgewichts und der Langlebigkeit in Gro\u00dfanlagen. <\/li>\n<li>\ud83c\udfe2 <strong>Der Bereich Industrieenergie:<\/strong> Ob beim Antrieb von Elektrobussen oder bei der Stabilisierung des Stromnetzes \u2013 das robuste prismatische Design und die stabile LFP-Chemie bieten die thermische Stabilit\u00e4t und strukturelle Integrit\u00e4t, die f\u00fcr gesch\u00e4ftskritische industrielle Anwendungen weltweit erforderlich sind.<\/li>\n<\/ul>\n<\/div>\n","protected":false},"excerpt":{"rendered":"<p>Entdecken Sie die prismatische LiFePO4-Batteriezelle Lishen LP71173207 mit 280 Ah bei DLCPO. Mit einem niedrigen Widerstand von &lt;0,2 m\u03a9, einer Energiekapazit\u00e4t von 1 kWh pro Zelle und \u00fcber 2.000 Ladezyklen bei 1C-Ladestrom. Ideal f\u00fcr ESS-Anwendungen im Versorgungs- und Industriebereich. <\/p>\n","protected":false},"featured_media":2340,"template":"","meta":{"_acf_changed":false,"_joinchat":[]},"product_brand":[],"product_cat":[2333],"product_tag":[2353,2653,2592,2652,2644],"class_list":{"0":"post-8138","1":"product","2":"type-product","3":"status-publish","4":"has-post-thumbnail","6":"product_cat-lishen","7":"product_tag-dlcpo","8":"product_tag-ess-losung-fur-versorgungsunternehmen","9":"product_tag-lifepo4-prismatisch","10":"product_tag-lishen-280ah","11":"product_tag-lp71173207","12":"pa_capacity-280ah","14":"first","15":"instock","16":"shipping-taxable","17":"product-type-simple"},"acf":[],"_links":{"self":[{"href":"https:\/\/dlcpo.com\/de\/wp-json\/wp\/v2\/product\/8138","targetHints":{"allow":["GET"]}}],"collection":[{"href":"https:\/\/dlcpo.com\/de\/wp-json\/wp\/v2\/product"}],"about":[{"href":"https:\/\/dlcpo.com\/de\/wp-json\/wp\/v2\/types\/product"}],"version-history":[{"count":0,"href":"https:\/\/dlcpo.com\/de\/wp-json\/wp\/v2\/product\/8138\/revisions"}],"wp:featuredmedia":[{"embeddable":true,"href":"https:\/\/dlcpo.com\/de\/wp-json\/wp\/v2\/media\/2340"}],"wp:attachment":[{"href":"https:\/\/dlcpo.com\/de\/wp-json\/wp\/v2\/media?parent=8138"}],"wp:term":[{"taxonomy":"product_brand","embeddable":true,"href":"https:\/\/dlcpo.com\/de\/wp-json\/wp\/v2\/product_brand?post=8138"},{"taxonomy":"product_cat","embeddable":true,"href":"https:\/\/dlcpo.com\/de\/wp-json\/wp\/v2\/product_cat?post=8138"},{"taxonomy":"product_tag","embeddable":true,"href":"https:\/\/dlcpo.com\/de\/wp-json\/wp\/v2\/product_tag?post=8138"}],"curies":[{"name":"wp","href":"https:\/\/api.w.org\/{rel}","templated":true}]}}