{"id":8132,"date":"2026-03-11T08:55:23","date_gmt":"2026-03-11T00:55:23","guid":{"rendered":"https:\/\/dlcpo.com\/lishen-lp54173207-202ah-lifepo%e2%82%84-batteriezelle-mit-m6-anschluss\/"},"modified":"2026-03-11T08:55:23","modified_gmt":"2026-03-11T00:55:23","slug":"lishen-lp54173207-202ah-lifepo%e2%82%84-batteriezelle-mit-m6-anschluss","status":"publish","type":"product","link":"https:\/\/dlcpo.com\/de\/lishen-lp54173207-202ah-lifepo%e2%82%84-batteriezelle-mit-m6-anschluss\/","title":{"rendered":"Lishen LP54173207 202 Ah, 3,2 V, LiFePO4 der Klasse A prismatische Batterie Zelle mit M6-Laser-Schrauben \u2013 Extreme K\u00e4lte Best\u00e4ndigkeit -35 \u00b0C f\u00fcr Solar-ESS &amp; EV"},"content":{"rendered":"<div class=\"product-description-container\">\n<p>Die <strong>Lishen LP54173207 202Ah LiFePO4-Batteriezelle mit M6-Laserschwei\u00dfbolzen<\/strong> ist eine Vorzeigel\u00f6sung, die die L\u00fccke zwischen industrieller Spitzenleistung und einfacher Handhabung f\u00fcr Heimwerker schlie\u00dft. Diese von Lishen, einem weltweit f\u00fchrenden Tier-1-Pionier im Bereich Lithium, entwickelte prismatische Zelle der Klasse A verf\u00fcgt \u00fcber werkseitig installierte <strong>M6-Laserschwei\u00dfbolzen<\/strong>, wodurch riskantes Bohren oder Gewindeschneiden an den Anschl\u00fcssen entf\u00e4llt und sie zur benutzerfreundlichsten Wahl f\u00fcr den Bau professioneller Batteriemodule wird. <\/p>\n<h3>Un\u00fcbertroffene Verarbeitungsqualit\u00e4t: M\u00fchelose Verbindung und hohe Leistung<\/h3>\n<ul>\n<li>\ud83d\udd29 <strong>M6-Laserbolzen-Anschluss:<\/strong> Die werkseitig installierten M6-Laserbolzen an der <strong>Lishen LP54173207 202Ah LiFePO4-Batteriezelle mit M6-Bolzen<\/strong> sorgen f\u00fcr eine hervorragende elektrische Verbindung. Im Vergleich zu von Hand gebohrten L\u00f6chern reduziert diese spezielle Schnittstelle den Anschlusswiderstand erheblich und verhindert das Risiko einer \u00dcberhitzung bei hohen Stromaufnahmen. <\/li>\n<li>\u2744\ufe0f <strong>Extreme Widerstandsf\u00e4higkeit in arktischen Bedingungen (-35 \u00b0C):<\/strong> Im Gegensatz zu herk\u00f6mmlichen LFP-Zellen, die im Winter Probleme haben, bietet die LP54173207 auch bei Minustemperaturen bis hinunter zu <strong>-35 \u00b0C<\/strong> eine zuverl\u00e4ssige Entladeleistung. Dank dieser Umweltbest\u00e4ndigkeit eignet sie sich ideal f\u00fcr Energiespeicher im Au\u00dfenbereich, Wohnmobile und netzunabh\u00e4ngige Solarh\u00fctten in rauen Klimazonen. <\/li>\n<li>\ud83d\udd0b <strong>\u00dcber 3.500 Zyklen Zuverl\u00e4ssigkeit:<\/strong> Entwickelt f\u00fcr den langfristigen Einsatz, diese Zelle der Klasse A bietet \u00fcber <strong>3.500 vollst\u00e4ndige Tiefentladungszyklen<\/strong>. Dies entspricht mehr als \u00fcber ein Jahrzehnt mit t\u00e4glichen Sonnenzyklen bei minimalem Kapazit\u00e4tsverlust , was eine au\u00dfergew\u00f6hnliche Rendite auf die Investition (ROI) gew\u00e4hrleistet. <\/li>\n<li>\ud83c\udfd7\ufe0f <strong>Standardisierte industrielle Abmessungen:<\/strong> Dank ihrer robusten Abmessungen von <strong>173,8 mm x 53,7 mm x 200,1 mm<\/strong> lassen sich diese Zellen leicht stapeln und zu 12-V-, 24-V- oder 48-V-Batterieb\u00e4nken zusammenf\u00fcgen. Das prismatische Aluminiumgeh\u00e4use gew\u00e4hrleistet strukturelle Integrit\u00e4t und hohe thermische Durchbruchschwellen. <\/li>\n<li>\ud83c\udfc5 <strong>Konsistenz auf Tier-1-Niveau in der Automobilindustrie:<\/strong> Da die Zellen aus den automatisierten Produktionslinien von Lishen stammen (einem bew\u00e4hrten Zulieferer gro\u00dfer Elektrofahrzeugmarken), garantiert jede Zelle eine erstklassige Konsistenz hinsichtlich Kapazit\u00e4t und Innenwiderstand \u2013 ein entscheidender Faktor f\u00fcr die langfristige Ausgewogenheit der Strings.<\/li>\n<\/ul>\n<\/div>\n","protected":false},"excerpt":{"rendered":"<p>Entdecken Sie die Lishen LP54173207 202Ah LiFePO4-Batteriezelle mit M6-Gewindestift bei DLCPO. Mit werkseitig angeschwei\u00dften M6-Gewindestiften f\u00fcr m\u00fchelosen Anschluss, arktischer Best\u00e4ndigkeit bis -35 \u00b0C und \u00fcber 3.500 Ladezyklen. Qualit\u00e4t der Klasse A.<\/p>\n","protected":false},"featured_media":2348,"template":"","meta":{"_acf_changed":false,"_joinchat":[]},"product_brand":[],"product_cat":[2333],"product_tag":[2353,2635,2648,2647,2649],"class_list":{"0":"post-8132","1":"product","2":"type-product","3":"status-publish","4":"has-post-thumbnail","6":"product_cat-lishen","7":"product_tag-dlcpo","8":"product_tag-lishen-202ah","9":"product_tag-lp54173207","10":"product_tag-m6-laser-studs","11":"product_tag-netzunabhangige-solaranlage-batterie","12":"pa_capacity-202ah","14":"first","15":"instock","16":"shipping-taxable","17":"product-type-simple"},"acf":[],"_links":{"self":[{"href":"https:\/\/dlcpo.com\/de\/wp-json\/wp\/v2\/product\/8132","targetHints":{"allow":["GET"]}}],"collection":[{"href":"https:\/\/dlcpo.com\/de\/wp-json\/wp\/v2\/product"}],"about":[{"href":"https:\/\/dlcpo.com\/de\/wp-json\/wp\/v2\/types\/product"}],"version-history":[{"count":0,"href":"https:\/\/dlcpo.com\/de\/wp-json\/wp\/v2\/product\/8132\/revisions"}],"wp:featuredmedia":[{"embeddable":true,"href":"https:\/\/dlcpo.com\/de\/wp-json\/wp\/v2\/media\/2348"}],"wp:attachment":[{"href":"https:\/\/dlcpo.com\/de\/wp-json\/wp\/v2\/media?parent=8132"}],"wp:term":[{"taxonomy":"product_brand","embeddable":true,"href":"https:\/\/dlcpo.com\/de\/wp-json\/wp\/v2\/product_brand?post=8132"},{"taxonomy":"product_cat","embeddable":true,"href":"https:\/\/dlcpo.com\/de\/wp-json\/wp\/v2\/product_cat?post=8132"},{"taxonomy":"product_tag","embeddable":true,"href":"https:\/\/dlcpo.com\/de\/wp-json\/wp\/v2\/product_tag?post=8132"}],"curies":[{"name":"wp","href":"https:\/\/api.w.org\/{rel}","templated":true}]}}