{"id":8126,"date":"2026-03-11T09:25:39","date_gmt":"2026-03-11T01:25:39","guid":{"rendered":"https:\/\/dlcpo.com\/lishen-lp27148134-40-ah-lifepo%e2%82%84-6c-hochleistungsakku\/"},"modified":"2026-03-11T09:25:39","modified_gmt":"2026-03-11T01:25:39","slug":"lishen-lp27148134-40-ah-lifepo%e2%82%84-6c-hochleistungsakku","status":"publish","type":"product","link":"https:\/\/dlcpo.com\/de\/lishen-lp27148134-40-ah-lifepo%e2%82%84-6c-hochleistungsakku\/","title":{"rendered":"Lishen LP27148134 40 Ah 3,2 V LiFePO4-Prismenzelle der G\u00fcteklasse A \u2013 Extrem hohe Entladerate von 6C \u2013 Leichte 1,05 kg schwere Energiezelle f\u00fcr Starthilfeger\u00e4te und Elektroantriebe"},"content":{"rendered":"<div class=\"product-description-container\">\n<p>Die <strong>Lishen LP27148134 40Ah LiFePO4 6C Hochleistungsbatterie<\/strong> ist eine Klasse f\u00fcr sich. W\u00e4hrend die meisten LFP-Zellen f\u00fcr die station\u00e4re Energiespeicherung ausgelegt sind, wurde diese industrielle <strong>Power-Type LiFePO4<\/strong>-Zelle speziell f\u00fcr Bewegung und Geschwindigkeit entwickelt. Durch die Unterbringung einer Kapazit\u00e4t von 40 Ah in einem kompakten, 1,05 kg schweren Geh\u00e4use kann sie einen enormen Dauerstrom von <strong>240 A (6C)<\/strong> liefern, was sie zur ersten Wahl f\u00fcr elektrische Antriebe mit hohem Drehmoment und mobile Umgebungen mit starken Vibrationen macht.  <\/p>\n<h3>\u00dcberlegene Hochleistungsvorteile: Der Meister der Traktion<\/h3>\n<ul>\n<li>\ud83d\ude80 <strong>Un\u00fcbertroffene Leistungsabgabe (8C-Impuls):<\/strong> Unterst\u00fctzt eine enorme <strong>6C-Dauerentladung<\/strong> und bis zu <strong>8C (320 A) im Impulsmodus<\/strong> unterst\u00fctzt, sorgt die <strong>Lishen LP27148134 40Ah LiFePO4 6C Hochleistungsbatterie<\/strong> daf\u00fcr, dass Ihre Motoren die ben\u00f6tigte Spitzenleistung erhalten, ohne die f\u00fcr Standard-Speicherzellen typischen Spannungseinbr\u00fcche.<\/li>\n<li>\ud83d\udcc9 <strong>Effizienz auf Industriestandard:<\/strong> Der Innenwiderstand ist der Feind der Leistung. Mit einem extrem niedrigen Wechselstromwiderstand von <strong>\u2264 0,7 m\u03a9<\/strong> erzeugt der LP27148134 selbst unter extremer Belastung nur minimale W\u00e4rme, was die Systemzuverl\u00e4ssigkeit und den Rundlaufwirkungsgrad bei Hochleistungszyklen deutlich erh\u00f6ht. <\/li>\n<li>\u2744\ufe0f <strong>Robuste Temperaturbest\u00e4ndigkeit: <\/strong> Ob in arktischen Umgebungen oder industriellen unbeheizten Lagerhallen, beh\u00e4lt diese Zelle eine zuverl\u00e4ssige Entladungsleistung bei Temperaturen von <strong> -30 \u00b0C bis zu 55 \u00b0C<\/strong>, weit \u00fcber Standard Verbraucher Lithium Grenzwerte und Gew\u00e4hrleistung der Betriebszeit in den rauesten Klimazonen.<\/li>\n<li>\ud83d\udfda <strong>Das ultimative Leistungsgewicht:<\/strong> Mit einem Gewicht von nur <strong>1,05 kg<\/strong> erm\u00f6glicht diese Zelle Ingenieuren die Entwicklung unglaublich leistungsstarker Akkus, die deutlich leichter sind als herk\u00f6mmliche LFP-Konstruktionen \u2013 ein entscheidender Vorteil f\u00fcr gewichtssensible mobile Ger\u00e4te und leichte Elektrofahrzeuge.<\/li>\n<li>\ud83c\udfce\ufe0f <strong>Optimiert f\u00fcr Mobilit\u00e4t und Rennsport:<\/strong> Von Hochgeschwindigkeitsrobotik \u00fcber den Umbau von Elektrofahrzeugen bis hin zu Rennmotoren \u2013 die robuste, prismatische Bauweise des LP27148134 bietet die erforderliche mechanische Stabilit\u00e4t, um st\u00e4ndigen Vibrationen und schnellen Energiezufuhren standzuhalten.<\/li>\n<\/ul>\n<\/div>\n","protected":false},"excerpt":{"rendered":"<p>Entdecken Sie die Lishen LP27148134 40Ah LiFePO4 6C-Hochleistungsbatterie bei DLCPO. Mit einer Dauerleistung von 240 A und einer Impulsleistung von 320 A, einer Temperaturbest\u00e4ndigkeit bis -30 \u00b0C und extrem niedrigem Innenwiderstand. Tier-1-Zelle f\u00fcr Hochleistungsanwendungen.<\/p>\n","protected":false},"featured_media":2357,"template":"","meta":{"_acf_changed":false,"_joinchat":[]},"product_brand":[],"product_cat":[2333],"product_tag":[2640,2642,2641,2353,2639],"class_list":{"0":"post-8126","1":"product","2":"type-product","3":"status-publish","4":"has-post-thumbnail","6":"product_cat-lishen","7":"product_tag-40-ah-hoch-entladung","8":"product_tag-6c-dauerentladung","9":"product_tag-6c-lfp-batterie","10":"product_tag-dlcpo","11":"product_tag-lishen-lp27148134","12":"pa_capacity-40ah","14":"first","15":"instock","16":"shipping-taxable","17":"product-type-simple"},"acf":[],"_links":{"self":[{"href":"https:\/\/dlcpo.com\/de\/wp-json\/wp\/v2\/product\/8126","targetHints":{"allow":["GET"]}}],"collection":[{"href":"https:\/\/dlcpo.com\/de\/wp-json\/wp\/v2\/product"}],"about":[{"href":"https:\/\/dlcpo.com\/de\/wp-json\/wp\/v2\/types\/product"}],"version-history":[{"count":0,"href":"https:\/\/dlcpo.com\/de\/wp-json\/wp\/v2\/product\/8126\/revisions"}],"wp:featuredmedia":[{"embeddable":true,"href":"https:\/\/dlcpo.com\/de\/wp-json\/wp\/v2\/media\/2357"}],"wp:attachment":[{"href":"https:\/\/dlcpo.com\/de\/wp-json\/wp\/v2\/media?parent=8126"}],"wp:term":[{"taxonomy":"product_brand","embeddable":true,"href":"https:\/\/dlcpo.com\/de\/wp-json\/wp\/v2\/product_brand?post=8126"},{"taxonomy":"product_cat","embeddable":true,"href":"https:\/\/dlcpo.com\/de\/wp-json\/wp\/v2\/product_cat?post=8126"},{"taxonomy":"product_tag","embeddable":true,"href":"https:\/\/dlcpo.com\/de\/wp-json\/wp\/v2\/product_tag?post=8126"}],"curies":[{"name":"wp","href":"https:\/\/api.w.org\/{rel}","templated":true}]}}