{"id":8124,"date":"2026-03-11T13:55:45","date_gmt":"2026-03-11T05:55:45","guid":{"rendered":"https:\/\/dlcpo.com\/lishen-lp54173210-202ah-lifepo%e2%82%84-batteriezelle-klasse-a\/"},"modified":"2026-03-11T13:55:45","modified_gmt":"2026-03-11T05:55:45","slug":"lishen-lp54173210-202ah-lifepo%e2%82%84-batteriezelle-klasse-a","status":"publish","type":"product","link":"https:\/\/dlcpo.com\/de\/lishen-lp54173210-202ah-lifepo%e2%82%84-batteriezelle-klasse-a\/","title":{"rendered":"Lishen LP54173210 202 Ah, 3,2 V, LiFePO4 der Klasse A prismatische Batterie Zelle \u2013 in Automobilqualit\u00e4t Langlebigkeit f\u00fcr Solar- und Antriebsanwendungen"},"content":{"rendered":"<div class=\"product-description-container\">\n<p>Die <strong>Lishen LP54173210 202Ah LiFePO4-Batteriezelle der Klasse A<\/strong> ist eine prismatische Flaggschiff-L\u00f6sung, die auf maximale Zuverl\u00e4ssigkeit und Energiedurchsatz ausgelegt ist. Diese Zelle der Klasse A wird von Lishen hergestellt, einem globalen Pionier und f\u00fchrenden Tier-1-Anbieter im Bereich der Lithium-Ionen-Technologie, und wurde speziell entwickelt, um den hohen Anforderungen sowohl des Marktes f\u00fcr Elektrofahrzeuge (EV) als auch von station\u00e4ren Energiespeichersystemen (ESS) mit hoher Energiedichte gerecht zu werden. <\/p>\n<h3>Hochwertige technische Leistung: Standards in Automobilqualit\u00e4t<\/h3>\n<ul>\n<li>\u23f3 <strong>Langfristige Zyklusbest\u00e4ndigkeit:<\/strong> Die <strong>Lishen LP54173210 202Ah LiFePO4-Batteriezelle der Klasse A<\/strong> wurde f\u00fcr extreme Langlebigkeit entwickelt und ist f\u00fcr <strong>\u22653.000 vollst\u00e4ndige Tiefentladezyklen<\/strong> ausgelegt. Dies gew\u00e4hrleistet einen zuverl\u00e4ssigen t\u00e4glichen Betrieb \u00fcber ein Jahrzehnt oder l\u00e4nger in Solar-Notstrom- und Wohnmobil-Anwendungen bei minimalem Kapazit\u00e4tsverlust. <\/li>\n<li>\ud83d\udcc9 <strong>Extrem hoher Wirkungsgrad (\u2264 0,4 m\u03a9):<\/strong> Der Innenwiderstand ist ein entscheidender Faktor f\u00fcr das W\u00e4rmemanagement des Systems. Mit einer extrem niedrigen Impedanz von <strong>unter 0,4 m\u03a9<\/strong> gew\u00e4hrleistet der LP54173210 minimale Energieverluste bei Lade- und Entladezyklen unter hoher Last, was zu einem k\u00fchleren Betrieb und einer h\u00f6heren Gesamtsystemeffizienz f\u00fchrt. <\/li>\n<li>\ud83c\udfd7\ufe0f <strong>Standardisierte Leistungsgeometrie:<\/strong> Mit einer beachtlichen Kapazit\u00e4t von 202 Ah in einem standardisierten industriellen Formfaktor (<strong>173,8 mm x 53,7 mm x 200,1 mm<\/strong>), ist es eine ideale Wahl f\u00fcr den Bau leistungsstarker und kompakter 12-V-, 24V- oder 48V-Batterie-Module zu bauen.<\/li>\n<li>\ud83d\udfdb\ufe0f <strong>Sicherheit und Konsistenz auf Automobilniveau:<\/strong> Als Tier-1-Zulieferer f\u00fcr die Automobilindustrie gew\u00e4hrleistet Lishen eine erstklassige Konsistenz bei Spannung, Kapazit\u00e4t und Innenwiderstand. Jede Zelle verf\u00fcgt \u00fcber ein robustes prismatisches Aluminiumgeh\u00e4use und eine integrierte Sicherheitsentl\u00fcftung, was h\u00f6chste Sicherheit bei Installationen in Innenr\u00e4umen oder in mobilen Anwendungen bietet. <\/li>\n<li>\ud83d\ude90 <strong>Vielseitige Anwendungsst\u00e4rke:<\/strong> Die Kombination aus hoher Kapazit\u00e4t und stabiler LFP-Chemie macht diese Zelle zur ersten Wahl f\u00fcr professionelle Stromversorgungs-Upgrades in Wohnmobilen, Energiespeicher f\u00fcr Luxusyachten und netzunabh\u00e4ngige Solarh\u00fctten, die Zuverl\u00e4ssigkeit auf Tier-1-Niveau erfordern.<\/li>\n<\/ul>\n<\/div>\n","protected":false},"excerpt":{"rendered":"<p>Entdecken Sie die Lishen LP54173210 202Ah LiFePO4-Batteriezelle der Klasse A bei DLCPO. Mit \u2265<span class=\"math-inline\" data-math=\"\\ge 3,000\" data-index-in-node=\"113\">3.000<\/span> Ladezyklen, extrem niedrigem Widerstand von \u2264<span class=\"math-inline\" data-math=\"0.4\\text&lt;wpml_curved wpml_value='m'&gt;&lt;\/wpml_curved&gt;\\Omega\" data-index-in-node=\"141\">0,4 m\u03a9<\/span> und einer Konsistenz in Automobilqualit\u00e4t. Perfekt f\u00fcr Wohnmobile, Yachten und netzunabh\u00e4ngige Energiespeichersysteme (ESS). <\/p>\n","protected":false},"featured_media":2365,"template":"","meta":{"_acf_changed":false,"_joinchat":[]},"product_brand":[],"product_cat":[2333],"product_tag":[2353,2637,2635,2636,2638],"class_list":{"0":"post-8124","1":"product","2":"type-product","3":"status-publish","4":"has-post-thumbnail","6":"product_cat-lishen","7":"product_tag-dlcpo","8":"product_tag-lfp-prismenzelle","9":"product_tag-lishen-202ah","10":"product_tag-lp54173210","11":"product_tag-solar-batteriespeicher","12":"pa_capacity-202ah","14":"first","15":"instock","16":"shipping-taxable","17":"product-type-simple"},"acf":[],"_links":{"self":[{"href":"https:\/\/dlcpo.com\/de\/wp-json\/wp\/v2\/product\/8124","targetHints":{"allow":["GET"]}}],"collection":[{"href":"https:\/\/dlcpo.com\/de\/wp-json\/wp\/v2\/product"}],"about":[{"href":"https:\/\/dlcpo.com\/de\/wp-json\/wp\/v2\/types\/product"}],"version-history":[{"count":0,"href":"https:\/\/dlcpo.com\/de\/wp-json\/wp\/v2\/product\/8124\/revisions"}],"wp:featuredmedia":[{"embeddable":true,"href":"https:\/\/dlcpo.com\/de\/wp-json\/wp\/v2\/media\/2365"}],"wp:attachment":[{"href":"https:\/\/dlcpo.com\/de\/wp-json\/wp\/v2\/media?parent=8124"}],"wp:term":[{"taxonomy":"product_brand","embeddable":true,"href":"https:\/\/dlcpo.com\/de\/wp-json\/wp\/v2\/product_brand?post=8124"},{"taxonomy":"product_cat","embeddable":true,"href":"https:\/\/dlcpo.com\/de\/wp-json\/wp\/v2\/product_cat?post=8124"},{"taxonomy":"product_tag","embeddable":true,"href":"https:\/\/dlcpo.com\/de\/wp-json\/wp\/v2\/product_tag?post=8124"}],"curies":[{"name":"wp","href":"https:\/\/api.w.org\/{rel}","templated":true}]}}