{"id":8121,"date":"2026-03-11T14:17:24","date_gmt":"2026-03-11T06:17:24","guid":{"rendered":"https:\/\/dlcpo.com\/lishen-lp37173207-150ah-lifepo%e2%82%84-batteriezelle-klasse-a\/"},"modified":"2026-03-11T14:17:24","modified_gmt":"2026-03-11T06:17:24","slug":"lishen-lp37173207-150ah-lifepo%e2%82%84-batteriezelle-klasse-a","status":"publish","type":"product","link":"https:\/\/dlcpo.com\/de\/lishen-lp37173207-150ah-lifepo%e2%82%84-batteriezelle-klasse-a\/","title":{"rendered":"Lishen LP37173207 150 Ah, 3,2 V, LiFePO4-Prismenzelle der G\u00fcteklasse A \u2013 LP37173207 \u2013 Schlanke 37-mm-Zelle mit hoher Energiedichte f\u00fcr Wohnmobile, Boote und Solarstromspeicher"},"content":{"rendered":"<div class=\"product-description-container\">\n<p>Die <strong>Lishen LP37173207 150Ah LiFePO4-Batteriezelle der Klasse A<\/strong> ist eine leistungsstarke Energiel\u00f6sung, die f\u00fcr maximale Zuverl\u00e4ssigkeit in modernen Projekten zur Energiewende entwickelt wurde. Diese prismatische Zelle der Klasse A wird von Lishen hergestellt, einem globalen Pionier und f\u00fchrenden Tier-1-Anbieter im Bereich der Lithium-Ionen-Technologie, und wurde speziell entwickelt, um den hohen Anforderungen sowohl des Antriebs von Elektrofahrzeugen als auch von station\u00e4ren Energiespeichersystemen (ESS) mit hoher Energiedichte gerecht zu werden. <\/p>\n<h3>Hochwertige technische Leistung: Zuverl\u00e4ssigkeit auf Automobilniveau<\/h3>\n<ul>\n<li>\ud83d\udccf <strong>Standardisiertes schlankes Profil (37 mm):<\/strong> Mit einer beachtlichen Kapazit\u00e4t von 150 Ah in einem standardisierten prismatischen Aluminiumgeh\u00e4use (ca. <strong>174 mm x 37 mm x 207 mm<\/strong>) erm\u00f6glicht die <strong>Lishen LP37173207 150Ah LiFePO4-Batteriezelle der Klasse A<\/strong> den Aufbau von Batterieb\u00e4nken mit hoher Energiedichte. Ihr schlankes Profil eignet sich perfekt f\u00fcr den Bau kompakter, platzsparender Batteriegeh\u00e4use ohne unn\u00f6tigen Platzbedarf. <\/li>\n<li>\ud83d\udcc9 <strong>Au\u00dfergew\u00f6hnliche Effizienz (&lt; 0,5 m\u03a9):<\/strong> Der interne Widerstand ist der Feind der Effizienz. Mit einer extrem niedrigen Impedanz von <strong>unter 0,5 m\u03a9<\/strong>, minimiert diese Zelle den Energieverlust w\u00e4hrend hochbelasteter Lade- und Entladezyklen , und sorgt so f\u00fcr einen k\u00fchleren Betrieb sowie einen h\u00f6heren Gesamtwirkungsgrad des Systems im Rundlauf. <\/li>\n<li>\ud83d\udd0b <strong>Langzeit-Zyklusbest\u00e4ndigkeit:<\/strong> Diese auf Langlebigkeit ausgelegten Zellen bieten <strong>\u00fcber 3.000 vollst\u00e4ndige Tiefentladezyklen<\/strong>. Dies entspricht einem Jahrzehnt oder mehr zuverl\u00e4ssigem t\u00e4glichen Betrieb in anspruchsvollen Umgebungen wie netzunabh\u00e4ngigen H\u00fctten, Solar-Notstromversorgungen und Stromversorgungssystemen f\u00fcr Wohnmobile bei minimalem Kapazit\u00e4tsverlust. <\/li>\n<li>\ud83c\udfc6 <strong>Erfahrung in der Tier-1-Automobilindustrie:<\/strong> Lishen ist ein bew\u00e4hrter Zulieferer f\u00fcr f\u00fchrende globale EV-Hersteller. Jede LP37173207 Zelle, die von DLCPO bezogen wird, ist <strong>von Grade-A-Qualit\u00e4t<\/strong>, und gew\u00e4hrleistet eine f\u00fcr die Automobilindustrie typische Konsistenz bei Spannung, Kapazit\u00e4t, und Sicherheit \u2013 entscheidend f\u00fcr die Aufrechterhaltung des Gleichgewichts in gro\u00dfen Multi-Zellen- Strings.<\/li>\n<li>\ud83d\ude90 <strong>Optimiert f\u00fcr Wohnmobile &amp; Solar-ESS:<\/strong> Das robuste prismatische Design und stabile LFP Chemie machen diese Zelle \u00e4u\u00dferst widerstandsf\u00e4hig gegen\u00fcber Vibrationen und thermischen Belastungen. Sie ist die erste Wahl f\u00fcr 12-V-, 24-V- oder 48-V- Umr\u00fcstungen in mobilen Wohnmobilen und privaten Solarprojekten , die maximale Sicherheit erfordern. <\/li>\n<\/ul>\n<\/div>\n","protected":false},"excerpt":{"rendered":"<p>Entdecken Sie die hochwertige Lishen LP37173207 150Ah LiFePO4-Batteriezelle bei DLCPO. Mit einem schlanken 37-mm-Profil, einem extrem niedrigen Widerstand von &lt;0,5 m\u03a9 und \u00fcber 3.000 Ladezyklen. Ideal f\u00fcr Wohnmobile und zur Speicherung von Solarenergie. <\/p>\n","protected":false},"featured_media":2369,"template":"","meta":{"_acf_changed":false,"_joinchat":[]},"product_brand":[],"product_cat":[2333],"product_tag":[2353,2631,2632,2633,2634],"class_list":{"0":"post-8121","1":"product","2":"type-product","3":"status-publish","4":"has-post-thumbnail","6":"product_cat-lishen","7":"product_tag-dlcpo","8":"product_tag-lishen-150ah","9":"product_tag-lp37173207","10":"product_tag-schlanke-prismenzelle","11":"product_tag-wohnmobil-solarbatterie","12":"pa_capacity-150ah","14":"first","15":"instock","16":"shipping-taxable","17":"product-type-simple"},"acf":[],"_links":{"self":[{"href":"https:\/\/dlcpo.com\/de\/wp-json\/wp\/v2\/product\/8121","targetHints":{"allow":["GET"]}}],"collection":[{"href":"https:\/\/dlcpo.com\/de\/wp-json\/wp\/v2\/product"}],"about":[{"href":"https:\/\/dlcpo.com\/de\/wp-json\/wp\/v2\/types\/product"}],"version-history":[{"count":0,"href":"https:\/\/dlcpo.com\/de\/wp-json\/wp\/v2\/product\/8121\/revisions"}],"wp:featuredmedia":[{"embeddable":true,"href":"https:\/\/dlcpo.com\/de\/wp-json\/wp\/v2\/media\/2369"}],"wp:attachment":[{"href":"https:\/\/dlcpo.com\/de\/wp-json\/wp\/v2\/media?parent=8121"}],"wp:term":[{"taxonomy":"product_brand","embeddable":true,"href":"https:\/\/dlcpo.com\/de\/wp-json\/wp\/v2\/product_brand?post=8121"},{"taxonomy":"product_cat","embeddable":true,"href":"https:\/\/dlcpo.com\/de\/wp-json\/wp\/v2\/product_cat?post=8121"},{"taxonomy":"product_tag","embeddable":true,"href":"https:\/\/dlcpo.com\/de\/wp-json\/wp\/v2\/product_tag?post=8121"}],"curies":[{"name":"wp","href":"https:\/\/api.w.org\/{rel}","templated":true}]}}