{"id":8114,"date":"2026-03-11T14:47:16","date_gmt":"2026-03-11T06:47:16","guid":{"rendered":"https:\/\/dlcpo.com\/lishen-lp2770102ac-12-5ah-lifepo4-mini-prismatische-zelle\/"},"modified":"2026-03-11T14:47:16","modified_gmt":"2026-03-11T06:47:16","slug":"lishen-lp2770102ac-12-5ah-lifepo4-mini-prismatische-zelle","status":"publish","type":"product","link":"https:\/\/dlcpo.com\/de\/lishen-lp2770102ac-12-5ah-lifepo4-mini-prismatische-zelle\/","title":{"rendered":"Lishen LP2770102AC 12,5 Ah, 3,2 V, LiFePO4-Prismenzelle der G\u00fcteklasse A \u2013 ultraleicht (353 g) \u2013 Mini-Akku mit M6-Gewindestiften f\u00fcr tragbare Systeme"},"content":{"rendered":"<div class=\"product-description-container\">\n<p>Die <strong>Lishen LP2770102AC 12,5-Ah-LiFePO4-Mini-Prismenzelle<\/strong> ist eine spezialisierte Energiel\u00f6sung, die f\u00fcr die n\u00e4chste Generation hochpr\u00e4ziser tragbarer Technologien entwickelt wurde. Hergestellt von Lishen, einem weltweit f\u00fchrenden Tier-1-Anbieter im Bereich der Lithiumforschung f\u00fcr die Automobilindustrie, bietet diese prismatische \u201eMini\u201c-Zelle der Klasse A professionelle Leistungsf\u00e4higkeit f\u00fcr kleine Anwendungen, bei denen Platzersparnis und Gewichtsreduzierung oberste Priorit\u00e4t haben. <\/p>\n<h3>H\u00f6chste Mobilit\u00e4t und Leistung bei hoher Speicherdichte<\/h3>\n<ul>\n<li>\ud83e\udeb6 <strong>Federleichtes Design (353 g): <\/strong> Mit einem Gewicht von nur <strong>353 g<\/strong> ist die <strong>Lishen LP2770102AC 12,5-Ah-LiFePO4-Mini-Prismenzelle<\/strong> eine der leichtesten prismatischen LFP-L\u00f6sungen auf dem Markt. Sie erm\u00f6glicht es Ingenieuren, die Betriebszeit der Ger\u00e4te deutlich zu maximieren und gleichzeitig die Gesamtbelastung durch Handger\u00e4te zu minimieren. <\/li>\n<li>\ud83d\udccf <strong>Ultrakompakte Grundfl\u00e4che von 27 mm:<\/strong> Dank seiner schlanken <strong>St\u00e4rke von 27 mm<\/strong> und der optimierten H\u00f6he (Gesamtma\u00dfe ca. 70 x 27 x 103 mm) l\u00e4sst er sich besonders leicht in beengte Einbaur\u00e4ume integrieren. Dieser \u201eGoldilocks\u201c-Formfaktor ist ideal f\u00fcr schlanke Batteriegeh\u00e4use, in die standardm\u00e4\u00dfige zylindrische oder gr\u00f6\u00dfere prismatische Zellen einfach nicht passen. <\/li>\n<li>\ud83d\udee1\ufe0f <strong>Hervorragende Sicherheit &amp; industrielle Lebensdauer:<\/strong> Durch den Einsatz der \u00e4u\u00dferst stabilen LFP-Chemie, bietet diese Zelle eine zuverl\u00e4ssige Zyklus lebensdauer von <strong>\u22651.500 vollst\u00e4ndigen Zyklen<\/strong>. Es \u00fcbertrifft herk\u00f6mmliche Lithium-Polymer-Zellen (Li-Po) sowohl in Bezug auf die thermische Stabilit\u00e4t und der langfristigen Haltbarkeit f\u00fcr den anspruchsvollen industriellen und Outdoor-Einsatz . <\/li>\n<li>\ud83d\udfe9 <strong>Optimiert f\u00fcr tragbare medizinische Ger\u00e4te und Sensorik:<\/strong> Dank der gleichm\u00e4\u00dfigen Entladungskurve und des robusten Aluminiumgeh\u00e4uses ist der LP2770102AC die erste Wahl f\u00fcr medizinische Handdiagnoseger\u00e4te der n\u00e4chsten Generation, tragbare Luftqualit\u00e4tssensoren und hochwertige Feldger\u00e4te, die eine Zuverl\u00e4ssigkeit der \u201eTier-1\u201c-Klasse erfordern.<\/li>\n<li>\ud83c\udfc5 <strong>Konsistenz auf Tier-1-Niveau f\u00fcr die Automobilindustrie:<\/strong> Die Zellen stammen aus den vollautomatisierten Produktionslinien von Lishen und durchlaufen eine strenge Qualit\u00e4tskontrolle. Dies gew\u00e4hrleistet eine erstklassige \u00dcbereinstimmung bei Spannung und Innenwiderstand, was f\u00fcr die Aufrechterhaltung des langfristigen Gleichgewichts in modularen Akkupacks von entscheidender Bedeutung ist. <\/li>\n<\/ul>\n<\/div>\n","protected":false},"excerpt":{"rendered":"<p>Entdecken Sie die prismatische LiFePO4-Mini-Zelle Lishen LP2770102AC mit 12,5 Ah bei DLCPO. Sie wiegt nur 353 g, ist 27 mm dick und bietet <span class=\"math-inline\" data-math=\"\\ge 1,500\" data-index-in-node=\"141\">$\\ge 1.500$<\/span> Ladezyklen. Perfekt f\u00fcr tragbare medizinische Ger\u00e4te und Handheld-Sensoren. <\/p>\n","protected":false},"featured_media":2378,"template":"","meta":{"_acf_changed":false,"_joinchat":[]},"product_brand":[],"product_cat":[2333],"product_tag":[2353,2624,2625,2626,2571],"class_list":{"0":"post-8114","1":"product","2":"type-product","3":"status-publish","4":"has-post-thumbnail","6":"product_cat-lishen","7":"product_tag-dlcpo","8":"product_tag-lishen-12-5ah","9":"product_tag-lp2770102ac","10":"product_tag-mini-prismatische-zelle","11":"product_tag-tragbare-energie-speicherung","12":"pa_capacity-12-5ah","14":"first","15":"instock","16":"shipping-taxable","17":"product-type-simple"},"acf":[],"_links":{"self":[{"href":"https:\/\/dlcpo.com\/de\/wp-json\/wp\/v2\/product\/8114","targetHints":{"allow":["GET"]}}],"collection":[{"href":"https:\/\/dlcpo.com\/de\/wp-json\/wp\/v2\/product"}],"about":[{"href":"https:\/\/dlcpo.com\/de\/wp-json\/wp\/v2\/types\/product"}],"version-history":[{"count":0,"href":"https:\/\/dlcpo.com\/de\/wp-json\/wp\/v2\/product\/8114\/revisions"}],"wp:featuredmedia":[{"embeddable":true,"href":"https:\/\/dlcpo.com\/de\/wp-json\/wp\/v2\/media\/2378"}],"wp:attachment":[{"href":"https:\/\/dlcpo.com\/de\/wp-json\/wp\/v2\/media?parent=8114"}],"wp:term":[{"taxonomy":"product_brand","embeddable":true,"href":"https:\/\/dlcpo.com\/de\/wp-json\/wp\/v2\/product_brand?post=8114"},{"taxonomy":"product_cat","embeddable":true,"href":"https:\/\/dlcpo.com\/de\/wp-json\/wp\/v2\/product_cat?post=8114"},{"taxonomy":"product_tag","embeddable":true,"href":"https:\/\/dlcpo.com\/de\/wp-json\/wp\/v2\/product_tag?post=8114"}],"curies":[{"name":"wp","href":"https:\/\/api.w.org\/{rel}","templated":true}]}}