{"id":8096,"date":"2026-03-13T13:49:43","date_gmt":"2026-03-13T05:49:43","guid":{"rendered":"https:\/\/dlcpo.com\/gotion-ncm811-pl27148101-55ah-hochleistungs-batteriezelle\/"},"modified":"2026-04-26T15:23:07","modified_gmt":"2026-04-26T07:23:07","slug":"gotion-ncm811-pl27148101-55ah-hochleistungs-batteriezelle","status":"publish","type":"product","link":"https:\/\/dlcpo.com\/de\/gotion-ncm811-pl27148101-55ah-hochleistungs-batteriezelle\/","title":{"rendered":"Gotion NCM811 55 Ah, 3,65 V, tern\u00e4re Lithium-Batteriezelle PL27148101 \u2013 5C Dauerentladung \u2013 leichte 890 g-Batteriezelle f\u00fcr Renn- und Hochleistungs-Elektrofahrzeuge"},"content":{"rendered":"<div class=\"product-description-container\">\n<p>Die <strong>Gotion NCM811 PL27148101 55Ah-Hochleistungs-Batteriezelle<\/strong> steht f\u00fcr den neuesten Stand der tern\u00e4ren Lithium-Technologie (NMC). Durch die Verwendung des fortschrittlichen <strong>NCM811-Kathodenmaterials mit hohem Nickelanteil<\/strong> ist diese prismatische Zelle der Klasse A f\u00fcr leistungskritische Anwendungen konzipiert, bei denen weder Kompromisse beim ultraleichten Design noch bei der rohen, aggressiven Leistungsabgabe eingegangen werden d\u00fcrfen. <\/p>\n<h3>Technische Spitzenvorteile: Der Leistungsstandard<\/h3>\n<ul>\n<li>\ud83d\ude80 <strong>Un\u00fcbertroffene Spitzenleistung (8C-Impuls):<\/strong> Im Gegensatz zu herk\u00f6mmlichen Lithiumzellen unterst\u00fctzt die <strong>Gotion NCM811 PL27148101 55Ah-Hochleistungs-Batteriezelle<\/strong> eine enorme <strong>5C (275 A) Dauerentladung<\/strong> und eine unglaubliche <strong>8C (440 A) Impulsentladung<\/strong> f\u00fcr 10 Sekunden. Damit ist sie die erste Wahl f\u00fcr Rennmotoren und hochbelastete industrielle Antriebssysteme. <\/li>\n<li>\ud83d\udcd0 <strong>\u00dcberragende Energiedichte dank hohem Nickelanteil:<\/strong> Die NCM811-Chemie bietet eine enorme Energiespeicherkapazit\u00e4t bei extrem kompakten Abmessungen. Mit einem Gewicht von nur <strong>890 g<\/strong> erm\u00f6glicht diese Zelle den Bau leichterer Akkupacks, die im Vergleich zu herk\u00f6mmlichen LFP-Konstruktionen eine deutlich gr\u00f6\u00dfere Reichweite und ein h\u00f6heres Drehmoment pro Kilogramm bieten. <\/li>\n<li>\ud83c\udf21\ufe0f <strong>Extrem niedriger interner Widerstand (\u2264 1,0 m\u03a9):<\/strong> Effizienz ist in Hochstromanwendungen von entscheidender Bedeutung. Mit einem extrem niedrigen Wechselstrom Widerstand reduziert der PL27148101 deutlich die W\u00e4rmeentwicklung Entwicklung w\u00e4hrend aggressiver Lade- und Entladezyklen , wodurch eine stabile Leistung und konstante Leistungsabgabe in wettbewerbsorientierten Umgebungen.<\/li>\n<li>\ud83c\udfce\ufe0f <strong>Konsistenz auf Automobilniveau:<\/strong> Jede Zelle stammt aus den hochmodernen automatisierten Produktionslinien von Gotion und wird nach strengen Automobilstandards gefertigt. Dies garantiert eine au\u00dfergew\u00f6hnliche Konsistenz bei Spannung und Impedanz \u2013 eine entscheidende Voraussetzung f\u00fcr die Aufrechterhaltung des Gleichgewichts in Hochspannungs-Rennbatterieb\u00e4nken. <\/li>\n<li>\ud83d\udee1\ufe0f <strong>Zuverl\u00e4ssigkeit durch kompakte, prismatische Bauweise:<\/strong> Diese Zelle ist in einem robusten, prismatischen Aluminiumgeh\u00e4use untergebracht und bietet hervorragende strukturelle Integrit\u00e4t sowie ein optimales W\u00e4rmemanagement. Die nickelreiche Chemie wird durch die fortschrittlichen Sicherheitsventile von Gotion gesch\u00fctzt und bietet professionelle Zuverl\u00e4ssigkeit f\u00fcr anspruchsvolle mobile Energieplattformen. <\/li>\n<\/ul>\n<\/div>\n","protected":false},"excerpt":{"rendered":"<p>Kaufen Sie die Gotion NCM811 PL27148101 55-Ah-Hochleistungs-Batteriezelle bei DLCPO. Mit einer Impulsleistung von 8C (440 A), der hohen Energiedichte des nickelreichen NCM811-Materials und einem ultraleichten Design von nur 890 g. Leistung der Klasse A.<\/p>\n","protected":false},"featured_media":8092,"template":"","meta":{"_acf_changed":false,"_joinchat":[]},"product_brand":[],"product_cat":[2330],"product_tag":[2604,2353,2602,2603,2605],"class_list":{"0":"post-8096","1":"product","2":"type-product","3":"status-publish","4":"has-post-thumbnail","6":"product_cat-gotion","7":"product_tag-55-ah-hoch-entladung","8":"product_tag-dlcpo","9":"product_tag-gotion-ncm811","10":"product_tag-pl27148101","11":"product_tag-prismatische-ncm-zelle","12":"pa_capacity-55ah","14":"first","15":"instock","16":"shipping-taxable","17":"product-type-simple"},"acf":[],"_links":{"self":[{"href":"https:\/\/dlcpo.com\/de\/wp-json\/wp\/v2\/product\/8096","targetHints":{"allow":["GET"]}}],"collection":[{"href":"https:\/\/dlcpo.com\/de\/wp-json\/wp\/v2\/product"}],"about":[{"href":"https:\/\/dlcpo.com\/de\/wp-json\/wp\/v2\/types\/product"}],"version-history":[{"count":1,"href":"https:\/\/dlcpo.com\/de\/wp-json\/wp\/v2\/product\/8096\/revisions"}],"predecessor-version":[{"id":9487,"href":"https:\/\/dlcpo.com\/de\/wp-json\/wp\/v2\/product\/8096\/revisions\/9487"}],"wp:featuredmedia":[{"embeddable":true,"href":"https:\/\/dlcpo.com\/de\/wp-json\/wp\/v2\/media\/8092"}],"wp:attachment":[{"href":"https:\/\/dlcpo.com\/de\/wp-json\/wp\/v2\/media?parent=8096"}],"wp:term":[{"taxonomy":"product_brand","embeddable":true,"href":"https:\/\/dlcpo.com\/de\/wp-json\/wp\/v2\/product_brand?post=8096"},{"taxonomy":"product_cat","embeddable":true,"href":"https:\/\/dlcpo.com\/de\/wp-json\/wp\/v2\/product_cat?post=8096"},{"taxonomy":"product_tag","embeddable":true,"href":"https:\/\/dlcpo.com\/de\/wp-json\/wp\/v2\/product_tag?post=8096"}],"curies":[{"name":"wp","href":"https:\/\/api.w.org\/{rel}","templated":true}]}}