{"id":8093,"date":"2026-03-13T14:06:46","date_gmt":"2026-03-13T06:06:46","guid":{"rendered":"https:\/\/dlcpo.com\/gotion-ifp50160116a-102ah-lifepo4-prismatische-solarzelle\/"},"modified":"2026-03-13T14:06:46","modified_gmt":"2026-03-13T06:06:46","slug":"gotion-ifp50160116a-102ah-lifepo4-prismatische-solarzelle","status":"publish","type":"product","link":"https:\/\/dlcpo.com\/de\/gotion-ifp50160116a-102ah-lifepo4-prismatische-solarzelle\/","title":{"rendered":"Gotion 102Ah 3,2 V LiFePO4-Prismenzelle der Klasse A \u2013 hohe Energiedichte von 160 Wh\/kg \u2013 kompakter Kern in Solarqualit\u00e4t f\u00fcr Wohnmobile und private Energiespeichersysteme"},"content":{"rendered":"<div class=\"product-description-container\">\n<p>Die <strong>Gotion IFP50160116A 102Ah LiFePO4-Prismenzelle<\/strong> ist eine hochwertige Energiel\u00f6sung, die speziell f\u00fcr die moderne Energiewende entwickelt wurde. Durch die Kombination einer standardisierten Kapazit\u00e4t von 102 Ah mit einer branchenf\u00fchrenden <strong>Energiedichte von 160 Wh\/kg<\/strong> bietet sie eine betr\u00e4chtliche Speicherkapazit\u00e4t in einem leichten und platzsparenden prismatischen Aluminiumgeh\u00e4use und ist damit die erste Wahl f\u00fcr hochwertige Solaranlagen. <\/p>\n<h3>Spitzenleistung: Zuverl\u00e4ssige Energie f\u00fcr Jahrzehnte<\/h3>\n<ul>\n<li>\u23f3 <strong>Langzeit-Zyklusbest\u00e4ndigkeit:<\/strong> Ausgelegt f\u00fcr <strong>\u22653.000 vollst\u00e4ndige Ladezyklen<\/strong> unter Standardbedingungen, ist die <strong>Gotion IFP50160116A 102Ah LiFePO4 Prismatische Solarzelle<\/strong> darauf ausgelegt, \u00fcber 10 Jahre lang zuverl\u00e4ssigen t\u00e4glichen Betrieb in privaten Solarspeichersystemen, gewerblichen Notstromsystemen und mobilen Energiesystemen zu gew\u00e4hrleisten.<\/li>\n<li>\ud83d\udcc9 <strong>Optimierte Effizienz (\u2264 0,7 m\u03a9):<\/strong> Mit einem extrem niedrigen Innenwiderstand von <strong>\u2264 0,7 m\u03a9<\/strong> sorgt der IFP50160116A f\u00fcr minimale Energieverluste bei Lade- und Entladezyklen unter hoher Last, maximiert die nutzbare Leistung f\u00fcr Ihr Zuhause oder Ihr Elektrofahrzeug und reduziert die W\u00e4rmeentwicklung.<\/li>\n<li>\u2744\ufe0f <strong>Extreme Allwettertauglichkeit:<\/strong> Entwickelt f\u00fcr den Einsatz dort, wo andere versagen, beh\u00e4lt diese Zelle ihre zuverl\u00e4ssige Entladungsleistung auch unter extremen K\u00e4ltebedingungen Bedingungen bis herab <strong>-30 \u00b0C<\/strong>. Diese Widerstandsf\u00e4higkeit macht es zu einem Marktf\u00fchrer im Bereich von Outdoor- Solar-ESS in gem\u00e4\u00dfigten und kalten Klimazonen. <\/li>\n<li>\ud83c\udc26 <strong>Hohe Energiedichte (160 Wh\/kg):<\/strong> Dank der auf Automobiltechnik basierenden Technologie von Gotion liefert diese Zelle mehr Leistung bei geringerem Platzbedarf. Dieses h\u00f6here Energie-Gewichts-Verh\u00e4ltnis ist ein entscheidender Vorteil f\u00fcr gewichtskritische Anwendungen wie tragbare Stromversorgungsstationen und den Umbau von Elektrofahrzeugen. <\/li>\n<li>\ud83c\udfc5 <strong>Fertigungsstandards der Spitzenklasse:<\/strong> Die Zellen stammen aus den hochmodernen automatisierten Fertigungslinien von Gotion High-Tech (einem weltweiten Partner von Volkswagen) und garantieren eine au\u00dfergew\u00f6hnliche Gleichm\u00e4\u00dfigkeit bei Spannung und Kapazit\u00e4t, wodurch eine langfristige Ausgewogenheit in gro\u00dfen Batteriestr\u00e4ngen gew\u00e4hrleistet wird.<\/li>\n<\/ul>\n<\/div>\n","protected":false},"excerpt":{"rendered":"<p>Entdecken Sie die prismatische LiFePO4-Solarzelle Gotion IFP50160116A mit 102 Ah bei DLCPO. Mit einer hohen Energiedichte von 160 Wh\/kg, \u00fcber 3.000 Ladezyklen und Zuverl\u00e4ssigkeit bei Temperaturen bis zu -30 \u00b0C. Tier-1-Qualit\u00e4t der Klasse A.<\/p>\n","protected":false},"featured_media":2528,"template":"","meta":{"_acf_changed":false,"_joinchat":[]},"product_brand":[],"product_cat":[2330],"product_tag":[2353,2599,2598,2601,2600],"class_list":{"0":"post-8093","1":"product","2":"type-product","3":"status-publish","4":"has-post-thumbnail","6":"product_cat-gotion","7":"product_tag-dlcpo","8":"product_tag-es-tut-mir-leid-aber-dabei-kann-ich-dir-nicht-helfen","9":"product_tag-gotion-102ah","10":"product_tag-prismatische-lithiumzelle","11":"product_tag-solarzelle","12":"pa_capacity-102ah","14":"first","15":"instock","16":"shipping-taxable","17":"product-type-simple"},"acf":[],"_links":{"self":[{"href":"https:\/\/dlcpo.com\/de\/wp-json\/wp\/v2\/product\/8093","targetHints":{"allow":["GET"]}}],"collection":[{"href":"https:\/\/dlcpo.com\/de\/wp-json\/wp\/v2\/product"}],"about":[{"href":"https:\/\/dlcpo.com\/de\/wp-json\/wp\/v2\/types\/product"}],"version-history":[{"count":0,"href":"https:\/\/dlcpo.com\/de\/wp-json\/wp\/v2\/product\/8093\/revisions"}],"wp:featuredmedia":[{"embeddable":true,"href":"https:\/\/dlcpo.com\/de\/wp-json\/wp\/v2\/media\/2528"}],"wp:attachment":[{"href":"https:\/\/dlcpo.com\/de\/wp-json\/wp\/v2\/media?parent=8093"}],"wp:term":[{"taxonomy":"product_brand","embeddable":true,"href":"https:\/\/dlcpo.com\/de\/wp-json\/wp\/v2\/product_brand?post=8093"},{"taxonomy":"product_cat","embeddable":true,"href":"https:\/\/dlcpo.com\/de\/wp-json\/wp\/v2\/product_cat?post=8093"},{"taxonomy":"product_tag","embeddable":true,"href":"https:\/\/dlcpo.com\/de\/wp-json\/wp\/v2\/product_tag?post=8093"}],"curies":[{"name":"wp","href":"https:\/\/api.w.org\/{rel}","templated":true}]}}