{"id":8075,"date":"2026-03-13T16:07:10","date_gmt":"2026-03-13T08:07:10","guid":{"rendered":"https:\/\/dlcpo.com\/great-power-200-ah-lifepo%e2%82%84-batteriezelle-gsp54173192f\/"},"modified":"2026-03-13T16:07:10","modified_gmt":"2026-03-13T08:07:10","slug":"great-power-200-ah-lifepo%e2%82%84-batteriezelle-gsp54173192f","status":"publish","type":"product","link":"https:\/\/dlcpo.com\/de\/great-power-200-ah-lifepo%e2%82%84-batteriezelle-gsp54173192f\/","title":{"rendered":"Great Power GSP54173192F 200 Ah 3,2 V LiFePO4-Batteriezelle \u2013 192 mm flaches Profil f\u00fcr 3U\/4U-Server-Racks und Telekommunikations-ESS"},"content":{"rendered":"<div class=\"product-description-container\">\n<p>Die <strong>Great Power 200Ah LiFePO4-Batteriezelle GSP54173192F<\/strong> (hergestellt von PengHui Energy) ist eine spezielle prismatische Zelle, die speziell f\u00fcr professionelle Energiespeicher mit hoher Energiedichte entwickelt wurde. Im Gegensatz zu herk\u00f6mmlichen prismatischen Zellen, bei denen die reine Kapazit\u00e4t Vorrang vor der Einbauf\u00e4higkeit hat, ist dieses Modell darauf ausgelegt, in Umgebungen zu gl\u00e4nzen, in denen jeder Millimeter vertikaler Platz ein Luxus ist. <\/p>\n<h3>Wichtige Leistungsvorteile: Der kompakte Industriestandard<\/h3>\n<ul>\n<li>\ud83d\udccf <strong>192 mm niedriges Profil:<\/strong> W\u00e4hrend die meisten prismatischen Zellen im Bereich von 200 Ah und mehr eine H\u00f6he von 200\u2013210 mm aufweisen, misst die <strong>Great Power 200-Ah-LiFePO4-Batteriezelle GSP54173192F<\/strong> genau <strong>192 mm hoch<\/strong>. Diese entscheidende Reduzierung erm\u00f6glicht eine nahtlose Integration in standardm\u00e4\u00dfige 3U- oder 4U-Telekommunikations-Batteriek\u00e4sten und Server-Rack-Module, ohne dass das Risiko einer Kontaktst\u00f6rung besteht. <\/li>\n<li>\ud83c\udfed <strong>Spitzenklasse in der Fertigung:<\/strong> Great Power z\u00e4hlt bei den Auslieferungen von industriellen Energiespeichern durchweg zu den <strong>weltweiten Top 3<\/strong>. Wenn Sie sich f\u00fcr diese Marke entscheiden, erhalten Sie ein Produkt mit erstklassiger Konsistenz, strenger Qualit\u00e4tskontrolle nach Automobilstandard und praxiserprobter Zuverl\u00e4ssigkeit in unternehmenskritischen Systemen. <\/li>\n<li>\ud83d\udd0b <strong>Langlebigkeit und Zuverl\u00e4ssigkeit (\u00fcber 4.000 Ladezyklen):<\/strong> Diese Zelle der Klasse A ist f\u00fcr <strong>\u22654.000 Tiefentladezyklen<\/strong> ausgelegt und bietet \u00fcber ein Jahrzehnt lang t\u00e4glichen Einsatz. Sie bietet eine au\u00dfergew\u00f6hnliche Kapitalrendite (ROI) f\u00fcr Solar-Backup-Systeme, netzunabh\u00e4ngige ESS-Projekte und industrielle Hochleistungsanwendungen, bei denen Langlebigkeit im Vordergrund steht. <\/li>\n<li>\ud83d\udee1\ufe0f <strong>Prismatische Sicherheit in Industriequalit\u00e4t:<\/strong> Das Modell GSP54173192F ist von einem robusten, lasergeschwei\u00dften prismatischen Aluminiumgeh\u00e4use umgeben und bietet hervorragende strukturelle Integrit\u00e4t sowie ein optimales W\u00e4rmemanagement. Die stabile LFP-Chemie gew\u00e4hrleistet, dass keinerlei Risiko eines thermischen Durchgehens besteht, wodurch es sich sicher f\u00fcr den Einsatz in Rechenzentren mit hoher Dichte in Innenr\u00e4umen eignet.<\/li>\n<li>\u2699\ufe0f <strong>Nahtlose Systemintegration:<\/strong> Dank ihrer Standardanschl\u00fcsse und ihrer kompakten Bauweise lassen sich diese Zellen problemlos in 16S- (48 V) oder 32S- (96 V) Strings konfigurieren. Diese Vielseitigkeit macht sie weltweit zur ersten Wahl f\u00fcr die Integration erneuerbarer Energien und f\u00fcr USV-Notstromsysteme. <\/li>\n<\/ul>\n<\/div>\n","protected":false},"excerpt":{"rendered":"<p>Entdecken Sie die Great Power 200-Ah-LiFePO4-Batteriezelle GSP54173192F bei DLCPO. Mit einer optimierten H\u00f6he von 192 mm f\u00fcr 3U\/4U-Rack-Systeme, \u2265<span class=\"math-inline\" data-math=\"\\ge 4,000\" data-index-in-node=\"159\">4.000<\/span> Ladezyklen und einer Fertigungszuverl\u00e4ssigkeit, die weltweit zu den Top 3 z\u00e4hlt.<\/p>\n","protected":false},"featured_media":2555,"template":"","meta":{"_acf_changed":false,"_joinchat":[]},"product_brand":[],"product_cat":[2331],"product_tag":[2353,2577,2575,2576,2578],"class_list":{"0":"post-8075","1":"product","2":"type-product","3":"status-publish","4":"has-post-thumbnail","6":"product_cat-great-power","7":"product_tag-dlcpo","8":"product_tag-flache-prismatische-zelle","9":"product_tag-great-power-200ah","10":"product_tag-gsp54173192f","11":"product_tag-telekommunikation-batterie-speicher","12":"pa_capacity-200ah","14":"first","15":"instock","16":"shipping-taxable","17":"product-type-simple"},"acf":[],"_links":{"self":[{"href":"https:\/\/dlcpo.com\/de\/wp-json\/wp\/v2\/product\/8075","targetHints":{"allow":["GET"]}}],"collection":[{"href":"https:\/\/dlcpo.com\/de\/wp-json\/wp\/v2\/product"}],"about":[{"href":"https:\/\/dlcpo.com\/de\/wp-json\/wp\/v2\/types\/product"}],"version-history":[{"count":0,"href":"https:\/\/dlcpo.com\/de\/wp-json\/wp\/v2\/product\/8075\/revisions"}],"wp:featuredmedia":[{"embeddable":true,"href":"https:\/\/dlcpo.com\/de\/wp-json\/wp\/v2\/media\/2555"}],"wp:attachment":[{"href":"https:\/\/dlcpo.com\/de\/wp-json\/wp\/v2\/media?parent=8075"}],"wp:term":[{"taxonomy":"product_brand","embeddable":true,"href":"https:\/\/dlcpo.com\/de\/wp-json\/wp\/v2\/product_brand?post=8075"},{"taxonomy":"product_cat","embeddable":true,"href":"https:\/\/dlcpo.com\/de\/wp-json\/wp\/v2\/product_cat?post=8075"},{"taxonomy":"product_tag","embeddable":true,"href":"https:\/\/dlcpo.com\/de\/wp-json\/wp\/v2\/product_tag?post=8075"}],"curies":[{"name":"wp","href":"https:\/\/api.w.org\/{rel}","templated":true}]}}