{"id":8072,"date":"2026-03-13T16:51:26","date_gmt":"2026-03-13T08:51:26","guid":{"rendered":"https:\/\/dlcpo.com\/great-power-100-ah-lifepo%e2%82%84-batteriezelle-gsp34135214f\/"},"modified":"2026-03-13T16:51:26","modified_gmt":"2026-03-13T08:51:26","slug":"great-power-100-ah-lifepo%e2%82%84-batteriezelle-gsp34135214f","status":"publish","type":"product","link":"https:\/\/dlcpo.com\/de\/great-power-100-ah-lifepo%e2%82%84-batteriezelle-gsp34135214f\/","title":{"rendered":"Great Power 100 Ah, 3,2 V LiFePO4-Batteriezelle, schlankes prismatisches Design, GSP34135214F \u2013 ultrad\u00fcnnes 34-mm-Profil f\u00fcr Telekommunikations- und Server-Rack-ESS"},"content":{"rendered":"<div class=\"product-description-container\">\n<p>Die <strong>Great Power 100Ah LiFePO4-Batteriezelle GSP34135214F<\/strong> ist eine spezielle prismatische L\u00f6sung, die f\u00fcr einen ganz bestimmten industriellen Zweck entwickelt wurde: maximale Raumeffizienz. Mit einer einzigartigen Dicke von nur <strong>34 mm<\/strong> bietet sie einen Formfaktor, der sich von standardm\u00e4\u00dfigen prismatischen VDA-Zellen unterscheidet, was sie zur ersten Wahl f\u00fcr eine hochdichte Anordnung in engen Industrie- und Telekommunikationsgeh\u00e4usen macht. <\/p>\n<h3>Wichtige technische Vorteile: Der Spezialist f\u00fcr schlanke Profile<\/h3>\n<ul>\n<li>\ud83d\udccf <strong>Ultraflaches 34-mm-Design:<\/strong> Die <strong>Great Power 100-Ah-LiFePO4-Batteriezelle GSP34135214F<\/strong> ist deutlich d\u00fcnner als die meisten 100-Ah-Zellen auf dem Markt und erm\u00f6glicht innovative Einbauoptionen. Sie ist die ideale Komponente f\u00fcr den Bau von 1U- oder 2U-Rack-Modulen und ultraschlanken Energiespeichersystemen (ESS) f\u00fcr Privathaushalte. <\/li>\n<li>\ud83d\udfd7 <strong>Erfahrung in den Bereichen Telekommunikation und USV:<\/strong> Great Power (PengHui Energy) ist ein f\u00fchrender Anbieter f\u00fcr die globale Kommunikationsbranche. Diese Zelle wurde speziell f\u00fcr au\u00dfergew\u00f6hnliche Zuverl\u00e4ssigkeit in Notstromanwendungen entwickelt und stellt sicher, dass Ihre gesch\u00e4ftskritischen Systeme und Rechenzentren bei Netzausf\u00e4llen online bleiben. <\/li>\n<li>\ud83d\udd0b <strong>Robustheit in Industriequalit\u00e4t:<\/strong> Ausgelegt f\u00fcr <strong>\u22652.000 Tief Zyklen<\/strong> mit strenger Qualit\u00e4tskontrolle von einem der drei weltweit f\u00fchrenden Hersteller. Sie bietet eine stabile, leistungsstarke Energie Speicherl\u00f6sung L\u00f6sung die die Lebensdauer a22&gt; herk\u00f6mmliche Blei-S\u00e4ure-Batterien in sowohl gewerblichen als auch privaten Projekten. <\/li>\n<li>\ud83d\udee1\ufe0f <strong>\u00dcberlegene Sicherheit durch Prismenkonstruktion:<\/strong> Eingebettet in ein robustes Aluminiumgeh\u00e4use bietet diese Prismenkonstruktion eine h\u00f6here strukturelle Integrit\u00e4t und eine bessere Durchsto\u00dffestigkeit als Beutelzellen. Die inh\u00e4rent sichere LFP-Chemie schlie\u00dft das Risiko eines thermischen Durchgehens aus und gew\u00e4hrleistet somit Sicherheit f\u00fcr Installationen mit hoher Energiedichte in Innenr\u00e4umen. <\/li>\n<li>\ud83c\udf21\ufe0f <strong>Optimierte W\u00e4rmeableitung:<\/strong> Das schlanke 34-mm-Profil erh\u00f6ht das Verh\u00e4ltnis von Oberfl\u00e4che zu Volumen und erm\u00f6glicht so eine schnellere W\u00e4rmeableitung. Dies ist ein entscheidender Vorteil f\u00fcr Batterieracks mit hoher Dichte, bei denen die Aufrechterhaltung konstanter Betriebstemperaturen f\u00fcr die Langlebigkeit des Systems von entscheidender Bedeutung ist. <\/li>\n<\/ul>\n<\/div>\n","protected":false},"excerpt":{"rendered":"<p>Entdecken Sie die leistungsstarke 100-Ah-LiFePO4-Batteriezelle GSP34135214F bei DLCPO. Sie zeichnet sich durch ein ultraschlankes 34-mm-Profil, \u2265<span class=\"math-inline\" data-math=\"\\ge 2,000\" data-index-in-node=\"140\">2.000<\/span> Ladezyklen und Zuverl\u00e4ssigkeit auf Telekommunikationsniveau aus. Perfekt geeignet f\u00fcr 1U\/2U-Rack-Einbau und USV-Systeme. <\/p>\n","protected":false},"featured_media":2559,"template":"","meta":{"_acf_changed":false,"_joinchat":[]},"product_brand":[],"product_cat":[2331],"product_tag":[2353,2420,2572,2573,2574],"class_list":{"0":"post-8072","1":"product","2":"type-product","3":"status-publish","4":"has-post-thumbnail","6":"product_cat-great-power","7":"product_tag-dlcpo","8":"product_tag-great-power-100ah","9":"product_tag-gsp34135214f","10":"product_tag-slim-battery-cell","11":"product_tag-usv-batterie-losung","12":"pa_capacity-100ah","14":"first","15":"instock","16":"shipping-taxable","17":"product-type-simple"},"acf":[],"_links":{"self":[{"href":"https:\/\/dlcpo.com\/de\/wp-json\/wp\/v2\/product\/8072","targetHints":{"allow":["GET"]}}],"collection":[{"href":"https:\/\/dlcpo.com\/de\/wp-json\/wp\/v2\/product"}],"about":[{"href":"https:\/\/dlcpo.com\/de\/wp-json\/wp\/v2\/types\/product"}],"version-history":[{"count":0,"href":"https:\/\/dlcpo.com\/de\/wp-json\/wp\/v2\/product\/8072\/revisions"}],"wp:featuredmedia":[{"embeddable":true,"href":"https:\/\/dlcpo.com\/de\/wp-json\/wp\/v2\/media\/2559"}],"wp:attachment":[{"href":"https:\/\/dlcpo.com\/de\/wp-json\/wp\/v2\/media?parent=8072"}],"wp:term":[{"taxonomy":"product_brand","embeddable":true,"href":"https:\/\/dlcpo.com\/de\/wp-json\/wp\/v2\/product_brand?post=8072"},{"taxonomy":"product_cat","embeddable":true,"href":"https:\/\/dlcpo.com\/de\/wp-json\/wp\/v2\/product_cat?post=8072"},{"taxonomy":"product_tag","embeddable":true,"href":"https:\/\/dlcpo.com\/de\/wp-json\/wp\/v2\/product_tag?post=8072"}],"curies":[{"name":"wp","href":"https:\/\/api.w.org\/{rel}","templated":true}]}}