{"id":7946,"date":"2026-03-13T17:18:32","date_gmt":"2026-03-13T09:18:32","guid":{"rendered":"https:\/\/dlcpo.com\/great-power-100-ah-lifepo%e2%82%84-batteriezelle-gsp27135250f-flach\/"},"modified":"2026-03-13T17:18:32","modified_gmt":"2026-03-13T09:18:32","slug":"great-power-100-ah-lifepo%e2%82%84-batteriezelle-gsp27135250f-flach","status":"publish","type":"product","link":"https:\/\/dlcpo.com\/de\/great-power-100-ah-lifepo%e2%82%84-batteriezelle-gsp27135250f-flach\/","title":{"rendered":"Great Power 100 Ah, 3,2 V, LiFePO4-Prismenzelle der Klasse A, Modell GSP27135250F \u2013 ultrad\u00fcnnes, schlankes Design (27 mm) \u2013 leichter Kern (1,97 kg) f\u00fcr ESS-Anwendungen in Wohnmobilen und Booten mit begrenztem Platzangebot"},"content":{"rendered":"<div class=\"product-description-container\">\n<p>Die <strong>Great Power 100Ah LiFePO4-Batteriezelle GSP27135250F Thin<\/strong> setzt neue Ma\u00dfst\u00e4be in der platzsparenden Batterietechnik. W\u00e4hrend herk\u00f6mmliche 100-Ah-LiFePO4-Zellen f\u00fcr moderne tragbare und mobile Anwendungen oft zu sperrig sind, bietet die GSP-Serie volle Kapazit\u00e4t in einer bemerkenswert schlanken Bauform, die sowohl Systemintegratoren als auch Heimwerkern neue M\u00f6glichkeiten er\u00f6ffnet. <\/p>\n<h3>Wichtige Vorteile in Bezug auf Design und Leistung:<\/h3>\n<ul>\n<li>\u26a1 <strong>27 mm ultrad\u00fcnnes Profil:<\/strong> Mit einer Dicke von nur <strong>27 mm<\/strong> ist die <strong>Great Power 100Ah LiFePO4-Batteriezelle GSP27135250F Thin<\/strong> im Vergleich zu den \u00fcblichen Industriestandards von 34 mm bis 48 mm au\u00dfergew\u00f6hnlich schlank. Sie ist die erste Wahl f\u00fcr flache Akkupacks, Installationen hinter dem Sitz in Wohnmobilen oder in schlanken Geh\u00e4usen f\u00fcr tragbare Stromversorgungen, bei denen jeder Millimeter z\u00e4hlt. <\/li>\n<li>\u26a1 <strong>Hohe Energiedichte und geringes Gewicht (1,97 kg):<\/strong> Mit einem Gewicht von nur <strong>1,97 kg<\/strong> erreicht diese Zelle ein hohes Energie-Gewichts-Verh\u00e4ltnis. Ein aus diesen Zellen zusammengesetzter 12-V-100-Ah-Akku wiegt deutlich weniger als herk\u00f6mmliche prismatische Konstruktionen und bietet damit enorme Gewichtsersparnisse f\u00fcr mobile Plattformen und tragbare Stromversorgungsger\u00e4te. <\/li>\n<li>\u26a1 <strong>Bew\u00e4hrte Industriequalit\u00e4t (Top-3-Hersteller):<\/strong> Hergestellt von PengHui Energy (Great Power), einem der weltweit f\u00fchrenden Hersteller von Energiespeichern, erf\u00fcllt jede Zelle strenge industrielle Konsistenzstandards. Mit einer nachgewiesenen Zyklenlebensdauer von <strong>\u22652.000 Tiefzyklen<\/strong> liefert sie zuverl\u00e4ssige, sichere Energie f\u00fcr jahrelangen anspruchsvollen t\u00e4glichen Betrieb. <\/li>\n<li>\u26a1 <strong>Prismatische Sicherheit der Klasse A:<\/strong> Die GSP-Serie ist in einem robusten Aluminiumgeh\u00e4use untergebracht und bietet im Vergleich zu Pouch-Zellen eine \u00fcberlegene strukturelle Integrit\u00e4t und ein besseres W\u00e4rmemanagement. Die stabile LiFePO4-Chemie schlie\u00dft das Risiko eines thermischen Durchgehens aus und gew\u00e4hrleistet so Sicherheit in mobilen Umgebungen mit hoher Belastung oder starken Vibrationen. <\/li>\n<li>\u26a1 <strong>Effiziente W\u00e4rmeableitung:<\/strong> Das verbesserte Verh\u00e4ltnis von Oberfl\u00e4che zu Volumen des schlanken Designs erm\u00f6glicht eine bessere W\u00e4rmeableitung w\u00e4hrend der schnellen Energieaufnahme und sorgt daf\u00fcr, dass der Akku auch bei anhaltender Entladung auf optimalen Betriebstemperaturen bleibt.<\/li>\n<\/ul>\n<\/div>\n","protected":false},"excerpt":{"rendered":"<p>Entdecken Sie die Great Power 100Ah LiFePO4-Batteriezelle GSP27135250F (schlank) bei DLCPO. Mit einem ultraschlanken Profil von 27 mm, einem geringen Gewicht von 1,97 kg und Zuverl\u00e4ssigkeit der Klasse A. Ideal f\u00fcr Flat-Pack-ESS.<\/p>\n","protected":false},"featured_media":2566,"template":"","meta":{"_acf_changed":false,"_joinchat":[]},"product_brand":[],"product_cat":[2331],"product_tag":[2421,2353,2420,2422,2423],"class_list":{"0":"post-7946","1":"product","2":"type-product","3":"status-publish","4":"has-post-thumbnail","6":"product_cat-great-power","7":"product_tag-27-mm-batterie-zelle","8":"product_tag-dlcpo","9":"product_tag-great-power-100ah","10":"product_tag-gsp27135250f","11":"product_tag-schlanke-energiespeicher","12":"pa_capacity-100ah","14":"first","15":"instock","16":"shipping-taxable","17":"product-type-simple"},"acf":[],"_links":{"self":[{"href":"https:\/\/dlcpo.com\/de\/wp-json\/wp\/v2\/product\/7946","targetHints":{"allow":["GET"]}}],"collection":[{"href":"https:\/\/dlcpo.com\/de\/wp-json\/wp\/v2\/product"}],"about":[{"href":"https:\/\/dlcpo.com\/de\/wp-json\/wp\/v2\/types\/product"}],"version-history":[{"count":0,"href":"https:\/\/dlcpo.com\/de\/wp-json\/wp\/v2\/product\/7946\/revisions"}],"wp:featuredmedia":[{"embeddable":true,"href":"https:\/\/dlcpo.com\/de\/wp-json\/wp\/v2\/media\/2566"}],"wp:attachment":[{"href":"https:\/\/dlcpo.com\/de\/wp-json\/wp\/v2\/media?parent=7946"}],"wp:term":[{"taxonomy":"product_brand","embeddable":true,"href":"https:\/\/dlcpo.com\/de\/wp-json\/wp\/v2\/product_brand?post=7946"},{"taxonomy":"product_cat","embeddable":true,"href":"https:\/\/dlcpo.com\/de\/wp-json\/wp\/v2\/product_cat?post=7946"},{"taxonomy":"product_tag","embeddable":true,"href":"https:\/\/dlcpo.com\/de\/wp-json\/wp\/v2\/product_tag?post=7946"}],"curies":[{"name":"wp","href":"https:\/\/api.w.org\/{rel}","templated":true}]}}