{"id":7941,"date":"2026-03-13T18:02:03","date_gmt":"2026-03-13T10:02:03","guid":{"rendered":"https:\/\/dlcpo.com\/etc-lfp280ah-1p-lifepo4-batteriezelle-8000-zyklen\/"},"modified":"2026-03-13T18:02:03","modified_gmt":"2026-03-13T10:02:03","slug":"etc-lfp280ah-1p-lifepo4-batteriezelle-8000-zyklen","status":"publish","type":"product","link":"https:\/\/dlcpo.com\/de\/etc-lfp280ah-1p-lifepo4-batteriezelle-8000-zyklen\/","title":{"rendered":"ETC 280 Ah, 3,2 V, LiFePO4-Prismenzelle der Klasse A \u2013 branchenf\u00fchrende 8.000 Ladezyklen \u2013 extrem niedriger Widerstand von 0,18 m\u03a9 f\u00fcr leistungsstarke Solar- und Heim-Energiespeichersysteme"},"content":{"rendered":"<div class=\"product-description-container\">\n<p>Die von <strong>Wuhu Tianyi Energy Technology Co., Ltd. (ETC)<\/strong> hergestellte <strong>ETC LFP280Ah-1P LiFePO4-Batteriezelle mit 8000 Ladezyklen<\/strong> ist eine prismatische Zelle mit hohen Spezifikationen, die auf maximale Effizienz und beispiellose Langlebigkeit ausgelegt ist. Obwohl sie den Standard-Formfaktor von 280 Ah aufweist, ist ihre interne Chemie auf extreme Langlebigkeit optimiert, wodurch sie \u00fcber die jahrzehntelange Lebensdauer Ihres Solar- oder Notstromsystems hinweg deutlich niedrigere <strong>Levelized Cost of Storage (LCOS)<\/strong> gew\u00e4hrleistet. <\/p>\n<h3>Die wichtigsten Leistungsvorteile: Das verborgene Juwel der Langzeitlagerung<\/h3>\n<ul>\n<li>\u26a1 <strong>Branchenf\u00fchrende Lebensdauer von \u00fcber 8.000 Ladezyklen:<\/strong> Die meisten handels\u00fcblichen 280-Ah-Zellen sind f\u00fcr 3.500 bis 6.000 Ladezyklen ausgelegt. Die <strong>ETC LFP280Ah-1P LiFePO4-Batteriezelle mit 8.000 Zyklen<\/strong> erweitert diese Grenze auf <strong>\u22658.000 Zyklen<\/strong>, was bei typischen netzunabh\u00e4ngigen oder privaten Speicheranwendungen einem t\u00e4glichen Betrieb von \u00fcber 20 Jahren entspricht. <\/li>\n<li>\u26a1 <strong>Extrem niedriger Innenwiderstand (\u22640,18 m\u03a9):<\/strong> Der Wirkungsgrad ist die Grundlage f\u00fcr leistungsstarke Systeme. Mit einer Impedanz, die deutlich unter dem Branchendurchschnitt (~0,25 m\u03a9) liegt, erzeugt diese Zelle bei hoher Belastung weniger W\u00e4rme und verschwendet weniger Energie, wodurch die nutzbare Leistung aus jeder Ladung maximiert wird. <\/li>\n<li>\u26a1 <strong>Standardisierte universelle Passform:<\/strong> Mit den branchen\u00fcblichen Abmessungen von <strong>174 mm x 72 mm x 207 mm<\/strong> sind diese Zellen ein nahtloser \u201eDrop-in\u201c-Ersatz f\u00fcr bestehende 280-Ah-Systeme. Sie sind vollst\u00e4ndig kompatibel mit den meisten flexiblen Sammelschienen, Klemmvorrichtungen und standardm\u00e4\u00dfigen DIY-Rack-Geh\u00e4usen. <\/li>\n<li>\u26a1 <strong>Prismatische Stabilit\u00e4t der Klasse A:<\/strong> Jede ETC-Zelle wird auf vollautomatischen Fertigungslinien hergestellt, wodurch eine strenge Konsistenz der Anschl\u00fcsse und eine hervorragende strukturelle Integrit\u00e4t gew\u00e4hrleistet werden. Diese Pr\u00e4zision minimiert Probleme mit Zellungleichgewichten in gro\u00df angelegten Serien-Parallel-Konfigurationen und verl\u00e4ngert so die Lebensdauer Ihrer gesamten Batteriebank. <\/li>\n<li>\u26a1 <strong>Verbesserte thermische Sicherheit:<\/strong> Das robuste Aluminiumgeh\u00e4use in Kombination mit der stabilen LiFePO4-Chemie sorgt f\u00fcr au\u00dfergew\u00f6hnliche Sicherheit. Es wurde entwickelt, um \u00fcber einen breiten Temperaturbereich hinweg eine hohe Leistung zu gew\u00e4hrleisten, und stellt sicher, dass Ihr Energiespeicher auch unter anspruchsvollen Umgebungsbedingungen betriebsbereit und sicher bleibt. <\/li>\n<\/ul>\n<\/div>\n","protected":false},"excerpt":{"rendered":"<p>Kaufen Sie die ETC LFP280Ah-1P LiFePO4-Batteriezelle mit 8.000 Ladezyklen bei DLCPO. Mit einem extrem niedrigen Widerstand von \u22640,18 m\u03a9 und einer Standardgr\u00f6\u00dfe von 280 Ah. Die ultimative langlebige Speicherl\u00f6sung f\u00fcr Solaranlagen.  <\/p>\n","protected":false},"featured_media":2570,"template":"","meta":{"_acf_changed":false,"_joinchat":[]},"product_brand":[],"product_cat":[2326],"product_tag":[2415,2386,2353,2414,2416],"class_list":{"0":"post-7941","1":"product","2":"type-product","3":"status-publish","4":"has-post-thumbnail","6":"product_cat-etc","7":"product_tag-8000-zyklen-lfp","8":"product_tag-diy-solar-speicher","9":"product_tag-dlcpo","10":"product_tag-etc-280ah","11":"product_tag-klasse-a-prismatisch","12":"pa_capacity-280ah","14":"first","15":"instock","16":"shipping-taxable","17":"product-type-simple"},"acf":[],"_links":{"self":[{"href":"https:\/\/dlcpo.com\/de\/wp-json\/wp\/v2\/product\/7941","targetHints":{"allow":["GET"]}}],"collection":[{"href":"https:\/\/dlcpo.com\/de\/wp-json\/wp\/v2\/product"}],"about":[{"href":"https:\/\/dlcpo.com\/de\/wp-json\/wp\/v2\/types\/product"}],"version-history":[{"count":0,"href":"https:\/\/dlcpo.com\/de\/wp-json\/wp\/v2\/product\/7941\/revisions"}],"wp:featuredmedia":[{"embeddable":true,"href":"https:\/\/dlcpo.com\/de\/wp-json\/wp\/v2\/media\/2570"}],"wp:attachment":[{"href":"https:\/\/dlcpo.com\/de\/wp-json\/wp\/v2\/media?parent=7941"}],"wp:term":[{"taxonomy":"product_brand","embeddable":true,"href":"https:\/\/dlcpo.com\/de\/wp-json\/wp\/v2\/product_brand?post=7941"},{"taxonomy":"product_cat","embeddable":true,"href":"https:\/\/dlcpo.com\/de\/wp-json\/wp\/v2\/product_cat?post=7941"},{"taxonomy":"product_tag","embeddable":true,"href":"https:\/\/dlcpo.com\/de\/wp-json\/wp\/v2\/product_tag?post=7941"}],"curies":[{"name":"wp","href":"https:\/\/api.w.org\/{rel}","templated":true}]}}