{"id":7936,"date":"2026-03-13T19:38:00","date_gmt":"2026-03-13T11:38:00","guid":{"rendered":"https:\/\/dlcpo.com\/etc-135ah-lifepo%e2%82%84-batteriezelle-flache-ausfuehrung-170-mm\/"},"modified":"2026-03-13T19:38:00","modified_gmt":"2026-03-13T11:38:00","slug":"etc-135ah-lifepo%e2%82%84-batteriezelle-flache-ausfuehrung-170-mm","status":"publish","type":"product","link":"https:\/\/dlcpo.com\/de\/etc-135ah-lifepo%e2%82%84-batteriezelle-flache-ausfuehrung-170-mm\/","title":{"rendered":"ETC 135 Ah, 3,2 V, LiFePO4-Prismenzelle der Klasse A \u2013 flache Bauweise, 170 mm H\u00f6he \u2013 \u00fcber 6.000 Ladezyklen f\u00fcr Golfwagen, Boote und Wohnmobil-Sitzunterbauten"},"content":{"rendered":"<div class=\"product-description-container\">\n<p>Die <strong>ETC 135Ah LiFePO4-Batteriezelle Low Profile 170 mm<\/strong> l\u00f6st ein h\u00e4ufiges Problem bei Batterie-Nachr\u00fcstungen: begrenzter vertikaler Platz. Mit einer H\u00f6he von genau <strong>170,6 mm<\/strong> ist diese Zelle deutlich k\u00fcrzer als herk\u00f6mmliche prismatische Zellen mit einer H\u00f6he von \u00fcber 200 mm und damit die perfekte Energiel\u00f6sung f\u00fcr Installationen mit begrenztem Platzangebot, bei denen jeder Millimeter f\u00fcr die Systemkapazit\u00e4t z\u00e4hlt. <\/p>\n<h3>Warum diese Zelle der ultimative \u201eProbleml\u00f6ser\u201c ist:<\/h3>\n<ul>\n<li>\u26a1 <strong>Passt dort, wo andere nicht hineinpassen:<\/strong> Ideal geeignet f\u00fcr <strong>Golfwagen, Stauf\u00e4cher auf Booten und Sitzunterbauten in Wohnmobilen<\/strong>. Mit der <strong>ETC 135Ah LiFePO4-Batteriezelle Low Profile 170 mm<\/strong> k\u00f6nnen Sie eine Lithium-Batteriebank mit hoher Kapazit\u00e4t aufbauen, ohne teure Umbauten an Ihren Batteriefachdeckeln oder am Fahrzeugchassis vornehmen zu m\u00fcssen. <\/li>\n<li>\u26a1 <strong>Langlebige Leistung (\u00fcber 6.000 Ladezyklen):<\/strong> Machen Sie keine Kompromisse bei der Lebensdauer zugunsten der Gr\u00f6\u00dfe. Mit einer Nennleistung von <strong>\u22656.000 vollst\u00e4ndigen Tiefentladezyklen<\/strong> bietet diese Zelle eine Haltbarkeit in Automobilqualit\u00e4t. Sie sorgt daf\u00fcr, dass Ihre Investition herk\u00f6mmliche Blei-S\u00e4ure-Batterien um mehr als das F\u00fcnffache \u00fcberdauert und \u00fcber ein Jahrzehnt lang zuverl\u00e4ssige Energie liefert.  <\/li>\n<li>\u26a1 <strong>Hohe Impulsleistungsf\u00e4higkeit:<\/strong> W\u00e4hrend effizient f\u00fcr station\u00e4re Speicher, diese Zelle bietet eine beachtliche Leistung f\u00fcr Mobilit\u00e4t. F\u00e4hig zu einer <strong>240-A-Impuls-Entladung f\u00fcr bis zu 120 Sekunden<\/strong>, bew\u00e4ltigt m\u00fchelos die f\u00fcr Sto\u00dfstr\u00f6me zu bew\u00e4ltigen die zum Starten von Elektromotoren erforderlich sind und Aufrechterhaltung des Drehmoments in schweren Nutzfahrzeugen . <\/li>\n<li>\u26a1 <strong>Prismatische Technik der Klasse A:<\/strong> Die Zellen stammen aus den hochmodernen automatisierten Fertigungslinien von ETC (Wuhu Tianyi) und zeichnen sich durch eine au\u00dfergew\u00f6hnlich gleichbleibende Spannung und einen konstanten Innenwiderstand aus. Diese hohe Pr\u00e4zision ist entscheidend f\u00fcr die Stabilit\u00e4t, Sicherheit und langfristige Leistungsbilanz von gro\u00dfen Akkupacks. <\/li>\n<li>\u26a1 <strong>Hervorragende thermische und strukturelle Integrit\u00e4t:<\/strong> Die Zelle ist von einem robusten, prismatischen Aluminiumgeh\u00e4use umgeben und bietet eine hervorragende W\u00e4rmeableitung sowie Vibrationsfestigkeit. In Kombination mit der von Natur aus sicheren LFP-Chemie garantiert sie Zuverl\u00e4ssigkeit in mobilen Umgebungen mit hoher Beanspruchung. <\/li>\n<\/ul>\n<\/div>\n","protected":false},"excerpt":{"rendered":"<p>Die flache ETC 135Ah LiFePO4-Batteriezelle mit einer H\u00f6he von 170 mm von DLCPO ist die ultimative L\u00f6sung f\u00fcr begrenzte Platzverh\u00e4ltnisse. Sie zeichnet sich durch eine H\u00f6he von 170,6 mm, mehr als 6.000 Ladezyklen und eine Impulsentladung von 240 A aus und eignet sich ideal f\u00fcr Golfwagen und Wohnmobile. <\/p>\n","protected":false},"featured_media":2583,"template":"","meta":{"_acf_changed":false,"_joinchat":[]},"product_brand":[],"product_cat":[2326],"product_tag":[2385,2353,2409,2404,2410],"class_list":{"0":"post-7936","1":"product","2":"type-product","3":"status-publish","4":"has-post-thumbnail","6":"product_cat-etc","7":"product_tag-6000-ladezyklen-lfp","8":"product_tag-dlcpo","9":"product_tag-etc-135ah","10":"product_tag-flacher-akku","11":"product_tag-golf-cart-batterie-aufrustung","12":"pa_capacity-135ah","14":"first","15":"instock","16":"shipping-taxable","17":"product-type-simple"},"acf":[],"_links":{"self":[{"href":"https:\/\/dlcpo.com\/de\/wp-json\/wp\/v2\/product\/7936","targetHints":{"allow":["GET"]}}],"collection":[{"href":"https:\/\/dlcpo.com\/de\/wp-json\/wp\/v2\/product"}],"about":[{"href":"https:\/\/dlcpo.com\/de\/wp-json\/wp\/v2\/types\/product"}],"version-history":[{"count":0,"href":"https:\/\/dlcpo.com\/de\/wp-json\/wp\/v2\/product\/7936\/revisions"}],"wp:featuredmedia":[{"embeddable":true,"href":"https:\/\/dlcpo.com\/de\/wp-json\/wp\/v2\/media\/2583"}],"wp:attachment":[{"href":"https:\/\/dlcpo.com\/de\/wp-json\/wp\/v2\/media?parent=7936"}],"wp:term":[{"taxonomy":"product_brand","embeddable":true,"href":"https:\/\/dlcpo.com\/de\/wp-json\/wp\/v2\/product_brand?post=7936"},{"taxonomy":"product_cat","embeddable":true,"href":"https:\/\/dlcpo.com\/de\/wp-json\/wp\/v2\/product_cat?post=7936"},{"taxonomy":"product_tag","embeddable":true,"href":"https:\/\/dlcpo.com\/de\/wp-json\/wp\/v2\/product_tag?post=7936"}],"curies":[{"name":"wp","href":"https:\/\/api.w.org\/{rel}","templated":true}]}}