{"id":7932,"date":"2026-03-13T19:49:13","date_gmt":"2026-03-13T11:49:13","guid":{"rendered":"https:\/\/dlcpo.com\/etc-ec-au200-nah3l7-200ah-lithium-eisenphosphat-batteriezelle\/"},"modified":"2026-03-13T19:49:13","modified_gmt":"2026-03-13T11:49:13","slug":"etc-ec-au200-nah3l7-200ah-lithium-eisenphosphat-batteriezelle","status":"publish","type":"product","link":"https:\/\/dlcpo.com\/de\/etc-ec-au200-nah3l7-200ah-lithium-eisenphosphat-batteriezelle\/","title":{"rendered":"ETC 200 Ah, 3,2 V, LiFePO4-Prismenzelle der Klasse A \u2013 schlankes 54-mm-Profil \u2013 \u00fcber 4000 Ladezyklen, hocheffiziente Energieversorgung f\u00fcr Wohnmobile, Boote und Solar-ESS"},"content":{"rendered":"<div class=\"product-description-container\">\n<p>Die <strong>ETC EC-AU200-NAH3L7 200-Ah-LiFePO4-Batteriezelle<\/strong> trifft genau den \u201eSweet Spot\u201c f\u00fcr professionelle Energiespeicherprojekte. Da sie die doppelte Kapazit\u00e4t von Standardzellen mit 100 Ah in einer einzigen hochdichten Einheit bietet, vereinfacht sie die Systemverkabelung erheblich und verbessert die Gesamtzuverl\u00e4ssigkeit des Akkupacks. Eingebettet in ein schlankes Geh\u00e4use aus Aluminium in Automobilqualit\u00e4t bietet sie eine beachtliche Speicherkapazit\u00e4t, ohne das \u00fcberm\u00e4\u00dfige Gewicht gr\u00f6\u00dferer 280-Ah-Einheiten mit sich zu bringen.  <\/p>\n<h3>Wichtige technische Highlights: Der Champion f\u00fcr ausgewogene Speicherung<\/h3>\n<ul>\n<li>\ud83d\udd0b <strong>Zuverl\u00e4ssige Langlebigkeit (\u00fcber 4.000 Zyklen): <\/strong> Ausgelegt f\u00fcr <strong>\u22654.000 Zyklen<\/strong> unter Standardbedingungen bietet die <strong>ETC EC-AU200-NAH3L7 200-Ah-LiFePO4-Batteriezelle<\/strong> eine hervorragende Langlebigkeit f\u00fcr langfristige Investitionen. In typischen t\u00e4glichen Ladezyklen, wie beispielsweise bei der Solarstromspeicherung, bedeutet dies eine zuverl\u00e4ssige Lebensdauer von \u00fcber 10 Jahren, bevor die Kapazit\u00e4tserhaltung 80 % erreicht. <\/li>\n<li>\ud83d\udccf <strong>Schlanker 54-mm-Formfaktor:<\/strong> Physischer Platz ist ein Luxus bei mobilen Ger\u00e4ten. Im Gegensatz zu den sperrigeren 72-mm-Breiten von Standard- 280-Ah-Zellen, verf\u00fcgt dieses 200-Ah-Modell \u00fcber eine schlanke <strong>53,7 mm Dicke<\/strong>. Dies erm\u00f6glicht eine kreativere und platzsparende -effiziente Batterie Geh\u00e4use Konstruktionen, insbesondere in engen Wohnmobil R\u00e4umen und Schiffs- Motor r\u00e4umen.  <\/li>\n<li>\u2696\ufe0f <strong>Leichtbau Effizienz:<\/strong> Mit einem Gewicht von nur <strong>3,98 kg<\/strong>, erm\u00f6glichen diese Zellen den Bau von leistungsstarken Batterieb\u00e4nken a16&gt; die auch f\u00fcr tragbare oder mobile Anwendungen handhabbar bleiben. Ein kompletter 12-V-200-Ah-Akku (2,56 kWh) Batteriepaket gebaut mit diesen Zellen wiegt nur ~16 kg, bietet einen enormen Energie-Gewichts-Vorteil. <\/li>\n<li>\u26a1 <strong>Konsistenz in Automobilqualit\u00e4t:<\/strong> Die Zellen stammen aus den hochmodernen automatisierten Produktionslinien von ETC (Wuhu Tianyi) und werden jeder einzelnen strengen Tests unterzogen, um eine hohe Konsistenz bei Innenwiderstand und Spannung zu gew\u00e4hrleisten \u2013 ein entscheidender Faktor f\u00fcr die Aufrechterhaltung des Gleichgewichts in gro\u00df angelegten Serien-Parallel-Konfigurationen.<\/li>\n<li>\ud83d\udee0\ufe0f <strong>Vereinfachte Systemintegration:<\/strong> Die 200-Ah-Kapazit\u00e4t reduziert die Anzahl der Zellen, die ben\u00f6tigt werden, im Vergleich zu 100-Ah-Batterien, was bedeutet weniger Sammelschienen, weniger BMS-Anschlusspunkte, und weniger potenzielle Ausfallstellen , was zu einem sichereren und robusteren Energiesystem f\u00fchrt.<\/li>\n<\/ul>\n<\/div>\n","protected":false},"excerpt":{"rendered":"<p>Entdecken Sie die LiFePO4-Batteriezelle ETC EC-AU200-NAH3L7 mit 200 Ah bei DLCPO. Mit einem schlanken Design von 53,7 mm, einem geringen Gewicht von 3,98 kg und \u00fcber 4.000 Ladezyklen. Die perfekte Wahl f\u00fcr kompakte Energiespeichersysteme in Booten und Wohnmobilen.  <\/p>\n","protected":false},"featured_media":2587,"template":"","meta":{"_acf_changed":false,"_joinchat":[]},"product_brand":[],"product_cat":[2326],"product_tag":[2407,2406,2353,2405,2408],"class_list":{"0":"post-7932","1":"product","2":"type-product","3":"status-publish","4":"has-post-thumbnail","6":"product_cat-etc","7":"product_tag-4000-ladezyklen-akku","8":"product_tag-54-mm-dunne-zelle","9":"product_tag-dlcpo","10":"product_tag-etc-200ah","11":"product_tag-rv-marine-ess","12":"pa_capacity-200ah","14":"first","15":"instock","16":"shipping-taxable","17":"product-type-simple"},"acf":[],"_links":{"self":[{"href":"https:\/\/dlcpo.com\/de\/wp-json\/wp\/v2\/product\/7932","targetHints":{"allow":["GET"]}}],"collection":[{"href":"https:\/\/dlcpo.com\/de\/wp-json\/wp\/v2\/product"}],"about":[{"href":"https:\/\/dlcpo.com\/de\/wp-json\/wp\/v2\/types\/product"}],"version-history":[{"count":0,"href":"https:\/\/dlcpo.com\/de\/wp-json\/wp\/v2\/product\/7932\/revisions"}],"wp:featuredmedia":[{"embeddable":true,"href":"https:\/\/dlcpo.com\/de\/wp-json\/wp\/v2\/media\/2587"}],"wp:attachment":[{"href":"https:\/\/dlcpo.com\/de\/wp-json\/wp\/v2\/media?parent=7932"}],"wp:term":[{"taxonomy":"product_brand","embeddable":true,"href":"https:\/\/dlcpo.com\/de\/wp-json\/wp\/v2\/product_brand?post=7932"},{"taxonomy":"product_cat","embeddable":true,"href":"https:\/\/dlcpo.com\/de\/wp-json\/wp\/v2\/product_cat?post=7932"},{"taxonomy":"product_tag","embeddable":true,"href":"https:\/\/dlcpo.com\/de\/wp-json\/wp\/v2\/product_tag?post=7932"}],"curies":[{"name":"wp","href":"https:\/\/api.w.org\/{rel}","templated":true}]}}