{"id":7923,"date":"2026-03-13T20:33:13","date_gmt":"2026-03-13T12:33:13","guid":{"rendered":"https:\/\/dlcpo.com\/etc-ec-au277-clh3l0-277ah-lithium-eisenphosphat-batteriezelle\/"},"modified":"2026-03-13T20:33:13","modified_gmt":"2026-03-13T12:33:13","slug":"etc-ec-au277-clh3l0-277ah-lithium-eisenphosphat-batteriezelle","status":"publish","type":"product","link":"https:\/\/dlcpo.com\/de\/etc-ec-au277-clh3l0-277ah-lithium-eisenphosphat-batteriezelle\/","title":{"rendered":"ETC 277Ah 3,2V LiFePO4-Prismenzelle der Klasse A \u2013 Hochleistungs-2C-Impuls 554A \u2013 Standardgr\u00f6\u00dfe 280Ah f\u00fcr Wohnmobile, Solar-ESS und industrielle Antriebsanwendungen"},"content":{"rendered":"<div class=\"product-description-container\">\n<p>Die <strong>ETC EC-AU277-CLH3L0 277-Ah-LiFePO4-Batteriezelle<\/strong> (hergestellt von Wuhu Tianyi) bietet eine \u00fcberzeugende Kombination aus hoher Kapazit\u00e4t und au\u00dfergew\u00f6hnlicher Leistungsabgabe. Sie ist genau auf die Abmessungen von Standard-280-Ah-Zellen abgestimmt und bietet eine leistungsstarke, kosteng\u00fcnstige L\u00f6sung f\u00fcr Anwender, die eine hohe Energiespeicherkapazit\u00e4t und die F\u00e4higkeit zur Bew\u00e4ltigung hoher Spitzenlasten ben\u00f6tigen, ohne den hohen Preis von Tier-1-Marken zahlen zu m\u00fcssen. <\/p>\n<h3>Wichtige Leistungsvorteile Vorteile<\/h3>\n<ul>\n<li>\ud83c\udf00 <strong>Massive 554A (2C) Impulsleistung:<\/strong> W\u00e4hrend die meisten Standard-Speicherzellen auf eine Entladung von 1C begrenzt sind, ist die <strong>ETC EC-AU277-CLH3L0 277Ah LiFePO4-Batteriezelle<\/strong> so ausgelegt, dass sie einen <strong>2C-Impuls (554 Ampere) f\u00fcr bis zu 3 Minuten<\/strong> liefert. Dadurch ist sie unglaublich widerstandsf\u00e4hig gegen Spannungseinbr\u00fcche beim Starten schwerer induktiver Lasten wie Klimaanlagen, Brunnenpumpen oder Elektromotoren. <\/li>\n<li>\ud83d\udccf <strong>Seamless Standard 280Ah \u2013 Abmessungen:<\/strong> Mit Abmessungen von <strong>174,6 mm x 71,8 mm x 207,1 mm<\/strong> passt diese Zelle perfekt in vorhandene Klemmvorrichtungen, Batterief\u00e4cher in Server-Racks und selbstgebaute Geh\u00e4use, die f\u00fcr den 280Ah-Formfaktor ausgelegt sind. Sie ist der ultimative Ersatz f\u00fcr System-Upgrades. <\/li>\n<li>\ud83d\udcb0 <strong>Hervorragendes Preis-Leistungs-Verh\u00e4ltnis:<\/strong> Mit einer Nennkapazit\u00e4t von 277 Ah bietet sie im Wesentlichen die gleiche nutzbare Energie wie eine 280-Ah-Zelle (ca. 886 Wh gegen\u00fcber ca. 896 Wh), jedoch zu einem deutlich attraktiveren Preis. Damit ist sie die erste Wahl f\u00fcr preisbewusste, leistungsstarke Konfigurationen. <\/li>\n<li>\u26a1 <strong>Fertigung in Automobilqualit\u00e4t:<\/strong> ETC setzt hochmoderne automatisierte Fertigungslinien ein, um eine hohe Konsistenz bei Innenwiderstand und Spannung zu gew\u00e4hrleisten. Diese Zuverl\u00e4ssigkeit ist entscheidend f\u00fcr den Aufbau gro\u00dfer Batterieb\u00e4nke, bei denen der Zellausgleich f\u00fcr die Langlebigkeit des Systems von entscheidender Bedeutung ist. <\/li>\n<li>\ud83d\udee1\ufe0f <strong>Hohe thermische Stabilit\u00e4t:<\/strong> Die LFP-Chemie in Kombination mit dem prismatischen Aluminiumgeh\u00e4use von ETC sorgt f\u00fcr h\u00f6chste Sicherheit und eine hervorragende W\u00e4rmeableitung. Das System ist so konzipiert, dass es auch bei hohem Stromverbrauch seine Leistung beibeh\u00e4lt, sodass Ihr netzunabh\u00e4ngiges System stets betriebsbereit und sicher bleibt. <\/li>\n<\/ul>\n<\/div>\n","protected":false},"excerpt":{"rendered":"<p>Entdecken Sie die LiFePO4-Batteriezelle ETC EC-AU277-CLH3L0 mit 277 Ah. Eine leistungsstarke Alternative zu 280-Ah-Zellen mit einer Impulsleistung von 554 A (2C) \u00fcber 3 Minuten. Ideal f\u00fcr hohe Spitzenlasten. Erh\u00e4ltlich bei DLCPO.   <\/p>\n","protected":false},"featured_media":2601,"template":"","meta":{"_acf_changed":false,"_joinchat":[]},"product_brand":[],"product_cat":[2326],"product_tag":[2397,2353,2396,2395,2398],"class_list":{"0":"post-7923","1":"product","2":"type-product","3":"status-publish","4":"has-post-thumbnail","6":"product_cat-etc","7":"product_tag-554a-impuls-entladung","8":"product_tag-dlcpo","9":"product_tag-etc-277ah","10":"product_tag-heimwerken-energie-lagerung","11":"product_tag-lfp-280-ah-alternative","12":"pa_capacity-277ah","14":"first","15":"instock","16":"shipping-taxable","17":"product-type-simple"},"acf":[],"_links":{"self":[{"href":"https:\/\/dlcpo.com\/de\/wp-json\/wp\/v2\/product\/7923","targetHints":{"allow":["GET"]}}],"collection":[{"href":"https:\/\/dlcpo.com\/de\/wp-json\/wp\/v2\/product"}],"about":[{"href":"https:\/\/dlcpo.com\/de\/wp-json\/wp\/v2\/types\/product"}],"version-history":[{"count":0,"href":"https:\/\/dlcpo.com\/de\/wp-json\/wp\/v2\/product\/7923\/revisions"}],"wp:featuredmedia":[{"embeddable":true,"href":"https:\/\/dlcpo.com\/de\/wp-json\/wp\/v2\/media\/2601"}],"wp:attachment":[{"href":"https:\/\/dlcpo.com\/de\/wp-json\/wp\/v2\/media?parent=7923"}],"wp:term":[{"taxonomy":"product_brand","embeddable":true,"href":"https:\/\/dlcpo.com\/de\/wp-json\/wp\/v2\/product_brand?post=7923"},{"taxonomy":"product_cat","embeddable":true,"href":"https:\/\/dlcpo.com\/de\/wp-json\/wp\/v2\/product_cat?post=7923"},{"taxonomy":"product_tag","embeddable":true,"href":"https:\/\/dlcpo.com\/de\/wp-json\/wp\/v2\/product_tag?post=7923"}],"curies":[{"name":"wp","href":"https:\/\/api.w.org\/{rel}","templated":true}]}}