{"id":7917,"date":"2026-03-13T21:07:49","date_gmt":"2026-03-13T13:07:49","guid":{"rendered":"https:\/\/dlcpo.com\/etp-lixin-geely-25ah-lifepo4-batteriezelle-efp2714893wa\/"},"modified":"2026-04-26T11:27:43","modified_gmt":"2026-04-26T03:27:43","slug":"etp-lixin-geely-25ah-lifepo4-batteriezelle-efp2714893wa","status":"publish","type":"product","link":"https:\/\/dlcpo.com\/de\/etp-lixin-geely-25ah-lifepo4-batteriezelle-efp2714893wa\/","title":{"rendered":"ETPL 25 Ah, 3,2 V, LiFePO4-Prismenzelle der Klasse A, EFP2714893WA \u2013 ultrakompakt, 95 mm H\u00f6he \u2013 LFP in Automobilqualit\u00e4t f\u00fcr Fischfinder und mobile Robotik"},"content":{"rendered":"<div class=\"product-description-container\">\n<p>Die <strong>ETP Lixin Geely 25Ah LiFePO4-Batteriezelle EFP2714893WA<\/strong> beweist, dass man keine riesige Batterie ben\u00f6tigt, um eine Haltbarkeit auf Automobilniveau zu erreichen. Diese prismatische Zelle wird von der <strong>Geely Technology Group<\/strong> (dem Innovationskraftwerk hinter Volvo, Lotus und Zeekr) hergestellt und bringt Qualit\u00e4tskontrolle und Sicherheitsstandards auf Elektrofahrzeugniveau auf den Markt f\u00fcr Batterien mit geringer Kapazit\u00e4t. <\/p>\n<h3>Klein, aber oho: Warum sollten Sie sich f\u00fcr den Lixin 25Ah entscheiden?<\/h3>\n<ul>\n<li>\ud83d\udd0b <strong>Au\u00dfergew\u00f6hnliche Lebensdauer von \u00fcber 3.500 Ladezyklen: <\/strong> W\u00e4hrend viele kleine prismatische Zellen in der Branche nur f\u00fcr 2.000 Ladezyklen ausgelegt sind, verf\u00fcgt die <strong>ETP Lixin Geely 25Ah LiFePO4-Batteriezelle EFP2714893WA<\/strong> \u00fcber eine fortschrittliche Chemie, die eine deutlich l\u00e4ngere Lebensdauer bietet. Dies macht sie zu einer unglaublich kosteng\u00fcnstigen Wahl f\u00fcr professionelle Ger\u00e4te, die \u00fcber ein Jahrzehnt lang t\u00e4glich aufgeladen werden m\u00fcssen. <\/li>\n<li>\u26a1 <strong>Kompaktes und ultraleichtes Design:<\/strong> Mit einem Gewicht von nur <strong>720 g<\/strong> und einer H\u00f6he von lediglich <strong>95 mm<\/strong> ist diese Zelle auf ultimative Tragbarkeit ausgelegt. Ein mit diesen Zellen gebauter 12-V-25-Ah-Akku wiegt weniger als 3 kg und ist damit die erste Wahl f\u00fcr tragbare Fischfinder, Handger\u00e4te und mobile Robotik. <\/li>\n<li>\ud83c\udfce\ufe0f <strong>Renommierte Tradition in der Automobilbranche:<\/strong> Durch den Einsatz modernster automatisierter Fertigungslinien gew\u00e4hrleistet Lixin eine hohe Konsistenz bei Spannung, Kapazit\u00e4t und Innenwiderstand. Diese Pr\u00e4zision nach \u201eEV-Standard\u201c ist entscheidend f\u00fcr die langfristige Stabilit\u00e4t und Sicherheit von Mehrzellen-Akkupacks. <\/li>\n<li>\ud83d\udee1\ufe0f <strong>Hervorragende Sicherheit und thermische Stabilit\u00e4t:<\/strong> Das robuste prismatische Aluminiumgeh\u00e4use bietet eine bessere W\u00e4rmeableitung und strukturelle Integrit\u00e4t als zylindrische oder Beutel-Alternativen. Es ist so konzipiert, dass es unter Vibrationen und m\u00e4\u00dfiger thermischer Belastung zuverl\u00e4ssig funktioniert. <\/li>\n<li>\u26a1 <strong>Vielseitiger Anwendungsbereich: <\/strong> Mit ihrer hohen Energiedichte und kompakten Stellfl\u00e4che, ist diese Zelle die erste Wahl f\u00fcr kleine Energiespeicher, Elektrofahrr\u00e4der, Schiffselektronik und DIY- tragbare Stromversorgungsstationen.<\/li>\n<\/ul>\n<\/div>\n","protected":false},"excerpt":{"rendered":"<p>Entdecken Sie die ETP Lixin Geely 25-Ah-LiFePO4-Batteriezelle EFP2714893WA. Mit \u00fcber 3.500 Zyklen und Konsistenz in Automobilqualit\u00e4t von der Geely Group. Perfekt f\u00fcr Robotik &amp; Fisch finder. Kaufen Sie bei DLCPO.<\/p>\n","protected":false},"featured_media":7916,"template":"","meta":{"_acf_changed":false,"_joinchat":[]},"product_brand":[],"product_cat":[2327],"product_tag":[2389,2353,2388,2387,2390],"class_list":{"0":"post-7917","1":"product","2":"type-product","3":"status-publish","4":"has-post-thumbnail","6":"product_cat-etpl","7":"product_tag-3500-ladezyklen-akku","8":"product_tag-dlcpo","9":"product_tag-geely-efp2714893wa","10":"product_tag-lixin-25ah-lfp","11":"product_tag-tragbare-robotik-batterie","12":"pa_capacity-25ah","14":"first","15":"instock","16":"shipping-taxable","17":"product-type-simple"},"acf":[],"_links":{"self":[{"href":"https:\/\/dlcpo.com\/de\/wp-json\/wp\/v2\/product\/7917","targetHints":{"allow":["GET"]}}],"collection":[{"href":"https:\/\/dlcpo.com\/de\/wp-json\/wp\/v2\/product"}],"about":[{"href":"https:\/\/dlcpo.com\/de\/wp-json\/wp\/v2\/types\/product"}],"version-history":[{"count":1,"href":"https:\/\/dlcpo.com\/de\/wp-json\/wp\/v2\/product\/7917\/revisions"}],"predecessor-version":[{"id":9367,"href":"https:\/\/dlcpo.com\/de\/wp-json\/wp\/v2\/product\/7917\/revisions\/9367"}],"wp:featuredmedia":[{"embeddable":true,"href":"https:\/\/dlcpo.com\/de\/wp-json\/wp\/v2\/media\/7916"}],"wp:attachment":[{"href":"https:\/\/dlcpo.com\/de\/wp-json\/wp\/v2\/media?parent=7917"}],"wp:term":[{"taxonomy":"product_brand","embeddable":true,"href":"https:\/\/dlcpo.com\/de\/wp-json\/wp\/v2\/product_brand?post=7917"},{"taxonomy":"product_cat","embeddable":true,"href":"https:\/\/dlcpo.com\/de\/wp-json\/wp\/v2\/product_cat?post=7917"},{"taxonomy":"product_tag","embeddable":true,"href":"https:\/\/dlcpo.com\/de\/wp-json\/wp\/v2\/product_tag?post=7917"}],"curies":[{"name":"wp","href":"https:\/\/api.w.org\/{rel}","templated":true}]}}