{"id":7914,"date":"2026-03-14T00:11:29","date_gmt":"2026-03-13T16:11:29","guid":{"rendered":"https:\/\/dlcpo.com\/higee-280ah-lifepo4-batteriezelle-71mm-standardgroesse\/"},"modified":"2026-03-14T00:11:29","modified_gmt":"2026-03-13T16:11:29","slug":"higee-280ah-lifepo4-batteriezelle-71mm-standardgroesse","status":"publish","type":"product","link":"https:\/\/dlcpo.com\/de\/higee-280ah-lifepo4-batteriezelle-71mm-standardgroesse\/","title":{"rendered":"Higee (Haibase) 280 Ah, 3,2 V, LiFePO4-Prismenzelle der Klasse A \u2013 Standardgr\u00f6\u00dfe \u2013 \u00fcber 6.000 Ladezyklen und extrem niedrige Impedanz f\u00fcr Solaranlagen mit hoher Kapazit\u00e4t und DIY-ESS"},"content":{"rendered":"<div class=\"product-description-container\">\n<p>Die <strong>Higee 280Ah LiFePO4-Batteriezelle in Standardgr\u00f6\u00dfe (71 mm)<\/strong> (Modell HJLFP48173205E) ist eine L\u00f6sung mit hoher Kapazit\u00e4t, die f\u00fcr die anspruchsvollsten Energiespeicheranwendungen entwickelt wurde. W\u00e4hrend einige Unterlagen auf dem Markt m\u00f6glicherweise verwirrende Modellnummern enthalten, hat <strong>DLCPO<\/strong> anhand der Original-Konstruktionszeichnungen \u00fcberpr\u00fcft, dass es sich hierbei um eine echte 280-Ah-Zelle in Standardgr\u00f6\u00dfe handelt, die eine nahtlose Integration in Ihre bestehenden Systemkonzepte gew\u00e4hrleistet.<\/p>\n<h3>Bew\u00e4hrte Leistung und branchenf\u00fchrende Zuverl\u00e4ssigkeit<\/h3>\n<ul>\n<li>\u26a1 <strong>Branchen\u00fcbliche Dicke von 71,8 mm:<\/strong> Bei der Batteriemontage kommt es auf Pr\u00e4zision an. Dank der best\u00e4tigten <strong>Dicke von 71,8 mm<\/strong> k\u00f6nnen Sie die <strong>Higee 280Ah LiFePO4-Batteriezelle in Standardgr\u00f6\u00dfe (71 mm)<\/strong> bedenkenlos in Standard-DIY-Projekten und rackmontierten Batteriegeh\u00e4usen einsetzen, ohne dass spezielle Distanzst\u00fccke, nicht standardm\u00e4\u00dfige Sammelschienen oder bauliche \u00c4nderungen erforderlich sind. <\/li>\n<li>\u26a1 <strong>Extrem niedrige Impedanz (\u2264 0,18 m\u03a9):<\/strong> Diese Zellen, die f\u00fcr ihre au\u00dfergew\u00f6hnliche Fertigungsqualit\u00e4t bekannt sind, weisen einen Innenwiderstand von <strong>\u2264 0,18 m\u03a9<\/strong> auf. Diese extrem niedrige Impedanz reduziert die W\u00e4rmeentwicklung bei Entladung unter hoher Last und Schnellladung erheblich und verbessert so den Gesamtwirkungsgrad Ihrer Solaranlage. <\/li>\n<li>\u26a1 <strong>Robuste Lebensdauer von \u00fcber 6.000 Ladezyklen:<\/strong> Mit einer Nennlebensdauer von <strong>\u22656.000 Tiefentladungszyklen<\/strong> sind diese Zellen auf Langlebigkeit ausgelegt. Sie bieten eine kosteng\u00fcnstige und \u00e4u\u00dferst zuverl\u00e4ssige L\u00f6sung f\u00fcr station\u00e4re Energiespeicher (ESS), bei denen Langlebigkeit und Sicherheit f\u00fcr Hausbesitzer und industrielle Anwender im Vordergrund stehen. <\/li>\n<li>\u26a1 <strong>Echte Zellintegrit\u00e4t der Klasse A:<\/strong> Jede Zelle wird bei DLCPO strengen internen Tests unterzogen, um eine gleichbleibende Kapazit\u00e4t und Spannung zu gew\u00e4hrleisten. Dies minimiert Probleme mit \u201eschwachen Gliedern\u201c in gro\u00dfen Serien-Parallel-Konfigurationen und verl\u00e4ngert die Lebensdauer Ihrer gesamten Batteriebank. <\/li>\n<li>\u26a1 <strong>Vielseitige Energiedichte:<\/strong> Dieses 280-Ah-Modell vereint enorme Leistung in einem kompakten, prismatischen Geh\u00e4use und ist damit die erste Wahl f\u00fcr netzunabh\u00e4ngige Haushalte, die Notstromversorgung von Rechenzentren und den Einsatz in der Schifffahrt.<\/li>\n<\/ul>\n<\/div>\n","protected":false},"excerpt":{"rendered":"<p>Die LiFePO4-Batteriezelle Higee 280Ah in der Standardgr\u00f6\u00dfe von 71 mm wurde von DLCPO auf perfekte Passgenauigkeit in DIY-Geh\u00e4usen gepr\u00fcft. Sie bietet \u00fcber 6.000 Ladezyklen und eine niedrige Impedanz von <span class=\"math-inline\" data-math=\"\\le 0.18 m\\Omega\" data-index-in-node=\"162\">$\\le 0,18 m\\Omega$<\/span>. Zuverl\u00e4ssigkeit der Klasse A.  <\/p>\n","protected":false},"featured_media":2615,"template":"","meta":{"_acf_changed":false,"_joinchat":[]},"product_brand":[],"product_cat":[2332],"product_tag":[2385,2384,2386,2353,2383],"class_list":{"0":"post-7914","1":"product","2":"type-product","3":"status-publish","4":"has-post-thumbnail","6":"product_cat-higee","7":"product_tag-6000-ladezyklen-lfp","8":"product_tag-718-mm-standard-zelle","9":"product_tag-diy-solar-speicher","10":"product_tag-dlcpo","11":"product_tag-higee-280ah","12":"pa_capacity-280ah","14":"first","15":"instock","16":"shipping-taxable","17":"product-type-simple"},"acf":[],"_links":{"self":[{"href":"https:\/\/dlcpo.com\/de\/wp-json\/wp\/v2\/product\/7914","targetHints":{"allow":["GET"]}}],"collection":[{"href":"https:\/\/dlcpo.com\/de\/wp-json\/wp\/v2\/product"}],"about":[{"href":"https:\/\/dlcpo.com\/de\/wp-json\/wp\/v2\/types\/product"}],"version-history":[{"count":0,"href":"https:\/\/dlcpo.com\/de\/wp-json\/wp\/v2\/product\/7914\/revisions"}],"wp:featuredmedia":[{"embeddable":true,"href":"https:\/\/dlcpo.com\/de\/wp-json\/wp\/v2\/media\/2615"}],"wp:attachment":[{"href":"https:\/\/dlcpo.com\/de\/wp-json\/wp\/v2\/media?parent=7914"}],"wp:term":[{"taxonomy":"product_brand","embeddable":true,"href":"https:\/\/dlcpo.com\/de\/wp-json\/wp\/v2\/product_brand?post=7914"},{"taxonomy":"product_cat","embeddable":true,"href":"https:\/\/dlcpo.com\/de\/wp-json\/wp\/v2\/product_cat?post=7914"},{"taxonomy":"product_tag","embeddable":true,"href":"https:\/\/dlcpo.com\/de\/wp-json\/wp\/v2\/product_tag?post=7914"}],"curies":[{"name":"wp","href":"https:\/\/api.w.org\/{rel}","templated":true}]}}