{"id":7908,"date":"2026-03-14T00:38:25","date_gmt":"2026-03-13T16:38:25","guid":{"rendered":"https:\/\/dlcpo.com\/higee-120ah-lifepo4-batteriezelle-7500-zyklen-170mm\/"},"modified":"2026-03-14T00:38:25","modified_gmt":"2026-03-13T16:38:25","slug":"higee-120ah-lifepo4-batteriezelle-7500-zyklen-170mm","status":"publish","type":"product","link":"https:\/\/dlcpo.com\/de\/higee-120ah-lifepo4-batteriezelle-7500-zyklen-170mm\/","title":{"rendered":"Higee 120 Ah, 3,2 V, LiFePO4-Prismenzelle der Klasse A \u2013 7500 Ladezyklen, extrem lange Lebensdauer \u2013 170 mm flaches Design f\u00fcr Golfwagen und Wohnmobil-Energiespeichersysteme (ESS)"},"content":{"rendered":"<div class=\"product-description-container\">\n<p>Die Higee 120Ah LiFePO4-Zelle sticht auf dem Weltmarkt als unangefochtener \u201eLanglebigkeits-Champion\u201c hervor. W\u00e4hrend Standard-LiFePO4-Zellen f\u00fcr 3.000 bis 6.000 Ladezyklen ausgelegt sind, wurde diese prismatische Zelle der Klasse A entwickelt, um die Grenzen auf <strong>\u22657.500 Ladezyklen<\/strong> zu erweitern. Dies stellt sicher, dass Ihre Investition \u00fcber eine potenzielle Lebensdauer von mehr als 20 Jahren in Solar- und Mobilit\u00e4tsanwendungen zuverl\u00e4ssige und nachhaltige Energie liefert.  <\/p>\n<h3>Wichtige Leistungsvorteile Vorteile<\/h3>\n<ul>\n<li>\u26a1 <strong>Unglaubliche Lebensdauer von \u00fcber 7.500 Ladezyklen:<\/strong> Entwickelt f\u00fcr alle, die auf Langfristigkeit setzen. Durch die fast doppelte Lebensdauer im Vergleich zu herk\u00f6mmlichen Lithiumzellen senkt die Higee 120Ah die Lebenszykluskosten pro kWh erheblich. Bei einer Solaranlage, die einmal t\u00e4glich einen Ladezyklus durchl\u00e4uft, bedeutet dies jahrzehntelangen wartungsfreien Betrieb.  <\/li>\n<li>\u26a1 <strong>Die perfekte L\u00f6sung f\u00fcr Golfwagen (170 mm H\u00f6he):<\/strong> Die Abmessungen sind entscheidend. Mit einer H\u00f6he von genau <strong>170 mm<\/strong> ist diese Zelle deutlich k\u00fcrzer als herk\u00f6mmliche prismatische Zellen mit einer H\u00f6he von \u00fcber 200 mm. Sie l\u00e4sst sich problemlos in die Batterief\u00e4cher von Golfwagen, fahrerlosen Transportfahrzeugen (AGVs) und Nutzfahrzeugen einsetzen, ohne dass teure Sitzanpassungen oder Hebes\u00e4tze erforderlich sind.  <\/li>\n<li>\u26a1 <strong>Compact &amp; Lightweight Efficiency:<\/strong> Weighing only <strong>2.86kg<\/strong> and measuring just <strong>48mm thick<\/strong>, these cells allow you to build a high-capacity pack with a small footprint. For example, a 48V 120Ah pack built with these cells weighs under 46kg, offering a massive weight saving over lead-acid alternatives. <\/li>\n<li>\u26a1 <strong>Prismatische Stabilit\u00e4t der Klasse A:<\/strong> Jede Zelle verf\u00fcgt \u00fcber ein robustes Aluminiumgeh\u00e4use und einheitliche Anschl\u00fcsse, was eine ausgewogene Leistung in Mehrzellenkonfigurationen gew\u00e4hrleistet. Dank ihrer hohen Energiedichte eignet sie sich ideal sowohl f\u00fcr station\u00e4re Energiespeicher (ESS) als auch f\u00fcr mobile Umgebungen mit starken Vibrationen. <\/li>\n<li>\u26a1 <strong>H\u00f6chste Zuverl\u00e4ssigkeit bei Tiefentladung:<\/strong> Die Higee 120Ah ist f\u00fcr den Tiefzyklusbetrieb optimiert und liefert auch bei starker Entladung eine stabile Ausgangsspannung. So wird sichergestellt, dass Ihre Ger\u00e4te oder Ihr netzunabh\u00e4ngiges Haus von 100 % bis hin zu niedrigen Ladezust\u00e4nden (SoC) reibungslos funktionieren.<\/li>\n<\/ul>\n<\/div>\n","protected":false},"excerpt":{"rendered":"<p>Die Higee 120Ah LiFePO4-Zelle bietet eine enorme Lebensdauer von \u00fcber 7.500 Ladezyklen. Mit einer H\u00f6he von nur 170 mm eignet sie sich perfekt f\u00fcr Golfwagen und Solarstromspeicher. Leistungsstarke Energie der Klasse A von DLCPO  <\/p>\n","protected":false},"featured_media":2623,"template":"","meta":{"_acf_changed":false,"_joinchat":[]},"product_brand":[],"product_cat":[2332],"product_tag":[2377,2376,2353,2375,2378],"class_list":{"0":"post-7908","1":"product","2":"type-product","3":"status-publish","4":"has-post-thumbnail","6":"product_cat-higee","7":"product_tag-170-mm-hohe-akku","8":"product_tag-7500-zyklen-lfp","9":"product_tag-dlcpo","10":"product_tag-higee-120ah","11":"product_tag-prismatisch-batterie-zelle","12":"pa_capacity-120ah","14":"first","15":"instock","16":"shipping-taxable","17":"product-type-simple"},"acf":[],"_links":{"self":[{"href":"https:\/\/dlcpo.com\/de\/wp-json\/wp\/v2\/product\/7908","targetHints":{"allow":["GET"]}}],"collection":[{"href":"https:\/\/dlcpo.com\/de\/wp-json\/wp\/v2\/product"}],"about":[{"href":"https:\/\/dlcpo.com\/de\/wp-json\/wp\/v2\/types\/product"}],"version-history":[{"count":0,"href":"https:\/\/dlcpo.com\/de\/wp-json\/wp\/v2\/product\/7908\/revisions"}],"wp:featuredmedia":[{"embeddable":true,"href":"https:\/\/dlcpo.com\/de\/wp-json\/wp\/v2\/media\/2623"}],"wp:attachment":[{"href":"https:\/\/dlcpo.com\/de\/wp-json\/wp\/v2\/media?parent=7908"}],"wp:term":[{"taxonomy":"product_brand","embeddable":true,"href":"https:\/\/dlcpo.com\/de\/wp-json\/wp\/v2\/product_brand?post=7908"},{"taxonomy":"product_cat","embeddable":true,"href":"https:\/\/dlcpo.com\/de\/wp-json\/wp\/v2\/product_cat?post=7908"},{"taxonomy":"product_tag","embeddable":true,"href":"https:\/\/dlcpo.com\/de\/wp-json\/wp\/v2\/product_tag?post=7908"}],"curies":[{"name":"wp","href":"https:\/\/api.w.org\/{rel}","templated":true}]}}