{"id":9700,"date":"2026-04-21T18:20:33","date_gmt":"2026-04-21T10:20:33","guid":{"rendered":"https:\/\/dlcpo.com\/natrium-ionen-batterie\/"},"modified":"2026-04-21T21:51:46","modified_gmt":"2026-04-21T13:51:46","slug":"natrium-ionen-batterie","status":"publish","type":"page","link":"https:\/\/dlcpo.com\/de\/natrium-ionen-batterie\/","title":{"rendered":"Natrium-Ionen-Batterie"},"content":{"rendered":"\t\t<div data-elementor-type=\"wp-page\" data-elementor-id=\"9700\" class=\"elementor elementor-9700 elementor-9189\" data-elementor-post-type=\"page\">\n\t\t\t\t<div class=\"elementor-element elementor-element-72006f7 e-con-full dlcpo-hero-box e-flex e-con e-parent\" data-id=\"72006f7\" data-element_type=\"container\" data-e-type=\"container\" data-settings=\"{&quot;background_background&quot;:&quot;classic&quot;}\">\n\t\t\t\t<div class=\"elementor-element elementor-element-8d7cae4 dlcpo-hero-box elementor-widget elementor-widget-image\" data-id=\"8d7cae4\" data-element_type=\"widget\" data-e-type=\"widget\" data-widget_type=\"image.default\">\n\t\t\t\t\t\t\t\t\t\t\t\t\t\t\t<img fetchpriority=\"high\" decoding=\"async\" width=\"2560\" height=\"1428\" src=\"https:\/\/dlcpo.com\/wp-content\/uploads\/2026\/04\/Sodium-Ion-Battery-Technology-Extreme-Cold-Resistance-Safety-DLCPO-scaled.webp\" class=\"attachment-full size-full wp-image-9298\" alt=\"Visualisierung der DLCPO-NFPP-Natrium-Ionen-Batterien mit Schwerpunkt auf der Best\u00e4ndigkeit gegen extreme K\u00e4lte bis -40 \u00b0C und dem fehlenden Risiko eines thermischen Durchgehens f\u00fcr ESS- und EV-Anwendungen in der Arktis.\" srcset=\"https:\/\/dlcpo.com\/wp-content\/uploads\/2026\/04\/Sodium-Ion-Battery-Technology-Extreme-Cold-Resistance-Safety-DLCPO-scaled.webp 2560w, https:\/\/dlcpo.com\/wp-content\/uploads\/2026\/04\/Sodium-Ion-Battery-Technology-Extreme-Cold-Resistance-Safety-DLCPO-300x167.webp 300w, https:\/\/dlcpo.com\/wp-content\/uploads\/2026\/04\/Sodium-Ion-Battery-Technology-Extreme-Cold-Resistance-Safety-DLCPO-1024x571.webp 1024w, https:\/\/dlcpo.com\/wp-content\/uploads\/2026\/04\/Sodium-Ion-Battery-Technology-Extreme-Cold-Resistance-Safety-DLCPO-768x428.webp 768w, https:\/\/dlcpo.com\/wp-content\/uploads\/2026\/04\/Sodium-Ion-Battery-Technology-Extreme-Cold-Resistance-Safety-DLCPO-1536x857.webp 1536w, https:\/\/dlcpo.com\/wp-content\/uploads\/2026\/04\/Sodium-Ion-Battery-Technology-Extreme-Cold-Resistance-Safety-DLCPO-2048x1142.webp 2048w, https:\/\/dlcpo.com\/wp-content\/uploads\/2026\/04\/Sodium-Ion-Battery-Technology-Extreme-Cold-Resistance-Safety-DLCPO-600x335.webp 600w, https:\/\/dlcpo.com\/wp-content\/uploads\/2026\/04\/Sodium-Ion-Battery-Technology-Extreme-Cold-Resistance-Safety-DLCPO-64x36.webp 64w\" sizes=\"(max-width: 2560px) 100vw, 2560px\" \/>\t\t\t\t\t\t\t\t\t\t\t\t\t\t\t<\/div>\n\t\t\t\t<div class=\"elementor-element elementor-element-788f44fd elementor-widget elementor-widget-heading\" data-id=\"788f44fd\" data-element_type=\"widget\" data-e-type=\"widget\" data-widget_type=\"heading.default\">\n\t\t\t\t\t<h2 class=\"elementor-heading-title elementor-size-default\">Natrium-Ionen-Batterie<\/h2>\t\t\t\t<\/div>\n\t\t\t\t<\/div>\n\t\t<div class=\"elementor-element elementor-element-78d486be e-flex e-con-boxed e-con e-parent\" data-id=\"78d486be\" data-element_type=\"container\" data-e-type=\"container\">\n\t\t\t\t\t<div class=\"e-con-inner\">\n\t\t\t\t<div class=\"elementor-element elementor-element-31e08eea elementor-widget elementor-widget-html\" data-id=\"31e08eea\" data-element_type=\"widget\" data-e-type=\"widget\" data-widget_type=\"html.default\">\n\t\t\t\t\t<div class=\"sib-landing-page\" style=\"font-family: 'Segoe UI', Arial, sans-serif; line-height: 1.6; color: #333; max-width: 1000px; margin: auto; padding: 20px; background-color: #fcfcfc;\">\r\n\r\n    <div style=\"text-align: center; margin-bottom: 40px;\">\r\n        <h1 style=\"color: #004a99; font-size: 28px; font-weight: 800; margin-bottom: 15px;\">\r\n Natrium-Ionen-Batterie-Serie: Die Elite DLCPO NFPP Energie L\u00f6sung\r\n        <\/h1>\r\n        <p style=\"font-size: 16px; color: #555; max-width: 800px; margin: auto;\">\r\n Suchen Sie nach einer <strong>Natrium-Ionen-Batterieserie<\/strong>, die sich durch extreme Widerstandsf\u00e4higkeit auszeichnet? DLCPO Power Technology ist Ihr exklusiver Partner f\u00fcr <strong>Original-Natrium-Ionen-Batteriel\u00f6sungen von DLCPO<\/strong>. Wir verkaufen grunds\u00e4tzlich keine Lagerbatterien; jede Bestellung ist eine <strong>frisch hergestellte Natrium-Ionen-Batterie<\/strong>, die direkt aus unseren neuesten Fertigungszyklen der G\u00fcteklasse A stammt.  \r\n        <\/p>\r\n    <\/div>\r\n\r\n    <div style=\"display: flex; justify-content: space-between; gap: 20px; margin-bottom: 40px;\">\r\n        <div style=\"flex: 1; background: #fff; padding: 25px; border-radius: 8px; box-shadow: 0 4px 15px rgba(0,0,0,0.05); text-align: center; border-top: 4px solid #cc0000;\">\r\n            <div style=\"font-size: 30px; margin-bottom: 15px;\">\ud83c\udfed<\/div>\r\n            <h3 style=\"color: #004a99; font-size: 18px; margin-bottom: 10px;\">Polyanion NFPP Tech<\/h3>\r\n            <p style=\"font-size: 13px; color: #666;\">\r\n Wir verkaufen ausschlie\u00dflich Original-DLCPO-<strong>Natrium -Ionen-Batterie<\/strong> Zellen, den weltweiten Ma\u00dfstab f\u00fcr <strong>Natrium EisenPyrophosphat-Zellen Gro\u00dfhandel<\/strong> Exzellenz.\r\n            <\/p>\r\n        <\/div>\r\n        <div style=\"flex: 1; background: #fff; padding: 25px; border-radius: 8px; box-shadow: 0 4px 15px rgba(0,0,0,0.05); text-align: center; border-top: 4px solid #ffaa00;\">\r\n            <div style=\"font-size: 30px; margin-bottom: 15px;\">\u23f3<\/div>\r\n            <h3 style=\"color: #004a99; font-size: 18px; margin-bottom: 10px;\">\u00dcber 8.000 Zyklen<\/h3>\r\n            <p style=\"font-size: 13px; color: #666;\">\r\n Erleben Sie eine <strong>Batterie mit hoher Zyklenfestigkeit (8.000 Zyklen)<\/strong>, die jahrzehntelangen zuverl\u00e4ssigen Betrieb Ihrer unternehmenskritischen Energiespeichersysteme gew\u00e4hrleistet.\r\n            <\/p>\r\n        <\/div>\r\n        <div style=\"flex: 1; background: #fff; padding: 25px; border-radius: 8px; box-shadow: 0 4px 15px rgba(0,0,0,0.05); text-align: center; border-top: 4px solid #0099cc;\">\r\n            <div style=\"font-size: 30px; margin-bottom: 15px;\">\ud83c\udd95<\/div>\r\n            <h3 style=\"color: #004a99; font-size: 18px; margin-bottom: 10px;\">Streng genommen Frisch Charge<\/h3>\r\n            <p style=\"font-size: 13px; color: #666;\">\r\n Als engagierter <strong>Anbieter von brandneuen Natrium-Ionen-Batterien<\/strong> gew\u00e4hrleisten wir eine konstante Leistungsf\u00e4higkeit, indem wir ausschlie\u00dflich ma\u00dfgeschneiderte Zellen der G\u00fcteklasse A liefern.\r\n            <\/p>\r\n        <\/div>\r\n    <\/div>\r\n\r\n    <div style=\"background: #fff; padding: 40px; border-radius: 12px; box-shadow: 0 4px 20px rgba(0,0,0,0.03); margin-bottom: 40px;\">\r\n        <h2 style=\"color: #004a99; font-size: 24px; margin-bottom: 20px; font-weight: 700;\">\r\n Warum die Natrium-Ionen-Technologie von DLCPO den Markt dominiert\r\n        <\/h2>\r\n        <p style=\"font-size: 14px; color: #444; margin-bottom: 15px;\">\r\n Im Bereich der High-End-Energiespeicher ist die <strong>Natrium-Ionen-Batterieserie<\/strong> aufgrund ihrer Sicherheit und K\u00e4ltebest\u00e4ndigkeit un\u00fcbertroffen. Im Gegensatz zu LFP sind unsere <strong>Natrium-Eisen-Pyrophosphat-Zellen im Gro\u00dfhandel<\/strong> von Natur aus stabil und nicht brennbar. Mit der Entscheidung f\u00fcr eine <strong>Original-DLCPO-Natrium-Ionen-Batterie<\/strong> investieren Sie in eine <strong>Batterie mit hoher Zyklenlebensdauer (8.000 Zyklen)<\/strong>, die auch unter extremen Bedingungen einsatzf\u00e4hig bleibt. Dies macht sie zur idealen <strong>Natrium-Ionen-Batterie f\u00fcr extreme K\u00e4lte bis -40 \u00b0C<\/strong>, wo andere Chemien einfach versagen.   \r\n        <\/p>\r\n        <p style=\"font-size: 14px; color: #444; margin-bottom: 15px;\">\r\n Bei DLCPO legen wir besonderen Wert auf die \u201eFrische\u201c unserer Lieferkette. Viele Mitbewerber bieten alte Lagerbest\u00e4nde oder ausrangierte Zellen an, wir hingegen sind ein <strong>Anbieter von Natrium-Ionen-Batterien aus frischer Produktion<\/strong>. Wenn Sie aus unserer <strong>Natrium-Ionen-Batterie-Serie<\/strong> bestellen, erhalten Sie Zellen mit den neuesten chemischen Weiterentwicklungen von NFPP, die eine perfekte Kapazit\u00e4tsanpassung gew\u00e4hrleisten. Diese <strong>Original-DLCPO-Natrium-Ionen-Batterie<\/strong> erm\u00f6glicht eine Betriebsdauer von 20 Jahren in allen Anwendungsbereichen, von industriellen ESS bis hin zu Netzen f\u00fcr erneuerbare Energien.   \r\n        <\/p>\r\n        <p style=\"font-size: 14px; color: #444;\">\r\n Dar\u00fcber hinaus umfassen unsere Dienstleistungen im Bereich <strong>Gro\u00dfhandel mit Natrium-Eisen-Pyrophosphat-Zellen<\/strong> eine l\u00fcckenlose R\u00fcckverfolgbarkeit sowie werkseitig zertifizierte Pr\u00fcfberichte. F\u00fcr Projekte, die eine <strong>Natrium-Ionen-Batterie f\u00fcr extreme K\u00e4lte bis -40 \u00b0C<\/strong> erfordern, ist die Zuverl\u00e4ssigkeit einer <strong>Natrium-Ionen-Batterie aus frischer Charge<\/strong> unverzichtbar. Unsere Garantie f\u00fcr eine <strong>Batterie mit hoher Zyklenlebensdauer (8.000 Zyklen)<\/strong> bedeutet, dass Ihre Gesamtbetriebskosten (TCO) die niedrigsten in der Branche sind. W\u00e4hlen Sie DLCPO als Ihren <strong>Lieferanten f\u00fcr frisch hergestellte Natrium-Ionen-Batterien<\/strong>, um sich die weltweit sicherste Energiespeichertechnologie zu sichern.   \r\n        <\/p>\r\n    <\/div>\r\n\r\n    <div style=\"margin-bottom: 40px;\">\r\n        <h2 style=\"color: #004a99; font-size: 20px; margin-bottom: 20px; display: flex; align-items: center;\">\r\n \ud83d\ude80 Optimierte Szenarien f\u00fcr Natrium-Ionen-Batterien Serien\r\n        <\/h2>\r\n        <div style=\"display: flex; flex-wrap: wrap; gap: 15px;\">\r\n            <div style=\"background: #eef6ff; padding: 10px 20px; border-radius: 50px; font-size: 13px; color: #004a99; font-weight: 600;\">\ud83d\udc1f Elektrofahrzeuge mit hoher Sicherheit<\/div>\r\n            <div style=\"background: #eef6ff; padding: 10px 20px; border-radius: 50px; font-size: 13px; color: #004a99; font-weight: 600;\">\u2744\ufe0f Arctic Energie Speicherung (-40 \u00b0C)<\/div>\r\n            <div style=\"background: #eef6ff; padding: 10px 20px; border-radius: 50px; font-size: 13px; color: #004a99; font-weight: 600;\">\ud83c\udfd7\ufe0f Rund um die Uhr Industrie F\u00fchrungslose Transportfahrzeuge (FTF)<\/div>\r\n            <div style=\"background: #eef6ff; padding: 10px 20px; border-radius: 50px; font-size: 13px; color: #004a99; font-weight: 600;\">\u26a1 Telekommunikation Notstromversorgung<\/div>\r\n        <\/div>\r\n    <\/div>\r\n\r\n    <div style=\"background: #f0f4f8; padding: 30px; border-radius: 12px; border-left: 5px solid #004a99;\">\r\n        <h3 style=\"color: #004a99; font-size: 20px; margin-bottom: 10px;\">Sichern Sie sich noch heute Ihre originale DLCPO-Natrium-Ionen-Batterie<\/h3>\r\n        <p style=\"font-size: 14px; color: #555;\">\r\n Suchen Sie einen zuverl\u00e4ssigen <strong>Lieferanten f\u00fcr neue Natrium-Ionen-Batterien<\/strong>? Kontaktieren Sie <strong>DLCPO<\/strong> noch heute, um die aktuellen Preise f\u00fcr unsere <strong>Natrium-Ionen-Batterieserie<\/strong> zu erfahren. Wir bieten <strong>Natrium-Eisen-Pyrophosphat-Zellen im Gro\u00dfhandel<\/strong> von h\u00f6chster Qualit\u00e4t sowie spezialisierte <strong>Natrium-Ionen-Batteriel\u00f6sungen f\u00fcr extreme K\u00e4lte bis -40 \u00b0C<\/strong>, garantiert durch eine <strong>Garantie f\u00fcr Batterien mit hoher Zyklenlebensdauer (8.000 Zyklen)<\/strong>. \ud83d\ude4c  \r\n        <\/p>\r\n    <\/div>\r\n\r\n<\/div>\t\t\t\t<\/div>\n\t\t\t\t\t<\/div>\n\t\t\t\t<\/div>\n\t\t<div class=\"elementor-element elementor-element-7cfe819 e-flex e-con-boxed e-con e-parent\" data-id=\"7cfe819\" data-element_type=\"container\" data-e-type=\"container\">\n\t\t\t\t\t<div class=\"e-con-inner\">\n\t\t\t\t<div class=\"woocommerce elementor-element elementor-element-e49c2c4 elementor-grid-4 elementor-grid-tablet-2 elementor-grid-mobile-1 elementor-widget elementor-widget-loop-grid\" data-id=\"e49c2c4\" data-element_type=\"widget\" data-e-type=\"widget\" data-settings=\"{&quot;_skin&quot;:&quot;product&quot;,&quot;template_id&quot;:7836,&quot;pagination_type&quot;:&quot;numbers&quot;,&quot;columns&quot;:4,&quot;columns_tablet&quot;:&quot;2&quot;,&quot;columns_mobile&quot;:&quot;1&quot;,&quot;edit_handle_selector&quot;:&quot;[data-elementor-type=\\&quot;loop-item\\&quot;]&quot;,&quot;pagination_load_type&quot;:&quot;page_reload&quot;,&quot;row_gap&quot;:{&quot;unit&quot;:&quot;px&quot;,&quot;size&quot;:&quot;&quot;,&quot;sizes&quot;:[]},&quot;row_gap_tablet_extra&quot;:{&quot;unit&quot;:&quot;px&quot;,&quot;size&quot;:&quot;&quot;,&quot;sizes&quot;:[]},&quot;row_gap_tablet&quot;:{&quot;unit&quot;:&quot;px&quot;,&quot;size&quot;:&quot;&quot;,&quot;sizes&quot;:[]},&quot;row_gap_mobile&quot;:{&quot;unit&quot;:&quot;px&quot;,&quot;size&quot;:&quot;&quot;,&quot;sizes&quot;:[]}}\" data-widget_type=\"loop-grid.product\">\n\t\t\t\t<div class=\"elementor-widget-container\">\n\t\t\t\t\t\t\t<div class=\"elementor-loop-container elementor-grid\" role=\"list\">\n\t\t<style id=\"loop-7836\">.elementor-7836 .elementor-element.elementor-element-bf98f95{--display:flex;--min-height:280px;--background-transition:0.3s;box-shadow:0px 0px 10px 0px rgba(122.01748962402344, 115.38610431837, 115.38610431837, 0.2);}.elementor-7836 .elementor-element.elementor-element-bf98f95.e-con:hover{--e-con-transform-scale:1.05;}.elementor-widget-theme-post-featured-image .widget-image-caption{color:var( --e-global-color-text );font-family:var( --e-global-typography-text-font-family ), Sans-serif;font-size:var( --e-global-typography-text-font-size );font-weight:var( --e-global-typography-text-font-weight );line-height:var( --e-global-typography-text-line-height );}.elementor-7836 .elementor-element.elementor-element-5129677 img{height:180px;object-fit:contain;object-position:center center;}.elementor-widget-theme-post-title .elementor-heading-title{font-family:var( --e-global-typography-primary-font-family ), Sans-serif;font-size:var( --e-global-typography-primary-font-size );font-weight:var( --e-global-typography-primary-font-weight );line-height:var( --e-global-typography-primary-line-height );color:var( --e-global-color-primary );}.elementor-7836 .elementor-element.elementor-element-ed9175d{text-align:center;}.elementor-7836 .elementor-element.elementor-element-ed9175d .elementor-heading-title{font-family:\"Montserrat\", Sans-serif;font-size:14px;line-height:1.6;color:#171819;}.elementor-widget-woocommerce-product-add-to-cart .added_to_cart{font-family:var( --e-global-typography-accent-font-family ), Sans-serif;font-size:var( --e-global-typography-accent-font-size );font-weight:var( --e-global-typography-accent-font-weight );line-height:var( --e-global-typography-accent-line-height );}.elementor-7836 .elementor-element.elementor-element-0fd10e1 .cart button, .elementor-7836 .elementor-element.elementor-element-0fd10e1 .cart .button{border-style:solid;border-width:1px 1px 1px 1px;border-radius:4px 4px 4px 4px;padding:6px 6px 6px 6px;color:#F39C12;background-color:#FFFFFF;border-color:#F39C12;transition:all 0.2s;}.elementor-7836 .elementor-element.elementor-element-0fd10e1 .cart button:hover, .elementor-7836 .elementor-element.elementor-element-0fd10e1 .cart .button:hover{color:#FFFFFF;background-color:#F39C12;}@media(max-width:768px){.elementor-widget-theme-post-featured-image .widget-image-caption{font-size:var( --e-global-typography-text-font-size );line-height:var( --e-global-typography-text-line-height );}.elementor-widget-theme-post-title .elementor-heading-title{font-size:var( --e-global-typography-primary-font-size );line-height:var( --e-global-typography-primary-line-height );}.elementor-widget-woocommerce-product-add-to-cart .added_to_cart{font-size:var( --e-global-typography-accent-font-size );line-height:var( --e-global-typography-accent-line-height );}}@media(max-width:767px){.elementor-widget-theme-post-featured-image .widget-image-caption{font-size:var( --e-global-typography-text-font-size );line-height:var( --e-global-typography-text-line-height );}.elementor-widget-theme-post-title .elementor-heading-title{font-size:var( --e-global-typography-primary-font-size );line-height:var( --e-global-typography-primary-line-height );}.elementor-widget-woocommerce-product-add-to-cart .added_to_cart{font-size:var( --e-global-typography-accent-font-size );line-height:var( --e-global-typography-accent-line-height );}}\/* Start custom CSS for theme-post-title, class: .elementor-element-ed9175d *\/.elementor-7836 .elementor-element.elementor-element-ed9175d {\r\n    display: -webkit-box;\r\n    -webkit-line-clamp: 2; \/* \u5f3a\u5236\u53ea\u663e\u793a2\u884c\uff0c\u4f60\u53ef\u4ee5\u6539\u62103 *\/\r\n    -webkit-box-orient: vertical;  \r\n    overflow: hidden;\r\n    min-height: 3em; \/* \u8bbe\u7f6e\u4e00\u4e2a\u6700\u5c0f\u9ad8\u5ea6\uff0c\u4fdd\u8bc1\u54ea\u6015\u6807\u9898\u53ea\u67091\u884c\uff0c\u5360\u4f4d\u4e5f\u548c2\u884c\u4e00\u6837\u9ad8 *\/\r\n}\/* End custom CSS *\/<\/style>\t\t<div data-elementor-type=\"loop-item\" data-elementor-id=\"7836\" class=\"elementor elementor-7836 elementor-549 elementor-549 e-loop-item e-loop-item-9703 post-9703 product type-product status-publish has-post-thumbnail product_cat-natrium-ionen-batterie-kat product_tag-170ah product_tag-industrielle-energiespeichersysteme product_tag-natrium-ionen-batterie product_tag-nfpp product_tag-niedrig-temperatur-abfluss pa_capacity-170ah first instock shipping-taxable product-type-simple\" data-elementor-post-type=\"elementor_library\" data-custom-edit-handle=\"1\">\n\t\t\t<div class=\"elementor-element elementor-element-bf98f95 e-transform e-flex e-con-boxed e-con e-parent\" data-id=\"bf98f95\" data-element_type=\"container\" data-e-type=\"container\" data-settings=\"{&quot;animation&quot;:&quot;none&quot;,&quot;_transform_scale_effect_hover&quot;:{&quot;unit&quot;:&quot;px&quot;,&quot;size&quot;:1.05,&quot;sizes&quot;:[]},&quot;_transform_scale_effect_hover_tablet_extra&quot;:{&quot;unit&quot;:&quot;px&quot;,&quot;size&quot;:&quot;&quot;,&quot;sizes&quot;:[]},&quot;_transform_scale_effect_hover_tablet&quot;:{&quot;unit&quot;:&quot;px&quot;,&quot;size&quot;:&quot;&quot;,&quot;sizes&quot;:[]},&quot;_transform_scale_effect_hover_mobile&quot;:{&quot;unit&quot;:&quot;px&quot;,&quot;size&quot;:&quot;&quot;,&quot;sizes&quot;:[]}}\">\n\t\t\t\t\t<div class=\"e-con-inner\">\n\t\t\t\t<div class=\"elementor-element elementor-element-5129677 elementor-widget elementor-widget-theme-post-featured-image elementor-widget-image\" data-id=\"5129677\" data-element_type=\"widget\" data-e-type=\"widget\" data-widget_type=\"theme-post-featured-image.default\">\n\t\t\t\t\t\t\t\t\t\t\t\t\t\t\t<img decoding=\"async\" width=\"800\" height=\"732\" src=\"https:\/\/dlcpo.com\/wp-content\/uploads\/2026\/04\/dlcpo-nfpp-72173207-170ah-sodium-ion-battery-cell-1024x937.webp\" class=\"attachment-large size-large wp-image-9183\" alt=\"High-performance DLCPO NFPP 170Ah 2.85V prismatic sodium-ion battery cell with laser-welded terminals and QR code for energy storage\" srcset=\"https:\/\/dlcpo.com\/wp-content\/uploads\/2026\/04\/dlcpo-nfpp-72173207-170ah-sodium-ion-battery-cell-1024x937.webp 1024w, https:\/\/dlcpo.com\/wp-content\/uploads\/2026\/04\/dlcpo-nfpp-72173207-170ah-sodium-ion-battery-cell-300x275.webp 300w, https:\/\/dlcpo.com\/wp-content\/uploads\/2026\/04\/dlcpo-nfpp-72173207-170ah-sodium-ion-battery-cell-768x703.webp 768w, https:\/\/dlcpo.com\/wp-content\/uploads\/2026\/04\/dlcpo-nfpp-72173207-170ah-sodium-ion-battery-cell-1536x1406.webp 1536w, https:\/\/dlcpo.com\/wp-content\/uploads\/2026\/04\/dlcpo-nfpp-72173207-170ah-sodium-ion-battery-cell-2048x1874.webp 2048w, https:\/\/dlcpo.com\/wp-content\/uploads\/2026\/04\/dlcpo-nfpp-72173207-170ah-sodium-ion-battery-cell-600x549.webp 600w, https:\/\/dlcpo.com\/wp-content\/uploads\/2026\/04\/dlcpo-nfpp-72173207-170ah-sodium-ion-battery-cell-64x59.webp 64w\" sizes=\"(max-width: 800px) 100vw, 800px\" \/>\t\t\t\t\t\t\t\t\t\t\t\t\t\t\t<\/div>\n\t\t\t\t<div class=\"elementor-element elementor-element-ed9175d elementor-widget elementor-widget-theme-post-title elementor-page-title elementor-widget-heading\" data-id=\"ed9175d\" data-element_type=\"widget\" data-e-type=\"widget\" data-widget_type=\"theme-post-title.default\">\n\t\t\t\t\t<h1 class=\"elementor-heading-title elementor-size-default\">DLCPO NFPP 72173207 170-Ah-Sodium-Ionen-Zelle (SIB) f\u00fcr Tiefentladungsanwendungen \u2013 2,85 V, 484 Wh \u2013 hohe Sicherheit und hervorragende Leistung bei extrem niedrigen Temperaturen<\/h1>\t\t\t\t<\/div>\n\t\t\t\t<div class=\"elementor-element elementor-element-0fd10e1 elementor-add-to-cart--align-center elementor-widget elementor-widget-woocommerce-product-add-to-cart\" data-id=\"0fd10e1\" data-element_type=\"widget\" data-e-type=\"widget\" data-widget_type=\"woocommerce-product-add-to-cart.default\">\n\t\t\t\t\t\n\t\t<div class=\"elementor-add-to-cart elementor-product-simple\">\n\t\t\t\t\t<div class=\"e-loop-add-to-cart-form-container\">\n\t\t\t<form class=\"cart e-loop-add-to-cart-form\">\n\t\t\t\t<a href=\"https:\/\/dlcpo.com\/de\/dlcpo-nfpp-72173207-170ah-natrium-ionen-batteriezelle\/\" aria-describedby=\"woocommerce_loop_add_to_cart_link_describedby_9703\" data-quantity=\"1\" class=\"button product_type_simple\" data-product_id=\"9703\" data-product_sku=\"\" aria-label=\"Lese mehr \u00fcber &#8222;DLCPO NFPP 72173207 170-Ah-Sodium-Ionen-Zelle (SIB) f\u00fcr Tiefentladungsanwendungen \u2013 2,85 V, 484 Wh \u2013 hohe Sicherheit und hervorragende Leistung bei extrem niedrigen Temperaturen&#8220;\" rel=\"nofollow\" data-success_message=\"\">Weiterlesen<\/a>\t<span id=\"woocommerce_loop_add_to_cart_link_describedby_9703\" class=\"screen-reader-text\">\n\t\t\t<\/span>\n\t\t\t<\/form>\n\t\t<\/div>\n\t\t\t\t<\/div>\n\n\t\t\t\t\t\t<\/div>\n\t\t\t\t\t<\/div>\n\t\t\t\t<\/div>\n\t\t\t\t<\/div>\n\t\t\t\t<\/div>\n\t\t\n\t\t\t\t\t\t<\/div>\n\t\t\t\t<\/div>\n\t\t\t\t\t<\/div>\n\t\t\t\t<\/div>\n\t\t\t\t<\/div>\n\t\t","protected":false},"excerpt":{"rendered":"<p>Natrium-Ionen-Batterie Natrium-Ionen-Batterie-Serie: Die Elite DLCPO NFPP Energie L\u00f6sung Suchen Sie nach einer Natrium-Ionen-Batterieserie, die sich durch extreme Widerstandsf\u00e4higkeit auszeichnet? DLCPO Power Technology ist Ihr exklusiver Partner f\u00fcr Original-Natrium-Ionen-Batteriel\u00f6sungen von DLCPO. Wir verkaufen grunds\u00e4tzlich keine Lagerbatterien; jede Bestellung ist eine frisch hergestellte Natrium-Ionen-Batterie, die direkt aus unseren neuesten Fertigungszyklen der G\u00fcteklasse A stammt. \ud83c\udfed Polyanion NFPP [&hellip;]<\/p>\n","protected":false},"author":1,"featured_media":0,"parent":0,"menu_order":0,"comment_status":"closed","ping_status":"closed","template":"","meta":{"_acf_changed":false,"_joinchat":[],"footnotes":""},"class_list":["post-9700","page","type-page","status-publish","hentry"],"acf":[],"_links":{"self":[{"href":"https:\/\/dlcpo.com\/de\/wp-json\/wp\/v2\/pages\/9700","targetHints":{"allow":["GET"]}}],"collection":[{"href":"https:\/\/dlcpo.com\/de\/wp-json\/wp\/v2\/pages"}],"about":[{"href":"https:\/\/dlcpo.com\/de\/wp-json\/wp\/v2\/types\/page"}],"author":[{"embeddable":true,"href":"https:\/\/dlcpo.com\/de\/wp-json\/wp\/v2\/users\/1"}],"replies":[{"embeddable":true,"href":"https:\/\/dlcpo.com\/de\/wp-json\/wp\/v2\/comments?post=9700"}],"version-history":[{"count":1,"href":"https:\/\/dlcpo.com\/de\/wp-json\/wp\/v2\/pages\/9700\/revisions"}],"predecessor-version":[{"id":9702,"href":"https:\/\/dlcpo.com\/de\/wp-json\/wp\/v2\/pages\/9700\/revisions\/9702"}],"wp:attachment":[{"href":"https:\/\/dlcpo.com\/de\/wp-json\/wp\/v2\/media?parent=9700"}],"curies":[{"name":"wp","href":"https:\/\/api.w.org\/{rel}","templated":true}]}}