{"id":7631,"date":"2026-02-28T21:25:55","date_gmt":"2026-02-28T13:25:55","guid":{"rendered":"https:\/\/dlcpo.com\/massgefertigter-lithium-polymer-akku\/"},"modified":"2026-04-15T11:23:00","modified_gmt":"2026-04-15T03:23:00","slug":"massgefertigter-lithium-polymer-akku","status":"publish","type":"page","link":"https:\/\/dlcpo.com\/de\/massgefertigter-lithium-polymer-akku\/","title":{"rendered":"Lithium-Polymer-Akku (Pouch) Akku"},"content":{"rendered":"\t\t<div data-elementor-type=\"wp-page\" data-elementor-id=\"7631\" class=\"elementor elementor-7631 elementor-911\" data-elementor-post-type=\"page\">\n\t\t\t\t<div class=\"elementor-element elementor-element-eaf4c08 e-flex e-con-boxed e-con e-parent\" data-id=\"eaf4c08\" data-element_type=\"container\" data-e-type=\"container\" data-settings=\"{&quot;background_background&quot;:&quot;classic&quot;}\">\n\t\t\t\t\t<div class=\"e-con-inner\">\n\t\t\t\t<div class=\"elementor-element elementor-element-628a285 elementor-widget elementor-widget-heading\" data-id=\"628a285\" data-element_type=\"widget\" data-e-type=\"widget\" data-widget_type=\"heading.default\">\n\t\t\t\t\t<h1 class=\"elementor-heading-title elementor-size-default\">Ma\u00dfgeschneiderte Lithium-Polymer-Pouch- Akkus L\u00f6sungen<\/h1>\t\t\t\t<\/div>\n\t\t\t\t<div class=\"elementor-element elementor-element-953a688 elementor-widget elementor-widget-heading\" data-id=\"953a688\" data-element_type=\"widget\" data-e-type=\"widget\" data-widget_type=\"heading.default\">\n\t\t\t\t\t<h2 class=\"elementor-heading-title elementor-size-default\">100 % ma\u00dfgeschneiderte Abmessungen | Spezialisiert auf mehr als 10 Jahre Erfahrung in Forschung und Entwicklung sowie kundenspezifischer PACK-Konstruktion.<\/h2>\t\t\t\t<\/div>\n\t\t\t\t\t<\/div>\n\t\t\t\t<\/div>\n\t\t<div class=\"elementor-element elementor-element-6f99ef8 e-flex e-con-boxed e-con e-parent\" data-id=\"6f99ef8\" data-element_type=\"container\" data-e-type=\"container\">\n\t\t\t\t\t<div class=\"e-con-inner\">\n\t\t\t\t<div class=\"elementor-element elementor-element-4b55b83 elementor-widget elementor-widget-html\" data-id=\"4b55b83\" data-element_type=\"widget\" data-e-type=\"widget\" data-widget_type=\"html.default\">\n\t\t\t\t\t<div class=\"dlcpo-pouch-page\" style=\"font-family: 'Segoe UI', Roboto, sans-serif; line-height: 1.8; color: #333; text-align: left;\"><style>.dlcpo-pouch-page { background-color: #ffffff; }\r\n        .pouch-hero {\r\n            background: linear-gradient(rgba(0, 26, 51, 0.75), rgba(0, 26, 51, 0.75)), \r\n                        url('https:\/\/dlcpo.com\/wp-content\/uploads\/dlcpo-polymer-battery-factory-strict-ipqc-standard1.jpg');\r\n            background-size: cover; background-position: center; height: 420px;\r\n            display: flex; flex-direction: column; justify-content: center; align-items: center;\r\n            text-align: center; color: #fff; padding: 0 5%;\r\n        }\r\n        .pouch-hero h1 { font-size: 38px; margin-bottom: 10px; text-transform: uppercase; }\r\n        .pouch-hero .experience-tag { background: #44aaff; color: #001a33; padding: 5px 15px; font-weight: bold; border-radius: 3px; margin-bottom: 15px; }\r\n        .pouch-hero p { font-size: 18px; max-width: 900px; color: #ffffff; }\r\n\r\n        .pouch-section { padding: 60px 10%; }\r\n        .features-grid { display: grid; grid-template-columns: repeat(2, 1fr); gap: 30px; }\r\n        .feature-card { background: #f8fbff; padding: 30px; border-radius: 6px; border-left: 5px solid #003366; transition: 0.3s; }\r\n        .feature-card h4 { color: #003366; font-size: 19px; margin-bottom: 12px; }\r\n\r\n        .app-section { background-color: #f4f7f9; padding: 60px 10%; }\r\n        .app-grid { display: grid; grid-template-columns: repeat(4, 1fr); gap: 12px; margin-top: 30px; }\r\n        .app-tag { background: #fff; padding: 12px; border-radius: 4px; font-size: 13px; color: #444; border: 1px solid #e0e0e0; text-align: center; font-weight: 500; }\r\n\r\n        .seo-rich-content { padding: 60px 10%; background: #fff; }\r\n        .seo-rich-content h3 { color: #003366; font-size: 26px; margin-bottom: 20px; }\r\n\r\n        @media (max-width: 992px) { .features-grid, .app-grid { grid-template-columns: 1fr; } .pouch-hero h1 { font-size: 28px; } }\r\n    <\/style><header class=\"pouch-hero\"><div class=\"experience-tag\">ETABLIERT SEIT 2007<\/div><h1>Ma\u00dfgeschneiderte Lithium-Polymer-Batterie & Pouch-Zellen-L\u00f6sungen<\/h1><p>\u00dcber 18 Jahre Exzellenz als <strong>Hersteller von Li-Po-Batterien<\/strong> | Millimetergenaue Ma\u00dfanfertigung<\/p><\/header><section class=\"pouch-section\"><div style=\"text-align: center; margin-bottom: 50px;\"><h2>Warum DLCPO Ihr bevorzugter Partner f\u00fcr ma\u00dfgeschneiderte Lithium-Polymer-Batterien ist<\/h2><p>Von <strong>ultrad\u00fcnnen Lithium-Polymer-Batterie<\/strong>-Designs bis hin zu komplexen medizinischen Batteriepacks.<\/p><\/div><div class=\"features-grid\"><div class=\"feature-card\"><h4>\ud83d\udd75\ufe0f Millimetergenaue Ma\u00dfanfertigung<\/h4><p>Wir sind auf <strong>ma\u00dfgeschneidertes Polymer-Batterie-Design<\/strong> spezialisiert und bieten 100 % individuell angepasste Abmessungen f\u00fcr ultrad\u00fcnne oder einzigartige Formen (bis zu 0,5 mm), passend f\u00fcr moderne IoT-Technologie.<\/p><\/div><div class=\"feature-card\"><h4>\ud83d\udd75\ufe0f Pouch-Zellen-L\u00f6sungen mit hoher Energiedichte<\/h4><p>Als f\u00fchrender <strong>Hersteller von Li-Po-Batterien<\/strong> sorgen wir f\u00fcr eine h\u00f6here Kapazit\u00e4t auf kleinerem Raum und bieten fortschrittliche <strong>Pouch-Zellen-L\u00f6sungen mit hoher Kapazit\u00e4t<\/strong> an.<\/p><\/div><div class=\"feature-card\"><h4>\ud83d\udd75\ufe0f \u00dcber 18 Jahre technische Expertise<\/h4><p>Wir nutzen unsere 18-j\u00e4hrige Erfahrung in der Herstellung von <strong>ma\u00dfgeschneiderten Lithium-Polymer-Batterien<\/strong> seit 2007 f\u00fcr stabile, langfristige L\u00f6sungen.<\/p><\/div><div class=\"feature-card\"><h4>\ud83d\udd75\ufe0f Vom Prototyp zur Massenproduktion<\/h4><p>Unsere Dienstleistungen als <strong>Hersteller ma\u00dfgeschneiderter Li-Po-Batteriepacks<\/strong> decken alles ab \u2013 vom ersten CAD-Design in Shenzhen bis zur Massenproduktion in unserem nach ISO9001 zertifizierten Werk.<\/p><\/div><\/div><\/section><section class=\"seo-rich-content\"><h3>Branchenf\u00fchrend bei der Innovation ultrad\u00fcnner Lithium-Polymer-Batterien<\/h3><p>In der sich st\u00e4ndig weiterentwickelnden Welt der Wearable-Technologie und des IIoT steigt die Nachfrage nach einer <strong>ma\u00dfgeschneiderten Lithium-Polymer-Batterie<\/strong>, die in immer kleinere Geh\u00e4use passt, rasant an. DLCPO steht an der Spitze dieses Trends und entwickelt <strong>ultrad\u00fcnne Lithium-Polymer-Batteriezellen<\/strong>, die nur 0,5 mm dick sind. Unser <strong>ma\u00dfgeschneidertes Polymer-Batterie-Design<\/strong> erm\u00f6glicht es Ingenieuren, den Innenraum ihrer Ger\u00e4te zu maximieren und so mehr Laufzeit zu liefern, ohne das Volumen zu erh\u00f6hen.<\/p><p>Als erfahrener <strong>Hersteller von ma\u00dfgeschneiderten Li-Po-Batteriepacks<\/strong> verstehen wir, dass hochpr\u00e4zise Ger\u00e4te mehr als nur Strom ben\u00f6tigen; sie erfordern Stabilit\u00e4t. Jede Einheit in unserem Sortiment an <strong>Pouch-Zellen-L\u00f6sungen<\/strong> durchl\u00e4uft strenge IPQC-Tests. Wir halten eine Spannungsabweichung von weniger als 5 mV zwischen den Zellen aufrecht und stellen so sicher, dass Ihre <strong>Pouch-Zellen-L\u00f6sungen mit hoher Kapazit\u00e4t<\/strong> \u00fcber hunderte von Ladezyklen hinweg eine konstante Leistung erbringen. Dieses Engagement f\u00fcr Qualit\u00e4t ist der Grund, warum Hersteller medizinischer Gesundheitsger\u00e4te und Asset-Tracking-IoT-Startups uns als ihrem prim\u00e4ren <strong>Hersteller von Li-Po-Batterien<\/strong> vertrauen.<\/p><p>Neben den standardm\u00e4\u00dfigen rechteckigen Zellen bieten wir auch Optionen f\u00fcr <strong>gebogene & speziell geformte Li-Po-Batterien<\/strong> an. Diese speziellen <strong>ma\u00dfgeschneiderten Lithium-Polymer-Batterie<\/strong>-Designs eignen sich perfekt f\u00fcr Smartwatches, VR-Headsets und ergonomische digitale Bildgebungsger\u00e4te. Durch die Nutzung unserer Dienstleistungen f\u00fcr <strong>ma\u00dfgeschneidertes Polymer-Batterie-Design<\/strong> erhalten Sie Zugriff auf unsere umfangreiche Bibliothek mit \u00fcber 1.000 bestehenden Formen, was Ihre anf\u00e4nglichen F&E-Kosten und die Markteinf\u00fchrungszeit erheblich reduziert. Ob Sie eine 10-mAh-Mikrozelle oder <strong>Pouch-Zellen-L\u00f6sungen mit hoher Kapazit\u00e4t<\/strong> von 10.000 mAh ben\u00f6tigen, DLCPO ist bestens ger\u00fcstet, um vom Konzept bis zur Fertigstellung zu liefern.<\/p><\/section><section class=\"app-section\"><div style=\"text-align: center; margin-bottom: 30px;\"><h2>Anwendungen f\u00fcr ma\u00dfgeschneiderte Lithium-Polymer-Batterien<\/h2><p>Wir treiben hochpr\u00e4zise Ger\u00e4te weltweit mit unserer Expertise als <strong>Hersteller von Li-Po-Batterien<\/strong> an.<\/p><\/div><div class=\"app-grid\"><div class=\"app-tag\">\ud83d\udcf1 Ultrad\u00fcnne Mobilger\u00e4te<\/div><div class=\"app-tag\">\u231a Gesundheits-Wearables<\/div><div class=\"app-tag\">\ud83c\udfe5 Pr\u00e4zise medizinische Instrumente<\/div><div class=\"app-tag\">\ud83d\ude81 Vermessungs- & Kartierungsdrohnen<\/div><div class=\"app-tag\">\ud83d\udce6 Globales Asset-Tracking<\/div><div class=\"app-tag\">\ud83c\udfa7 Premium-Bluetooth-Audio<\/div><div class=\"app-tag\">\ud83d\udcf8 Digitale Kino-Kameras<\/div><div class=\"app-tag\">\ud83d\udd8b\ufe0f Smarte digitale Eingabestifte<\/div><\/div><\/section><section style=\"padding: 80px 10%; text-align: center; background: #fff;\"><h2>Starten Sie Ihr ma\u00dfgeschneidertes Polymer-Batterie-Design<\/h2><p>Fordern Sie eine professionelle technische Bewertung f\u00fcr Ihr Projekt einer <strong>ma\u00dfgeschneiderten Lithium-Polymer-Batterie<\/strong> an. Unsere Ingenieure liefern Ihnen innerhalb von 24 Stunden detailliertes Feedback und Angebote f\u00fcr <strong>Pouch-Zellen-L\u00f6sungen mit hoher Kapazit\u00e4t<\/strong>.<\/p><\/section><\/div>\t\t\t\t<\/div>\n\t\t\t\t\t<\/div>\n\t\t\t\t<\/div>\n\t\t<div class=\"elementor-element elementor-element-8ced1a1 e-flex e-con-boxed e-con e-parent\" data-id=\"8ced1a1\" data-element_type=\"container\" data-e-type=\"container\">\n\t\t\t\t\t<div class=\"e-con-inner\">\n\t\t\t\t<div class=\"elementor-element elementor-element-aea1211 elementor-button-align-center elementor-widget elementor-widget-form\" data-id=\"aea1211\" data-element_type=\"widget\" data-e-type=\"widget\" data-settings=\"{&quot;step_next_label&quot;:&quot;Weiter&quot;,&quot;step_previous_label&quot;:&quot;Zur\\u00fcck&quot;,&quot;button_width&quot;:&quot;100&quot;,&quot;step_type&quot;:&quot;number_text&quot;,&quot;step_icon_shape&quot;:&quot;circle&quot;}\" data-widget_type=\"form.default\">\n\t\t\t\t\t\t\t<form class=\"elementor-form\" method=\"post\" name=\"Neues Formular\" aria-label=\"Neues Formular\">\n\t\t\t<input type=\"hidden\" name=\"post_id\" value=\"7631\"\/>\n\t\t\t<input type=\"hidden\" name=\"form_id\" value=\"aea1211\"\/>\n\t\t\t<input type=\"hidden\" name=\"referer_title\" value=\"\" \/>\n\n\t\t\t\n\t\t\t<div class=\"elementor-form-fields-wrapper elementor-labels-above\">\n\t\t\t\t\t\t\t\t<div class=\"elementor-field-type-text elementor-field-group elementor-column elementor-field-group-name elementor-col-50 elementor-field-required\">\n\t\t\t\t\t\t\t\t\t\t\t\t<label for=\"form-field-name\" class=\"elementor-field-label\">\n\t\t\t\t\t\t\t\tFirmenname\t\t\t\t\t\t\t<\/label>\n\t\t\t\t\t\t\t\t\t\t\t\t\t\t<input size=\"1\" type=\"text\" name=\"form_fields[name]\" id=\"form-field-name\" class=\"elementor-field elementor-size-sm  elementor-field-textual\" placeholder=\"Ihr Firmenname\" required=\"required\">\n\t\t\t\t\t\t\t\t\t\t\t<\/div>\n\t\t\t\t\t\t\t\t<div class=\"elementor-field-type-text elementor-field-group elementor-column elementor-field-group-email elementor-col-50 elementor-field-required\">\n\t\t\t\t\t\t\t\t\t\t\t\t<label for=\"form-field-email\" class=\"elementor-field-label\">\n\t\t\t\t\t\t\t\tKontakt Name\t\t\t\t\t\t\t<\/label>\n\t\t\t\t\t\t\t\t\t\t\t\t\t\t<input size=\"1\" type=\"text\" name=\"form_fields[email]\" id=\"form-field-email\" class=\"elementor-field elementor-size-sm  elementor-field-textual\" placeholder=\"Ihr vollst\u00e4ndiger Name\" required=\"required\">\n\t\t\t\t\t\t\t\t\t\t\t<\/div>\n\t\t\t\t\t\t\t\t<div class=\"elementor-field-type-tel elementor-field-group elementor-column elementor-field-group-message elementor-col-50 elementor-field-required\">\n\t\t\t\t\t\t\t\t\t\t\t\t<label for=\"form-field-message\" class=\"elementor-field-label\">\n\t\t\t\t\t\t\t\tTelefon\/WhatsApp\t\t\t\t\t\t\t<\/label>\n\t\t\t\t\t\t\t\t<input size=\"1\" type=\"tel\" name=\"form_fields[message]\" id=\"form-field-message\" class=\"elementor-field elementor-size-sm  elementor-field-textual\" placeholder=\"z. B. +86 138...\" required=\"required\" pattern=\"[0-9()#&amp;+*-=.]+\" title=\"Nur Nummern oder Telefon-Zeichen (#, -, *, etc) werden akzeptiert.\">\n\n\t\t\t\t\t\t<\/div>\n\t\t\t\t\t\t\t\t<div class=\"elementor-field-type-email elementor-field-group elementor-column elementor-field-group-field_2bd69fd elementor-col-50 elementor-field-required\">\n\t\t\t\t\t\t\t\t\t\t\t\t<label for=\"form-field-field_2bd69fd\" class=\"elementor-field-label\">\n\t\t\t\t\t\t\t\tE-Mail-Adresse\t\t\t\t\t\t\t<\/label>\n\t\t\t\t\t\t\t\t\t\t\t\t\t\t<input size=\"1\" type=\"email\" name=\"form_fields[field_2bd69fd]\" id=\"form-field-field_2bd69fd\" class=\"elementor-field elementor-size-sm  elementor-field-textual\" placeholder=\"sales@yourcompany.com\" required=\"required\">\n\t\t\t\t\t\t\t\t\t\t\t<\/div>\n\t\t\t\t\t\t\t\t<div class=\"elementor-field-type-text elementor-field-group elementor-column elementor-field-group-field_8aaa4b0 elementor-col-50 elementor-field-required\">\n\t\t\t\t\t\t\t\t\t\t\t\t<label for=\"form-field-field_8aaa4b0\" class=\"elementor-field-label\">\n\t\t\t\t\t\t\t\tAbmessungen (cm)\t\t\t\t\t\t\t<\/label>\n\t\t\t\t\t\t\t\t\t\t\t\t\t\t<input size=\"1\" type=\"text\" name=\"form_fields[field_8aaa4b0]\" id=\"form-field-field_8aaa4b0\" class=\"elementor-field elementor-size-sm  elementor-field-textual\" placeholder=\"L * B * H (z. B. 1050,5)\" required=\"required\">\n\t\t\t\t\t\t\t\t\t\t\t<\/div>\n\t\t\t\t\t\t\t\t<div class=\"elementor-field-type-number elementor-field-group elementor-column elementor-field-group-field_d7c2351 elementor-col-50 elementor-field-required\">\n\t\t\t\t\t\t\t\t\t\t\t\t<label for=\"form-field-field_d7c2351\" class=\"elementor-field-label\">\n\t\t\t\t\t\t\t\tKapazit\u00e4t (mAh)\t\t\t\t\t\t\t<\/label>\n\t\t\t\t\t\t\t\t\t<input type=\"number\" name=\"form_fields[field_d7c2351]\" id=\"form-field-field_d7c2351\" class=\"elementor-field elementor-size-sm  elementor-field-textual\" placeholder=\"z. B. 5000\" required=\"required\" min=\"\" max=\"\" >\n\t\t\t\t\t\t<\/div>\n\t\t\t\t\t\t\t\t<div class=\"elementor-field-type-select elementor-field-group elementor-column elementor-field-group-field_ec44824 elementor-col-50 elementor-field-required\">\n\t\t\t\t\t\t\t\t\t\t\t\t<label for=\"form-field-field_ec44824\" class=\"elementor-field-label\">\n\t\t\t\t\t\t\t\tAnwendung\t\t\t\t\t\t\t<\/label>\n\t\t\t\t\t\t\t\t<div class=\"elementor-field elementor-select-wrapper remove-before \">\n\t\t\t<div class=\"select-caret-down-wrapper\">\n\t\t\t\t<svg aria-hidden=\"true\" class=\"e-font-icon-svg e-eicon-caret-down\" viewBox=\"0 0 571.4 571.4\" xmlns=\"http:\/\/www.w3.org\/2000\/svg\"><path d=\"M571 393Q571 407 561 418L311 668Q300 679 286 679T261 668L11 418Q0 407 0 393T11 368 36 357H536Q550 357 561 368T571 393Z\"><\/path><\/svg>\t\t\t<\/div>\n\t\t\t<select name=\"form_fields[field_ec44824]\" id=\"form-field-field_ec44824\" class=\"elementor-field-textual elementor-size-sm\" required=\"required\">\n\t\t\t\t\t\t\t\t\t<option value=\"Mobilger\u00e4te\/Wearables\/Laptops\">Mobilger\u00e4te\/Wearables\/Laptops<\/option>\n\t\t\t\t\t\t\t\t\t<option value=\"Medizinische Ger\u00e4te\">Medizinische Ger\u00e4te<\/option>\n\t\t\t\t\t\t\t\t\t<option value=\"UAVs und Drohnen\">UAVs und Drohnen<\/option>\n\t\t\t\t\t\t\t\t\t<option value=\"IoT und industrielle Sensoren\">IoT und industrielle Sensoren<\/option>\n\t\t\t\t\t\t\t\t\t<option value=\"Sonstige kundenspezifische Elektronik\">Sonstige kundenspezifische Elektronik<\/option>\n\t\t\t\t\t\t\t<\/select>\n\t\t<\/div>\n\t\t\t\t\t\t<\/div>\n\t\t\t\t\t\t\t\t<div class=\"elementor-field-type-select elementor-field-group elementor-column elementor-field-group-field_e4dd6fa elementor-col-50\">\n\t\t\t\t\t\t\t\t\t\t\t\t<label for=\"form-field-field_e4dd6fa\" class=\"elementor-field-label\">\n\t\t\t\t\t\t\t\tEntladungsrate\t\t\t\t\t\t\t<\/label>\n\t\t\t\t\t\t\t\t<div class=\"elementor-field elementor-select-wrapper remove-before \">\n\t\t\t<div class=\"select-caret-down-wrapper\">\n\t\t\t\t<svg aria-hidden=\"true\" class=\"e-font-icon-svg e-eicon-caret-down\" viewBox=\"0 0 571.4 571.4\" xmlns=\"http:\/\/www.w3.org\/2000\/svg\"><path d=\"M571 393Q571 407 561 418L311 668Q300 679 286 679T261 668L11 418Q0 407 0 393T11 368 36 357H536Q550 357 561 368T571 393Z\"><\/path><\/svg>\t\t\t<\/div>\n\t\t\t<select name=\"form_fields[field_e4dd6fa]\" id=\"form-field-field_e4dd6fa\" class=\"elementor-field-textual elementor-size-sm\">\n\t\t\t\t\t\t\t\t\t<option value=\"ein C, drei C, f\u00fcnf C, ein C plus\">ein C, drei C, f\u00fcnf C, ein C plus<\/option>\n\t\t\t\t\t\t\t<\/select>\n\t\t<\/div>\n\t\t\t\t\t\t<\/div>\n\t\t\t\t\t\t\t\t<div class=\"elementor-field-type-text elementor-field-group elementor-column elementor-field-group-field_505974c elementor-col-50 elementor-field-required\">\n\t\t\t\t\t\t\t\t\t\t\t\t<label for=\"form-field-field_505974c\" class=\"elementor-field-label\">\n\t\t\t\t\t\t\t\tTemp (Min. \u2103)\t\t\t\t\t\t\t<\/label>\n\t\t\t\t\t\t\t\t\t\t\t\t\t\t<input size=\"1\" type=\"text\" name=\"form_fields[field_505974c]\" id=\"form-field-field_505974c\" class=\"elementor-field elementor-size-sm  elementor-field-textual\" placeholder=\"z. B. -20\" required=\"required\">\n\t\t\t\t\t\t\t\t\t\t\t<\/div>\n\t\t\t\t\t\t\t\t<div class=\"elementor-field-type-text elementor-field-group elementor-column elementor-field-group-field_b19b73b elementor-col-50 elementor-field-required\">\n\t\t\t\t\t\t\t\t\t\t\t\t<label for=\"form-field-field_b19b73b\" class=\"elementor-field-label\">\n\t\t\t\t\t\t\t\tTemperatur (H\u00f6chstwert in \u00b0C)\t\t\t\t\t\t\t<\/label>\n\t\t\t\t\t\t\t\t\t\t\t\t\t\t<input size=\"1\" type=\"text\" name=\"form_fields[field_b19b73b]\" id=\"form-field-field_b19b73b\" class=\"elementor-field elementor-size-sm  elementor-field-textual\" placeholder=\"z. B. 35\" required=\"required\">\n\t\t\t\t\t\t\t\t\t\t\t<\/div>\n\t\t\t\t\t\t\t\t<div class=\"elementor-field-type-select elementor-field-group elementor-column elementor-field-group-field_1d1339b elementor-col-100 elementor-field-required\">\n\t\t\t\t\t\t\t\t\t\t\t\t<label for=\"form-field-field_1d1339b\" class=\"elementor-field-label\">\n\t\t\t\t\t\t\t\tPaket erforderlich\t\t\t\t\t\t\t<\/label>\n\t\t\t\t\t\t\t\t<div class=\"elementor-field elementor-select-wrapper remove-before \">\n\t\t\t<div class=\"select-caret-down-wrapper\">\n\t\t\t\t<svg aria-hidden=\"true\" class=\"e-font-icon-svg e-eicon-caret-down\" viewBox=\"0 0 571.4 571.4\" xmlns=\"http:\/\/www.w3.org\/2000\/svg\"><path d=\"M571 393Q571 407 561 418L311 668Q300 679 286 679T261 668L11 418Q0 407 0 393T11 368 36 357H536Q550 357 561 368T571 393Z\"><\/path><\/svg>\t\t\t<\/div>\n\t\t\t<select name=\"form_fields[field_1d1339b]\" id=\"form-field-field_1d1339b\" class=\"elementor-field-textual elementor-size-sm\" required=\"required\">\n\t\t\t\t\t\t\t\t\t<option value=\"Nur Einzelzelle\">Nur Einzelzelle<\/option>\n\t\t\t\t\t\t\t\t\t<option value=\"Reihen-\/Parallelschaltung\">Reihen-\/Parallelschaltung<\/option>\n\t\t\t\t\t\t\t\t\t<option value=\"mit BMS-Integration\">mit BMS-Integration<\/option>\n\t\t\t\t\t\t\t<\/select>\n\t\t<\/div>\n\t\t\t\t\t\t<\/div>\n\t\t\t\t\t\t\t\t<div class=\"elementor-field-type-textarea elementor-field-group elementor-column elementor-field-group-field_4fbfd23 elementor-col-100 elementor-field-required\">\n\t\t\t\t\t\t\t\t\t\t\t\t<label for=\"form-field-field_4fbfd23\" class=\"elementor-field-label\">\n\t\t\t\t\t\t\t\tDetails\t\t\t\t\t\t\t<\/label>\n\t\t\t\t\t\t<textarea class=\"elementor-field-textual elementor-field  elementor-size-sm\" name=\"form_fields[field_4fbfd23]\" id=\"form-field-field_4fbfd23\" rows=\"8\" placeholder=\"Beschreiben Sie Ihr Projekt...\" required=\"required\"><\/textarea>\t\t\t\t<\/div>\n\t\t\t\t\t\t\t\t<div class=\"elementor-field-type-text\">\n\t\t\t\t\t<input size=\"1\" type=\"text\" name=\"form_fields[field_9410d21]\" id=\"form-field-field_9410d21\" class=\"elementor-field elementor-size-sm \" style=\"display:none !important;\">\t\t\t\t<\/div>\n\t\t\t\t\t\t\t\t<div class=\"elementor-field-type-text\">\n\t\t\t\t\t<input size=\"1\" type=\"text\" name=\"form_fields[field_87d466a]\" id=\"form-field-field_87d466a\" class=\"elementor-field elementor-size-sm \" style=\"display:none !important;\">\t\t\t\t<\/div>\n\t\t\t\t\t\t\t\t<div class=\"elementor-field-type-recaptcha_v3 elementor-field-group elementor-column elementor-field-group-field_f998fb4 elementor-col-100 recaptcha_v3-bottomleft\">\n\t\t\t\t\t<div class=\"elementor-field\" id=\"form-field-field_f998fb4\"><div class=\"elementor-g-recaptcha\" data-sitekey=\"6Lci7JEsAAAAAED2ov0WDiRv18oXXlBUQA4wPQNc\" data-type=\"v3\" data-action=\"Form\" data-badge=\"bottomleft\" data-size=\"invisible\"><\/div><\/div>\t\t\t\t<\/div>\n\t\t\t\t\t\t\t\t<div class=\"elementor-field-group elementor-column elementor-field-type-submit elementor-col-100 e-form__buttons\">\n\t\t\t\t\t<button class=\"elementor-button elementor-size-md elementor-animation-grow\" type=\"submit\">\n\t\t\t\t\t\t<span class=\"elementor-button-content-wrapper\">\n\t\t\t\t\t\t\t\t\t\t\t\t\t\t\t<span class=\"elementor-button-icon\">\n\t\t\t\t\t\t\t\t\t<svg aria-hidden=\"true\" class=\"e-font-icon-svg e-fas-paper-plane\" viewBox=\"0 0 512 512\" xmlns=\"http:\/\/www.w3.org\/2000\/svg\"><path d=\"M476 3.2L12.5 270.6c-18.1 10.4-15.8 35.6 2.2 43.2L121 358.4l287.3-253.2c5.5-4.9 13.3 2.6 8.6 8.3L176 407v80.5c0 23.6 28.5 32.9 42.5 15.8L282 426l124.6 52.2c14.2 6 30.4-2.9 33-18.2l72-432C515 7.8 493.3-6.8 476 3.2z\"><\/path><\/svg>\t\t\t\t\t\t\t\t\t\t\t\t\t\t\t\t\t<\/span>\n\t\t\t\t\t\t\t\t\t\t\t\t\t\t\t\t\t\t\t\t\t\t<span class=\"elementor-button-text\">Angebot &amp; Bewertung anfordern<\/span>\n\t\t\t\t\t\t\t\t\t\t\t\t\t<\/span>\n\t\t\t\t\t<\/button>\n\t\t\t\t<\/div>\n\t\t\t<\/div>\n\t\t<\/form>\n\t\t\t\t\t\t<\/div>\n\t\t\t\t\t<\/div>\n\t\t\t\t<\/div>\n\t\t\t\t<\/div>\n\t\t","protected":false},"excerpt":{"rendered":"<p>Ma\u00dfgeschneiderte Lithium-Polymer-Pouch- Akkus L\u00f6sungen 100 % ma\u00dfgeschneiderte Abmessungen | Spezialisiert auf mehr als 10 Jahre Erfahrung in Forschung und Entwicklung sowie kundenspezifischer PACK-Konstruktion. ETABLIERT SEIT 2007 Ma\u00dfgeschneiderte Lithium-Polymer-Batterie &#038; Pouch-Zellen-L\u00f6sungen \u00dcber 18 Jahre Exzellenz als Hersteller von Li-Po-Batterien | Millimetergenaue Ma\u00dfanfertigung Warum DLCPO Ihr bevorzugter Partner f\u00fcr ma\u00dfgeschneiderte Lithium-Polymer-Batterien ist Von ultrad\u00fcnnen Lithium-Polymer-Batterie-Designs bis hin [&hellip;]<\/p>\n","protected":false},"author":1,"featured_media":0,"parent":0,"menu_order":0,"comment_status":"closed","ping_status":"closed","template":"","meta":{"_acf_changed":false,"_joinchat":[],"footnotes":""},"class_list":["post-7631","page","type-page","status-publish","hentry"],"acf":[],"_links":{"self":[{"href":"https:\/\/dlcpo.com\/de\/wp-json\/wp\/v2\/pages\/7631","targetHints":{"allow":["GET"]}}],"collection":[{"href":"https:\/\/dlcpo.com\/de\/wp-json\/wp\/v2\/pages"}],"about":[{"href":"https:\/\/dlcpo.com\/de\/wp-json\/wp\/v2\/types\/page"}],"author":[{"embeddable":true,"href":"https:\/\/dlcpo.com\/de\/wp-json\/wp\/v2\/users\/1"}],"replies":[{"embeddable":true,"href":"https:\/\/dlcpo.com\/de\/wp-json\/wp\/v2\/comments?post=7631"}],"version-history":[{"count":4,"href":"https:\/\/dlcpo.com\/de\/wp-json\/wp\/v2\/pages\/7631\/revisions"}],"predecessor-version":[{"id":8834,"href":"https:\/\/dlcpo.com\/de\/wp-json\/wp\/v2\/pages\/7631\/revisions\/8834"}],"wp:attachment":[{"href":"https:\/\/dlcpo.com\/de\/wp-json\/wp\/v2\/media?parent=7631"}],"curies":[{"name":"wp","href":"https:\/\/api.w.org\/{rel}","templated":true}]}}