{"id":7618,"date":"2026-04-05T13:22:18","date_gmt":"2026-04-05T05:22:18","guid":{"rendered":"https:\/\/dlcpo.com\/lto-batterie-serie\/"},"modified":"2026-04-15T17:44:09","modified_gmt":"2026-04-15T09:44:09","slug":"lto-batterie-serie","status":"publish","type":"page","link":"https:\/\/dlcpo.com\/de\/lto-batterie-serie\/","title":{"rendered":"LTO-Batterieserie"},"content":{"rendered":"\t\t<div data-elementor-type=\"wp-page\" data-elementor-id=\"7618\" class=\"elementor elementor-7618 elementor-5926\" data-elementor-post-type=\"page\">\n\t\t\t\t<div class=\"elementor-element elementor-element-2c6b9e2a e-con-full dlcpo-hero-box e-flex e-con e-parent\" data-id=\"2c6b9e2a\" data-element_type=\"container\" data-e-type=\"container\" data-settings=\"{&quot;background_background&quot;:&quot;classic&quot;}\">\n\t\t\t\t<div class=\"elementor-element elementor-element-73e87844 dlcpo-hero-box elementor-widget elementor-widget-image\" data-id=\"73e87844\" data-element_type=\"widget\" data-e-type=\"widget\" data-widget_type=\"image.default\">\n\t\t\t\t\t\t\t\t\t\t\t\t\t\t\t<img fetchpriority=\"high\" decoding=\"async\" width=\"1920\" height=\"1047\" src=\"https:\/\/dlcpo.com\/wp-content\/uploads\/2026\/04\/dlcpo-lto-battery-rapid-charge-long-cycle-life-safety-wide-temperature-industrial-ev.webp\" class=\"attachment-full size-full wp-image-7249\" alt=\"DLCPO \u2013 Direkt ab Werk: Montage und Qualit\u00e4tskontrolle von neuen prismatischen Lithium-Titanat-Batteriezellen\" srcset=\"https:\/\/dlcpo.com\/wp-content\/uploads\/2026\/04\/dlcpo-lto-battery-rapid-charge-long-cycle-life-safety-wide-temperature-industrial-ev.webp 1920w, https:\/\/dlcpo.com\/wp-content\/uploads\/2026\/04\/dlcpo-lto-battery-rapid-charge-long-cycle-life-safety-wide-temperature-industrial-ev-300x164.webp 300w, https:\/\/dlcpo.com\/wp-content\/uploads\/2026\/04\/dlcpo-lto-battery-rapid-charge-long-cycle-life-safety-wide-temperature-industrial-ev-1024x558.webp 1024w, https:\/\/dlcpo.com\/wp-content\/uploads\/2026\/04\/dlcpo-lto-battery-rapid-charge-long-cycle-life-safety-wide-temperature-industrial-ev-768x419.webp 768w, https:\/\/dlcpo.com\/wp-content\/uploads\/2026\/04\/dlcpo-lto-battery-rapid-charge-long-cycle-life-safety-wide-temperature-industrial-ev-1536x838.webp 1536w, https:\/\/dlcpo.com\/wp-content\/uploads\/2026\/04\/dlcpo-lto-battery-rapid-charge-long-cycle-life-safety-wide-temperature-industrial-ev-600x327.webp 600w, https:\/\/dlcpo.com\/wp-content\/uploads\/2026\/04\/dlcpo-lto-battery-rapid-charge-long-cycle-life-safety-wide-temperature-industrial-ev-64x35.webp 64w\" sizes=\"(max-width: 1920px) 100vw, 1920px\" \/>\t\t\t\t\t\t\t\t\t\t\t\t\t\t\t<\/div>\n\t\t\t\t<div class=\"elementor-element elementor-element-7a76a604 elementor-widget elementor-widget-heading\" data-id=\"7a76a604\" data-element_type=\"widget\" data-e-type=\"widget\" data-widget_type=\"heading.default\">\n\t\t\t\t\t<h2 class=\"elementor-heading-title elementor-size-default\">LTO Batterie Serie<\/h2>\t\t\t\t<\/div>\n\t\t\t\t<\/div>\n\t\t<div class=\"elementor-element elementor-element-1e824845 e-flex e-con-boxed e-con e-parent\" data-id=\"1e824845\" data-element_type=\"container\" data-e-type=\"container\">\n\t\t\t\t\t<div class=\"e-con-inner\">\n\t\t\t\t<div class=\"elementor-element elementor-element-7e8293e3 elementor-widget elementor-widget-html\" data-id=\"7e8293e3\" data-element_type=\"widget\" data-e-type=\"widget\" data-widget_type=\"html.default\">\n\t\t\t\t\t<div style=\"font-family: 'Montserrat', sans-serif; line-height: 1.8; color: #333; padding: 25px; background: #f4f7fa; border-radiu&lt;wpml_invalid_tag original=\" pgrpdibzdhlszt0izm9udc1myw1pbhk6icdnb250c2vycmf0jywgc2fucy1z=\"\" zxjpzjsgbgluzs1ozwlnahq6ideuodsgy29sb3i6icmzmzm7ihbhzgrpbmc6=\"\" idi1chg7igjhy2tncm91bmq6icnmowy5zjk7igjvcmrlci1yywrpdxm6idey=\"\" chg7igjvcmrlci1szwz0oia1chggc29sawqgizawntzimzsgdgv4dc1hbgln=\"\" bjogbgvmddsipg=\"=\"\"><\/div>\r\n    \r\n    <div style=\"margin-bottom: 35px;\">\r\n        <h1 style=\"color: #0056b3; font-size: 32px; margin-bottom: 15px; font-weight: 800;\">\r\n LTO Batterie-Serie: Die Elite GREE Lithium-Titanat-L\u00f6sung\r\n        <\/h1>\r\n        <p style=\"font-size: 18px; color: #444;\">\r\n Suchen Sie nach einer <strong>LTO-Akkuserie<\/strong>, die sich durch Langlebigkeit auszeichnet? DLCPO Power Technology ist Ihr exklusiver Partner f\u00fcr <strong>Original-GREE-LTO-Akkus<\/strong>. <strong>Wir verkaufen grunds\u00e4tzlich keine Lagerbatterien<\/strong>; jede Bestellung ist eine <strong>LTO-Batterie aus frischer Charge<\/strong>, die direkt aus den neuesten A-Klasse-Fertigungszyklen von GREE stammt. \r\n        <\/p>\r\n    <\/div>\r\n\r\n    <div style=\"display: grid; grid-template-columns: repeat(auto-fit, minmax(260px, 1fr)); gap: 20px; margin-bottom: 40px;\">\r\n        <div style=\"background: #fff; padding: 25px; border-radius: 8px; box-shadow: 0 4px 10px rgba(0,0,0,0.05);\">\r\n            <span style=\"font-size: 26px;\">\ud83c\udfed<\/span>\r\n            <h4 style=\"margin: 10px 0; color: #0056b3;\">Exklusiv bei GREE<\/h4>\r\n            <p style=\"font-size: 14px; margin: 0;\">Wir verkaufen ausschlie\u00dflich Original-GREE- <strong>LTO- Batteriezellen<\/strong>, die weltweiten Ma\u00dfstab f\u00fcr <strong>Lithium-Titanat-Oxid-Zellen Gro\u00dfhandel<\/strong> Exzellenz.<\/p>\r\n        <\/div>\r\n        <div style=\"background: #fff; padding: 25px; border-radius: 8px; box-shadow: 0 4px 10px rgba(0,0,0,0.05);\">\r\n            <span style=\"font-size: 26px;\">\u23f3<\/span>\r\n            <h4 style=\"margin: 10px 0; color: #0056b3;\">\u00dcber 16.000 Zyklen<\/h4>\r\n            <p style=\"font-size: 14px; margin: 0;\">Erleben Sie eine <strong>hoch zyklische Lebensdauer Batterie mit 16.000 Zyklen<\/strong>, die f\u00fcr mehr als 30 Jahren einen stabilen Betrieb f\u00fcr Ihr unternehmenskritisches ESS.<\/p>\r\n        <\/div>\r\n        <div style=\"background: #fff; padding: 25px; border-radius: 8px; box-shadow: 0 4px 10px rgba(0,0,0,0.05);\">\r\n            <span style=\"font-size: 26px;\">\ud83c\udd95<\/span>\r\n            <h4 style=\"margin: 10px 0; color: #0056b3;\">Strictly Fresh Batch<\/h4>\r\n            <p style=\"font-size: 14px; margin: 0;\">Als spezialisierter <strong>Lieferant von LTO-Batterien aus frischer Produktion<\/strong> gew\u00e4hrleisten wir eine Null-Spannungsdrift, indem wir ausschlie\u00dflich auf Bestellung gefertigte Zellen der G\u00fcteklasse A liefern.<\/p>\r\n        <\/div>\r\n    <\/div>\r\n\r\n    <div style=\"margin-bottom: 40px; background: #fff; padding: 30px; border-radius: 10px;\">\r\n        <h3 style=\"color: #0056b3; font-size: 24px; font-weight: 700;\">Warum die LTO-Technologie von GREE den Markt dominiert<\/h3>\r\n        <p>Im Bereich der High-End-Energiespeicher ist die <strong>LTO-Batterieserie<\/strong> aufgrund ihrer Sicherheit und Geschwindigkeit un\u00fcbertroffen. Im Gegensatz zu NCM- oder LFP-Batterien sind <strong>Lithium-Titanat-Oxid-Zellen im Gro\u00dfhandel<\/strong> von Natur aus nicht brennbar. Mit der Entscheidung f\u00fcr eine <strong>Original GREE LTO-Batterie<\/strong> investieren Sie in eine <strong>Batterie mit hoher Zyklenlebensdauer (16.000 Zyklen)<\/strong>, die in nur 10 Minuten vollst\u00e4ndig aufgeladen werden kann. Dies macht ihn zum idealen <strong>LTO-Akku f\u00fcr extreme K\u00e4lte bis -50 \u00b0C<\/strong>, wo andere Chemieschichten einfach versagen.   <\/p>\r\n        \r\n        <p>Bei DLCPO legen wir besonderen Wert auf die \u201eFrische\u201c unserer Lieferkette. Viele Mitbewerber bieten alte Lagerbest\u00e4nde oder ausrangierte Zellen an, wir hingegen sind ein <strong>Anbieter von LTO-Batterien aus frischer Produktion<\/strong>. Wenn Sie aus unserer <strong>LTO-Batterieserie<\/strong> bestellen, erhalten Sie Zellen mit den neuesten chemischen Weiterentwicklungen von GREE, die eine perfekte Kapazit\u00e4tsanpassung gew\u00e4hrleisten. Diese <strong>Original-GREE-LTO-Batterie<\/strong>-Qualit\u00e4t erm\u00f6glicht eine Betriebsdauer von 30 Jahren in allen Bereichen, von Elektrobussen bis hin zu Netzen f\u00fcr erneuerbare Energien.   <\/p>\r\n        \r\n        <p>Dar\u00fcber hinaus umfassen unsere Dienstleistungen im Bereich <strong>Gro\u00dfhandel mit Lithium-Titanat-Oxid-Zellen<\/strong> eine l\u00fcckenlose R\u00fcckverfolgbarkeit sowie werkseitig zertifizierte Pr\u00fcfberichte. F\u00fcr Projekte, die eine <strong>LTO-Batterie f\u00fcr extreme K\u00e4lte bis -50 \u00b0C<\/strong> erfordern, ist die Zuverl\u00e4ssigkeit einer <strong>LTO-Batterie aus frischer Charge<\/strong> unverzichtbar. Unsere Garantie f\u00fcr eine <strong>Batterie mit hoher Zyklenlebensdauer (16.000 Zyklen)<\/strong> bedeutet, dass Ihre Gesamtbetriebskosten (TCO) die niedrigsten in der Branche sind. W\u00e4hlen Sie DLCPO als Ihren <strong>Lieferanten f\u00fcr LTO-Batterien aus frischer Produktion<\/strong>, um sich die weltweit sicherste Energiespeichertechnologie zu sichern.   <\/p>\r\n    <\/div>\r\n\r\n    <h3 style=\"color: #0056b3; font-size: 22px; border-bottom: 2px solid #eee; padding-bottom: 10px; margin-bottom: 15px;\">\r\n \ud83d\ude80 Optimierte Szenarien f\u00fcr LTO Batterie Serien\r\n    <\/h3>\r\n    <ul style=\"list-style: none; padding: 0; display: flex; flex-wrap: wrap; gap: 15px; margin-bottom: 30px;\">\r\n        <li style=\"background: #eef4ff; padding: 10px 20px; border-radius: 20px; font-size: 14px; font-weight: 600; color: #003366;\">\ud83d\ude97 Ultraschnelles Aufladen von Elektrofahrzeugen<\/li>\r\n        <li style=\"background: #eef4ff; padding: 10px 20px; border-radius: 20px; font-size: 14px; font-weight: 600; color: #003366;\">\u2744\ufe0f Energiespeicherung in der Arktis (-50 \u00b0C)<\/li>\r\n        <li style=\"background: #eef4ff; padding: 10px 20px; border-radius: 20px; font-size: 14px; font-weight: 600; color: #003366;\">\ud83c\udfed AGVs und Robotik rund um die Uhr<\/li>\r\n        <li style=\"background: #eef4ff; padding: 10px 20px; border-radius: 20px; font-size: 14px; font-weight: 600; color: #003366;\">\u26a1 USV f\u00fcr Rechenzentren<\/li>\r\n    <\/ul>\r\n\r\n    <div style=\"padding: 25px; border-top: 1px dashed #ccc; background: #fafafa; border-radius: 8px;\">\r\n        <h4 style=\"color: #0056b3;\">Sichern Sie sich noch heute Ihren originalen GREE LTO-Akku<\/h4>\r\n        <p style=\"font-size: 14px; margin: 0;\">\r\n Suchen Sie einen zuverl\u00e4ssigen <strong>Lieferanten f\u00fcr LTO-Batterien aus frischer Produktion<\/strong>? <strong>Kontaktieren Sie DLCPO<\/strong> noch heute, um die aktuellen Preise f\u00fcr unsere <strong>LTO-Batterieserie<\/strong> zu erfahren. Wir bieten <strong>Lithium-Titanat-Oxid-Zellen im Gro\u00dfhandel<\/strong> von h\u00f6chster Qualit\u00e4t sowie spezialisierte <strong>LTO-Batteriel\u00f6sungen f\u00fcr extreme K\u00e4lte bis -50 \u00b0C<\/strong>, garantiert durch eine <strong>Garantie f\u00fcr Batterien mit hoher Zyklenlebensdauer (16.000 Zyklen)<\/strong>. \ud83e\udd42 \r\n        <\/p>\r\n    <\/div>\r\n\t\t\t\t<\/div>\n\t\t\t\t\t<\/div>\n\t\t\t\t<\/div>\n\t\t<div class=\"elementor-element elementor-element-6254e17f e-grid e-con-boxed e-con e-parent\" data-id=\"6254e17f\" data-element_type=\"container\" data-e-type=\"container\">\n\t\t\t\t\t<div class=\"e-con-inner\">\n\t\t\t\t<div class=\"elementor-element elementor-element-1930f09b elementor-widget elementor-widget-image\" data-id=\"1930f09b\" data-element_type=\"widget\" data-e-type=\"widget\" data-widget_type=\"image.default\">\n\t\t\t\t\t\t\t\t\t\t\t\t\t\t\t\t<a href=\"https:\/\/de.dlcpo.com\/gree\/\">\n\t\t\t\t\t\t\t<img decoding=\"async\" width=\"758\" height=\"224\" src=\"https:\/\/dlcpo.com\/wp-content\/uploads\/2026\/02\/gree-battery-cell-authorized-supplier-dlcpo.webp\" class=\"elementor-animation-grow attachment-large size-large wp-image-7136\" alt=\"GREE Yinlong New Energy-Logo mit blauem GREE-Markenzeichen und chinesischem Firmennamen, Marke f\u00fcr LTO-Lithium-Titanat-Batterietechnologie\" srcset=\"https:\/\/dlcpo.com\/wp-content\/uploads\/2026\/02\/gree-battery-cell-authorized-supplier-dlcpo.webp 758w, https:\/\/dlcpo.com\/wp-content\/uploads\/2026\/02\/gree-battery-cell-authorized-supplier-dlcpo-300x89.webp 300w, https:\/\/dlcpo.com\/wp-content\/uploads\/2026\/02\/gree-battery-cell-authorized-supplier-dlcpo-600x177.webp 600w, https:\/\/dlcpo.com\/wp-content\/uploads\/2026\/02\/gree-battery-cell-authorized-supplier-dlcpo-64x19.webp 64w\" sizes=\"(max-width: 758px) 100vw, 758px\" \/>\t\t\t\t\t\t\t\t<\/a>\n\t\t\t\t\t\t\t\t\t\t\t\t\t\t\t<\/div>\n\t\t\t\t\t<\/div>\n\t\t\t\t<\/div>\n\t\t\t\t<\/div>\n\t\t","protected":false},"excerpt":{"rendered":"<p>LTO Batterie Serie LTO Batterie-Serie: Die Elite GREE Lithium-Titanat-L\u00f6sung Suchen Sie nach einer LTO-Akkuserie, die sich durch Langlebigkeit auszeichnet? DLCPO Power Technology ist Ihr exklusiver Partner f\u00fcr Original-GREE-LTO-Akkus. Wir verkaufen grunds\u00e4tzlich keine Lagerbatterien; jede Bestellung ist eine LTO-Batterie aus frischer Charge, die direkt aus den neuesten A-Klasse-Fertigungszyklen von GREE stammt. \ud83c\udfed Exklusiv bei GREE Wir [&hellip;]<\/p>\n","protected":false},"author":1,"featured_media":0,"parent":0,"menu_order":0,"comment_status":"closed","ping_status":"closed","template":"","meta":{"_acf_changed":false,"_joinchat":[],"footnotes":""},"class_list":["post-7618","page","type-page","status-publish","hentry"],"acf":[],"_links":{"self":[{"href":"https:\/\/dlcpo.com\/de\/wp-json\/wp\/v2\/pages\/7618","targetHints":{"allow":["GET"]}}],"collection":[{"href":"https:\/\/dlcpo.com\/de\/wp-json\/wp\/v2\/pages"}],"about":[{"href":"https:\/\/dlcpo.com\/de\/wp-json\/wp\/v2\/types\/page"}],"author":[{"embeddable":true,"href":"https:\/\/dlcpo.com\/de\/wp-json\/wp\/v2\/users\/1"}],"replies":[{"embeddable":true,"href":"https:\/\/dlcpo.com\/de\/wp-json\/wp\/v2\/comments?post=7618"}],"version-history":[{"count":4,"href":"https:\/\/dlcpo.com\/de\/wp-json\/wp\/v2\/pages\/7618\/revisions"}],"predecessor-version":[{"id":9008,"href":"https:\/\/dlcpo.com\/de\/wp-json\/wp\/v2\/pages\/7618\/revisions\/9008"}],"wp:attachment":[{"href":"https:\/\/dlcpo.com\/de\/wp-json\/wp\/v2\/media?parent=7618"}],"curies":[{"name":"wp","href":"https:\/\/api.w.org\/{rel}","templated":true}]}}