{"id":7605,"date":"2026-02-27T16:47:56","date_gmt":"2026-02-27T08:47:56","guid":{"rendered":"https:\/\/dlcpo.com\/batterieloesung-fuer-elektro-gabelstapler-und-fahrerlose-transportfahrzeuge-agv\/"},"modified":"2026-04-15T11:18:00","modified_gmt":"2026-04-15T03:18:00","slug":"batterieloesung-fuer-elektro-gabelstapler-und-fahrerlose-transportfahrzeuge-agv","status":"publish","type":"page","link":"https:\/\/dlcpo.com\/de\/batterieloesung-fuer-elektro-gabelstapler-und-fahrerlose-transportfahrzeuge-agv\/","title":{"rendered":"Elektrische Gabelstapler &amp; AGV"},"content":{"rendered":"\t\t<div data-elementor-type=\"wp-page\" data-elementor-id=\"7605\" class=\"elementor elementor-7605 elementor-726\" data-elementor-post-type=\"page\">\n\t\t\t\t<div class=\"elementor-element elementor-element-8884d9a e-flex e-con-boxed e-con e-parent\" data-id=\"8884d9a\" data-element_type=\"container\" data-e-type=\"container\" data-settings=\"{&quot;background_background&quot;:&quot;classic&quot;}\">\n\t\t\t\t\t<div class=\"e-con-inner\">\n\t\t\t\t<div class=\"elementor-element elementor-element-241d0bb elementor-widget elementor-widget-heading\" data-id=\"241d0bb\" data-element_type=\"widget\" data-e-type=\"widget\" data-widget_type=\"heading.default\">\n\t\t\t\t\t<h2 class=\"elementor-heading-title elementor-size-default\">Elektrische Gabelstapler &amp; AGV<\/h2>\t\t\t\t<\/div>\n\t\t\t\t\t<\/div>\n\t\t\t\t<\/div>\n\t\t<div class=\"elementor-element elementor-element-4a98856 e-flex e-con-boxed e-con e-parent\" data-id=\"4a98856\" data-element_type=\"container\" data-e-type=\"container\">\n\t\t\t\t\t<div class=\"e-con-inner\">\n\t\t\t\t<div class=\"elementor-element elementor-element-51004bf elementor-widget elementor-widget-html\" data-id=\"51004bf\" data-element_type=\"widget\" data-e-type=\"widget\" data-widget_type=\"html.default\">\n\t\t\t\t\t<div class=\"traction-tech-container\"><style>.traction-tech-container { max-width: 1200px; margin: 0 auto; padding: 40px 15px; background: #fff; font-family: 'Segoe UI', Arial, sans-serif; line-height: 1.8; color: #333; text-align: left; }\r\n        .tech-header h1, .tech-header h2 { color: #1a1a1a; font-weight: 800; }\r\n        .tech-header h2 { font-size: 28px; border-left: 6px solid #0056b3; padding-left: 15px; margin: 30px 0 20px; }\r\n        .tech-pillars { display: flex; gap: 20px; margin: 40px 0; }\r\n        .pillar-card { flex: 1; padding: 25px; background: #f8faff; border-top: 4px solid #0056b3; border-radius: 8px; text-align: center; }\r\n        .pillar-card h4 { margin-bottom: 12px; font-size: 19px; color: #0056b3; }\r\n        .table-wrapper { width: 100%; overflow-x: auto; margin: 40px 0; border: 1px solid #eee; border-radius: 8px; }\r\n        .tech-table { width: 100%; border-collapse: collapse; min-width: 600px; }\r\n        .tech-table th { background: #f1f5f9; padding: 15px; font-weight: 700; }\r\n        .tech-table td { padding: 15px; border-bottom: 1px solid #f1f5f9; }\r\n        .highlight-col { background: #f0f7ff; font-weight: 600; color: #0056b3; }\r\n        .detailed-content { margin-top: 40px; }\r\n        .detailed-content p { margin-bottom: 20px; }\r\n        @media (max-width: 767px) { .tech-pillars { flex-direction: column; } }\r\n    <\/style><div class=\"tech-header\"><p><strong>Elektrostapler-Batterie<\/strong>-L\u00f6sungen von DLCPO wurden entwickelt, um Ihre Materialflusseffizienz zu revolutionieren. Als Premium-Lieferant verstehen wir, dass eine <strong>Elektrostapler-Batterie<\/strong> mehr ist als nur eine Energiequelle \u2013 sie ist der Herzschlag Ihres Lagers. Unsere fortschrittliche <strong>AGV-Batteriel\u00f6sung<\/strong> und unsere <strong>48V 80V LiFePO4 Batterie<\/strong>-Packs bieten die Zuverl\u00e4ssigkeit, die f\u00fcr hochintensive industrielle Umgebungen erforderlich ist.<\/p><h2>Hochleistungs-Technologie f\u00fcr Elektrostapler-Batterien<\/h2><p>Der Umstieg auf eine lithiumbasierte <strong>Elektrostapler-Batterie<\/strong> bietet erhebliche Vorteile gegen\u00fcber herk\u00f6mmlichen Blei-S\u00e4ure-Systemen. Unabh\u00e4ngig davon, ob Sie einen einzelnen Hubwagen oder eine ganze Flotte fahrerloser Transportsysteme (AGVs) betreiben, sorgt unsere <strong>AGV-Batteriel\u00f6sung<\/strong> f\u00fcr maximale Betriebszeit und reduzierte Betriebskosten. Durch die Verwendung von Grade-A-Zellen von CATL und EVE liefert jede von uns produzierte <strong>Elektrostapler-Batterie<\/strong> eine stabile Spannung und hohe Entladeraten f\u00fcr anspruchsvolle Aufgaben.<\/p><\/div><div class=\"tech-pillars\"><div class=\"pillar-card\"><h4>Zwischenladung (Opportunity Charging)<\/h4><p>Laden Sie Ihre <strong>Elektrostapler-Batterie<\/strong> w\u00e4hrend der Pausen. Kein Memory-Effekt, kein Batteriewechsel und Produktivit\u00e4t rund um die Uhr.<\/p><\/div><div class=\"pillar-card\"><h4>Universelle Kompatibilit\u00e4t<\/h4><p>Unsere <strong>48V 80V LiFePO4 Batterie<\/strong> ist ein direkter Ersatz (Drop-in) f\u00fcr Staplermodelle von Toyota, Linde, Hyster, Yale und Crown.<\/p><\/div><div class=\"pillar-card\"><h4>Intelligentes BMS<\/h4><p>Jede <strong>AGV-Batteriel\u00f6sung<\/strong> verf\u00fcgt \u00fcber ein smartes BMS mit CAN-Bus zur Echtzeitverfolgung von Ladezustand (SOC), Gesundheitszustand (SOH) und Temperatur.<\/p><\/div><\/div><div class=\"table-wrapper\"><table class=\"tech-table\"><thead><tr><th>Merkmal<\/th><th class=\"highlight-col\">DLCPO Elektrostapler-Batterie<\/th><th>Blei-S\u00e4ure-\u00c4quivalent<\/th><\/tr><\/thead><tbody><tr><td><strong>Lebensdauer<\/strong><\/td><td class=\"highlight-col\">3.500+ tiefe Zyklen<\/td><td>500 - 1.000 Zyklen<\/td><\/tr><tr><td><strong>Ladezeit<\/strong><\/td><td class=\"highlight-col\">1-2 Stunden Schnellladung<\/td><td>8-10 Stunden + Abk\u00fchlung<\/td><\/tr><tr><td><strong>Wartung<\/strong><\/td><td class=\"highlight-col\">100 % wartungsfrei<\/td><td>W\u00f6chentliches Nachf\u00fcllen von Wasser erforderlich<\/td><\/tr><tr><td><strong>Effizienz<\/strong><\/td><td class=\"highlight-col\">> 95 % Energieumwandlung<\/td><td>~ 70 % (W\u00e4rmeverlust)<\/td><\/tr><\/tbody><\/table><\/div><div class=\"detailed-content\"><h3>Umfassende AGV-Batteriel\u00f6sung f\u00fcr moderne Lagerlogistik<\/h3><p>Im Zeitalter von Industrie 4.0 ist eine robuste <strong>AGV-Batteriel\u00f6sung<\/strong> f\u00fcr eine reibungslose Automatisierung unerl\u00e4sslich. Das Ingenieurteam von DLCPO ist darauf spezialisiert, Batteriepacks f\u00fcr AMRs (Autonome Mobile Roboter) und schwere Industrieschlepper ma\u00dfzuschneidern. Unsere Technologie f\u00fcr <strong>Elektrostapler-Batterien<\/strong> ist darauf ausgelegt, die strengen Arbeitszyklen automatisierter Lager zu bew\u00e4ltigen und liefert konstante Leistung ohne die bei minderwertigen Produkten \u00fcblichen Spannungsabf\u00e4lle.<\/p><h3>Warum Sie unsere 48V 80V LiFePO4 Batterie-Systeme w\u00e4hlen sollten?<\/h3><p>Die Wahl zwischen 48V- und 80V-Systemen h\u00e4ngt oft von Ihren spezifischen Anforderungen an das Fahrzeugdrehmoment und die Hubkraft ab. Unser <strong>48V 80V LiFePO4 Batterie<\/strong>-Sortiment deckt alles ab, vom Niederhubwagen bis zum schweren Gegengewichtsstapler. Durch die Verwendung von Grade-A-Zellen von Branchenf\u00fchrern wie CALB, SVOLT, GREE und EVE stellen wir sicher, dass Ihre <strong>Elektrostapler-Batterie<\/strong> ein hohes Sicherheitsprofil beibeh\u00e4lt. Diese Zellen sind auf thermische Stabilit\u00e4t gepr\u00fcft und verhindern ein thermisches Durchgehen (Thermal Runaway) selbst unter extremer Belastung.<\/p><p>Dar\u00fcber hinaus sind unsere <strong>Elektrostapler-Batterie<\/strong>-Packs mit mehrstufigen Schutzschaltungen ausgestattet. Dazu geh\u00f6ren \u00dcberspannungs-, Unterspannungs-, \u00dcberstrom- und Kurzschlussschutz. F\u00fcr internationale Kunden bieten wir <strong>CKD (Completely Knocked Down)<\/strong> und <strong>SKD (Semi-Knocked Down)<\/strong>-L\u00f6sungen an. Dies erm\u00f6glicht die lokale Montage der <strong>AGV-Batteriel\u00f6sung<\/strong>, was die Versandkosten und Einfuhrz\u00f6lle erheblich senkt und gleichzeitig einen schnelleren lokalen Support und Garantieservice erm\u00f6glicht.<\/p><h3>Vorteile bei den Gesamtbetriebskosten (TCO)<\/h3><p>W\u00e4hrend die Anfangsinvestition in eine <strong>Elektrostapler-Batterie<\/strong> h\u00f6her ist als bei Blei-S\u00e4ure, sind die langfristigen Einsparungen unbestreitbar. Unternehmen, die auf unsere <strong>48V 80V LiFePO4 Batterie<\/strong> umsteigen, verzeichnen typischerweise einen Return on Investment (ROI) innerhalb von 18 bis 24 Monaten. Diese Einsparungen resultieren aus niedrigeren Stromrechnungen, null Arbeitskosten f\u00fcr die Wartung und dem Wegfall teurer Batterielader\u00e4ume. Dar\u00fcber hinaus bedeutet die verl\u00e4ngerte Zykluslebensdauer, dass Sie Ihre <strong>Elektrostapler-Batterie<\/strong> je nach Nutzungsintensit\u00e4t f\u00fcr 5 bis 10 Jahre nicht austauschen m\u00fcssen.<\/p><p>DLCPO engagiert sich f\u00fcr nachhaltige Energie. Unsere <strong>Elektrostapler-Batterie<\/strong>-L\u00f6sungen sind umweltfreundlich und sto\u00dfen beim Laden keine sch\u00e4dlichen Gase aus. Dies macht sie ideal f\u00fcr Lebensmittel-, Pharma- und andere Reinraumumgebungen. Wenn Sie Ihre Logistikkette optimieren m\u00f6chten, bieten unsere <strong>AGV-Batteriel\u00f6sung<\/strong> und unser Sortiment an <strong>Elektrostapler-Batterien<\/strong> die Leistung, Sicherheit und Langlebigkeit, die Sie ben\u00f6tigen, um auf dem globalen Markt wettbewerbsf\u00e4hig zu bleiben.<\/p><h3>Technischer Support und weltweite Garantie<\/h3><p>Wir stehen hinter jeder <strong>Elektrostapler-Batterie<\/strong>, die wir verkaufen. DLCPO gew\u00e4hrt eine umfassende 5-Jahres-Garantie auf alle unsere <strong>48V 80V LiFePO4 Batterie<\/strong>-Produkte. Unser technisches Team steht Ihnen bei der CAN-Bus-Integration f\u00fcr verschiedene Staplersteuerungen zur Seite und stellt sicher, dass Ihre <strong>AGV-Batteriel\u00f6sung<\/strong> perfekt mit Ihrer bestehenden Flottenmanagement-Software kommuniziert. Entscheiden Sie sich f\u00fcr DLCPO f\u00fcr eine zukunftssichere Energiel\u00f6sung, die Ihr Unternehmen vorantreibt.<\/p><\/div><\/div>\t\t\t\t<\/div>\n\t\t\t\t\t<\/div>\n\t\t\t\t<\/div>\n\t\t<div class=\"elementor-element elementor-element-39b4dda e-flex e-con-boxed e-con e-parent\" data-id=\"39b4dda\" data-element_type=\"container\" data-e-type=\"container\">\n\t\t\t\t\t<div class=\"e-con-inner\">\n\t\t\t\t\t<\/div>\n\t\t\t\t<\/div>\n\t\t\t\t<\/div>\n\t\t","protected":false},"excerpt":{"rendered":"<p>Elektrische Gabelstapler &amp; AGV Elektrostapler-Batterie-L\u00f6sungen von DLCPO wurden entwickelt, um Ihre Materialflusseffizienz zu revolutionieren. Als Premium-Lieferant verstehen wir, dass eine Elektrostapler-Batterie mehr ist als nur eine Energiequelle \u2013 sie ist der Herzschlag Ihres Lagers. Unsere fortschrittliche AGV-Batteriel\u00f6sung und unsere 48V 80V LiFePO4 Batterie-Packs bieten die Zuverl\u00e4ssigkeit, die f\u00fcr hochintensive industrielle Umgebungen erforderlich ist. Hochleistungs-Technologie f\u00fcr [&hellip;]<\/p>\n","protected":false},"author":1,"featured_media":0,"parent":0,"menu_order":0,"comment_status":"closed","ping_status":"closed","template":"","meta":{"_acf_changed":false,"_joinchat":[],"footnotes":""},"class_list":["post-7605","page","type-page","status-publish","hentry"],"acf":[],"_links":{"self":[{"href":"https:\/\/dlcpo.com\/de\/wp-json\/wp\/v2\/pages\/7605","targetHints":{"allow":["GET"]}}],"collection":[{"href":"https:\/\/dlcpo.com\/de\/wp-json\/wp\/v2\/pages"}],"about":[{"href":"https:\/\/dlcpo.com\/de\/wp-json\/wp\/v2\/types\/page"}],"author":[{"embeddable":true,"href":"https:\/\/dlcpo.com\/de\/wp-json\/wp\/v2\/users\/1"}],"replies":[{"embeddable":true,"href":"https:\/\/dlcpo.com\/de\/wp-json\/wp\/v2\/comments?post=7605"}],"version-history":[{"count":7,"href":"https:\/\/dlcpo.com\/de\/wp-json\/wp\/v2\/pages\/7605\/revisions"}],"predecessor-version":[{"id":8827,"href":"https:\/\/dlcpo.com\/de\/wp-json\/wp\/v2\/pages\/7605\/revisions\/8827"}],"wp:attachment":[{"href":"https:\/\/dlcpo.com\/de\/wp-json\/wp\/v2\/media?parent=7605"}],"curies":[{"name":"wp","href":"https:\/\/api.w.org\/{rel}","templated":true}]}}