{"id":7019,"date":"2026-02-26T19:09:01","date_gmt":"2026-02-26T11:09:01","guid":{"rendered":"https:\/\/dlcpo.com\/ckd-skd-lithium-batterie-dienstleistungen\/"},"modified":"2026-04-15T11:00:57","modified_gmt":"2026-04-15T03:00:57","slug":"ckd-skd-lithium-batterie-dienstleistungen","status":"publish","type":"page","link":"https:\/\/dlcpo.com\/de\/ckd-skd-lithium-batterie-dienstleistungen\/","title":{"rendered":"CKD &amp; SKD Services"},"content":{"rendered":"\t\t<div data-elementor-type=\"wp-page\" data-elementor-id=\"7019\" class=\"elementor elementor-7019 elementor-621\" data-elementor-post-type=\"page\">\n\t\t\t\t<div class=\"elementor-element elementor-element-47944c6 e-flex e-con-boxed e-con e-parent\" data-id=\"47944c6\" data-element_type=\"container\" data-e-type=\"container\" data-settings=\"{&quot;background_background&quot;:&quot;classic&quot;}\">\n\t\t\t\t\t<div class=\"e-con-inner\">\n\t\t\t\t<div class=\"elementor-element elementor-element-273683b elementor-widget elementor-widget-heading\" data-id=\"273683b\" data-element_type=\"widget\" data-e-type=\"widget\" data-widget_type=\"heading.default\">\n\t\t\t\t\t<h2 class=\"elementor-heading-title elementor-size-default\">CKD &amp; SKD Dienstleistungen<\/h2>\t\t\t\t<\/div>\n\t\t\t\t\t<\/div>\n\t\t\t\t<\/div>\n\t\t<div class=\"elementor-element elementor-element-0c4d34a e-flex e-con-boxed e-con e-parent\" data-id=\"0c4d34a\" data-element_type=\"container\" data-e-type=\"container\">\n\t\t\t\t\t<div class=\"e-con-inner\">\n\t\t\t\t<div class=\"elementor-element elementor-element-6904732 elementor-widget elementor-widget-html\" data-id=\"6904732\" data-element_type=\"widget\" data-e-type=\"widget\" data-widget_type=\"html.default\">\n\t\t\t\t\t<div class=\"dlcpo-ckd-container\" style=\"font-family: 'Segoe UI', Arial, sans-serif; line-height: 1.8; color: #333; padding: 40px 15px; background: #fff; border-radius: 12px;\">\r\n\r\n    <div style=\"text-align: left; margin-bottom: 40px;\">\r\n        <h1 style=\"color: #004a99; font-size: 32px; margin-bottom: 20px; font-weight: 800; border-left: 6px solid #004a99; padding-left: 15px;\">\r\n CKD- &amp; SKD-Dienstleistungen f\u00fcr Lithium-Batterien f\u00fcr die weltweite Fertigung\r\n        <\/h1>\r\n        <p style=\"font-size: 18px; color: #444;\">\r\n Als f\u00fchrender <strong>Anbieter von CKD-Baus\u00e4tzen f\u00fcr Lithium-Batterien<\/strong> unterst\u00fctzt DLCPO strategische Partner weltweit durch umfassende <strong>CKD- und SKD-Dienstleistungen f\u00fcr Lithium-Batterien<\/strong>. Wir liefern eine komplette <strong>L\u00f6sung f\u00fcr die Batteriemontage<\/strong>, mit der Sie Ihre Lieferkette durch hochwertige <strong>SKD-Batteriepacks f\u00fcr den Export<\/strong> und professionellen technischen Support optimieren k\u00f6nnen. \r\n        <\/p>\r\n    <\/div>\r\n\r\n    <div style=\"display: grid; grid-template-columns: repeat(auto-fit, minmax(280px, 1fr)); gap: 25px; margin-bottom: 50px;\">\r\n        <div style=\"padding: 25px; border: 1px solid #eee; border-radius: 10px; border-top: 4px solid #004a99; background: #f9f9f9;\">\r\n            <h4 style=\"color: #004a99; margin-bottom: 12px; font-size: 20px;\">\ud83d\udcc9 Optimierung von Einfuhrz\u00f6llen<\/h4>\r\n            <p style=\"font-size: 14px; margin: 0;\">Unsere <strong>SKD-Batteriepacks f\u00fcr den Export<\/strong> wurden entwickelt, um Ihnen dabei zu helfen, hohe Einfuhrz\u00f6lle zu minimieren. Durch die Montage vor Ort maximieren Sie Ihre Gewinnmargen mithilfe unserer <strong>CKD- und SKD-Dienstleistungen f\u00fcr Lithium-Batterien<\/strong>. <\/p>\r\n        <\/div>\r\n        <div style=\"padding: 25px; border: 1px solid #eee; border-radius: 10px; border-top: 4px solid #004a99; background: #f9f9f9;\">\r\n            <h4 style=\"color: #004a99; margin-bottom: 12px; font-size: 20px;\">\ud83c\udfed Schl\u00fcsselfertige Montage<\/h4>\r\n            <p style=\"font-size: 14px; margin: 0;\">Wir bieten eine professionelle <strong>L\u00f6sung f\u00fcr Batteriemontagelinien<\/strong> an, einschlie\u00dflich \u00fcber 1.000 LiFePO4-Modellen und Grade-A-Zellen von EVE\/CALB\/Gotion\/SVOLT\/REPT, damit Sie Ihre lokale Produktion rasch ausbauen k\u00f6nnen.<\/p>\r\n        <\/div>\r\n        <div style=\"padding: 25px; border: 1px solid #eee; border-radius: 10px; border-top: 4px solid #004a99; background: #f9f9f9;\">\r\n            <h4 style=\"color: #004a99; margin-bottom: 12px; font-size: 20px;\">\ud83e\udde0 Experten f\u00fcr Forschung und Entwicklung<\/h4>\r\n            <p style=\"font-size: 14px; margin: 0;\">Als <strong>Anbieter f\u00fcr ma\u00dfgeschneiderte Batteriefertigung<\/strong> stellen wir Ihnen umfassende technische Datenbl\u00e4tter und Standardarbeitsanweisungen (SOPs) zur Verf\u00fcgung, damit Ihr Team vor Ort \u00fcber das erforderliche Fachwissen f\u00fcr eine erfolgreiche Montage verf\u00fcgt.<\/p>\r\n        <\/div>\r\n    <\/div>\r\n\r\n    <div style=\"margin-bottom: 50px; padding: 20px; border-radius: 10px; border: 1px solid #f0f0f0;\">\r\n        <h3 style=\"color: #004a99; font-size: 24px; font-weight: 700;\">Weltweite Unterst\u00fctzung bei der lokalen Montage von LiFePO4-Batterien<\/h3>\r\n        <p>Die Wahl des richtigen <strong>Anbieters von CKD-Baus\u00e4tzen f\u00fcr Lithium-Batterien<\/strong> ist entscheidend f\u00fcr Ihren langfristigen Erfolg. Bei DLCPO sind unsere <strong>CKD- und SKD-Dienstleistungen f\u00fcr Lithium-Batterien<\/strong> darauf ausgelegt, die L\u00fccke zwischen der exzellenten Fertigungsqualit\u00e4t in China und den Anforderungen Ihres lokalen Marktes zu schlie\u00dfen. Unsere <strong>L\u00f6sung f\u00fcr Batteriemontagelinien<\/strong> umfasst Schulungen und Ausr\u00fcstungsempfehlungen, um sicherzustellen, dass unsere <strong>Unterst\u00fctzung bei der lokalen Montage von LiFePO4-Batterien<\/strong> vom ersten Tag an erstklassig ist. <\/p>\r\n        \r\n        <p>Ganz gleich, ob es sich um <strong>SKD-Batteriepacks f\u00fcr den Export<\/strong> oder ein komplexes CKD-Projekt handelt \u2013 unser <strong>ma\u00dfgeschneiderter Service f\u00fcr die Batteriefertigung<\/strong> passt jede Komponente \u2013 von lasergeschwei\u00dften Verbindern bis hin zu intelligenten BMS \u2013 genau an Ihre spezifischen Anforderungen an. Diese Flexibilit\u00e4t macht uns zum bevorzugten Partner f\u00fcr Unternehmen, die eine zuverl\u00e4ssige <strong>L\u00f6sung f\u00fcr die Batteriemontage<\/strong> in Europa, S\u00fcdamerika und dar\u00fcber hinaus suchen. <\/p>\r\n    <\/div>\r\n\r\n    <div style=\"background: #004a99; color: #fff; padding: 30px; border-radius: 10px; margin-bottom: 40px;\">\r\n        <h3 style=\"margin-top: 0; border-bottom: 1px solid rgba(255,255,255,0.2); padding-bottom: 15px; font-size: 22px;\">\ud83d\ude80 Checkliste f\u00fcr die ma\u00dfgeschneiderte Batteriefertigung<\/h3>\r\n        <p style=\"font-size: 15px;\">Um unsere <strong>CKD- &amp; SKD-Dienstleistungen f\u00fcr Lithium-Batterien<\/strong> optimal auf Sie abzustimmen, stellen Sie uns bitte folgende Informationen zur Verf\u00fcgung:<\/p>\r\n        <ul style=\"display: grid; grid-template-columns: 1fr 1fr; gap: 15px; padding-left: 20px; font-size: 14px; list-style: none;\">\r\n            <li>\u2705 Geh\u00e4useabmessungen &amp; Packvolumen<\/li>\r\n            <li>\u2705 Nennspannung und Dauerstrom<\/li>\r\n            <li>\u2705 Wechselrichter-Kommunikationsprotokolle<\/li>\r\n            <li>\u2705 Montagekapazit\u00e4ten vor Ort<\/li>\r\n            <li>\u2705 Branding und Logo-Lasergravur<\/li>\r\n            <li>\u2705 Erforderliche Zertifizierungen (CE, UN38.3, IEC)<\/li>\r\n        <\/ul>\r\n    <\/div>\r\n\r\n    <div style=\"padding: 30px; border: 1px solid #eee; border-radius: 12px; background: #fafafa;\">\r\n        <h3 style=\"color: #004a99; font-size: 24px; font-weight: 700;\">Ihr zuverl\u00e4ssiger Anbieter von CKD-Baus\u00e4tzen f\u00fcr Lithium-Batterien<\/h3>\r\n        <p>DLCPO bietet umfassende <strong>Unterst\u00fctzung bei der lokalen Montage von LiFePO4-Batterien<\/strong> f\u00fcr industrielle und private Anwendungen. Unsere <strong>L\u00f6sung f\u00fcr die Batteriemontage<\/strong> hilft Ihnen dabei, eine starke lokale Marke aufzubauen und gleichzeitig unsere bew\u00e4hrte Lieferkette zu nutzen. Wenn Sie sich f\u00fcr unseren <strong>ma\u00dfgeschneiderten Batteriefertigungsservice<\/strong> entscheiden, sichern Sie sich eine <strong>L\u00f6sung f\u00fcr Batteriemontagelinien<\/strong>, die skalierbar, sicher und kosteneffizient ist. Auf eine erfolgreiche Marktexpansion mit unseren <strong>SKD-Batteriepacks f\u00fcr den Export<\/strong>! \ud83e\udd42   <\/p>\r\n    <\/div>\r\n<\/div>\t\t\t\t<\/div>\n\t\t\t\t\t<\/div>\n\t\t\t\t<\/div>\n\t\t\t\t<\/div>\n\t\t","protected":false},"excerpt":{"rendered":"<p>CKD &amp; SKD Dienstleistungen CKD- &amp; SKD-Dienstleistungen f\u00fcr Lithium-Batterien f\u00fcr die weltweite Fertigung Als f\u00fchrender Anbieter von CKD-Baus\u00e4tzen f\u00fcr Lithium-Batterien unterst\u00fctzt DLCPO strategische Partner weltweit durch umfassende CKD- und SKD-Dienstleistungen f\u00fcr Lithium-Batterien. Wir liefern eine komplette L\u00f6sung f\u00fcr die Batteriemontage, mit der Sie Ihre Lieferkette durch hochwertige SKD-Batteriepacks f\u00fcr den Export und professionellen technischen Support [&hellip;]<\/p>\n","protected":false},"author":1,"featured_media":0,"parent":0,"menu_order":0,"comment_status":"closed","ping_status":"closed","template":"","meta":{"_acf_changed":false,"_joinchat":[],"footnotes":""},"class_list":["post-7019","page","type-page","status-publish","hentry"],"acf":[],"_links":{"self":[{"href":"https:\/\/dlcpo.com\/de\/wp-json\/wp\/v2\/pages\/7019","targetHints":{"allow":["GET"]}}],"collection":[{"href":"https:\/\/dlcpo.com\/de\/wp-json\/wp\/v2\/pages"}],"about":[{"href":"https:\/\/dlcpo.com\/de\/wp-json\/wp\/v2\/types\/page"}],"author":[{"embeddable":true,"href":"https:\/\/dlcpo.com\/de\/wp-json\/wp\/v2\/users\/1"}],"replies":[{"embeddable":true,"href":"https:\/\/dlcpo.com\/de\/wp-json\/wp\/v2\/comments?post=7019"}],"version-history":[{"count":4,"href":"https:\/\/dlcpo.com\/de\/wp-json\/wp\/v2\/pages\/7019\/revisions"}],"predecessor-version":[{"id":8821,"href":"https:\/\/dlcpo.com\/de\/wp-json\/wp\/v2\/pages\/7019\/revisions\/8821"}],"wp:attachment":[{"href":"https:\/\/dlcpo.com\/de\/wp-json\/wp\/v2\/media?parent=7019"}],"curies":[{"name":"wp","href":"https:\/\/api.w.org\/{rel}","templated":true}]}}