{"id":7011,"date":"2026-03-12T17:15:23","date_gmt":"2026-03-12T09:15:23","guid":{"rendered":"https:\/\/dlcpo.com\/anwendungen-fuer-lithium-batterien\/"},"modified":"2026-04-11T08:20:18","modified_gmt":"2026-04-11T00:20:18","slug":"anwendungen-fuer-lithium-batterien","status":"publish","type":"page","link":"https:\/\/dlcpo.com\/de\/anwendungen-fuer-lithium-batterien\/","title":{"rendered":"Batterie Anwendungen"},"content":{"rendered":"\t\t<div data-elementor-type=\"wp-page\" data-elementor-id=\"7011\" class=\"elementor elementor-7011 elementor-2489\" data-elementor-post-type=\"page\">\n\t\t\t\t<div class=\"elementor-element elementor-element-5563251 dlcpo-hero-box e-flex e-con-boxed e-con e-parent\" data-id=\"5563251\" data-element_type=\"container\" data-e-type=\"container\" data-settings=\"{&quot;background_background&quot;:&quot;classic&quot;}\">\n\t\t\t\t\t<div class=\"e-con-inner\">\n\t\t\t\t<div class=\"elementor-element elementor-element-94f26d5 elementor-widget elementor-widget-image\" data-id=\"94f26d5\" data-element_type=\"widget\" data-e-type=\"widget\" data-widget_type=\"image.default\">\n\t\t\t\t\t\t\t\t\t\t\t\t\t\t\t<img fetchpriority=\"high\" decoding=\"async\" width=\"1920\" height=\"1048\" src=\"https:\/\/dlcpo.com\/wp-content\/uploads\/2026\/03\/lifepo4-lto-battery-cells-applications-infographic-1.webp\" class=\"attachment-full size-full wp-image-7010\" alt=\"DLCPO-Infografik, die spezielle Anwendungsbereiche f\u00fcr LiFePO4- und LTO-Batteriezellen aufzeigt, darunter Logistikstapler, Schiffsantriebe, Golfwagen, LSEVs, industrielle Reinigungsroboter und Notstromversorgung f\u00fcr die Telekommunikation.\" srcset=\"https:\/\/dlcpo.com\/wp-content\/uploads\/2026\/03\/lifepo4-lto-battery-cells-applications-infographic-1.webp 1920w, https:\/\/dlcpo.com\/wp-content\/uploads\/2026\/03\/lifepo4-lto-battery-cells-applications-infographic-1-300x164.webp 300w, https:\/\/dlcpo.com\/wp-content\/uploads\/2026\/03\/lifepo4-lto-battery-cells-applications-infographic-1-1024x559.webp 1024w, https:\/\/dlcpo.com\/wp-content\/uploads\/2026\/03\/lifepo4-lto-battery-cells-applications-infographic-1-768x419.webp 768w, https:\/\/dlcpo.com\/wp-content\/uploads\/2026\/03\/lifepo4-lto-battery-cells-applications-infographic-1-1536x838.webp 1536w, https:\/\/dlcpo.com\/wp-content\/uploads\/2026\/03\/lifepo4-lto-battery-cells-applications-infographic-1-600x328.webp 600w, https:\/\/dlcpo.com\/wp-content\/uploads\/2026\/03\/lifepo4-lto-battery-cells-applications-infographic-1-64x35.webp 64w\" sizes=\"(max-width: 1920px) 100vw, 1920px\" \/>\t\t\t\t\t\t\t\t\t\t\t\t\t\t\t<\/div>\n\t\t\t\t<div class=\"elementor-element elementor-element-55bf7b0 elementor-absolute elementor-widget elementor-widget-heading\" data-id=\"55bf7b0\" data-element_type=\"widget\" data-e-type=\"widget\" data-settings=\"{&quot;_position&quot;:&quot;absolute&quot;}\" data-widget_type=\"heading.default\">\n\t\t\t\t\t<h1 class=\"elementor-heading-title elementor-size-default\">Batterie Anwendungen<\/h1>\t\t\t\t<\/div>\n\t\t\t\t<div class=\"elementor-element elementor-element-0bd70c5 elementor-absolute elementor-widget elementor-widget-heading\" data-id=\"0bd70c5\" data-element_type=\"widget\" data-e-type=\"widget\" data-settings=\"{&quot;_position&quot;:&quot;absolute&quot;}\" data-widget_type=\"heading.default\">\n\t\t\t\t\t<h2 class=\"elementor-heading-title elementor-size-default\">Vielseitige Energiespeicher- und Stromversorgungsl\u00f6sungen f\u00fcr globale Industrie-, Gewerbe- und Mobilit\u00e4tsm\u00e4rkte.<\/h2>\t\t\t\t<\/div>\n\t\t\t\t\t<\/div>\n\t\t\t\t<\/div>\n\t\t<div class=\"elementor-element elementor-element-87d8869 e-flex e-con-boxed e-con e-parent\" data-id=\"87d8869\" data-element_type=\"container\" data-e-type=\"container\">\n\t\t\t\t\t<div class=\"e-con-inner\">\n\t\t\t\t<div class=\"elementor-element elementor-element-687f95a elementor-widget elementor-widget-html\" data-id=\"687f95a\" data-element_type=\"widget\" data-e-type=\"widget\" data-widget_type=\"html.default\">\n\t\t\t\t\t<script type=\"application\/ld+json\">\r\n{\r\n  \"@context\": \"https:\/\/schema.org\",\r\n  \"@type\": \"Service\",\r\n  \"name\": \"Lithium Battery Applications & Solutions\",\r\n  \"description\": \"Comprehensive Lithium Battery Applications including industrial AGVs, marine power, solar storage, and golf cart upgrades using Grade-A cells.\",\r\n  \"provider\": {\r\n    \"@type\": \"Organization\",\r\n    \"name\": \"DLCPO Power Technology Co., Ltd.\",\r\n    \"url\": \"https:\/\/dlcpo.com\"\r\n  }\r\n}\r\n<\/script>\r\n\r\n<div class=\"dlcpo-apps-page\" style=\"font-family: 'Segoe UI', Arial, sans-serif; color: #333; line-height: 1.8; text-align: left;\">\r\n    \r\n    <section style=\"padding: 60px 20px; text-align: left; background-color: #ffffff; max-width: 1200px; margin: 0 auto;\">\r\n        <h1 style=\"color: #0056b3; font-size: 34px; font-weight: 800; border-left: 6px solid #0056b3; padding-left: 15px; margin-bottom: 25px;\">\r\n Anwendungen von Lithium-Batterien f\u00fcr den industriellen und gewerblichen Einsatz\r\n        <\/h1>\r\n        <p style=\"font-size: 18px; color: #444;\">\r\n Moderne <strong>Lithium-Batterieanwendungen<\/strong> erfordern ein perfektes Gleichgewicht zwischen Sicherheit, Energiedichte und Zyklenlebensdauer. Bei DLCPO Power Technology liefern wir spezialisierte <strong>industrielle Batteriel\u00f6sungen<\/strong>, die auf komplexe Umgebungen zugeschnitten sind. Ganz gleich, ob Sie nach <strong>LiFePO4-Batteriel\u00f6sungen f\u00fcr die Schifffahrt<\/strong> suchen oder eine Flotte von Servicefahrzeugen aufr\u00fcsten m\u00f6chten \u2013 unsere <strong>Lithium-Batterieanwendungen<\/strong> gew\u00e4hrleisten eine konstante Leistung mit erstklassigen Tier-1-Zellen.  \r\n        <\/p>\r\n    <\/section>\r\n\r\n    <section style=\"display: flex; justify-content: space-around; flex-wrap: wrap; padding: 40px 20px; max-width: 1200px; margin: 0 auto; gap: 20px;\">\r\n        <div style=\"flex: 1; min-width: 300px; padding: 35px; border: 1px solid #eef2f6; border-radius: 12px; text-align: center; box-shadow: 0 4px 15px rgba(0,0,0,0.05); background: #fff;\">\r\n            <div style=\"font-size: 45px; margin-bottom: 15px;\">\ud83c\udfd7\ufe0f<\/div>\r\n            <h3 style=\"color: #0056b3; margin-bottom: 15px;\">Industrie &amp; Robotik<\/h3>\r\n            <p style=\"font-size: 14px; color: #666;\">Hochleistungsf\u00e4hige <strong>AGV-Robotik-Batterielieferant<\/strong>-Dienstleistungen f\u00fcr Anwendungen mit hoher Auslastung, Gabelstapler und autonome Lagerlogistik.<\/p>\r\n        <\/div>\r\n        <div style=\"flex: 1; min-width: 300px; padding: 35px; border: 1px solid #eef2f6; border-radius: 12px; text-align: center; box-shadow: 0 4px 15px rgba(0,0,0,0.05); background: #fff;\">\r\n            <div style=\"font-size: 45px; margin-bottom: 15px;\">\u2600\ufe0f<\/div>\r\n            <h3 style=\"color: #d63384; margin-bottom: 15px;\">Solarenergie Speicherung Speicher<\/h3>\r\n            <p style=\"font-size: 14px; color: #666;\">Zuverl\u00e4ssige <strong>Solar-ESS Batterie Anwendungen<\/strong> mit einer Lebensdauer von \u00fcber 6000 Zyklen f\u00fcr Zellen f\u00fcr Wohnbereich, Gewerbe, und Telekommunikation Notstromversorgung Stromversorgung.<\/p>\r\n        <\/div>\r\n        <div style=\"flex: 1; min-width: 300px; padding: 35px; border: 1px solid #eef2f6; border-radius: 12px; text-align: center; box-shadow: 0 4px 15px rgba(0,0,0,0.05); background: #fff;\">\r\n            <div style=\"font-size: 45px; margin-bottom: 15px;\">\ud83d\udee5\ufe0f<\/div>\r\n            <h3 style=\"color: #198754; margin-bottom: 15px;\">Marine &amp; Mobilit\u00e4t<\/h3>\r\n            <p style=\"font-size: 14px; color: #666;\">Hochwertige <strong>LiFePO4-Batteriel\u00f6sungen f\u00fcr Boote<\/strong> und <strong>Lithium-Batterie-Nachr\u00fcsts\u00e4tze f\u00fcr Golfwagen<\/strong> f\u00fcr einen nahtlosen Austausch von Blei-S\u00e4ure-Batterien.<\/p>\r\n        <\/div>\r\n    <\/section>\r\n\r\n    <section style=\"padding: 40px 20px; max-width: 1200px; margin: 0 auto;\">\r\n        <h3>Optimierung industrieller Lithium-Batterieanwendungen<\/h3>\r\n        <p>Im Bereich der <strong>industriellen Lithium-Batterieanwendungen<\/strong> ist Zuverl\u00e4ssigkeit nicht nur ein Ziel, sondern eine Sicherheitsanforderung. DLCPO ist auf <strong>Lithium-Batterieanwendungen<\/strong> spezialisiert, die eine hohe Entladestromst\u00e4rke und Vibrationsfestigkeit erfordern. Unsere <strong>industriellen Batteriel\u00f6sungen<\/strong> f\u00fcr fahrerlose Transportfahrzeuge (AGVs) und Gabelstapler nutzen fortschrittliche JK-BMS-Technologie, um den Zellausgleich auch unter hohen industriellen Belastungen sicherzustellen. Als f\u00fchrender <strong>Anbieter von Batterien f\u00fcr AGV-Robotik<\/strong> liefern wir die Intelligenz und Leistungsdichte, die f\u00fcr den automatisierten 24\/7-Betrieb erforderlich sind.   <\/p>\r\n        \r\n        <h3>Warum spezialisierte LiFePO4-Batteriel\u00f6sungen f\u00fcr den Schiffsbau so wichtig sind<\/h3>\r\n        <p>Meeresumgebungen sind bekanntlich besonders anspruchsvoll f\u00fcr Energiespeicher. Unsere <strong>LiFePO4-Batteriel\u00f6sungen f\u00fcr den maritimen Einsatz<\/strong> verf\u00fcgen \u00fcber Geh\u00e4use der Schutzklasse IP67 und korrosionsbest\u00e4ndige Komponenten. Diese <strong>Lithium-Batterieanwendungen<\/strong> sind f\u00fcr elektrische Antriebssysteme und die Tiefzyklus-Bordstromversorgung auf Yachten und Handelsschiffen konzipiert. Dar\u00fcber hinaus bieten unsere <strong>Lithium-Batterie-Upgrade-Services f\u00fcr Golfcarts<\/strong> eine \u201eDrop-in\u201c-L\u00f6sung, die das Gewicht um bis zu 70 % reduziert und gleichzeitig die Reichweite des Fahrzeugs verdreifacht.   <\/p>\r\n        \r\n        <p>Bei <strong>Solar-ESS-Batterieanwendungen<\/strong> steht die langfristige Kapitalrendite (ROI) im Vordergrund. Die <strong>Lithium-Batterieanwendungen<\/strong> von DLCPO im Solarbereich verwenden ausschlie\u00dflich Zellen der G\u00fcteklasse A aus frischer Produktion, um eine Lebensdauer von 10 Jahren zu gew\u00e4hrleisten. Von 5G-Telekommunikations-Backup-Modulen bis hin zur Spitzenlastabdeckung im Versorgungsma\u00dfstab sind unsere <strong>industriellen Batteriel\u00f6sungen<\/strong> so konzipiert, dass sie Netzschwankungen und extremen Temperaturen standhalten. Jedes <strong>Lithium-Batterie-Anwendungsprojekt<\/strong>, das wir durchf\u00fchren, wird durch 18 Jahre technisches Know-how und unser Bekenntnis zu einer fehlerfreien Fertigung gest\u00fctzt.   <\/p>\r\n    <\/section>\r\n\r\n    <section style=\"background-color: #004a99; color: white; padding: 60px 40px; border-radius: 15px; max-width: 1100px; margin: 50px auto;\">\r\n        <h2 style=\"margin-bottom: 30px; font-size: 28px;\">\ud83c\udc0f Anwendungsspezifischer technischer Support<\/h2>\r\n        <p style=\"margin-bottom: 35px; opacity: 0.9;\">Um eine m\u00f6glichst zuverl\u00e4ssige Leistung f\u00fcr Ihre <strong>Lithium-Batterieanwendungen<\/strong> zu gew\u00e4hrleisten, bieten wir ma\u00dfgeschneiderte Spezifikationen f\u00fcr:<\/p>\r\n        \r\n        <div style=\"display: grid; grid-template-columns: repeat(auto-fit, minmax(300px, 1fr)); gap: 30px;\">\r\n            <ul style=\"list-style: none; padding: 0;\">\r\n                <li style=\"margin-bottom: 15px;\">\u2705 <strong>Logistik:<\/strong> Hochleistungs-<strong>AGV-Robotik-Batterie-Lieferant<\/strong>-Kits.<\/li>\r\n                <li style=\"margin-bottom: 15px;\">\u2705 <strong>Solar-ESS:<\/strong> Langlebige <strong>Anwendungen f\u00fcr Solar-ESS-Batterien<\/strong>.<\/li>\r\n                <li style=\"margin-bottom: 15px;\">\u2705 <strong>Marine:<\/strong> Korrosionsbest\u00e4ndige <strong>LiFePO4-Batteriel\u00f6sungen f\u00fcr den maritimen Einsatz<\/strong>.<\/li>\r\n            <\/ul>\r\n            <ul style=\"list-style: none; padding: 0;\">\r\n                <li style=\"margin-bottom: 15px;\">\u2705 <strong>Mobilit\u00e4t:<\/strong> 48-V-\/72-V-<strong>Lithium-Batterie-Upgrade f\u00fcr Golfwagen<\/strong>-Einheiten.<\/li>\r\n                <li style=\"margin-bottom: 15px;\">\u2705 <strong>Telekommunikation:<\/strong> 48-V-USV <strong>Industrielle Batteriel\u00f6sungen<\/strong>.<\/li>\r\n                <li style=\"margin-bottom: 15px;\">\u2705 <strong>Industriestrom:<\/strong> Spitzenlastabdeckung <strong>Anwendungen f\u00fcr Lithium-Batterien<\/strong>.<\/li>\r\n            <\/ul>\r\n        <\/div>\r\n        \r\n        <p style=\"margin-top: 45px; text-align: center; font-style: italic; font-size: 15px; border-top: 1px solid rgba(255,255,255,0.2); padding-top: 25px;\">\r\n Wenden Sie sich an DLCPO, um eine fachkundige Beratung zu Ihren <strong>Lithium-Batterie-Anwendungen<\/strong> zu erhalten. \ud83e\udd42 \r\n        <\/p>\r\n    <\/section>\r\n\r\n    <section style=\"text-align: center; padding: 40px 20px;\">\r\n        <h3 style=\"font-size: 18px; color: #333; margin-bottom: 25px;\">Gepr\u00fcfte weltweite Compliance \ud83d\udee1\ufe0f<\/h3>\r\n        <div style=\"display: flex; justify-content: center; gap: 15px; flex-wrap: wrap;\">\r\n            <span style=\"padding: 10px 20px; background: #f0f4f8; border-radius: 6px; font-size: 13px; font-weight: bold; color: #004a99;\">UN38.3-zertifiziert<\/span>\r\n<span style=\"padding: 10px 20px; background: #f0f4f8; border-radius: 6px; font-size: 13px; font-weight: bold; color: #004a99;\">Sicherheitsdatenblatt verf\u00fcgbar<\/span>\r\n<span style=\"padding: 10px 20px; background: #f0f4f8; border-radius: 6px; font-size: 13px; font-weight: bold; color: #004a99;\">IEC-konform<\/span>\r\n<span style=\"padding: 10px 20px; background: #f0f4f8; border-radius: 6px; font-size: 13px; font-weight: bold; color: #004a99;\">Spezialist f\u00fcr den Versand gef\u00e4hrlicher G\u00fcter<\/span>\r\n        <\/div>\r\n    <\/section>\r\n<\/div>\t\t\t\t<\/div>\n\t\t\t\t\t<\/div>\n\t\t\t\t<\/div>\n\t\t\t\t<\/div>\n\t\t","protected":false},"excerpt":{"rendered":"<p>Batterie Anwendungen Vielseitige Energiespeicher- und Stromversorgungsl\u00f6sungen f\u00fcr globale Industrie-, Gewerbe- und Mobilit\u00e4tsm\u00e4rkte. Anwendungen von Lithium-Batterien f\u00fcr den industriellen und gewerblichen Einsatz Moderne Lithium-Batterieanwendungen erfordern ein perfektes Gleichgewicht zwischen Sicherheit, Energiedichte und Zyklenlebensdauer. Bei DLCPO Power Technology liefern wir spezialisierte industrielle Batteriel\u00f6sungen, die auf komplexe Umgebungen zugeschnitten sind. Ganz gleich, ob Sie nach LiFePO4-Batteriel\u00f6sungen f\u00fcr die [&hellip;]<\/p>\n","protected":false},"author":1,"featured_media":0,"parent":0,"menu_order":0,"comment_status":"closed","ping_status":"closed","template":"","meta":{"_acf_changed":false,"_joinchat":[],"footnotes":""},"class_list":["post-7011","page","type-page","status-publish","hentry"],"acf":[],"_links":{"self":[{"href":"https:\/\/dlcpo.com\/de\/wp-json\/wp\/v2\/pages\/7011","targetHints":{"allow":["GET"]}}],"collection":[{"href":"https:\/\/dlcpo.com\/de\/wp-json\/wp\/v2\/pages"}],"about":[{"href":"https:\/\/dlcpo.com\/de\/wp-json\/wp\/v2\/types\/page"}],"author":[{"embeddable":true,"href":"https:\/\/dlcpo.com\/de\/wp-json\/wp\/v2\/users\/1"}],"replies":[{"embeddable":true,"href":"https:\/\/dlcpo.com\/de\/wp-json\/wp\/v2\/comments?post=7011"}],"version-history":[{"count":1,"href":"https:\/\/dlcpo.com\/de\/wp-json\/wp\/v2\/pages\/7011\/revisions"}],"predecessor-version":[{"id":7015,"href":"https:\/\/dlcpo.com\/de\/wp-json\/wp\/v2\/pages\/7011\/revisions\/7015"}],"wp:attachment":[{"href":"https:\/\/dlcpo.com\/de\/wp-json\/wp\/v2\/media?parent=7011"}],"curies":[{"name":"wp","href":"https:\/\/api.w.org\/{rel}","templated":true}]}}